{"id":108,"date":"2022-07-13T09:08:34","date_gmt":"2022-07-13T09:08:34","guid":{"rendered":"https:\/\/blvk.dev.mxm.agency\/?page_id=108"},"modified":"2026-03-24T10:17:01","modified_gmt":"2026-03-24T09:17:01","slug":"nachhaltigkeit-die-blvk","status":"publish","type":"page","link":"https:\/\/blvk.ch\/de\/anlagen\/nachhaltigkeit-die-blvk\/","title":{"rendered":"Nachhaltigkeit"},"content":{"rendered":"<p>Als \u00f6ffentlich-rechtliche Vorsorgeeinrichtung nimmt die BLVK ihre Verantwortung im Bereich der Nachhaltigkeit wahr: Wir unterst\u00fctzen eine nachhaltige Unternehmenspolitik, die den Bed\u00fcrfnissen der heutigen Generation entspricht, ohne die M\u00f6glichkeiten zuk\u00fcnftiger Generationen zu gef\u00e4hrden. Wir halten uns an die gesetzlichen Vorschriften und Richtlinien und folgen den Empfehlungen des Schweizerischen Pensionskassenverbands ASIP.<\/p>\n<p>In unserem Anlagereglement haben wir ein Nachhaltigkeitskonzept verankert, das soziale, Umwelt- und Unternehmensf\u00fchrungsaspekte (ESG) umfasst: Mit sieben Leits\u00e4tzen stellen wir sicher, dass das Verm\u00f6gen der BLVK nachhaltig verwaltet wird. F\u00fcr das Jahr 2024 haben wir erstmals einen Nachhaltigkeitsbericht gem\u00e4ss den Empfehlungen von ASIP ver\u00f6ffentlicht. Dieser ESG-Bericht erscheint in Zukunft j\u00e4hrlich.<\/p>\n<p>Wir sind \u00fcberzeugt, dass Unternehmen, die sich globalen Ver\u00e4nderungen verschliessen, langfristig zu den Verlierern geh\u00f6ren. Auch deshalb schliessen wir Unternehmen, die sich nicht an klar definierte Vorgaben halten oder keine Verbesserung in ihrem Gesch\u00e4ftsverhalten zeigen, aus dem Anlageuniversum aus. Im Augenblick betrifft dies \u00fcber 90 Unternehmen. Diese t\u00e4tigen Gesch\u00e4fte mit kontroversen Waffen (Streumunition, Personenminen, chemische, biologische und Nuklearwaffen), verstossen gegen die Normen des UN Global Compact oder generieren einen Grossteil ihres Umsatzes mit Kohleprodukten.<\/p>\n<p>In der Schweiz und international f\u00f6rdern wir den Dialog mit den Unternehmen und \u00fcben unsere Stimmrechte aktiv im Sinne einer nachhaltigen Entwicklung aus. Wir unterst\u00fctzen aktiv die Prinzipien des UN Global Compact.<\/p>\n<p><a href=\"https:\/\/de.wikipedia.org\/wiki\/Global_Compact#Prinzipien\">Mehr zu den Prinzipien des UN Global Compact<\/a><\/p>\n","protected":false},"excerpt":{"rendered":"<p>Als \u00f6ffentlich-rechtliche Vorsorgeeinrichtung nimmt die BLVK ihre Verantwortung im Bereich der Nachhaltigkeit wahr: Wir unterst\u00fctzen eine nachhaltige Unternehmenspolitik, die den Bed\u00fcrfnissen der heutigen Generation entspricht, ohne die M\u00f6glichkeiten zuk\u00fcnftiger Generationen zu gef\u00e4hrden. Wir halten uns an die gesetzlichen Vorschriften und Richtlinien und folgen den Empfehlungen des Schweizerischen Pensionskassenverbands ASIP. In unserem Anlagereglement haben wir ein [&hellip;]<\/p>\n","protected":false},"author":1,"featured_media":0,"parent":98,"menu_order":0,"comment_status":"closed","ping_status":"closed","template":"page-templates\/grundsatze-columns.php","meta":{"_acf_changed":false,"inline_featured_image":false,"footnotes":""},"class_list":["post-108","page","type-page","status-publish","hentry"],"acf":[],"yoast_head":"<!-- This site is optimized with the Yoast SEO plugin v25.4 - https:\/\/yoast.com\/wordpress\/plugins\/seo\/ -->\n<title>Nachhaltigkeit - BLVK<\/title>\n<meta name=\"robots\" content=\"index, follow, max-snippet:-1, max-image-preview:large, max-video-preview:-1\" \/>\n<link rel=\"canonical\" href=\"https:\/\/blvk.ch\/de\/anlagen\/nachhaltigkeit-die-blvk\/\" \/>\n<meta property=\"og:locale\" content=\"de_DE\" \/>\n<meta property=\"og:type\" content=\"article\" \/>\n<meta property=\"og:title\" content=\"Nachhaltigkeit - BLVK\" \/>\n<meta property=\"og:description\" content=\"Als \u00f6ffentlich-rechtliche Vorsorgeeinrichtung nimmt die BLVK ihre Verantwortung im Bereich der Nachhaltigkeit wahr: Wir unterst\u00fctzen eine nachhaltige Unternehmenspolitik, die den Bed\u00fcrfnissen der heutigen Generation entspricht, ohne die M\u00f6glichkeiten zuk\u00fcnftiger Generationen zu gef\u00e4hrden. Wir halten uns an die gesetzlichen Vorschriften und Richtlinien und folgen den Empfehlungen des Schweizerischen Pensionskassenverbands ASIP. In unserem Anlagereglement haben wir ein [&hellip;]\" \/>\n<meta property=\"og:url\" content=\"https:\/\/blvk.ch\/de\/anlagen\/nachhaltigkeit-die-blvk\/\" \/>\n<meta property=\"og:site_name\" content=\"BLVK\" \/>\n<meta property=\"article:modified_time\" content=\"2026-03-24T09:17:01+00:00\" \/>\n<meta name=\"twitter:card\" content=\"summary_large_image\" \/>\n<meta name=\"twitter:label1\" content=\"Gesch\u00e4tzte Lesezeit\" \/>\n\t<meta name=\"twitter:data1\" content=\"1 Minute\" \/>\n<script type=\"application\/ld+json\" class=\"yoast-schema-graph\">{\"@context\":\"https:\/\/schema.org\",\"@graph\":[{\"@type\":\"WebPage\",\"@id\":\"https:\/\/blvk.ch\/de\/anlagen\/nachhaltigkeit-die-blvk\/\",\"url\":\"https:\/\/blvk.ch\/de\/anlagen\/nachhaltigkeit-die-blvk\/\",\"name\":\"Nachhaltigkeit - BLVK\",\"isPartOf\":{\"@id\":\"https:\/\/blvk.ch\/de\/#website\"},\"datePublished\":\"2022-07-13T09:08:34+00:00\",\"dateModified\":\"2026-03-24T09:17:01+00:00\",\"breadcrumb\":{\"@id\":\"https:\/\/blvk.ch\/de\/anlagen\/nachhaltigkeit-die-blvk\/#breadcrumb\"},\"inLanguage\":\"de-DE\",\"potentialAction\":[{\"@type\":\"ReadAction\",\"target\":[\"https:\/\/blvk.ch\/de\/anlagen\/nachhaltigkeit-die-blvk\/\"]}]},{\"@type\":\"BreadcrumbList\",\"@id\":\"https:\/\/blvk.ch\/de\/anlagen\/nachhaltigkeit-die-blvk\/#breadcrumb\",\"itemListElement\":[{\"@type\":\"ListItem\",\"position\":1,\"name\":\"Startseite\",\"item\":\"https:\/\/blvk.ch\/de\/\"},{\"@type\":\"ListItem\",\"position\":2,\"name\":\"Kapitalanlagen\",\"item\":\"https:\/\/blvk.ch\/de\/anlagen\/\"},{\"@type\":\"ListItem\",\"position\":3,\"name\":\"Nachhaltigkeit\"}]},{\"@type\":\"WebSite\",\"@id\":\"https:\/\/blvk.ch\/de\/#website\",\"url\":\"https:\/\/blvk.ch\/de\/\",\"name\":\"BLVK\",\"description\":\"Bernische Lehrerversicherungskasse\",\"publisher\":{\"@id\":\"https:\/\/blvk.ch\/de\/#organization\"},\"potentialAction\":[{\"@type\":\"SearchAction\",\"target\":{\"@type\":\"EntryPoint\",\"urlTemplate\":\"https:\/\/blvk.ch\/de\/?s={search_term_string}\"},\"query-input\":{\"@type\":\"PropertyValueSpecification\",\"valueRequired\":true,\"valueName\":\"search_term_string\"}}],\"inLanguage\":\"de-DE\"},{\"@type\":\"Organization\",\"@id\":\"https:\/\/blvk.ch\/de\/#organization\",\"name\":\"BLVK\",\"url\":\"https:\/\/blvk.ch\/de\/\",\"logo\":{\"@type\":\"ImageObject\",\"inLanguage\":\"de-DE\",\"@id\":\"https:\/\/blvk.ch\/de\/#\/schema\/logo\/image\/\",\"url\":\"https:\/\/blvk.ch\/wp-content\/uploads\/2022\/07\/Logo.png\",\"contentUrl\":\"https:\/\/blvk.ch\/wp-content\/uploads\/2022\/07\/Logo.png\",\"width\":152,\"height\":66,\"caption\":\"BLVK\"},\"image\":{\"@id\":\"https:\/\/blvk.ch\/de\/#\/schema\/logo\/image\/\"}}]}<\/script>\n<!-- \/ Yoast SEO plugin. -->","yoast_head_json":{"title":"Nachhaltigkeit - BLVK","robots":{"index":"index","follow":"follow","max-snippet":"max-snippet:-1","max-image-preview":"max-image-preview:large","max-video-preview":"max-video-preview:-1"},"canonical":"https:\/\/blvk.ch\/de\/anlagen\/nachhaltigkeit-die-blvk\/","og_locale":"de_DE","og_type":"article","og_title":"Nachhaltigkeit - BLVK","og_description":"Als \u00f6ffentlich-rechtliche Vorsorgeeinrichtung nimmt die BLVK ihre Verantwortung im Bereich der Nachhaltigkeit wahr: Wir unterst\u00fctzen eine nachhaltige Unternehmenspolitik, die den Bed\u00fcrfnissen der heutigen Generation entspricht, ohne die M\u00f6glichkeiten zuk\u00fcnftiger Generationen zu gef\u00e4hrden. Wir halten uns an die gesetzlichen Vorschriften und Richtlinien und folgen den Empfehlungen des Schweizerischen Pensionskassenverbands ASIP. In unserem Anlagereglement haben wir ein [&hellip;]","og_url":"https:\/\/blvk.ch\/de\/anlagen\/nachhaltigkeit-die-blvk\/","og_site_name":"BLVK","article_modified_time":"2026-03-24T09:17:01+00:00","twitter_card":"summary_large_image","twitter_misc":{"Gesch\u00e4tzte Lesezeit":"1 Minute"},"schema":{"@context":"https:\/\/schema.org","@graph":[{"@type":"WebPage","@id":"https:\/\/blvk.ch\/de\/anlagen\/nachhaltigkeit-die-blvk\/","url":"https:\/\/blvk.ch\/de\/anlagen\/nachhaltigkeit-die-blvk\/","name":"Nachhaltigkeit - BLVK","isPartOf":{"@id":"https:\/\/blvk.ch\/de\/#website"},"datePublished":"2022-07-13T09:08:34+00:00","dateModified":"2026-03-24T09:17:01+00:00","breadcrumb":{"@id":"https:\/\/blvk.ch\/de\/anlagen\/nachhaltigkeit-die-blvk\/#breadcrumb"},"inLanguage":"de-DE","potentialAction":[{"@type":"ReadAction","target":["https:\/\/blvk.ch\/de\/anlagen\/nachhaltigkeit-die-blvk\/"]}]},{"@type":"BreadcrumbList","@id":"https:\/\/blvk.ch\/de\/anlagen\/nachhaltigkeit-die-blvk\/#breadcrumb","itemListElement":[{"@type":"ListItem","position":1,"name":"Startseite","item":"https:\/\/blvk.ch\/de\/"},{"@type":"ListItem","position":2,"name":"Kapitalanlagen","item":"https:\/\/blvk.ch\/de\/anlagen\/"},{"@type":"ListItem","position":3,"name":"Nachhaltigkeit"}]},{"@type":"WebSite","@id":"https:\/\/blvk.ch\/de\/#website","url":"https:\/\/blvk.ch\/de\/","name":"BLVK","description":"Bernische Lehrerversicherungskasse","publisher":{"@id":"https:\/\/blvk.ch\/de\/#organization"},"potentialAction":[{"@type":"SearchAction","target":{"@type":"EntryPoint","urlTemplate":"https:\/\/blvk.ch\/de\/?s={search_term_string}"},"query-input":{"@type":"PropertyValueSpecification","valueRequired":true,"valueName":"search_term_string"}}],"inLanguage":"de-DE"},{"@type":"Organization","@id":"https:\/\/blvk.ch\/de\/#organization","name":"BLVK","url":"https:\/\/blvk.ch\/de\/","logo":{"@type":"ImageObject","inLanguage":"de-DE","@id":"https:\/\/blvk.ch\/de\/#\/schema\/logo\/image\/","url":"https:\/\/blvk.ch\/wp-content\/uploads\/2022\/07\/Logo.png","contentUrl":"https:\/\/blvk.ch\/wp-content\/uploads\/2022\/07\/Logo.png","width":152,"height":66,"caption":"BLVK"},"image":{"@id":"https:\/\/blvk.ch\/de\/#\/schema\/logo\/image\/"}}]}},"_links":{"self":[{"href":"https:\/\/blvk.ch\/de\/wp-json\/wp\/v2\/pages\/108","targetHints":{"allow":["GET"]}}],"collection":[{"href":"https:\/\/blvk.ch\/de\/wp-json\/wp\/v2\/pages"}],"about":[{"href":"https:\/\/blvk.ch\/de\/wp-json\/wp\/v2\/types\/page"}],"author":[{"embeddable":true,"href":"https:\/\/blvk.ch\/de\/wp-json\/wp\/v2\/users\/1"}],"replies":[{"embeddable":true,"href":"https:\/\/blvk.ch\/de\/wp-json\/wp\/v2\/comments?post=108"}],"version-history":[{"count":28,"href":"https:\/\/blvk.ch\/de\/wp-json\/wp\/v2\/pages\/108\/revisions"}],"predecessor-version":[{"id":10922,"href":"https:\/\/blvk.ch\/de\/wp-json\/wp\/v2\/pages\/108\/revisions\/10922"}],"up":[{"embeddable":true,"href":"https:\/\/blvk.ch\/de\/wp-json\/wp\/v2\/pages\/98"}],"wp:attachment":[{"href":"https:\/\/blvk.ch\/de\/wp-json\/wp\/v2\/media?parent=108"}],"curies":[{"name":"wp","href":"https:\/\/api.w.org\/{rel}","templated":true}]}}