{"id":10882,"date":"2026-03-20T15:44:19","date_gmt":"2026-03-20T14:44:19","guid":{"rendered":"https:\/\/blvk.ch\/?page_id=10882"},"modified":"2026-03-20T15:44:19","modified_gmt":"2026-03-20T14:44:19","slug":"neuer-abteilungsleiter-kapitalanlagen","status":"publish","type":"page","link":"https:\/\/blvk.ch\/de\/die-blvk\/aktuelles\/neuer-abteilungsleiter-kapitalanlagen\/","title":{"rendered":"Abteilungsleiter Kapitalanlagen"},"content":{"rendered":"<h2>Neuer Abteilungsleiter Kapitalanlagen<\/h2>\n<p>Die BLVK hat Petrit Krasniqi zum neuen Abteilungsleiter Kapitalanlagen sowie zum Mitglied der erweiterten Gesch\u00e4ftsleitung ernannt. Er ist seit August 2023 bei der BLVK als Portfoliomanager t\u00e4tig und hat die Anlageabteilung in den letzten Jahren mitgepr\u00e4gt.<\/p>\n<p>Petrit Krasniqi \u00fcbernimmt seine neue Funktion am 1. Juni 2026 und tritt damit die Nachfolge von Theodor Tillmann an, der sich nach \u00fcber 27-j\u00e4hriger T\u00e4tigkeit f\u00fcr die BLVK in den wohlverdienten Ruhestand verabschiedet.<\/p>\n<p>Wir bedanken uns bei Theodor Tillmann f\u00fcr sein langj\u00e4hriges Engagement und die wertvolle Mitarbeit in der Gesch\u00e4ftsleitung. Mit seinem Einsatz, seiner Kompetenz und seinem Weitblick hat er die Anlageabteilung der BLVK massgeblich gepr\u00e4gt. Petrit Krasniqi w\u00fcnschen wir viel Erfolg und Zufriedenheit in seiner neuen Rolle.<\/p>\n","protected":false},"excerpt":{"rendered":"<p>Neuer Abteilungsleiter Kapitalanlagen Die BLVK hat Petrit Krasniqi zum neuen Abteilungsleiter Kapitalanlagen sowie zum Mitglied der erweiterten Gesch\u00e4ftsleitung ernannt. Er ist seit August 2023 bei der BLVK als Portfoliomanager t\u00e4tig und hat die Anlageabteilung in den letzten Jahren mitgepr\u00e4gt. Petrit Krasniqi \u00fcbernimmt seine neue Funktion am 1. Juni 2026 und tritt damit die Nachfolge von [&hellip;]<\/p>\n","protected":false},"author":1,"featured_media":0,"parent":279,"menu_order":0,"comment_status":"closed","ping_status":"closed","template":"page-templates\/grundsatze.php","meta":{"_acf_changed":false,"inline_featured_image":false,"footnotes":""},"class_list":["post-10882","page","type-page","status-publish","hentry"],"acf":[],"yoast_head":"<!-- This site is optimized with the Yoast SEO plugin v25.4 - https:\/\/yoast.com\/wordpress\/plugins\/seo\/ -->\n<title>Abteilungsleiter Kapitalanlagen - BLVK<\/title>\n<meta name=\"robots\" content=\"index, follow, max-snippet:-1, max-image-preview:large, max-video-preview:-1\" \/>\n<link rel=\"canonical\" href=\"https:\/\/blvk.ch\/de\/die-blvk\/aktuelles\/neuer-abteilungsleiter-kapitalanlagen\/\" \/>\n<meta property=\"og:locale\" content=\"de_DE\" \/>\n<meta property=\"og:type\" content=\"article\" \/>\n<meta property=\"og:title\" content=\"Abteilungsleiter Kapitalanlagen - BLVK\" \/>\n<meta property=\"og:description\" content=\"Neuer Abteilungsleiter Kapitalanlagen Die BLVK hat Petrit Krasniqi zum neuen Abteilungsleiter Kapitalanlagen sowie zum Mitglied der erweiterten Gesch\u00e4ftsleitung ernannt. Er ist seit August 2023 bei der BLVK als Portfoliomanager t\u00e4tig und hat die Anlageabteilung in den letzten Jahren mitgepr\u00e4gt. Petrit Krasniqi \u00fcbernimmt seine neue Funktion am 1. Juni 2026 und tritt damit die Nachfolge von [&hellip;]\" \/>\n<meta property=\"og:url\" content=\"https:\/\/blvk.ch\/de\/die-blvk\/aktuelles\/neuer-abteilungsleiter-kapitalanlagen\/\" \/>\n<meta property=\"og:site_name\" content=\"BLVK\" \/>\n<meta name=\"twitter:card\" content=\"summary_large_image\" \/>\n<meta name=\"twitter:label1\" content=\"Gesch\u00e4tzte Lesezeit\" \/>\n\t<meta name=\"twitter:data1\" content=\"1 Minute\" \/>\n<script type=\"application\/ld+json\" class=\"yoast-schema-graph\">{\"@context\":\"https:\/\/schema.org\",\"@graph\":[{\"@type\":\"WebPage\",\"@id\":\"https:\/\/blvk.ch\/de\/die-blvk\/aktuelles\/neuer-abteilungsleiter-kapitalanlagen\/\",\"url\":\"https:\/\/blvk.ch\/de\/die-blvk\/aktuelles\/neuer-abteilungsleiter-kapitalanlagen\/\",\"name\":\"Abteilungsleiter Kapitalanlagen - BLVK\",\"isPartOf\":{\"@id\":\"https:\/\/blvk.ch\/de\/#website\"},\"datePublished\":\"2026-03-20T14:44:19+00:00\",\"breadcrumb\":{\"@id\":\"https:\/\/blvk.ch\/de\/die-blvk\/aktuelles\/neuer-abteilungsleiter-kapitalanlagen\/#breadcrumb\"},\"inLanguage\":\"de-DE\",\"potentialAction\":[{\"@type\":\"ReadAction\",\"target\":[\"https:\/\/blvk.ch\/de\/die-blvk\/aktuelles\/neuer-abteilungsleiter-kapitalanlagen\/\"]}]},{\"@type\":\"BreadcrumbList\",\"@id\":\"https:\/\/blvk.ch\/de\/die-blvk\/aktuelles\/neuer-abteilungsleiter-kapitalanlagen\/#breadcrumb\",\"itemListElement\":[{\"@type\":\"ListItem\",\"position\":1,\"name\":\"Startseite\",\"item\":\"https:\/\/blvk.ch\/de\/\"},{\"@type\":\"ListItem\",\"position\":2,\"name\":\"Die BLVK\",\"item\":\"https:\/\/blvk.ch\/de\/die-blvk\/\"},{\"@type\":\"ListItem\",\"position\":3,\"name\":\"Aktuelles\",\"item\":\"https:\/\/blvk.ch\/de\/die-blvk\/aktuelles\/\"},{\"@type\":\"ListItem\",\"position\":4,\"name\":\"Abteilungsleiter Kapitalanlagen\"}]},{\"@type\":\"WebSite\",\"@id\":\"https:\/\/blvk.ch\/de\/#website\",\"url\":\"https:\/\/blvk.ch\/de\/\",\"name\":\"BLVK\",\"description\":\"Bernische Lehrerversicherungskasse\",\"publisher\":{\"@id\":\"https:\/\/blvk.ch\/de\/#organization\"},\"potentialAction\":[{\"@type\":\"SearchAction\",\"target\":{\"@type\":\"EntryPoint\",\"urlTemplate\":\"https:\/\/blvk.ch\/de\/?s={search_term_string}\"},\"query-input\":{\"@type\":\"PropertyValueSpecification\",\"valueRequired\":true,\"valueName\":\"search_term_string\"}}],\"inLanguage\":\"de-DE\"},{\"@type\":\"Organization\",\"@id\":\"https:\/\/blvk.ch\/de\/#organization\",\"name\":\"BLVK\",\"url\":\"https:\/\/blvk.ch\/de\/\",\"logo\":{\"@type\":\"ImageObject\",\"inLanguage\":\"de-DE\",\"@id\":\"https:\/\/blvk.ch\/de\/#\/schema\/logo\/image\/\",\"url\":\"https:\/\/blvk.ch\/wp-content\/uploads\/2022\/07\/Logo.png\",\"contentUrl\":\"https:\/\/blvk.ch\/wp-content\/uploads\/2022\/07\/Logo.png\",\"width\":152,\"height\":66,\"caption\":\"BLVK\"},\"image\":{\"@id\":\"https:\/\/blvk.ch\/de\/#\/schema\/logo\/image\/\"}}]}<\/script>\n<!-- \/ Yoast SEO plugin. -->","yoast_head_json":{"title":"Abteilungsleiter Kapitalanlagen - BLVK","robots":{"index":"index","follow":"follow","max-snippet":"max-snippet:-1","max-image-preview":"max-image-preview:large","max-video-preview":"max-video-preview:-1"},"canonical":"https:\/\/blvk.ch\/de\/die-blvk\/aktuelles\/neuer-abteilungsleiter-kapitalanlagen\/","og_locale":"de_DE","og_type":"article","og_title":"Abteilungsleiter Kapitalanlagen - BLVK","og_description":"Neuer Abteilungsleiter Kapitalanlagen Die BLVK hat Petrit Krasniqi zum neuen Abteilungsleiter Kapitalanlagen sowie zum Mitglied der erweiterten Gesch\u00e4ftsleitung ernannt. Er ist seit August 2023 bei der BLVK als Portfoliomanager t\u00e4tig und hat die Anlageabteilung in den letzten Jahren mitgepr\u00e4gt. Petrit Krasniqi \u00fcbernimmt seine neue Funktion am 1. Juni 2026 und tritt damit die Nachfolge von [&hellip;]","og_url":"https:\/\/blvk.ch\/de\/die-blvk\/aktuelles\/neuer-abteilungsleiter-kapitalanlagen\/","og_site_name":"BLVK","twitter_card":"summary_large_image","twitter_misc":{"Gesch\u00e4tzte Lesezeit":"1 Minute"},"schema":{"@context":"https:\/\/schema.org","@graph":[{"@type":"WebPage","@id":"https:\/\/blvk.ch\/de\/die-blvk\/aktuelles\/neuer-abteilungsleiter-kapitalanlagen\/","url":"https:\/\/blvk.ch\/de\/die-blvk\/aktuelles\/neuer-abteilungsleiter-kapitalanlagen\/","name":"Abteilungsleiter Kapitalanlagen - BLVK","isPartOf":{"@id":"https:\/\/blvk.ch\/de\/#website"},"datePublished":"2026-03-20T14:44:19+00:00","breadcrumb":{"@id":"https:\/\/blvk.ch\/de\/die-blvk\/aktuelles\/neuer-abteilungsleiter-kapitalanlagen\/#breadcrumb"},"inLanguage":"de-DE","potentialAction":[{"@type":"ReadAction","target":["https:\/\/blvk.ch\/de\/die-blvk\/aktuelles\/neuer-abteilungsleiter-kapitalanlagen\/"]}]},{"@type":"BreadcrumbList","@id":"https:\/\/blvk.ch\/de\/die-blvk\/aktuelles\/neuer-abteilungsleiter-kapitalanlagen\/#breadcrumb","itemListElement":[{"@type":"ListItem","position":1,"name":"Startseite","item":"https:\/\/blvk.ch\/de\/"},{"@type":"ListItem","position":2,"name":"Die BLVK","item":"https:\/\/blvk.ch\/de\/die-blvk\/"},{"@type":"ListItem","position":3,"name":"Aktuelles","item":"https:\/\/blvk.ch\/de\/die-blvk\/aktuelles\/"},{"@type":"ListItem","position":4,"name":"Abteilungsleiter Kapitalanlagen"}]},{"@type":"WebSite","@id":"https:\/\/blvk.ch\/de\/#website","url":"https:\/\/blvk.ch\/de\/","name":"BLVK","description":"Bernische Lehrerversicherungskasse","publisher":{"@id":"https:\/\/blvk.ch\/de\/#organization"},"potentialAction":[{"@type":"SearchAction","target":{"@type":"EntryPoint","urlTemplate":"https:\/\/blvk.ch\/de\/?s={search_term_string}"},"query-input":{"@type":"PropertyValueSpecification","valueRequired":true,"valueName":"search_term_string"}}],"inLanguage":"de-DE"},{"@type":"Organization","@id":"https:\/\/blvk.ch\/de\/#organization","name":"BLVK","url":"https:\/\/blvk.ch\/de\/","logo":{"@type":"ImageObject","inLanguage":"de-DE","@id":"https:\/\/blvk.ch\/de\/#\/schema\/logo\/image\/","url":"https:\/\/blvk.ch\/wp-content\/uploads\/2022\/07\/Logo.png","contentUrl":"https:\/\/blvk.ch\/wp-content\/uploads\/2022\/07\/Logo.png","width":152,"height":66,"caption":"BLVK"},"image":{"@id":"https:\/\/blvk.ch\/de\/#\/schema\/logo\/image\/"}}]}},"_links":{"self":[{"href":"https:\/\/blvk.ch\/de\/wp-json\/wp\/v2\/pages\/10882","targetHints":{"allow":["GET"]}}],"collection":[{"href":"https:\/\/blvk.ch\/de\/wp-json\/wp\/v2\/pages"}],"about":[{"href":"https:\/\/blvk.ch\/de\/wp-json\/wp\/v2\/types\/page"}],"author":[{"embeddable":true,"href":"https:\/\/blvk.ch\/de\/wp-json\/wp\/v2\/users\/1"}],"replies":[{"embeddable":true,"href":"https:\/\/blvk.ch\/de\/wp-json\/wp\/v2\/comments?post=10882"}],"version-history":[{"count":13,"href":"https:\/\/blvk.ch\/de\/wp-json\/wp\/v2\/pages\/10882\/revisions"}],"predecessor-version":[{"id":10900,"href":"https:\/\/blvk.ch\/de\/wp-json\/wp\/v2\/pages\/10882\/revisions\/10900"}],"up":[{"embeddable":true,"href":"https:\/\/blvk.ch\/de\/wp-json\/wp\/v2\/pages\/279"}],"wp:attachment":[{"href":"https:\/\/blvk.ch\/de\/wp-json\/wp\/v2\/media?parent=10882"}],"curies":[{"name":"wp","href":"https:\/\/api.w.org\/{rel}","templated":true}]}}