{"id":422,"date":"2022-09-05T12:37:47","date_gmt":"2022-09-05T12:37:47","guid":{"rendered":"https:\/\/blvk.dev.mxm.agency\/?page_id=422"},"modified":"2025-08-11T09:48:48","modified_gmt":"2025-08-11T07:48:48","slug":"das-3-saeulen-prinzip","status":"publish","type":"page","link":"https:\/\/blvk.ch\/de\/versicherte\/vorsorge-erklart-grundsatzliche-infos-zum-vorsorgesystem\/das-3-saeulen-prinzip\/","title":{"rendered":"Das 3-S\u00e4ulen-Prinzip"},"content":{"rendered":"<h2>So funktioniert die Altersvorsorge<\/h2>\n<p>Das Vorsorgesystem de Schweiz beruht seit 1972 auf drei S\u00e4ulen: der staatlichen (1. S\u00e4ule), der beruflichen (2. S\u00e4ule) und der privaten Vorsorge (3. S\u00e4ule). Dieses System nennt man 3-S\u00e4ulen-Prinzip. Es hat zum Ziel, eine umfassende finanzielle Risikoabdeckung zu gew\u00e4hrleisten und den gewohnten Lebensstandard im Alter, bei Invalidit\u00e4t und im Todesfall sicherzustellen.<\/p>\n<p>&nbsp;<\/p>\n<p><img loading=\"lazy\" decoding=\"async\" class=\"wp-image-1609 aligncenter\" style=\"font-size: 10.72px; font-weight: bold;\" src=\"http:\/\/blvk.ch\/wp-content\/uploads\/2022\/09\/BLVK_Dreisaeulenkonzept_rgb.svg\" alt=\"\" width=\"904\" height=\"557\" \/><\/p>\n<h6>Die 1. S\u00e4ule: Staatliche Vorsorge zur Existenzsicherung<\/h6>\n<p><!--more--><\/p>\n<p>Zur staatlichen Vorsorge z\u00e4hlen die Alters- und Hinterlassenenversicherung (AHV), die Invalidenversicherung (IV) sowie die Erg\u00e4nzungsleistungen (EL). Die Renten der AHV\/IV sichern den absolut notwendigen Lebensbedarf. Wer mit den Renten und mit seinem eigenen Verm\u00f6gen den Lebensunterhalt nicht bestreiten kann, hat seit 1966 Anrecht auf Erg\u00e4nzungsleistungen zur AHV\/IV. Bei der AHV\/IV ist die gesamte Wohnbev\u00f6lkerung versichert, also Arbeitnehmende, Selbst\u00e4ndigerwerbende und Nichterwerbst\u00e4tige.<\/p>\n<p>Weitere Informationen: <a href=\"https:\/\/www.ahv-iv.ch\/\" target=\"_blank\" rel=\"noopener\">www.ahv-iv.ch<\/a> oder <a href=\"https:\/\/www.akbern.ch\/\" target=\"_blank\" rel=\"noopener\">www.akbern.ch<\/a><\/p>\n<h6>Die 2. S\u00e4ule: Berufliche Vorsorge zur Sicherung des Lebensstandards<\/h6>\n<p><!--more--><\/p>\n<p>Das Bundesgesetz\u00a0 \u00fcber die berufliche Vorsorge (BVG) ist seit dem 1. Januar 1985 in Kraft. Die 2. S\u00e4ule soll Bed\u00fcrfnisse abdecken, die \u00fcber die Existenzgrundlage hinausgehen. Dies, damit die gewohnte Lebenshaltung auch nach der Pensionierung weitergef\u00fchrt werden kann. Alle Arbeitgebenden sind verpflichtet, ihre Arbeitnehmenden bei einer Vorsorgeeinrichtung zu versichern. Analog zur AHV\/IV muss mindestens die H\u00e4lfte der Beitr\u00e4ge f\u00fcr die 2. S\u00e4ule von den Arbeitgebenden \u00fcbernommen werden. Bei der beruflichen Vorsorge sind nur Arbeitnehmende mit einem AHV-Jahreslohn von \u00fcber CHF 22&#8217;680.\u2013 (Eintrittsschwelle) obligatorisch versichert. Andere Arbeitnehmende und Selbst\u00e4ndigerwerbende k\u00f6nnen sich freiwillig der beruflichen Vorsorge anschliessen. Nichterwerbst\u00e4tige k\u00f6nnen dies nicht. Die bernischen Lehrpersonen haben bereits seit 1818 eine berufliche Vorsorge. Die \u00abSchulmeister-Casse des Cantons Bern\u00bb wurde damals als freiwillige Not- und Hilfskasse gegr\u00fcndet. Sie war die Vorg\u00e4ngerin der BLVK.<\/p>\n<p>Weitere Informationen:<a href=\"https:\/\/www.ch.ch\/\" target=\"_blank\" rel=\"noopener\"> www.ch.ch<\/a> &gt;Pensionierung &gt;Altersvorsorge<\/p>\n<h6>Die 3. S\u00e4ule: Private Vorsorge zur individuellen Erg\u00e4nzung<\/h6>\n<p><!--more--><\/p>\n<p>Die private Vorsorge ist freiwillig und erm\u00f6glicht die individuelle Vorsorge erg\u00e4nzend zur 1. und zur 2. S\u00e4ule. Die obligatorischen Leistungen aus der 1. und 2. S\u00e4ule decken im Alter etwa 60 Prozent des bisherigen Einkommens ab, und zwar nur bis zu einem j\u00e4hrlichen Einkommen von CHF 90 720.\u2013 (Stand: 2025). Die 3. S\u00e4ule ist unter gewissen Bedingungen steuerlich beg\u00fcnstigt. Man unterscheidet zwischen der gebundenen (S\u00e4ule 3a) und der freien Vorsorge (S\u00e4ule 3b).<\/p>\n<p>Weitere Informationen: <a href=\"https:\/\/www.ch.ch\/\" target=\"_blank\" rel=\"noopener\">www.ch.ch<\/a> &gt;Pensionierung &gt;Altersvorsorge<\/p>\n","protected":false},"excerpt":{"rendered":"<p>So funktioniert die Altersvorsorge Das Vorsorgesystem de Schweiz beruht seit 1972 auf drei S\u00e4ulen: der staatlichen (1. S\u00e4ule), der beruflichen (2. S\u00e4ule) und der privaten Vorsorge (3. S\u00e4ule). Dieses System nennt man 3-S\u00e4ulen-Prinzip. Es hat zum Ziel, eine umfassende finanzielle Risikoabdeckung zu gew\u00e4hrleisten und den gewohnten Lebensstandard im Alter, bei Invalidit\u00e4t und im Todesfall sicherzustellen. [&hellip;]<\/p>\n","protected":false},"author":1,"featured_media":0,"parent":76,"menu_order":1,"comment_status":"closed","ping_status":"closed","template":"page-templates\/grundsatze.php","meta":{"_acf_changed":false,"inline_featured_image":false,"footnotes":""},"class_list":["post-422","page","type-page","status-publish","hentry"],"acf":[],"yoast_head":"<!-- This site is optimized with the Yoast SEO plugin v25.4 - https:\/\/yoast.com\/wordpress\/plugins\/seo\/ -->\n<title>Das 3-S\u00e4ulen-Prinzip - BLVK<\/title>\n<meta name=\"robots\" content=\"index, follow, max-snippet:-1, max-image-preview:large, max-video-preview:-1\" \/>\n<link rel=\"canonical\" href=\"https:\/\/blvk.ch\/de\/versicherte\/vorsorge-erklart-grundsatzliche-infos-zum-vorsorgesystem\/das-3-saeulen-prinzip\/\" \/>\n<meta property=\"og:locale\" content=\"de_DE\" \/>\n<meta property=\"og:type\" content=\"article\" \/>\n<meta property=\"og:title\" content=\"Das 3-S\u00e4ulen-Prinzip - BLVK\" \/>\n<meta property=\"og:description\" content=\"So funktioniert die Altersvorsorge Das Vorsorgesystem de Schweiz beruht seit 1972 auf drei S\u00e4ulen: der staatlichen (1. S\u00e4ule), der beruflichen (2. S\u00e4ule) und der privaten Vorsorge (3. S\u00e4ule). Dieses System nennt man 3-S\u00e4ulen-Prinzip. Es hat zum Ziel, eine umfassende finanzielle Risikoabdeckung zu gew\u00e4hrleisten und den gewohnten Lebensstandard im Alter, bei Invalidit\u00e4t und im Todesfall sicherzustellen. [&hellip;]\" \/>\n<meta property=\"og:url\" content=\"https:\/\/blvk.ch\/de\/versicherte\/vorsorge-erklart-grundsatzliche-infos-zum-vorsorgesystem\/das-3-saeulen-prinzip\/\" \/>\n<meta property=\"og:site_name\" content=\"BLVK\" \/>\n<meta property=\"article:modified_time\" content=\"2025-08-11T07:48:48+00:00\" \/>\n<meta name=\"twitter:card\" content=\"summary_large_image\" \/>\n<meta name=\"twitter:label1\" content=\"Gesch\u00e4tzte Lesezeit\" \/>\n\t<meta name=\"twitter:data1\" content=\"2 Minuten\" \/>\n<script type=\"application\/ld+json\" class=\"yoast-schema-graph\">{\"@context\":\"https:\/\/schema.org\",\"@graph\":[{\"@type\":\"WebPage\",\"@id\":\"https:\/\/blvk.ch\/de\/versicherte\/vorsorge-erklart-grundsatzliche-infos-zum-vorsorgesystem\/das-3-saeulen-prinzip\/\",\"url\":\"https:\/\/blvk.ch\/de\/versicherte\/vorsorge-erklart-grundsatzliche-infos-zum-vorsorgesystem\/das-3-saeulen-prinzip\/\",\"name\":\"Das 3-S\u00e4ulen-Prinzip - BLVK\",\"isPartOf\":{\"@id\":\"https:\/\/blvk.ch\/de\/#website\"},\"primaryImageOfPage\":{\"@id\":\"https:\/\/blvk.ch\/de\/versicherte\/vorsorge-erklart-grundsatzliche-infos-zum-vorsorgesystem\/das-3-saeulen-prinzip\/#primaryimage\"},\"image\":{\"@id\":\"https:\/\/blvk.ch\/de\/versicherte\/vorsorge-erklart-grundsatzliche-infos-zum-vorsorgesystem\/das-3-saeulen-prinzip\/#primaryimage\"},\"thumbnailUrl\":\"http:\/\/blvk.ch\/wp-content\/uploads\/2022\/09\/BLVK_Dreisaeulenkonzept_rgb.svg\",\"datePublished\":\"2022-09-05T12:37:47+00:00\",\"dateModified\":\"2025-08-11T07:48:48+00:00\",\"breadcrumb\":{\"@id\":\"https:\/\/blvk.ch\/de\/versicherte\/vorsorge-erklart-grundsatzliche-infos-zum-vorsorgesystem\/das-3-saeulen-prinzip\/#breadcrumb\"},\"inLanguage\":\"de-DE\",\"potentialAction\":[{\"@type\":\"ReadAction\",\"target\":[\"https:\/\/blvk.ch\/de\/versicherte\/vorsorge-erklart-grundsatzliche-infos-zum-vorsorgesystem\/das-3-saeulen-prinzip\/\"]}]},{\"@type\":\"ImageObject\",\"inLanguage\":\"de-DE\",\"@id\":\"https:\/\/blvk.ch\/de\/versicherte\/vorsorge-erklart-grundsatzliche-infos-zum-vorsorgesystem\/das-3-saeulen-prinzip\/#primaryimage\",\"url\":\"http:\/\/blvk.ch\/wp-content\/uploads\/2022\/09\/BLVK_Dreisaeulenkonzept_rgb.svg\",\"contentUrl\":\"http:\/\/blvk.ch\/wp-content\/uploads\/2022\/09\/BLVK_Dreisaeulenkonzept_rgb.svg\"},{\"@type\":\"BreadcrumbList\",\"@id\":\"https:\/\/blvk.ch\/de\/versicherte\/vorsorge-erklart-grundsatzliche-infos-zum-vorsorgesystem\/das-3-saeulen-prinzip\/#breadcrumb\",\"itemListElement\":[{\"@type\":\"ListItem\",\"position\":1,\"name\":\"Startseite\",\"item\":\"https:\/\/blvk.ch\/de\/\"},{\"@type\":\"ListItem\",\"position\":2,\"name\":\"Versicherte\",\"item\":\"https:\/\/blvk.ch\/de\/versicherte\/\"},{\"@type\":\"ListItem\",\"position\":3,\"name\":\"Vorsorge erkl\u00e4rt\",\"item\":\"https:\/\/blvk.ch\/de\/versicherte\/vorsorge-erklart-grundsatzliche-infos-zum-vorsorgesystem\/\"},{\"@type\":\"ListItem\",\"position\":4,\"name\":\"Das 3-S\u00e4ulen-Prinzip\"}]},{\"@type\":\"WebSite\",\"@id\":\"https:\/\/blvk.ch\/de\/#website\",\"url\":\"https:\/\/blvk.ch\/de\/\",\"name\":\"BLVK\",\"description\":\"Bernische Lehrerversicherungskasse\",\"publisher\":{\"@id\":\"https:\/\/blvk.ch\/de\/#organization\"},\"potentialAction\":[{\"@type\":\"SearchAction\",\"target\":{\"@type\":\"EntryPoint\",\"urlTemplate\":\"https:\/\/blvk.ch\/de\/?s={search_term_string}\"},\"query-input\":{\"@type\":\"PropertyValueSpecification\",\"valueRequired\":true,\"valueName\":\"search_term_string\"}}],\"inLanguage\":\"de-DE\"},{\"@type\":\"Organization\",\"@id\":\"https:\/\/blvk.ch\/de\/#organization\",\"name\":\"BLVK\",\"url\":\"https:\/\/blvk.ch\/de\/\",\"logo\":{\"@type\":\"ImageObject\",\"inLanguage\":\"de-DE\",\"@id\":\"https:\/\/blvk.ch\/de\/#\/schema\/logo\/image\/\",\"url\":\"https:\/\/blvk.ch\/wp-content\/uploads\/2022\/07\/Logo.png\",\"contentUrl\":\"https:\/\/blvk.ch\/wp-content\/uploads\/2022\/07\/Logo.png\",\"width\":152,\"height\":66,\"caption\":\"BLVK\"},\"image\":{\"@id\":\"https:\/\/blvk.ch\/de\/#\/schema\/logo\/image\/\"}}]}<\/script>\n<!-- \/ Yoast SEO plugin. -->","yoast_head_json":{"title":"Das 3-S\u00e4ulen-Prinzip - BLVK","robots":{"index":"index","follow":"follow","max-snippet":"max-snippet:-1","max-image-preview":"max-image-preview:large","max-video-preview":"max-video-preview:-1"},"canonical":"https:\/\/blvk.ch\/de\/versicherte\/vorsorge-erklart-grundsatzliche-infos-zum-vorsorgesystem\/das-3-saeulen-prinzip\/","og_locale":"de_DE","og_type":"article","og_title":"Das 3-S\u00e4ulen-Prinzip - BLVK","og_description":"So funktioniert die Altersvorsorge Das Vorsorgesystem de Schweiz beruht seit 1972 auf drei S\u00e4ulen: der staatlichen (1. S\u00e4ule), der beruflichen (2. S\u00e4ule) und der privaten Vorsorge (3. S\u00e4ule). Dieses System nennt man 3-S\u00e4ulen-Prinzip. Es hat zum Ziel, eine umfassende finanzielle Risikoabdeckung zu gew\u00e4hrleisten und den gewohnten Lebensstandard im Alter, bei Invalidit\u00e4t und im Todesfall sicherzustellen. [&hellip;]","og_url":"https:\/\/blvk.ch\/de\/versicherte\/vorsorge-erklart-grundsatzliche-infos-zum-vorsorgesystem\/das-3-saeulen-prinzip\/","og_site_name":"BLVK","article_modified_time":"2025-08-11T07:48:48+00:00","twitter_card":"summary_large_image","twitter_misc":{"Gesch\u00e4tzte Lesezeit":"2 Minuten"},"schema":{"@context":"https:\/\/schema.org","@graph":[{"@type":"WebPage","@id":"https:\/\/blvk.ch\/de\/versicherte\/vorsorge-erklart-grundsatzliche-infos-zum-vorsorgesystem\/das-3-saeulen-prinzip\/","url":"https:\/\/blvk.ch\/de\/versicherte\/vorsorge-erklart-grundsatzliche-infos-zum-vorsorgesystem\/das-3-saeulen-prinzip\/","name":"Das 3-S\u00e4ulen-Prinzip - BLVK","isPartOf":{"@id":"https:\/\/blvk.ch\/de\/#website"},"primaryImageOfPage":{"@id":"https:\/\/blvk.ch\/de\/versicherte\/vorsorge-erklart-grundsatzliche-infos-zum-vorsorgesystem\/das-3-saeulen-prinzip\/#primaryimage"},"image":{"@id":"https:\/\/blvk.ch\/de\/versicherte\/vorsorge-erklart-grundsatzliche-infos-zum-vorsorgesystem\/das-3-saeulen-prinzip\/#primaryimage"},"thumbnailUrl":"http:\/\/blvk.ch\/wp-content\/uploads\/2022\/09\/BLVK_Dreisaeulenkonzept_rgb.svg","datePublished":"2022-09-05T12:37:47+00:00","dateModified":"2025-08-11T07:48:48+00:00","breadcrumb":{"@id":"https:\/\/blvk.ch\/de\/versicherte\/vorsorge-erklart-grundsatzliche-infos-zum-vorsorgesystem\/das-3-saeulen-prinzip\/#breadcrumb"},"inLanguage":"de-DE","potentialAction":[{"@type":"ReadAction","target":["https:\/\/blvk.ch\/de\/versicherte\/vorsorge-erklart-grundsatzliche-infos-zum-vorsorgesystem\/das-3-saeulen-prinzip\/"]}]},{"@type":"ImageObject","inLanguage":"de-DE","@id":"https:\/\/blvk.ch\/de\/versicherte\/vorsorge-erklart-grundsatzliche-infos-zum-vorsorgesystem\/das-3-saeulen-prinzip\/#primaryimage","url":"http:\/\/blvk.ch\/wp-content\/uploads\/2022\/09\/BLVK_Dreisaeulenkonzept_rgb.svg","contentUrl":"http:\/\/blvk.ch\/wp-content\/uploads\/2022\/09\/BLVK_Dreisaeulenkonzept_rgb.svg"},{"@type":"BreadcrumbList","@id":"https:\/\/blvk.ch\/de\/versicherte\/vorsorge-erklart-grundsatzliche-infos-zum-vorsorgesystem\/das-3-saeulen-prinzip\/#breadcrumb","itemListElement":[{"@type":"ListItem","position":1,"name":"Startseite","item":"https:\/\/blvk.ch\/de\/"},{"@type":"ListItem","position":2,"name":"Versicherte","item":"https:\/\/blvk.ch\/de\/versicherte\/"},{"@type":"ListItem","position":3,"name":"Vorsorge erkl\u00e4rt","item":"https:\/\/blvk.ch\/de\/versicherte\/vorsorge-erklart-grundsatzliche-infos-zum-vorsorgesystem\/"},{"@type":"ListItem","position":4,"name":"Das 3-S\u00e4ulen-Prinzip"}]},{"@type":"WebSite","@id":"https:\/\/blvk.ch\/de\/#website","url":"https:\/\/blvk.ch\/de\/","name":"BLVK","description":"Bernische Lehrerversicherungskasse","publisher":{"@id":"https:\/\/blvk.ch\/de\/#organization"},"potentialAction":[{"@type":"SearchAction","target":{"@type":"EntryPoint","urlTemplate":"https:\/\/blvk.ch\/de\/?s={search_term_string}"},"query-input":{"@type":"PropertyValueSpecification","valueRequired":true,"valueName":"search_term_string"}}],"inLanguage":"de-DE"},{"@type":"Organization","@id":"https:\/\/blvk.ch\/de\/#organization","name":"BLVK","url":"https:\/\/blvk.ch\/de\/","logo":{"@type":"ImageObject","inLanguage":"de-DE","@id":"https:\/\/blvk.ch\/de\/#\/schema\/logo\/image\/","url":"https:\/\/blvk.ch\/wp-content\/uploads\/2022\/07\/Logo.png","contentUrl":"https:\/\/blvk.ch\/wp-content\/uploads\/2022\/07\/Logo.png","width":152,"height":66,"caption":"BLVK"},"image":{"@id":"https:\/\/blvk.ch\/de\/#\/schema\/logo\/image\/"}}]}},"_links":{"self":[{"href":"https:\/\/blvk.ch\/de\/wp-json\/wp\/v2\/pages\/422","targetHints":{"allow":["GET"]}}],"collection":[{"href":"https:\/\/blvk.ch\/de\/wp-json\/wp\/v2\/pages"}],"about":[{"href":"https:\/\/blvk.ch\/de\/wp-json\/wp\/v2\/types\/page"}],"author":[{"embeddable":true,"href":"https:\/\/blvk.ch\/de\/wp-json\/wp\/v2\/users\/1"}],"replies":[{"embeddable":true,"href":"https:\/\/blvk.ch\/de\/wp-json\/wp\/v2\/comments?post=422"}],"version-history":[{"count":37,"href":"https:\/\/blvk.ch\/de\/wp-json\/wp\/v2\/pages\/422\/revisions"}],"predecessor-version":[{"id":10282,"href":"https:\/\/blvk.ch\/de\/wp-json\/wp\/v2\/pages\/422\/revisions\/10282"}],"up":[{"embeddable":true,"href":"https:\/\/blvk.ch\/de\/wp-json\/wp\/v2\/pages\/76"}],"wp:attachment":[{"href":"https:\/\/blvk.ch\/de\/wp-json\/wp\/v2\/media?parent=422"}],"curies":[{"name":"wp","href":"https:\/\/api.w.org\/{rel}","templated":true}]}}