{"id":436,"date":"2022-09-05T21:37:11","date_gmt":"2022-09-05T21:37:11","guid":{"rendered":"https:\/\/blvk.dev.mxm.agency\/?page_id=436"},"modified":"2025-07-02T20:30:59","modified_gmt":"2025-07-02T18:30:59","slug":"einkauf-in-die-pk","status":"publish","type":"page","link":"https:\/\/blvk.ch\/de\/versicherte\/besser-vorsorgen\/einkauf-in-die-pk\/","title":{"rendered":"Einkauf in die PK"},"content":{"rendered":"<p>Unter gewissen Umst\u00e4nden haben Sie die M\u00f6glichkeit, freiwillige Einzahlungen in die Pensionskasse vorzunehmen, die steuerlich abzugsberechtigt sind und Ihre zuk\u00fcnftigen Leistungen erh\u00f6hen. Voraussetzung daf\u00fcr ist, dass das in der Pensionskasse angesparte Guthaben nicht ausreicht, um die Ihrem aktuellen Lohn entsprechende maximal m\u00f6gliche Rente zu erreichen. Die detaillierten Bestimmungen sind in Art. 11 des Vorsorgereglements geregelt.<\/p>\n","protected":false},"excerpt":{"rendered":"<p>Unter gewissen Umst\u00e4nden haben Sie die M\u00f6glichkeit, freiwillige Einzahlungen in die Pensionskasse vorzunehmen, die steuerlich abzugsberechtigt sind und Ihre zuk\u00fcnftigen Leistungen erh\u00f6hen. Voraussetzung daf\u00fcr ist, dass das in der Pensionskasse angesparte Guthaben nicht ausreicht, um die Ihrem aktuellen Lohn entsprechende maximal m\u00f6gliche Rente zu erreichen. Die detaillierten Bestimmungen sind in Art. 11 des Vorsorgereglements geregelt.<\/p>\n","protected":false},"author":1,"featured_media":0,"parent":78,"menu_order":1,"comment_status":"closed","ping_status":"closed","template":"page-templates\/grundsatze-small.php","meta":{"_acf_changed":false,"inline_featured_image":false,"footnotes":""},"class_list":["post-436","page","type-page","status-publish","hentry"],"acf":[],"yoast_head":"<!-- This site is optimized with the Yoast SEO plugin v25.4 - https:\/\/yoast.com\/wordpress\/plugins\/seo\/ -->\n<title>Einkauf in die PK - BLVK<\/title>\n<meta name=\"robots\" content=\"index, follow, max-snippet:-1, max-image-preview:large, max-video-preview:-1\" \/>\n<link rel=\"canonical\" href=\"https:\/\/blvk.ch\/de\/versicherte\/besser-vorsorgen\/einkauf-in-die-pk\/\" \/>\n<meta property=\"og:locale\" content=\"de_DE\" \/>\n<meta property=\"og:type\" content=\"article\" \/>\n<meta property=\"og:title\" content=\"Einkauf in die PK - BLVK\" \/>\n<meta property=\"og:description\" content=\"Unter gewissen Umst\u00e4nden haben Sie die M\u00f6glichkeit, freiwillige Einzahlungen in die Pensionskasse vorzunehmen, die steuerlich abzugsberechtigt sind und Ihre zuk\u00fcnftigen Leistungen erh\u00f6hen. Voraussetzung daf\u00fcr ist, dass das in der Pensionskasse angesparte Guthaben nicht ausreicht, um die Ihrem aktuellen Lohn entsprechende maximal m\u00f6gliche Rente zu erreichen. Die detaillierten Bestimmungen sind in Art. 11 des Vorsorgereglements geregelt.\" \/>\n<meta property=\"og:url\" content=\"https:\/\/blvk.ch\/de\/versicherte\/besser-vorsorgen\/einkauf-in-die-pk\/\" \/>\n<meta property=\"og:site_name\" content=\"BLVK\" \/>\n<meta property=\"article:modified_time\" content=\"2025-07-02T18:30:59+00:00\" \/>\n<meta name=\"twitter:card\" content=\"summary_large_image\" \/>\n<meta name=\"twitter:label1\" content=\"Gesch\u00e4tzte Lesezeit\" \/>\n\t<meta name=\"twitter:data1\" content=\"1 Minute\" \/>\n<script type=\"application\/ld+json\" class=\"yoast-schema-graph\">{\"@context\":\"https:\/\/schema.org\",\"@graph\":[{\"@type\":\"WebPage\",\"@id\":\"https:\/\/blvk.ch\/de\/versicherte\/besser-vorsorgen\/einkauf-in-die-pk\/\",\"url\":\"https:\/\/blvk.ch\/de\/versicherte\/besser-vorsorgen\/einkauf-in-die-pk\/\",\"name\":\"Einkauf in die PK - BLVK\",\"isPartOf\":{\"@id\":\"https:\/\/blvk.ch\/de\/#website\"},\"datePublished\":\"2022-09-05T21:37:11+00:00\",\"dateModified\":\"2025-07-02T18:30:59+00:00\",\"breadcrumb\":{\"@id\":\"https:\/\/blvk.ch\/de\/versicherte\/besser-vorsorgen\/einkauf-in-die-pk\/#breadcrumb\"},\"inLanguage\":\"de-DE\",\"potentialAction\":[{\"@type\":\"ReadAction\",\"target\":[\"https:\/\/blvk.ch\/de\/versicherte\/besser-vorsorgen\/einkauf-in-die-pk\/\"]}]},{\"@type\":\"BreadcrumbList\",\"@id\":\"https:\/\/blvk.ch\/de\/versicherte\/besser-vorsorgen\/einkauf-in-die-pk\/#breadcrumb\",\"itemListElement\":[{\"@type\":\"ListItem\",\"position\":1,\"name\":\"Startseite\",\"item\":\"https:\/\/blvk.ch\/de\/\"},{\"@type\":\"ListItem\",\"position\":2,\"name\":\"Versicherte\",\"item\":\"https:\/\/blvk.ch\/de\/versicherte\/\"},{\"@type\":\"ListItem\",\"position\":3,\"name\":\"Besser vorsorgen\",\"item\":\"https:\/\/blvk.ch\/de\/versicherte\/besser-vorsorgen\/\"},{\"@type\":\"ListItem\",\"position\":4,\"name\":\"Einkauf in die PK\"}]},{\"@type\":\"WebSite\",\"@id\":\"https:\/\/blvk.ch\/de\/#website\",\"url\":\"https:\/\/blvk.ch\/de\/\",\"name\":\"BLVK\",\"description\":\"Bernische Lehrerversicherungskasse\",\"publisher\":{\"@id\":\"https:\/\/blvk.ch\/de\/#organization\"},\"potentialAction\":[{\"@type\":\"SearchAction\",\"target\":{\"@type\":\"EntryPoint\",\"urlTemplate\":\"https:\/\/blvk.ch\/de\/?s={search_term_string}\"},\"query-input\":{\"@type\":\"PropertyValueSpecification\",\"valueRequired\":true,\"valueName\":\"search_term_string\"}}],\"inLanguage\":\"de-DE\"},{\"@type\":\"Organization\",\"@id\":\"https:\/\/blvk.ch\/de\/#organization\",\"name\":\"BLVK\",\"url\":\"https:\/\/blvk.ch\/de\/\",\"logo\":{\"@type\":\"ImageObject\",\"inLanguage\":\"de-DE\",\"@id\":\"https:\/\/blvk.ch\/de\/#\/schema\/logo\/image\/\",\"url\":\"https:\/\/blvk.ch\/wp-content\/uploads\/2022\/07\/Logo.png\",\"contentUrl\":\"https:\/\/blvk.ch\/wp-content\/uploads\/2022\/07\/Logo.png\",\"width\":152,\"height\":66,\"caption\":\"BLVK\"},\"image\":{\"@id\":\"https:\/\/blvk.ch\/de\/#\/schema\/logo\/image\/\"}}]}<\/script>\n<!-- \/ Yoast SEO plugin. -->","yoast_head_json":{"title":"Einkauf in die PK - BLVK","robots":{"index":"index","follow":"follow","max-snippet":"max-snippet:-1","max-image-preview":"max-image-preview:large","max-video-preview":"max-video-preview:-1"},"canonical":"https:\/\/blvk.ch\/de\/versicherte\/besser-vorsorgen\/einkauf-in-die-pk\/","og_locale":"de_DE","og_type":"article","og_title":"Einkauf in die PK - BLVK","og_description":"Unter gewissen Umst\u00e4nden haben Sie die M\u00f6glichkeit, freiwillige Einzahlungen in die Pensionskasse vorzunehmen, die steuerlich abzugsberechtigt sind und Ihre zuk\u00fcnftigen Leistungen erh\u00f6hen. Voraussetzung daf\u00fcr ist, dass das in der Pensionskasse angesparte Guthaben nicht ausreicht, um die Ihrem aktuellen Lohn entsprechende maximal m\u00f6gliche Rente zu erreichen. Die detaillierten Bestimmungen sind in Art. 11 des Vorsorgereglements geregelt.","og_url":"https:\/\/blvk.ch\/de\/versicherte\/besser-vorsorgen\/einkauf-in-die-pk\/","og_site_name":"BLVK","article_modified_time":"2025-07-02T18:30:59+00:00","twitter_card":"summary_large_image","twitter_misc":{"Gesch\u00e4tzte Lesezeit":"1 Minute"},"schema":{"@context":"https:\/\/schema.org","@graph":[{"@type":"WebPage","@id":"https:\/\/blvk.ch\/de\/versicherte\/besser-vorsorgen\/einkauf-in-die-pk\/","url":"https:\/\/blvk.ch\/de\/versicherte\/besser-vorsorgen\/einkauf-in-die-pk\/","name":"Einkauf in die PK - BLVK","isPartOf":{"@id":"https:\/\/blvk.ch\/de\/#website"},"datePublished":"2022-09-05T21:37:11+00:00","dateModified":"2025-07-02T18:30:59+00:00","breadcrumb":{"@id":"https:\/\/blvk.ch\/de\/versicherte\/besser-vorsorgen\/einkauf-in-die-pk\/#breadcrumb"},"inLanguage":"de-DE","potentialAction":[{"@type":"ReadAction","target":["https:\/\/blvk.ch\/de\/versicherte\/besser-vorsorgen\/einkauf-in-die-pk\/"]}]},{"@type":"BreadcrumbList","@id":"https:\/\/blvk.ch\/de\/versicherte\/besser-vorsorgen\/einkauf-in-die-pk\/#breadcrumb","itemListElement":[{"@type":"ListItem","position":1,"name":"Startseite","item":"https:\/\/blvk.ch\/de\/"},{"@type":"ListItem","position":2,"name":"Versicherte","item":"https:\/\/blvk.ch\/de\/versicherte\/"},{"@type":"ListItem","position":3,"name":"Besser vorsorgen","item":"https:\/\/blvk.ch\/de\/versicherte\/besser-vorsorgen\/"},{"@type":"ListItem","position":4,"name":"Einkauf in die PK"}]},{"@type":"WebSite","@id":"https:\/\/blvk.ch\/de\/#website","url":"https:\/\/blvk.ch\/de\/","name":"BLVK","description":"Bernische Lehrerversicherungskasse","publisher":{"@id":"https:\/\/blvk.ch\/de\/#organization"},"potentialAction":[{"@type":"SearchAction","target":{"@type":"EntryPoint","urlTemplate":"https:\/\/blvk.ch\/de\/?s={search_term_string}"},"query-input":{"@type":"PropertyValueSpecification","valueRequired":true,"valueName":"search_term_string"}}],"inLanguage":"de-DE"},{"@type":"Organization","@id":"https:\/\/blvk.ch\/de\/#organization","name":"BLVK","url":"https:\/\/blvk.ch\/de\/","logo":{"@type":"ImageObject","inLanguage":"de-DE","@id":"https:\/\/blvk.ch\/de\/#\/schema\/logo\/image\/","url":"https:\/\/blvk.ch\/wp-content\/uploads\/2022\/07\/Logo.png","contentUrl":"https:\/\/blvk.ch\/wp-content\/uploads\/2022\/07\/Logo.png","width":152,"height":66,"caption":"BLVK"},"image":{"@id":"https:\/\/blvk.ch\/de\/#\/schema\/logo\/image\/"}}]}},"_links":{"self":[{"href":"https:\/\/blvk.ch\/de\/wp-json\/wp\/v2\/pages\/436","targetHints":{"allow":["GET"]}}],"collection":[{"href":"https:\/\/blvk.ch\/de\/wp-json\/wp\/v2\/pages"}],"about":[{"href":"https:\/\/blvk.ch\/de\/wp-json\/wp\/v2\/types\/page"}],"author":[{"embeddable":true,"href":"https:\/\/blvk.ch\/de\/wp-json\/wp\/v2\/users\/1"}],"replies":[{"embeddable":true,"href":"https:\/\/blvk.ch\/de\/wp-json\/wp\/v2\/comments?post=436"}],"version-history":[{"count":25,"href":"https:\/\/blvk.ch\/de\/wp-json\/wp\/v2\/pages\/436\/revisions"}],"predecessor-version":[{"id":9975,"href":"https:\/\/blvk.ch\/de\/wp-json\/wp\/v2\/pages\/436\/revisions\/9975"}],"up":[{"embeddable":true,"href":"https:\/\/blvk.ch\/de\/wp-json\/wp\/v2\/pages\/78"}],"wp:attachment":[{"href":"https:\/\/blvk.ch\/de\/wp-json\/wp\/v2\/media?parent=436"}],"curies":[{"name":"wp","href":"https:\/\/api.w.org\/{rel}","templated":true}]}}