{"id":438,"date":"2022-09-05T21:37:37","date_gmt":"2022-09-05T21:37:37","guid":{"rendered":"https:\/\/blvk.dev.mxm.agency\/?page_id=438"},"modified":"2025-05-06T10:28:15","modified_gmt":"2025-05-06T08:28:15","slug":"vorsorge-luecken-vermeiden","status":"publish","type":"page","link":"https:\/\/blvk.ch\/de\/versicherte\/besser-vorsorgen\/vorsorge-luecken-vermeiden\/","title":{"rendered":"Vorsorgel\u00fccken vermeiden"},"content":{"rendered":"<p>Die erste und die zweite S\u00e4ule sollen nach der Pensionierung rund 60 Prozent des letzten Lohns decken. Bei vielen Berufst\u00e4tigen k\u00f6nnen aber\u00a0<strong>Vorsorgel\u00fccken<\/strong>\u00a0entstehen. Dazu f\u00fchren beispielsweise Unterbr\u00fcche der Berufst\u00e4tigkeit durch Reisen oder selbstst\u00e4ndige T\u00e4tigkeiten ohne Vorsorgel\u00f6sung. Auch eine Scheidung kann im Alter zu einem niedrigeren Einkommen f\u00fchren. Denn alle Beitr\u00e4ge, die Sie w\u00e4hrend der Ehe oder der eingetragenen Partnerschaft einzahlen, werden bei der Auszahlung durch zwei geteilt.<\/p>\n","protected":false},"excerpt":{"rendered":"<p>Die erste und die zweite S\u00e4ule sollen nach der Pensionierung rund 60 Prozent des letzten Lohns decken. Bei vielen Berufst\u00e4tigen k\u00f6nnen aber\u00a0Vorsorgel\u00fccken\u00a0entstehen. Dazu f\u00fchren beispielsweise Unterbr\u00fcche der Berufst\u00e4tigkeit durch Reisen oder selbstst\u00e4ndige T\u00e4tigkeiten ohne Vorsorgel\u00f6sung. Auch eine Scheidung kann im Alter zu einem niedrigeren Einkommen f\u00fchren. Denn alle Beitr\u00e4ge, die Sie w\u00e4hrend der Ehe oder [&hellip;]<\/p>\n","protected":false},"author":1,"featured_media":0,"parent":78,"menu_order":0,"comment_status":"closed","ping_status":"closed","template":"page-templates\/grundsatze-columns.php","meta":{"_acf_changed":false,"inline_featured_image":false,"footnotes":""},"class_list":["post-438","page","type-page","status-publish","hentry"],"acf":[],"yoast_head":"<!-- This site is optimized with the Yoast SEO plugin v25.4 - https:\/\/yoast.com\/wordpress\/plugins\/seo\/ -->\n<title>Vorsorgel\u00fccken vermeiden - BLVK<\/title>\n<meta name=\"robots\" content=\"index, follow, max-snippet:-1, max-image-preview:large, max-video-preview:-1\" \/>\n<link rel=\"canonical\" href=\"https:\/\/blvk.ch\/de\/versicherte\/besser-vorsorgen\/vorsorge-luecken-vermeiden\/\" \/>\n<meta property=\"og:locale\" content=\"de_DE\" \/>\n<meta property=\"og:type\" content=\"article\" \/>\n<meta property=\"og:title\" content=\"Vorsorgel\u00fccken vermeiden - BLVK\" \/>\n<meta property=\"og:description\" content=\"Die erste und die zweite S\u00e4ule sollen nach der Pensionierung rund 60 Prozent des letzten Lohns decken. Bei vielen Berufst\u00e4tigen k\u00f6nnen aber\u00a0Vorsorgel\u00fccken\u00a0entstehen. Dazu f\u00fchren beispielsweise Unterbr\u00fcche der Berufst\u00e4tigkeit durch Reisen oder selbstst\u00e4ndige T\u00e4tigkeiten ohne Vorsorgel\u00f6sung. Auch eine Scheidung kann im Alter zu einem niedrigeren Einkommen f\u00fchren. Denn alle Beitr\u00e4ge, die Sie w\u00e4hrend der Ehe oder [&hellip;]\" \/>\n<meta property=\"og:url\" content=\"https:\/\/blvk.ch\/de\/versicherte\/besser-vorsorgen\/vorsorge-luecken-vermeiden\/\" \/>\n<meta property=\"og:site_name\" content=\"BLVK\" \/>\n<meta property=\"article:modified_time\" content=\"2025-05-06T08:28:15+00:00\" \/>\n<meta name=\"twitter:card\" content=\"summary_large_image\" \/>\n<meta name=\"twitter:label1\" content=\"Gesch\u00e4tzte Lesezeit\" \/>\n\t<meta name=\"twitter:data1\" content=\"1 Minute\" \/>\n<script type=\"application\/ld+json\" class=\"yoast-schema-graph\">{\"@context\":\"https:\/\/schema.org\",\"@graph\":[{\"@type\":\"WebPage\",\"@id\":\"https:\/\/blvk.ch\/de\/versicherte\/besser-vorsorgen\/vorsorge-luecken-vermeiden\/\",\"url\":\"https:\/\/blvk.ch\/de\/versicherte\/besser-vorsorgen\/vorsorge-luecken-vermeiden\/\",\"name\":\"Vorsorgel\u00fccken vermeiden - BLVK\",\"isPartOf\":{\"@id\":\"https:\/\/blvk.ch\/de\/#website\"},\"datePublished\":\"2022-09-05T21:37:37+00:00\",\"dateModified\":\"2025-05-06T08:28:15+00:00\",\"breadcrumb\":{\"@id\":\"https:\/\/blvk.ch\/de\/versicherte\/besser-vorsorgen\/vorsorge-luecken-vermeiden\/#breadcrumb\"},\"inLanguage\":\"de-DE\",\"potentialAction\":[{\"@type\":\"ReadAction\",\"target\":[\"https:\/\/blvk.ch\/de\/versicherte\/besser-vorsorgen\/vorsorge-luecken-vermeiden\/\"]}]},{\"@type\":\"BreadcrumbList\",\"@id\":\"https:\/\/blvk.ch\/de\/versicherte\/besser-vorsorgen\/vorsorge-luecken-vermeiden\/#breadcrumb\",\"itemListElement\":[{\"@type\":\"ListItem\",\"position\":1,\"name\":\"Startseite\",\"item\":\"https:\/\/blvk.ch\/de\/\"},{\"@type\":\"ListItem\",\"position\":2,\"name\":\"Versicherte\",\"item\":\"https:\/\/blvk.ch\/de\/versicherte\/\"},{\"@type\":\"ListItem\",\"position\":3,\"name\":\"Besser vorsorgen\",\"item\":\"https:\/\/blvk.ch\/de\/versicherte\/besser-vorsorgen\/\"},{\"@type\":\"ListItem\",\"position\":4,\"name\":\"Vorsorgel\u00fccken vermeiden\"}]},{\"@type\":\"WebSite\",\"@id\":\"https:\/\/blvk.ch\/de\/#website\",\"url\":\"https:\/\/blvk.ch\/de\/\",\"name\":\"BLVK\",\"description\":\"Bernische Lehrerversicherungskasse\",\"publisher\":{\"@id\":\"https:\/\/blvk.ch\/de\/#organization\"},\"potentialAction\":[{\"@type\":\"SearchAction\",\"target\":{\"@type\":\"EntryPoint\",\"urlTemplate\":\"https:\/\/blvk.ch\/de\/?s={search_term_string}\"},\"query-input\":{\"@type\":\"PropertyValueSpecification\",\"valueRequired\":true,\"valueName\":\"search_term_string\"}}],\"inLanguage\":\"de-DE\"},{\"@type\":\"Organization\",\"@id\":\"https:\/\/blvk.ch\/de\/#organization\",\"name\":\"BLVK\",\"url\":\"https:\/\/blvk.ch\/de\/\",\"logo\":{\"@type\":\"ImageObject\",\"inLanguage\":\"de-DE\",\"@id\":\"https:\/\/blvk.ch\/de\/#\/schema\/logo\/image\/\",\"url\":\"https:\/\/blvk.ch\/wp-content\/uploads\/2022\/07\/Logo.png\",\"contentUrl\":\"https:\/\/blvk.ch\/wp-content\/uploads\/2022\/07\/Logo.png\",\"width\":152,\"height\":66,\"caption\":\"BLVK\"},\"image\":{\"@id\":\"https:\/\/blvk.ch\/de\/#\/schema\/logo\/image\/\"}}]}<\/script>\n<!-- \/ Yoast SEO plugin. -->","yoast_head_json":{"title":"Vorsorgel\u00fccken vermeiden - BLVK","robots":{"index":"index","follow":"follow","max-snippet":"max-snippet:-1","max-image-preview":"max-image-preview:large","max-video-preview":"max-video-preview:-1"},"canonical":"https:\/\/blvk.ch\/de\/versicherte\/besser-vorsorgen\/vorsorge-luecken-vermeiden\/","og_locale":"de_DE","og_type":"article","og_title":"Vorsorgel\u00fccken vermeiden - BLVK","og_description":"Die erste und die zweite S\u00e4ule sollen nach der Pensionierung rund 60 Prozent des letzten Lohns decken. Bei vielen Berufst\u00e4tigen k\u00f6nnen aber\u00a0Vorsorgel\u00fccken\u00a0entstehen. Dazu f\u00fchren beispielsweise Unterbr\u00fcche der Berufst\u00e4tigkeit durch Reisen oder selbstst\u00e4ndige T\u00e4tigkeiten ohne Vorsorgel\u00f6sung. Auch eine Scheidung kann im Alter zu einem niedrigeren Einkommen f\u00fchren. Denn alle Beitr\u00e4ge, die Sie w\u00e4hrend der Ehe oder [&hellip;]","og_url":"https:\/\/blvk.ch\/de\/versicherte\/besser-vorsorgen\/vorsorge-luecken-vermeiden\/","og_site_name":"BLVK","article_modified_time":"2025-05-06T08:28:15+00:00","twitter_card":"summary_large_image","twitter_misc":{"Gesch\u00e4tzte Lesezeit":"1 Minute"},"schema":{"@context":"https:\/\/schema.org","@graph":[{"@type":"WebPage","@id":"https:\/\/blvk.ch\/de\/versicherte\/besser-vorsorgen\/vorsorge-luecken-vermeiden\/","url":"https:\/\/blvk.ch\/de\/versicherte\/besser-vorsorgen\/vorsorge-luecken-vermeiden\/","name":"Vorsorgel\u00fccken vermeiden - BLVK","isPartOf":{"@id":"https:\/\/blvk.ch\/de\/#website"},"datePublished":"2022-09-05T21:37:37+00:00","dateModified":"2025-05-06T08:28:15+00:00","breadcrumb":{"@id":"https:\/\/blvk.ch\/de\/versicherte\/besser-vorsorgen\/vorsorge-luecken-vermeiden\/#breadcrumb"},"inLanguage":"de-DE","potentialAction":[{"@type":"ReadAction","target":["https:\/\/blvk.ch\/de\/versicherte\/besser-vorsorgen\/vorsorge-luecken-vermeiden\/"]}]},{"@type":"BreadcrumbList","@id":"https:\/\/blvk.ch\/de\/versicherte\/besser-vorsorgen\/vorsorge-luecken-vermeiden\/#breadcrumb","itemListElement":[{"@type":"ListItem","position":1,"name":"Startseite","item":"https:\/\/blvk.ch\/de\/"},{"@type":"ListItem","position":2,"name":"Versicherte","item":"https:\/\/blvk.ch\/de\/versicherte\/"},{"@type":"ListItem","position":3,"name":"Besser vorsorgen","item":"https:\/\/blvk.ch\/de\/versicherte\/besser-vorsorgen\/"},{"@type":"ListItem","position":4,"name":"Vorsorgel\u00fccken vermeiden"}]},{"@type":"WebSite","@id":"https:\/\/blvk.ch\/de\/#website","url":"https:\/\/blvk.ch\/de\/","name":"BLVK","description":"Bernische Lehrerversicherungskasse","publisher":{"@id":"https:\/\/blvk.ch\/de\/#organization"},"potentialAction":[{"@type":"SearchAction","target":{"@type":"EntryPoint","urlTemplate":"https:\/\/blvk.ch\/de\/?s={search_term_string}"},"query-input":{"@type":"PropertyValueSpecification","valueRequired":true,"valueName":"search_term_string"}}],"inLanguage":"de-DE"},{"@type":"Organization","@id":"https:\/\/blvk.ch\/de\/#organization","name":"BLVK","url":"https:\/\/blvk.ch\/de\/","logo":{"@type":"ImageObject","inLanguage":"de-DE","@id":"https:\/\/blvk.ch\/de\/#\/schema\/logo\/image\/","url":"https:\/\/blvk.ch\/wp-content\/uploads\/2022\/07\/Logo.png","contentUrl":"https:\/\/blvk.ch\/wp-content\/uploads\/2022\/07\/Logo.png","width":152,"height":66,"caption":"BLVK"},"image":{"@id":"https:\/\/blvk.ch\/de\/#\/schema\/logo\/image\/"}}]}},"_links":{"self":[{"href":"https:\/\/blvk.ch\/de\/wp-json\/wp\/v2\/pages\/438","targetHints":{"allow":["GET"]}}],"collection":[{"href":"https:\/\/blvk.ch\/de\/wp-json\/wp\/v2\/pages"}],"about":[{"href":"https:\/\/blvk.ch\/de\/wp-json\/wp\/v2\/types\/page"}],"author":[{"embeddable":true,"href":"https:\/\/blvk.ch\/de\/wp-json\/wp\/v2\/users\/1"}],"replies":[{"embeddable":true,"href":"https:\/\/blvk.ch\/de\/wp-json\/wp\/v2\/comments?post=438"}],"version-history":[{"count":20,"href":"https:\/\/blvk.ch\/de\/wp-json\/wp\/v2\/pages\/438\/revisions"}],"predecessor-version":[{"id":9054,"href":"https:\/\/blvk.ch\/de\/wp-json\/wp\/v2\/pages\/438\/revisions\/9054"}],"up":[{"embeddable":true,"href":"https:\/\/blvk.ch\/de\/wp-json\/wp\/v2\/pages\/78"}],"wp:attachment":[{"href":"https:\/\/blvk.ch\/de\/wp-json\/wp\/v2\/media?parent=438"}],"curies":[{"name":"wp","href":"https:\/\/api.w.org\/{rel}","templated":true}]}}