{"id":440,"date":"2022-09-05T21:38:04","date_gmt":"2022-09-05T21:38:04","guid":{"rendered":"https:\/\/blvk.dev.mxm.agency\/?page_id=440"},"modified":"2026-03-12T16:41:54","modified_gmt":"2026-03-12T15:41:54","slug":"auswahl-sparplan","status":"publish","type":"page","link":"https:\/\/blvk.ch\/de\/versicherte\/besser-vorsorgen\/auswahl-sparplan\/","title":{"rendered":"Auswahl Sparplan"},"content":{"rendered":"<p>Die BLVK kennt die Sparpl\u00e4ne \u00abStandard\u00bb, \u00abMinus\u00bb und \u00abPlus\u00bb. Je nach gew\u00e4hltem Sparplan sind die vom Lohn abgezogenen Sparbeitr\u00e4ge h\u00f6her oder tiefer. Dies wirkt sich einerseits auf das steuerbare Einkommen aus, andererseits auch auf die zuk\u00fcnftigen Rentenleistungen. Mit dem Wechsel zum Sparplan \u00abPlus\u00bb sparen Sie also Steuern und erh\u00f6hen Ihre zuk\u00fcnftige Rente.<\/p>\n","protected":false},"excerpt":{"rendered":"<p>Die BLVK kennt die Sparpl\u00e4ne \u00abStandard\u00bb, \u00abMinus\u00bb und \u00abPlus\u00bb. Je nach gew\u00e4hltem Sparplan sind die vom Lohn abgezogenen Sparbeitr\u00e4ge h\u00f6her oder tiefer. Dies wirkt sich einerseits auf das steuerbare Einkommen aus, andererseits auch auf die zuk\u00fcnftigen Rentenleistungen. Mit dem Wechsel zum Sparplan \u00abPlus\u00bb sparen Sie also Steuern und erh\u00f6hen Ihre zuk\u00fcnftige Rente.<\/p>\n","protected":false},"author":1,"featured_media":0,"parent":78,"menu_order":0,"comment_status":"closed","ping_status":"closed","template":"page-templates\/grundsatze-small.php","meta":{"_acf_changed":false,"inline_featured_image":false,"footnotes":""},"class_list":["post-440","page","type-page","status-publish","hentry"],"acf":[],"yoast_head":"<!-- This site is optimized with the Yoast SEO plugin v25.4 - https:\/\/yoast.com\/wordpress\/plugins\/seo\/ -->\n<title>Auswahl Sparplan - BLVK<\/title>\n<meta name=\"robots\" content=\"index, follow, max-snippet:-1, max-image-preview:large, max-video-preview:-1\" \/>\n<link rel=\"canonical\" href=\"https:\/\/blvk.ch\/de\/versicherte\/besser-vorsorgen\/auswahl-sparplan\/\" \/>\n<meta property=\"og:locale\" content=\"de_DE\" \/>\n<meta property=\"og:type\" content=\"article\" \/>\n<meta property=\"og:title\" content=\"Auswahl Sparplan - BLVK\" \/>\n<meta property=\"og:description\" content=\"Die BLVK kennt die Sparpl\u00e4ne \u00abStandard\u00bb, \u00abMinus\u00bb und \u00abPlus\u00bb. Je nach gew\u00e4hltem Sparplan sind die vom Lohn abgezogenen Sparbeitr\u00e4ge h\u00f6her oder tiefer. Dies wirkt sich einerseits auf das steuerbare Einkommen aus, andererseits auch auf die zuk\u00fcnftigen Rentenleistungen. Mit dem Wechsel zum Sparplan \u00abPlus\u00bb sparen Sie also Steuern und erh\u00f6hen Ihre zuk\u00fcnftige Rente.\" \/>\n<meta property=\"og:url\" content=\"https:\/\/blvk.ch\/de\/versicherte\/besser-vorsorgen\/auswahl-sparplan\/\" \/>\n<meta property=\"og:site_name\" content=\"BLVK\" \/>\n<meta property=\"article:modified_time\" content=\"2026-03-12T15:41:54+00:00\" \/>\n<meta name=\"twitter:card\" content=\"summary_large_image\" \/>\n<meta name=\"twitter:label1\" content=\"Gesch\u00e4tzte Lesezeit\" \/>\n\t<meta name=\"twitter:data1\" content=\"1 Minute\" \/>\n<script type=\"application\/ld+json\" class=\"yoast-schema-graph\">{\"@context\":\"https:\/\/schema.org\",\"@graph\":[{\"@type\":\"WebPage\",\"@id\":\"https:\/\/blvk.ch\/de\/versicherte\/besser-vorsorgen\/auswahl-sparplan\/\",\"url\":\"https:\/\/blvk.ch\/de\/versicherte\/besser-vorsorgen\/auswahl-sparplan\/\",\"name\":\"Auswahl Sparplan - BLVK\",\"isPartOf\":{\"@id\":\"https:\/\/blvk.ch\/de\/#website\"},\"datePublished\":\"2022-09-05T21:38:04+00:00\",\"dateModified\":\"2026-03-12T15:41:54+00:00\",\"breadcrumb\":{\"@id\":\"https:\/\/blvk.ch\/de\/versicherte\/besser-vorsorgen\/auswahl-sparplan\/#breadcrumb\"},\"inLanguage\":\"de-DE\",\"potentialAction\":[{\"@type\":\"ReadAction\",\"target\":[\"https:\/\/blvk.ch\/de\/versicherte\/besser-vorsorgen\/auswahl-sparplan\/\"]}]},{\"@type\":\"BreadcrumbList\",\"@id\":\"https:\/\/blvk.ch\/de\/versicherte\/besser-vorsorgen\/auswahl-sparplan\/#breadcrumb\",\"itemListElement\":[{\"@type\":\"ListItem\",\"position\":1,\"name\":\"Startseite\",\"item\":\"https:\/\/blvk.ch\/de\/\"},{\"@type\":\"ListItem\",\"position\":2,\"name\":\"Versicherte\",\"item\":\"https:\/\/blvk.ch\/de\/versicherte\/\"},{\"@type\":\"ListItem\",\"position\":3,\"name\":\"Besser vorsorgen\",\"item\":\"https:\/\/blvk.ch\/de\/versicherte\/besser-vorsorgen\/\"},{\"@type\":\"ListItem\",\"position\":4,\"name\":\"Auswahl Sparplan\"}]},{\"@type\":\"WebSite\",\"@id\":\"https:\/\/blvk.ch\/de\/#website\",\"url\":\"https:\/\/blvk.ch\/de\/\",\"name\":\"BLVK\",\"description\":\"Bernische Lehrerversicherungskasse\",\"publisher\":{\"@id\":\"https:\/\/blvk.ch\/de\/#organization\"},\"potentialAction\":[{\"@type\":\"SearchAction\",\"target\":{\"@type\":\"EntryPoint\",\"urlTemplate\":\"https:\/\/blvk.ch\/de\/?s={search_term_string}\"},\"query-input\":{\"@type\":\"PropertyValueSpecification\",\"valueRequired\":true,\"valueName\":\"search_term_string\"}}],\"inLanguage\":\"de-DE\"},{\"@type\":\"Organization\",\"@id\":\"https:\/\/blvk.ch\/de\/#organization\",\"name\":\"BLVK\",\"url\":\"https:\/\/blvk.ch\/de\/\",\"logo\":{\"@type\":\"ImageObject\",\"inLanguage\":\"de-DE\",\"@id\":\"https:\/\/blvk.ch\/de\/#\/schema\/logo\/image\/\",\"url\":\"https:\/\/blvk.ch\/wp-content\/uploads\/2022\/07\/Logo.png\",\"contentUrl\":\"https:\/\/blvk.ch\/wp-content\/uploads\/2022\/07\/Logo.png\",\"width\":152,\"height\":66,\"caption\":\"BLVK\"},\"image\":{\"@id\":\"https:\/\/blvk.ch\/de\/#\/schema\/logo\/image\/\"}}]}<\/script>\n<!-- \/ Yoast SEO plugin. -->","yoast_head_json":{"title":"Auswahl Sparplan - BLVK","robots":{"index":"index","follow":"follow","max-snippet":"max-snippet:-1","max-image-preview":"max-image-preview:large","max-video-preview":"max-video-preview:-1"},"canonical":"https:\/\/blvk.ch\/de\/versicherte\/besser-vorsorgen\/auswahl-sparplan\/","og_locale":"de_DE","og_type":"article","og_title":"Auswahl Sparplan - BLVK","og_description":"Die BLVK kennt die Sparpl\u00e4ne \u00abStandard\u00bb, \u00abMinus\u00bb und \u00abPlus\u00bb. Je nach gew\u00e4hltem Sparplan sind die vom Lohn abgezogenen Sparbeitr\u00e4ge h\u00f6her oder tiefer. Dies wirkt sich einerseits auf das steuerbare Einkommen aus, andererseits auch auf die zuk\u00fcnftigen Rentenleistungen. Mit dem Wechsel zum Sparplan \u00abPlus\u00bb sparen Sie also Steuern und erh\u00f6hen Ihre zuk\u00fcnftige Rente.","og_url":"https:\/\/blvk.ch\/de\/versicherte\/besser-vorsorgen\/auswahl-sparplan\/","og_site_name":"BLVK","article_modified_time":"2026-03-12T15:41:54+00:00","twitter_card":"summary_large_image","twitter_misc":{"Gesch\u00e4tzte Lesezeit":"1 Minute"},"schema":{"@context":"https:\/\/schema.org","@graph":[{"@type":"WebPage","@id":"https:\/\/blvk.ch\/de\/versicherte\/besser-vorsorgen\/auswahl-sparplan\/","url":"https:\/\/blvk.ch\/de\/versicherte\/besser-vorsorgen\/auswahl-sparplan\/","name":"Auswahl Sparplan - BLVK","isPartOf":{"@id":"https:\/\/blvk.ch\/de\/#website"},"datePublished":"2022-09-05T21:38:04+00:00","dateModified":"2026-03-12T15:41:54+00:00","breadcrumb":{"@id":"https:\/\/blvk.ch\/de\/versicherte\/besser-vorsorgen\/auswahl-sparplan\/#breadcrumb"},"inLanguage":"de-DE","potentialAction":[{"@type":"ReadAction","target":["https:\/\/blvk.ch\/de\/versicherte\/besser-vorsorgen\/auswahl-sparplan\/"]}]},{"@type":"BreadcrumbList","@id":"https:\/\/blvk.ch\/de\/versicherte\/besser-vorsorgen\/auswahl-sparplan\/#breadcrumb","itemListElement":[{"@type":"ListItem","position":1,"name":"Startseite","item":"https:\/\/blvk.ch\/de\/"},{"@type":"ListItem","position":2,"name":"Versicherte","item":"https:\/\/blvk.ch\/de\/versicherte\/"},{"@type":"ListItem","position":3,"name":"Besser vorsorgen","item":"https:\/\/blvk.ch\/de\/versicherte\/besser-vorsorgen\/"},{"@type":"ListItem","position":4,"name":"Auswahl Sparplan"}]},{"@type":"WebSite","@id":"https:\/\/blvk.ch\/de\/#website","url":"https:\/\/blvk.ch\/de\/","name":"BLVK","description":"Bernische Lehrerversicherungskasse","publisher":{"@id":"https:\/\/blvk.ch\/de\/#organization"},"potentialAction":[{"@type":"SearchAction","target":{"@type":"EntryPoint","urlTemplate":"https:\/\/blvk.ch\/de\/?s={search_term_string}"},"query-input":{"@type":"PropertyValueSpecification","valueRequired":true,"valueName":"search_term_string"}}],"inLanguage":"de-DE"},{"@type":"Organization","@id":"https:\/\/blvk.ch\/de\/#organization","name":"BLVK","url":"https:\/\/blvk.ch\/de\/","logo":{"@type":"ImageObject","inLanguage":"de-DE","@id":"https:\/\/blvk.ch\/de\/#\/schema\/logo\/image\/","url":"https:\/\/blvk.ch\/wp-content\/uploads\/2022\/07\/Logo.png","contentUrl":"https:\/\/blvk.ch\/wp-content\/uploads\/2022\/07\/Logo.png","width":152,"height":66,"caption":"BLVK"},"image":{"@id":"https:\/\/blvk.ch\/de\/#\/schema\/logo\/image\/"}}]}},"_links":{"self":[{"href":"https:\/\/blvk.ch\/de\/wp-json\/wp\/v2\/pages\/440","targetHints":{"allow":["GET"]}}],"collection":[{"href":"https:\/\/blvk.ch\/de\/wp-json\/wp\/v2\/pages"}],"about":[{"href":"https:\/\/blvk.ch\/de\/wp-json\/wp\/v2\/types\/page"}],"author":[{"embeddable":true,"href":"https:\/\/blvk.ch\/de\/wp-json\/wp\/v2\/users\/1"}],"replies":[{"embeddable":true,"href":"https:\/\/blvk.ch\/de\/wp-json\/wp\/v2\/comments?post=440"}],"version-history":[{"count":29,"href":"https:\/\/blvk.ch\/de\/wp-json\/wp\/v2\/pages\/440\/revisions"}],"predecessor-version":[{"id":10879,"href":"https:\/\/blvk.ch\/de\/wp-json\/wp\/v2\/pages\/440\/revisions\/10879"}],"up":[{"embeddable":true,"href":"https:\/\/blvk.ch\/de\/wp-json\/wp\/v2\/pages\/78"}],"wp:attachment":[{"href":"https:\/\/blvk.ch\/de\/wp-json\/wp\/v2\/media?parent=440"}],"curies":[{"name":"wp","href":"https:\/\/api.w.org\/{rel}","templated":true}]}}