{"id":444,"date":"2022-09-05T21:39:01","date_gmt":"2022-09-05T21:39:01","guid":{"rendered":"https:\/\/blvk.dev.mxm.agency\/?page_id=444"},"modified":"2025-07-02T20:28:36","modified_gmt":"2025-07-02T18:28:36","slug":"beitraege-und-vorsorgeplaene","status":"publish","type":"page","link":"https:\/\/blvk.ch\/de\/versicherte\/besser-vorsorgen\/beitraege-und-vorsorgeplaene\/","title":{"rendered":"Beitr\u00e4ge und Vorsorgepl\u00e4ne"},"content":{"rendered":"<p>Die BLVK versichert Sie im Rahmen des Gesetzes gegen die wirtschaftlichen Folgen von Alter, Invalidit\u00e4t und Tod. Die Leistungen der BLVK aus der 2. S\u00e4ule (Pensionskasse) sollen zusammen mit den Leistungen aus der 1. S\u00e4ule (AHV\/IV) die Fortsetzung der gewohnten Lebenshaltung in angemessener Weise erm\u00f6glichen. Die dazu n\u00f6tigen Gelder werden in Form von monatlichen Beitr\u00e4gen durch die Arbeitgebenden und durch Sie selbst finanziert. Die entsprechenden Lohnabz\u00fcge entnehmen Sie Ihrer Gehaltsabrechnung sowie dem Vorsorgeausweis der BLVK.<\/p>\n","protected":false},"excerpt":{"rendered":"<p>Die BLVK versichert Sie im Rahmen des Gesetzes gegen die wirtschaftlichen Folgen von Alter, Invalidit\u00e4t und Tod. Die Leistungen der BLVK aus der 2. S\u00e4ule (Pensionskasse) sollen zusammen mit den Leistungen aus der 1. S\u00e4ule (AHV\/IV) die Fortsetzung der gewohnten Lebenshaltung in angemessener Weise erm\u00f6glichen. Die dazu n\u00f6tigen Gelder werden in Form von monatlichen Beitr\u00e4gen [&hellip;]<\/p>\n","protected":false},"author":1,"featured_media":0,"parent":78,"menu_order":0,"comment_status":"closed","ping_status":"closed","template":"page-templates\/grundsatze-small.php","meta":{"_acf_changed":false,"inline_featured_image":false,"footnotes":""},"class_list":["post-444","page","type-page","status-publish","hentry"],"acf":[],"yoast_head":"<!-- This site is optimized with the Yoast SEO plugin v25.4 - https:\/\/yoast.com\/wordpress\/plugins\/seo\/ -->\n<title>Beitr\u00e4ge und Vorsorgepl\u00e4ne - BLVK<\/title>\n<meta name=\"robots\" content=\"index, follow, max-snippet:-1, max-image-preview:large, max-video-preview:-1\" \/>\n<link rel=\"canonical\" href=\"https:\/\/blvk.ch\/de\/versicherte\/besser-vorsorgen\/beitraege-und-vorsorgeplaene\/\" \/>\n<meta property=\"og:locale\" content=\"de_DE\" \/>\n<meta property=\"og:type\" content=\"article\" \/>\n<meta property=\"og:title\" content=\"Beitr\u00e4ge und Vorsorgepl\u00e4ne - BLVK\" \/>\n<meta property=\"og:description\" content=\"Die BLVK versichert Sie im Rahmen des Gesetzes gegen die wirtschaftlichen Folgen von Alter, Invalidit\u00e4t und Tod. Die Leistungen der BLVK aus der 2. S\u00e4ule (Pensionskasse) sollen zusammen mit den Leistungen aus der 1. S\u00e4ule (AHV\/IV) die Fortsetzung der gewohnten Lebenshaltung in angemessener Weise erm\u00f6glichen. Die dazu n\u00f6tigen Gelder werden in Form von monatlichen Beitr\u00e4gen [&hellip;]\" \/>\n<meta property=\"og:url\" content=\"https:\/\/blvk.ch\/de\/versicherte\/besser-vorsorgen\/beitraege-und-vorsorgeplaene\/\" \/>\n<meta property=\"og:site_name\" content=\"BLVK\" \/>\n<meta property=\"article:modified_time\" content=\"2025-07-02T18:28:36+00:00\" \/>\n<meta name=\"twitter:card\" content=\"summary_large_image\" \/>\n<meta name=\"twitter:label1\" content=\"Gesch\u00e4tzte Lesezeit\" \/>\n\t<meta name=\"twitter:data1\" content=\"1 Minute\" \/>\n<script type=\"application\/ld+json\" class=\"yoast-schema-graph\">{\"@context\":\"https:\/\/schema.org\",\"@graph\":[{\"@type\":\"WebPage\",\"@id\":\"https:\/\/blvk.ch\/de\/versicherte\/besser-vorsorgen\/beitraege-und-vorsorgeplaene\/\",\"url\":\"https:\/\/blvk.ch\/de\/versicherte\/besser-vorsorgen\/beitraege-und-vorsorgeplaene\/\",\"name\":\"Beitr\u00e4ge und Vorsorgepl\u00e4ne - BLVK\",\"isPartOf\":{\"@id\":\"https:\/\/blvk.ch\/de\/#website\"},\"datePublished\":\"2022-09-05T21:39:01+00:00\",\"dateModified\":\"2025-07-02T18:28:36+00:00\",\"breadcrumb\":{\"@id\":\"https:\/\/blvk.ch\/de\/versicherte\/besser-vorsorgen\/beitraege-und-vorsorgeplaene\/#breadcrumb\"},\"inLanguage\":\"de-DE\",\"potentialAction\":[{\"@type\":\"ReadAction\",\"target\":[\"https:\/\/blvk.ch\/de\/versicherte\/besser-vorsorgen\/beitraege-und-vorsorgeplaene\/\"]}]},{\"@type\":\"BreadcrumbList\",\"@id\":\"https:\/\/blvk.ch\/de\/versicherte\/besser-vorsorgen\/beitraege-und-vorsorgeplaene\/#breadcrumb\",\"itemListElement\":[{\"@type\":\"ListItem\",\"position\":1,\"name\":\"Startseite\",\"item\":\"https:\/\/blvk.ch\/de\/\"},{\"@type\":\"ListItem\",\"position\":2,\"name\":\"Versicherte\",\"item\":\"https:\/\/blvk.ch\/de\/versicherte\/\"},{\"@type\":\"ListItem\",\"position\":3,\"name\":\"Besser vorsorgen\",\"item\":\"https:\/\/blvk.ch\/de\/versicherte\/besser-vorsorgen\/\"},{\"@type\":\"ListItem\",\"position\":4,\"name\":\"Beitr\u00e4ge und Vorsorgepl\u00e4ne\"}]},{\"@type\":\"WebSite\",\"@id\":\"https:\/\/blvk.ch\/de\/#website\",\"url\":\"https:\/\/blvk.ch\/de\/\",\"name\":\"BLVK\",\"description\":\"Bernische Lehrerversicherungskasse\",\"publisher\":{\"@id\":\"https:\/\/blvk.ch\/de\/#organization\"},\"potentialAction\":[{\"@type\":\"SearchAction\",\"target\":{\"@type\":\"EntryPoint\",\"urlTemplate\":\"https:\/\/blvk.ch\/de\/?s={search_term_string}\"},\"query-input\":{\"@type\":\"PropertyValueSpecification\",\"valueRequired\":true,\"valueName\":\"search_term_string\"}}],\"inLanguage\":\"de-DE\"},{\"@type\":\"Organization\",\"@id\":\"https:\/\/blvk.ch\/de\/#organization\",\"name\":\"BLVK\",\"url\":\"https:\/\/blvk.ch\/de\/\",\"logo\":{\"@type\":\"ImageObject\",\"inLanguage\":\"de-DE\",\"@id\":\"https:\/\/blvk.ch\/de\/#\/schema\/logo\/image\/\",\"url\":\"https:\/\/blvk.ch\/wp-content\/uploads\/2022\/07\/Logo.png\",\"contentUrl\":\"https:\/\/blvk.ch\/wp-content\/uploads\/2022\/07\/Logo.png\",\"width\":152,\"height\":66,\"caption\":\"BLVK\"},\"image\":{\"@id\":\"https:\/\/blvk.ch\/de\/#\/schema\/logo\/image\/\"}}]}<\/script>\n<!-- \/ Yoast SEO plugin. -->","yoast_head_json":{"title":"Beitr\u00e4ge und Vorsorgepl\u00e4ne - BLVK","robots":{"index":"index","follow":"follow","max-snippet":"max-snippet:-1","max-image-preview":"max-image-preview:large","max-video-preview":"max-video-preview:-1"},"canonical":"https:\/\/blvk.ch\/de\/versicherte\/besser-vorsorgen\/beitraege-und-vorsorgeplaene\/","og_locale":"de_DE","og_type":"article","og_title":"Beitr\u00e4ge und Vorsorgepl\u00e4ne - BLVK","og_description":"Die BLVK versichert Sie im Rahmen des Gesetzes gegen die wirtschaftlichen Folgen von Alter, Invalidit\u00e4t und Tod. Die Leistungen der BLVK aus der 2. S\u00e4ule (Pensionskasse) sollen zusammen mit den Leistungen aus der 1. S\u00e4ule (AHV\/IV) die Fortsetzung der gewohnten Lebenshaltung in angemessener Weise erm\u00f6glichen. Die dazu n\u00f6tigen Gelder werden in Form von monatlichen Beitr\u00e4gen [&hellip;]","og_url":"https:\/\/blvk.ch\/de\/versicherte\/besser-vorsorgen\/beitraege-und-vorsorgeplaene\/","og_site_name":"BLVK","article_modified_time":"2025-07-02T18:28:36+00:00","twitter_card":"summary_large_image","twitter_misc":{"Gesch\u00e4tzte Lesezeit":"1 Minute"},"schema":{"@context":"https:\/\/schema.org","@graph":[{"@type":"WebPage","@id":"https:\/\/blvk.ch\/de\/versicherte\/besser-vorsorgen\/beitraege-und-vorsorgeplaene\/","url":"https:\/\/blvk.ch\/de\/versicherte\/besser-vorsorgen\/beitraege-und-vorsorgeplaene\/","name":"Beitr\u00e4ge und Vorsorgepl\u00e4ne - BLVK","isPartOf":{"@id":"https:\/\/blvk.ch\/de\/#website"},"datePublished":"2022-09-05T21:39:01+00:00","dateModified":"2025-07-02T18:28:36+00:00","breadcrumb":{"@id":"https:\/\/blvk.ch\/de\/versicherte\/besser-vorsorgen\/beitraege-und-vorsorgeplaene\/#breadcrumb"},"inLanguage":"de-DE","potentialAction":[{"@type":"ReadAction","target":["https:\/\/blvk.ch\/de\/versicherte\/besser-vorsorgen\/beitraege-und-vorsorgeplaene\/"]}]},{"@type":"BreadcrumbList","@id":"https:\/\/blvk.ch\/de\/versicherte\/besser-vorsorgen\/beitraege-und-vorsorgeplaene\/#breadcrumb","itemListElement":[{"@type":"ListItem","position":1,"name":"Startseite","item":"https:\/\/blvk.ch\/de\/"},{"@type":"ListItem","position":2,"name":"Versicherte","item":"https:\/\/blvk.ch\/de\/versicherte\/"},{"@type":"ListItem","position":3,"name":"Besser vorsorgen","item":"https:\/\/blvk.ch\/de\/versicherte\/besser-vorsorgen\/"},{"@type":"ListItem","position":4,"name":"Beitr\u00e4ge und Vorsorgepl\u00e4ne"}]},{"@type":"WebSite","@id":"https:\/\/blvk.ch\/de\/#website","url":"https:\/\/blvk.ch\/de\/","name":"BLVK","description":"Bernische Lehrerversicherungskasse","publisher":{"@id":"https:\/\/blvk.ch\/de\/#organization"},"potentialAction":[{"@type":"SearchAction","target":{"@type":"EntryPoint","urlTemplate":"https:\/\/blvk.ch\/de\/?s={search_term_string}"},"query-input":{"@type":"PropertyValueSpecification","valueRequired":true,"valueName":"search_term_string"}}],"inLanguage":"de-DE"},{"@type":"Organization","@id":"https:\/\/blvk.ch\/de\/#organization","name":"BLVK","url":"https:\/\/blvk.ch\/de\/","logo":{"@type":"ImageObject","inLanguage":"de-DE","@id":"https:\/\/blvk.ch\/de\/#\/schema\/logo\/image\/","url":"https:\/\/blvk.ch\/wp-content\/uploads\/2022\/07\/Logo.png","contentUrl":"https:\/\/blvk.ch\/wp-content\/uploads\/2022\/07\/Logo.png","width":152,"height":66,"caption":"BLVK"},"image":{"@id":"https:\/\/blvk.ch\/de\/#\/schema\/logo\/image\/"}}]}},"_links":{"self":[{"href":"https:\/\/blvk.ch\/de\/wp-json\/wp\/v2\/pages\/444","targetHints":{"allow":["GET"]}}],"collection":[{"href":"https:\/\/blvk.ch\/de\/wp-json\/wp\/v2\/pages"}],"about":[{"href":"https:\/\/blvk.ch\/de\/wp-json\/wp\/v2\/types\/page"}],"author":[{"embeddable":true,"href":"https:\/\/blvk.ch\/de\/wp-json\/wp\/v2\/users\/1"}],"replies":[{"embeddable":true,"href":"https:\/\/blvk.ch\/de\/wp-json\/wp\/v2\/comments?post=444"}],"version-history":[{"count":19,"href":"https:\/\/blvk.ch\/de\/wp-json\/wp\/v2\/pages\/444\/revisions"}],"predecessor-version":[{"id":9971,"href":"https:\/\/blvk.ch\/de\/wp-json\/wp\/v2\/pages\/444\/revisions\/9971"}],"up":[{"embeddable":true,"href":"https:\/\/blvk.ch\/de\/wp-json\/wp\/v2\/pages\/78"}],"wp:attachment":[{"href":"https:\/\/blvk.ch\/de\/wp-json\/wp\/v2\/media?parent=444"}],"curies":[{"name":"wp","href":"https:\/\/api.w.org\/{rel}","templated":true}]}}