{"id":450,"date":"2022-09-05T21:40:25","date_gmt":"2022-09-05T21:40:25","guid":{"rendered":"https:\/\/blvk.dev.mxm.agency\/?page_id=450"},"modified":"2025-07-03T13:05:04","modified_gmt":"2025-07-03T11:05:04","slug":"austritt","status":"publish","type":"page","link":"https:\/\/blvk.ch\/de\/versicherte\/anderung-lebenslage\/austritt\/","title":{"rendered":"Austritt"},"content":{"rendered":"<p>Bei Aufl\u00f6sung des Arbeitsverh\u00e4ltnisses endet in der Regel auch Ihr Versichertenverh\u00e4ltnis bei der BLVK. Es sei denn, es besteht ein Anspruch auf Alters-, Invaliden- oder Hinterlassenenleistungen. Nachdem uns Ihr Arbeitgeber den Austritt gemeldet hat, stellen wir Ihnen einen Fragebogen zu. Darin teilen Sie uns mit, an welche Institution die Austrittsleistung (auch Freiz\u00fcgigkeitsleistung genannt) \u00fcberwiesen werden soll.<\/p>\n","protected":false},"excerpt":{"rendered":"<p>Bei Aufl\u00f6sung des Arbeitsverh\u00e4ltnisses endet in der Regel auch Ihr Versichertenverh\u00e4ltnis bei der BLVK. Es sei denn, es besteht ein Anspruch auf Alters-, Invaliden- oder Hinterlassenenleistungen. Nachdem uns Ihr Arbeitgeber den Austritt gemeldet hat, stellen wir Ihnen einen Fragebogen zu. Darin teilen Sie uns mit, an welche Institution die Austrittsleistung (auch Freiz\u00fcgigkeitsleistung genannt) \u00fcberwiesen werden [&hellip;]<\/p>\n","protected":false},"author":1,"featured_media":0,"parent":80,"menu_order":2,"comment_status":"closed","ping_status":"closed","template":"page-templates\/grundsatze-small.php","meta":{"_acf_changed":false,"inline_featured_image":false,"footnotes":""},"class_list":["post-450","page","type-page","status-publish","hentry"],"acf":[],"yoast_head":"<!-- This site is optimized with the Yoast SEO plugin v25.4 - https:\/\/yoast.com\/wordpress\/plugins\/seo\/ -->\n<title>Austritt - BLVK<\/title>\n<meta name=\"robots\" content=\"index, follow, max-snippet:-1, max-image-preview:large, max-video-preview:-1\" \/>\n<link rel=\"canonical\" href=\"https:\/\/blvk.ch\/de\/versicherte\/anderung-lebenslage\/austritt\/\" \/>\n<meta property=\"og:locale\" content=\"de_DE\" \/>\n<meta property=\"og:type\" content=\"article\" \/>\n<meta property=\"og:title\" content=\"Austritt - BLVK\" \/>\n<meta property=\"og:description\" content=\"Bei Aufl\u00f6sung des Arbeitsverh\u00e4ltnisses endet in der Regel auch Ihr Versichertenverh\u00e4ltnis bei der BLVK. Es sei denn, es besteht ein Anspruch auf Alters-, Invaliden- oder Hinterlassenenleistungen. Nachdem uns Ihr Arbeitgeber den Austritt gemeldet hat, stellen wir Ihnen einen Fragebogen zu. Darin teilen Sie uns mit, an welche Institution die Austrittsleistung (auch Freiz\u00fcgigkeitsleistung genannt) \u00fcberwiesen werden [&hellip;]\" \/>\n<meta property=\"og:url\" content=\"https:\/\/blvk.ch\/de\/versicherte\/anderung-lebenslage\/austritt\/\" \/>\n<meta property=\"og:site_name\" content=\"BLVK\" \/>\n<meta property=\"article:modified_time\" content=\"2025-07-03T11:05:04+00:00\" \/>\n<meta name=\"twitter:card\" content=\"summary_large_image\" \/>\n<meta name=\"twitter:label1\" content=\"Gesch\u00e4tzte Lesezeit\" \/>\n\t<meta name=\"twitter:data1\" content=\"1 Minute\" \/>\n<script type=\"application\/ld+json\" class=\"yoast-schema-graph\">{\"@context\":\"https:\/\/schema.org\",\"@graph\":[{\"@type\":\"WebPage\",\"@id\":\"https:\/\/blvk.ch\/de\/versicherte\/anderung-lebenslage\/austritt\/\",\"url\":\"https:\/\/blvk.ch\/de\/versicherte\/anderung-lebenslage\/austritt\/\",\"name\":\"Austritt - BLVK\",\"isPartOf\":{\"@id\":\"https:\/\/blvk.ch\/de\/#website\"},\"datePublished\":\"2022-09-05T21:40:25+00:00\",\"dateModified\":\"2025-07-03T11:05:04+00:00\",\"breadcrumb\":{\"@id\":\"https:\/\/blvk.ch\/de\/versicherte\/anderung-lebenslage\/austritt\/#breadcrumb\"},\"inLanguage\":\"de-DE\",\"potentialAction\":[{\"@type\":\"ReadAction\",\"target\":[\"https:\/\/blvk.ch\/de\/versicherte\/anderung-lebenslage\/austritt\/\"]}]},{\"@type\":\"BreadcrumbList\",\"@id\":\"https:\/\/blvk.ch\/de\/versicherte\/anderung-lebenslage\/austritt\/#breadcrumb\",\"itemListElement\":[{\"@type\":\"ListItem\",\"position\":1,\"name\":\"Startseite\",\"item\":\"https:\/\/blvk.ch\/de\/\"},{\"@type\":\"ListItem\",\"position\":2,\"name\":\"Versicherte\",\"item\":\"https:\/\/blvk.ch\/de\/versicherte\/\"},{\"@type\":\"ListItem\",\"position\":3,\"name\":\"\u00c4nderung Lebenslage\",\"item\":\"https:\/\/blvk.ch\/de\/versicherte\/anderung-lebenslage\/\"},{\"@type\":\"ListItem\",\"position\":4,\"name\":\"Austritt\"}]},{\"@type\":\"WebSite\",\"@id\":\"https:\/\/blvk.ch\/de\/#website\",\"url\":\"https:\/\/blvk.ch\/de\/\",\"name\":\"BLVK\",\"description\":\"Bernische Lehrerversicherungskasse\",\"publisher\":{\"@id\":\"https:\/\/blvk.ch\/de\/#organization\"},\"potentialAction\":[{\"@type\":\"SearchAction\",\"target\":{\"@type\":\"EntryPoint\",\"urlTemplate\":\"https:\/\/blvk.ch\/de\/?s={search_term_string}\"},\"query-input\":{\"@type\":\"PropertyValueSpecification\",\"valueRequired\":true,\"valueName\":\"search_term_string\"}}],\"inLanguage\":\"de-DE\"},{\"@type\":\"Organization\",\"@id\":\"https:\/\/blvk.ch\/de\/#organization\",\"name\":\"BLVK\",\"url\":\"https:\/\/blvk.ch\/de\/\",\"logo\":{\"@type\":\"ImageObject\",\"inLanguage\":\"de-DE\",\"@id\":\"https:\/\/blvk.ch\/de\/#\/schema\/logo\/image\/\",\"url\":\"https:\/\/blvk.ch\/wp-content\/uploads\/2022\/07\/Logo.png\",\"contentUrl\":\"https:\/\/blvk.ch\/wp-content\/uploads\/2022\/07\/Logo.png\",\"width\":152,\"height\":66,\"caption\":\"BLVK\"},\"image\":{\"@id\":\"https:\/\/blvk.ch\/de\/#\/schema\/logo\/image\/\"}}]}<\/script>\n<!-- \/ Yoast SEO plugin. -->","yoast_head_json":{"title":"Austritt - BLVK","robots":{"index":"index","follow":"follow","max-snippet":"max-snippet:-1","max-image-preview":"max-image-preview:large","max-video-preview":"max-video-preview:-1"},"canonical":"https:\/\/blvk.ch\/de\/versicherte\/anderung-lebenslage\/austritt\/","og_locale":"de_DE","og_type":"article","og_title":"Austritt - BLVK","og_description":"Bei Aufl\u00f6sung des Arbeitsverh\u00e4ltnisses endet in der Regel auch Ihr Versichertenverh\u00e4ltnis bei der BLVK. Es sei denn, es besteht ein Anspruch auf Alters-, Invaliden- oder Hinterlassenenleistungen. Nachdem uns Ihr Arbeitgeber den Austritt gemeldet hat, stellen wir Ihnen einen Fragebogen zu. Darin teilen Sie uns mit, an welche Institution die Austrittsleistung (auch Freiz\u00fcgigkeitsleistung genannt) \u00fcberwiesen werden [&hellip;]","og_url":"https:\/\/blvk.ch\/de\/versicherte\/anderung-lebenslage\/austritt\/","og_site_name":"BLVK","article_modified_time":"2025-07-03T11:05:04+00:00","twitter_card":"summary_large_image","twitter_misc":{"Gesch\u00e4tzte Lesezeit":"1 Minute"},"schema":{"@context":"https:\/\/schema.org","@graph":[{"@type":"WebPage","@id":"https:\/\/blvk.ch\/de\/versicherte\/anderung-lebenslage\/austritt\/","url":"https:\/\/blvk.ch\/de\/versicherte\/anderung-lebenslage\/austritt\/","name":"Austritt - BLVK","isPartOf":{"@id":"https:\/\/blvk.ch\/de\/#website"},"datePublished":"2022-09-05T21:40:25+00:00","dateModified":"2025-07-03T11:05:04+00:00","breadcrumb":{"@id":"https:\/\/blvk.ch\/de\/versicherte\/anderung-lebenslage\/austritt\/#breadcrumb"},"inLanguage":"de-DE","potentialAction":[{"@type":"ReadAction","target":["https:\/\/blvk.ch\/de\/versicherte\/anderung-lebenslage\/austritt\/"]}]},{"@type":"BreadcrumbList","@id":"https:\/\/blvk.ch\/de\/versicherte\/anderung-lebenslage\/austritt\/#breadcrumb","itemListElement":[{"@type":"ListItem","position":1,"name":"Startseite","item":"https:\/\/blvk.ch\/de\/"},{"@type":"ListItem","position":2,"name":"Versicherte","item":"https:\/\/blvk.ch\/de\/versicherte\/"},{"@type":"ListItem","position":3,"name":"\u00c4nderung Lebenslage","item":"https:\/\/blvk.ch\/de\/versicherte\/anderung-lebenslage\/"},{"@type":"ListItem","position":4,"name":"Austritt"}]},{"@type":"WebSite","@id":"https:\/\/blvk.ch\/de\/#website","url":"https:\/\/blvk.ch\/de\/","name":"BLVK","description":"Bernische Lehrerversicherungskasse","publisher":{"@id":"https:\/\/blvk.ch\/de\/#organization"},"potentialAction":[{"@type":"SearchAction","target":{"@type":"EntryPoint","urlTemplate":"https:\/\/blvk.ch\/de\/?s={search_term_string}"},"query-input":{"@type":"PropertyValueSpecification","valueRequired":true,"valueName":"search_term_string"}}],"inLanguage":"de-DE"},{"@type":"Organization","@id":"https:\/\/blvk.ch\/de\/#organization","name":"BLVK","url":"https:\/\/blvk.ch\/de\/","logo":{"@type":"ImageObject","inLanguage":"de-DE","@id":"https:\/\/blvk.ch\/de\/#\/schema\/logo\/image\/","url":"https:\/\/blvk.ch\/wp-content\/uploads\/2022\/07\/Logo.png","contentUrl":"https:\/\/blvk.ch\/wp-content\/uploads\/2022\/07\/Logo.png","width":152,"height":66,"caption":"BLVK"},"image":{"@id":"https:\/\/blvk.ch\/de\/#\/schema\/logo\/image\/"}}]}},"_links":{"self":[{"href":"https:\/\/blvk.ch\/de\/wp-json\/wp\/v2\/pages\/450","targetHints":{"allow":["GET"]}}],"collection":[{"href":"https:\/\/blvk.ch\/de\/wp-json\/wp\/v2\/pages"}],"about":[{"href":"https:\/\/blvk.ch\/de\/wp-json\/wp\/v2\/types\/page"}],"author":[{"embeddable":true,"href":"https:\/\/blvk.ch\/de\/wp-json\/wp\/v2\/users\/1"}],"replies":[{"embeddable":true,"href":"https:\/\/blvk.ch\/de\/wp-json\/wp\/v2\/comments?post=450"}],"version-history":[{"count":28,"href":"https:\/\/blvk.ch\/de\/wp-json\/wp\/v2\/pages\/450\/revisions"}],"predecessor-version":[{"id":10040,"href":"https:\/\/blvk.ch\/de\/wp-json\/wp\/v2\/pages\/450\/revisions\/10040"}],"up":[{"embeddable":true,"href":"https:\/\/blvk.ch\/de\/wp-json\/wp\/v2\/pages\/80"}],"wp:attachment":[{"href":"https:\/\/blvk.ch\/de\/wp-json\/wp\/v2\/media?parent=450"}],"curies":[{"name":"wp","href":"https:\/\/api.w.org\/{rel}","templated":true}]}}