{"id":454,"date":"2022-09-05T21:41:29","date_gmt":"2022-09-05T21:41:29","guid":{"rendered":"https:\/\/blvk.dev.mxm.agency\/?page_id=454"},"modified":"2026-03-12T16:40:15","modified_gmt":"2026-03-12T15:40:15","slug":"aenderung-arbeitspensum","status":"publish","type":"page","link":"https:\/\/blvk.ch\/de\/versicherte\/anderung-lebenslage\/aenderung-arbeitspensum\/","title":{"rendered":"\u00c4nderung Arbeitspensum"},"content":{"rendered":"<p>Die \u00c4nderung Ihres Arbeitspensums kann Auswirkungen auf Ihre Vorsorgeleistungen haben. Bei einer Reduktion Ihres Pensums k\u00f6nnen Ihre Vorsorgeleistungen sinken. Reduziert sich der Besch\u00e4ftigungsgrad um maximal 12,5 Prozent, bleibt der h\u00f6here Lohn versichert (Teilanstellungen werden zusammengez\u00e4hlt). Dabei sprechen wir von der Toleranzregel. Informieren Sie sich dazu in unserem Vorsorgereglement (Art. 8 Abs. 9) oder lassen Sie sich durch unser Vorsorgeteam beraten.<\/p>\n","protected":false},"excerpt":{"rendered":"<p>Die \u00c4nderung Ihres Arbeitspensums kann Auswirkungen auf Ihre Vorsorgeleistungen haben. Bei einer Reduktion Ihres Pensums k\u00f6nnen Ihre Vorsorgeleistungen sinken. Reduziert sich der Besch\u00e4ftigungsgrad um maximal 12,5 Prozent, bleibt der h\u00f6here Lohn versichert (Teilanstellungen werden zusammengez\u00e4hlt). Dabei sprechen wir von der Toleranzregel. Informieren Sie sich dazu in unserem Vorsorgereglement (Art. 8 Abs. 9) oder lassen Sie [&hellip;]<\/p>\n","protected":false},"author":1,"featured_media":0,"parent":80,"menu_order":9,"comment_status":"closed","ping_status":"closed","template":"page-templates\/grundsatze-small.php","meta":{"_acf_changed":false,"inline_featured_image":false,"footnotes":""},"class_list":["post-454","page","type-page","status-publish","hentry"],"acf":[],"yoast_head":"<!-- This site is optimized with the Yoast SEO plugin v25.4 - https:\/\/yoast.com\/wordpress\/plugins\/seo\/ -->\n<title>\u00c4nderung Arbeitspensum - BLVK<\/title>\n<meta name=\"robots\" content=\"index, follow, max-snippet:-1, max-image-preview:large, max-video-preview:-1\" \/>\n<link rel=\"canonical\" href=\"https:\/\/blvk.ch\/de\/versicherte\/anderung-lebenslage\/aenderung-arbeitspensum\/\" \/>\n<meta property=\"og:locale\" content=\"de_DE\" \/>\n<meta property=\"og:type\" content=\"article\" \/>\n<meta property=\"og:title\" content=\"\u00c4nderung Arbeitspensum - BLVK\" \/>\n<meta property=\"og:description\" content=\"Die \u00c4nderung Ihres Arbeitspensums kann Auswirkungen auf Ihre Vorsorgeleistungen haben. Bei einer Reduktion Ihres Pensums k\u00f6nnen Ihre Vorsorgeleistungen sinken. Reduziert sich der Besch\u00e4ftigungsgrad um maximal 12,5 Prozent, bleibt der h\u00f6here Lohn versichert (Teilanstellungen werden zusammengez\u00e4hlt). Dabei sprechen wir von der Toleranzregel. Informieren Sie sich dazu in unserem Vorsorgereglement (Art. 8 Abs. 9) oder lassen Sie [&hellip;]\" \/>\n<meta property=\"og:url\" content=\"https:\/\/blvk.ch\/de\/versicherte\/anderung-lebenslage\/aenderung-arbeitspensum\/\" \/>\n<meta property=\"og:site_name\" content=\"BLVK\" \/>\n<meta property=\"article:modified_time\" content=\"2026-03-12T15:40:15+00:00\" \/>\n<meta name=\"twitter:card\" content=\"summary_large_image\" \/>\n<meta name=\"twitter:label1\" content=\"Gesch\u00e4tzte Lesezeit\" \/>\n\t<meta name=\"twitter:data1\" content=\"1 Minute\" \/>\n<script type=\"application\/ld+json\" class=\"yoast-schema-graph\">{\"@context\":\"https:\/\/schema.org\",\"@graph\":[{\"@type\":\"WebPage\",\"@id\":\"https:\/\/blvk.ch\/de\/versicherte\/anderung-lebenslage\/aenderung-arbeitspensum\/\",\"url\":\"https:\/\/blvk.ch\/de\/versicherte\/anderung-lebenslage\/aenderung-arbeitspensum\/\",\"name\":\"\u00c4nderung Arbeitspensum - BLVK\",\"isPartOf\":{\"@id\":\"https:\/\/blvk.ch\/de\/#website\"},\"datePublished\":\"2022-09-05T21:41:29+00:00\",\"dateModified\":\"2026-03-12T15:40:15+00:00\",\"breadcrumb\":{\"@id\":\"https:\/\/blvk.ch\/de\/versicherte\/anderung-lebenslage\/aenderung-arbeitspensum\/#breadcrumb\"},\"inLanguage\":\"de-DE\",\"potentialAction\":[{\"@type\":\"ReadAction\",\"target\":[\"https:\/\/blvk.ch\/de\/versicherte\/anderung-lebenslage\/aenderung-arbeitspensum\/\"]}]},{\"@type\":\"BreadcrumbList\",\"@id\":\"https:\/\/blvk.ch\/de\/versicherte\/anderung-lebenslage\/aenderung-arbeitspensum\/#breadcrumb\",\"itemListElement\":[{\"@type\":\"ListItem\",\"position\":1,\"name\":\"Startseite\",\"item\":\"https:\/\/blvk.ch\/de\/\"},{\"@type\":\"ListItem\",\"position\":2,\"name\":\"Versicherte\",\"item\":\"https:\/\/blvk.ch\/de\/versicherte\/\"},{\"@type\":\"ListItem\",\"position\":3,\"name\":\"\u00c4nderung Lebenslage\",\"item\":\"https:\/\/blvk.ch\/de\/versicherte\/anderung-lebenslage\/\"},{\"@type\":\"ListItem\",\"position\":4,\"name\":\"\u00c4nderung Arbeitspensum\"}]},{\"@type\":\"WebSite\",\"@id\":\"https:\/\/blvk.ch\/de\/#website\",\"url\":\"https:\/\/blvk.ch\/de\/\",\"name\":\"BLVK\",\"description\":\"Bernische Lehrerversicherungskasse\",\"publisher\":{\"@id\":\"https:\/\/blvk.ch\/de\/#organization\"},\"potentialAction\":[{\"@type\":\"SearchAction\",\"target\":{\"@type\":\"EntryPoint\",\"urlTemplate\":\"https:\/\/blvk.ch\/de\/?s={search_term_string}\"},\"query-input\":{\"@type\":\"PropertyValueSpecification\",\"valueRequired\":true,\"valueName\":\"search_term_string\"}}],\"inLanguage\":\"de-DE\"},{\"@type\":\"Organization\",\"@id\":\"https:\/\/blvk.ch\/de\/#organization\",\"name\":\"BLVK\",\"url\":\"https:\/\/blvk.ch\/de\/\",\"logo\":{\"@type\":\"ImageObject\",\"inLanguage\":\"de-DE\",\"@id\":\"https:\/\/blvk.ch\/de\/#\/schema\/logo\/image\/\",\"url\":\"https:\/\/blvk.ch\/wp-content\/uploads\/2022\/07\/Logo.png\",\"contentUrl\":\"https:\/\/blvk.ch\/wp-content\/uploads\/2022\/07\/Logo.png\",\"width\":152,\"height\":66,\"caption\":\"BLVK\"},\"image\":{\"@id\":\"https:\/\/blvk.ch\/de\/#\/schema\/logo\/image\/\"}}]}<\/script>\n<!-- \/ Yoast SEO plugin. -->","yoast_head_json":{"title":"\u00c4nderung Arbeitspensum - BLVK","robots":{"index":"index","follow":"follow","max-snippet":"max-snippet:-1","max-image-preview":"max-image-preview:large","max-video-preview":"max-video-preview:-1"},"canonical":"https:\/\/blvk.ch\/de\/versicherte\/anderung-lebenslage\/aenderung-arbeitspensum\/","og_locale":"de_DE","og_type":"article","og_title":"\u00c4nderung Arbeitspensum - BLVK","og_description":"Die \u00c4nderung Ihres Arbeitspensums kann Auswirkungen auf Ihre Vorsorgeleistungen haben. Bei einer Reduktion Ihres Pensums k\u00f6nnen Ihre Vorsorgeleistungen sinken. Reduziert sich der Besch\u00e4ftigungsgrad um maximal 12,5 Prozent, bleibt der h\u00f6here Lohn versichert (Teilanstellungen werden zusammengez\u00e4hlt). Dabei sprechen wir von der Toleranzregel. Informieren Sie sich dazu in unserem Vorsorgereglement (Art. 8 Abs. 9) oder lassen Sie [&hellip;]","og_url":"https:\/\/blvk.ch\/de\/versicherte\/anderung-lebenslage\/aenderung-arbeitspensum\/","og_site_name":"BLVK","article_modified_time":"2026-03-12T15:40:15+00:00","twitter_card":"summary_large_image","twitter_misc":{"Gesch\u00e4tzte Lesezeit":"1 Minute"},"schema":{"@context":"https:\/\/schema.org","@graph":[{"@type":"WebPage","@id":"https:\/\/blvk.ch\/de\/versicherte\/anderung-lebenslage\/aenderung-arbeitspensum\/","url":"https:\/\/blvk.ch\/de\/versicherte\/anderung-lebenslage\/aenderung-arbeitspensum\/","name":"\u00c4nderung Arbeitspensum - BLVK","isPartOf":{"@id":"https:\/\/blvk.ch\/de\/#website"},"datePublished":"2022-09-05T21:41:29+00:00","dateModified":"2026-03-12T15:40:15+00:00","breadcrumb":{"@id":"https:\/\/blvk.ch\/de\/versicherte\/anderung-lebenslage\/aenderung-arbeitspensum\/#breadcrumb"},"inLanguage":"de-DE","potentialAction":[{"@type":"ReadAction","target":["https:\/\/blvk.ch\/de\/versicherte\/anderung-lebenslage\/aenderung-arbeitspensum\/"]}]},{"@type":"BreadcrumbList","@id":"https:\/\/blvk.ch\/de\/versicherte\/anderung-lebenslage\/aenderung-arbeitspensum\/#breadcrumb","itemListElement":[{"@type":"ListItem","position":1,"name":"Startseite","item":"https:\/\/blvk.ch\/de\/"},{"@type":"ListItem","position":2,"name":"Versicherte","item":"https:\/\/blvk.ch\/de\/versicherte\/"},{"@type":"ListItem","position":3,"name":"\u00c4nderung Lebenslage","item":"https:\/\/blvk.ch\/de\/versicherte\/anderung-lebenslage\/"},{"@type":"ListItem","position":4,"name":"\u00c4nderung Arbeitspensum"}]},{"@type":"WebSite","@id":"https:\/\/blvk.ch\/de\/#website","url":"https:\/\/blvk.ch\/de\/","name":"BLVK","description":"Bernische Lehrerversicherungskasse","publisher":{"@id":"https:\/\/blvk.ch\/de\/#organization"},"potentialAction":[{"@type":"SearchAction","target":{"@type":"EntryPoint","urlTemplate":"https:\/\/blvk.ch\/de\/?s={search_term_string}"},"query-input":{"@type":"PropertyValueSpecification","valueRequired":true,"valueName":"search_term_string"}}],"inLanguage":"de-DE"},{"@type":"Organization","@id":"https:\/\/blvk.ch\/de\/#organization","name":"BLVK","url":"https:\/\/blvk.ch\/de\/","logo":{"@type":"ImageObject","inLanguage":"de-DE","@id":"https:\/\/blvk.ch\/de\/#\/schema\/logo\/image\/","url":"https:\/\/blvk.ch\/wp-content\/uploads\/2022\/07\/Logo.png","contentUrl":"https:\/\/blvk.ch\/wp-content\/uploads\/2022\/07\/Logo.png","width":152,"height":66,"caption":"BLVK"},"image":{"@id":"https:\/\/blvk.ch\/de\/#\/schema\/logo\/image\/"}}]}},"_links":{"self":[{"href":"https:\/\/blvk.ch\/de\/wp-json\/wp\/v2\/pages\/454","targetHints":{"allow":["GET"]}}],"collection":[{"href":"https:\/\/blvk.ch\/de\/wp-json\/wp\/v2\/pages"}],"about":[{"href":"https:\/\/blvk.ch\/de\/wp-json\/wp\/v2\/types\/page"}],"author":[{"embeddable":true,"href":"https:\/\/blvk.ch\/de\/wp-json\/wp\/v2\/users\/1"}],"replies":[{"embeddable":true,"href":"https:\/\/blvk.ch\/de\/wp-json\/wp\/v2\/comments?post=454"}],"version-history":[{"count":27,"href":"https:\/\/blvk.ch\/de\/wp-json\/wp\/v2\/pages\/454\/revisions"}],"predecessor-version":[{"id":10877,"href":"https:\/\/blvk.ch\/de\/wp-json\/wp\/v2\/pages\/454\/revisions\/10877"}],"up":[{"embeddable":true,"href":"https:\/\/blvk.ch\/de\/wp-json\/wp\/v2\/pages\/80"}],"wp:attachment":[{"href":"https:\/\/blvk.ch\/de\/wp-json\/wp\/v2\/media?parent=454"}],"curies":[{"name":"wp","href":"https:\/\/api.w.org\/{rel}","templated":true}]}}