{"id":462,"date":"2022-09-05T21:44:29","date_gmt":"2022-09-05T21:44:29","guid":{"rendered":"https:\/\/blvk.dev.mxm.agency\/?page_id=462"},"modified":"2025-10-31T11:00:42","modified_gmt":"2025-10-31T10:00:42","slug":"invaliditaet","status":"publish","type":"page","link":"https:\/\/blvk.ch\/de\/versicherte\/anderung-lebenslage\/invaliditaet\/","title":{"rendered":"Invalidit\u00e4t"},"content":{"rendered":"<p>Ist eine versicherte Person im Sinne des Bundesgesetzes invalid, so hat sie Anspruch auf eine Invalidenrente.<\/p>\n<p>Dazu muss sie beim Eintritt der Arbeitsunf\u00e4higkeit, deren Ursache zur Invalidit\u00e4t gef\u00fchrt hat, bei der BLVK versichert gewesen sein. Der Entscheid der IV \u00fcber den Beginn der Invalidit\u00e4t und den Invalidit\u00e4tsgrad ist verbindlich f\u00fcr den Anspruch auf eine Invalidenrente der BLVK.<\/p>\n","protected":false},"excerpt":{"rendered":"<p>Ist eine versicherte Person im Sinne des Bundesgesetzes invalid, so hat sie Anspruch auf eine Invalidenrente. Dazu muss sie beim Eintritt der Arbeitsunf\u00e4higkeit, deren Ursache zur Invalidit\u00e4t gef\u00fchrt hat, bei der BLVK versichert gewesen sein. Der Entscheid der IV \u00fcber den Beginn der Invalidit\u00e4t und den Invalidit\u00e4tsgrad ist verbindlich f\u00fcr den Anspruch auf eine Invalidenrente [&hellip;]<\/p>\n","protected":false},"author":1,"featured_media":0,"parent":80,"menu_order":6,"comment_status":"closed","ping_status":"closed","template":"page-templates\/grundsatze-columns.php","meta":{"_acf_changed":false,"inline_featured_image":false,"footnotes":""},"class_list":["post-462","page","type-page","status-publish","hentry"],"acf":[],"yoast_head":"<!-- This site is optimized with the Yoast SEO plugin v25.4 - https:\/\/yoast.com\/wordpress\/plugins\/seo\/ -->\n<title>Invalidit\u00e4t - BLVK<\/title>\n<meta name=\"robots\" content=\"index, follow, max-snippet:-1, max-image-preview:large, max-video-preview:-1\" \/>\n<link rel=\"canonical\" href=\"https:\/\/blvk.ch\/de\/versicherte\/anderung-lebenslage\/invaliditaet\/\" \/>\n<meta property=\"og:locale\" content=\"de_DE\" \/>\n<meta property=\"og:type\" content=\"article\" \/>\n<meta property=\"og:title\" content=\"Invalidit\u00e4t - BLVK\" \/>\n<meta property=\"og:description\" content=\"Ist eine versicherte Person im Sinne des Bundesgesetzes invalid, so hat sie Anspruch auf eine Invalidenrente. Dazu muss sie beim Eintritt der Arbeitsunf\u00e4higkeit, deren Ursache zur Invalidit\u00e4t gef\u00fchrt hat, bei der BLVK versichert gewesen sein. Der Entscheid der IV \u00fcber den Beginn der Invalidit\u00e4t und den Invalidit\u00e4tsgrad ist verbindlich f\u00fcr den Anspruch auf eine Invalidenrente [&hellip;]\" \/>\n<meta property=\"og:url\" content=\"https:\/\/blvk.ch\/de\/versicherte\/anderung-lebenslage\/invaliditaet\/\" \/>\n<meta property=\"og:site_name\" content=\"BLVK\" \/>\n<meta property=\"article:modified_time\" content=\"2025-10-31T10:00:42+00:00\" \/>\n<meta name=\"twitter:card\" content=\"summary_large_image\" \/>\n<meta name=\"twitter:label1\" content=\"Gesch\u00e4tzte Lesezeit\" \/>\n\t<meta name=\"twitter:data1\" content=\"1 Minute\" \/>\n<script type=\"application\/ld+json\" class=\"yoast-schema-graph\">{\"@context\":\"https:\/\/schema.org\",\"@graph\":[{\"@type\":\"WebPage\",\"@id\":\"https:\/\/blvk.ch\/de\/versicherte\/anderung-lebenslage\/invaliditaet\/\",\"url\":\"https:\/\/blvk.ch\/de\/versicherte\/anderung-lebenslage\/invaliditaet\/\",\"name\":\"Invalidit\u00e4t - BLVK\",\"isPartOf\":{\"@id\":\"https:\/\/blvk.ch\/de\/#website\"},\"datePublished\":\"2022-09-05T21:44:29+00:00\",\"dateModified\":\"2025-10-31T10:00:42+00:00\",\"breadcrumb\":{\"@id\":\"https:\/\/blvk.ch\/de\/versicherte\/anderung-lebenslage\/invaliditaet\/#breadcrumb\"},\"inLanguage\":\"de-DE\",\"potentialAction\":[{\"@type\":\"ReadAction\",\"target\":[\"https:\/\/blvk.ch\/de\/versicherte\/anderung-lebenslage\/invaliditaet\/\"]}]},{\"@type\":\"BreadcrumbList\",\"@id\":\"https:\/\/blvk.ch\/de\/versicherte\/anderung-lebenslage\/invaliditaet\/#breadcrumb\",\"itemListElement\":[{\"@type\":\"ListItem\",\"position\":1,\"name\":\"Startseite\",\"item\":\"https:\/\/blvk.ch\/de\/\"},{\"@type\":\"ListItem\",\"position\":2,\"name\":\"Versicherte\",\"item\":\"https:\/\/blvk.ch\/de\/versicherte\/\"},{\"@type\":\"ListItem\",\"position\":3,\"name\":\"\u00c4nderung Lebenslage\",\"item\":\"https:\/\/blvk.ch\/de\/versicherte\/anderung-lebenslage\/\"},{\"@type\":\"ListItem\",\"position\":4,\"name\":\"Invalidit\u00e4t\"}]},{\"@type\":\"WebSite\",\"@id\":\"https:\/\/blvk.ch\/de\/#website\",\"url\":\"https:\/\/blvk.ch\/de\/\",\"name\":\"BLVK\",\"description\":\"Bernische Lehrerversicherungskasse\",\"publisher\":{\"@id\":\"https:\/\/blvk.ch\/de\/#organization\"},\"potentialAction\":[{\"@type\":\"SearchAction\",\"target\":{\"@type\":\"EntryPoint\",\"urlTemplate\":\"https:\/\/blvk.ch\/de\/?s={search_term_string}\"},\"query-input\":{\"@type\":\"PropertyValueSpecification\",\"valueRequired\":true,\"valueName\":\"search_term_string\"}}],\"inLanguage\":\"de-DE\"},{\"@type\":\"Organization\",\"@id\":\"https:\/\/blvk.ch\/de\/#organization\",\"name\":\"BLVK\",\"url\":\"https:\/\/blvk.ch\/de\/\",\"logo\":{\"@type\":\"ImageObject\",\"inLanguage\":\"de-DE\",\"@id\":\"https:\/\/blvk.ch\/de\/#\/schema\/logo\/image\/\",\"url\":\"https:\/\/blvk.ch\/wp-content\/uploads\/2022\/07\/Logo.png\",\"contentUrl\":\"https:\/\/blvk.ch\/wp-content\/uploads\/2022\/07\/Logo.png\",\"width\":152,\"height\":66,\"caption\":\"BLVK\"},\"image\":{\"@id\":\"https:\/\/blvk.ch\/de\/#\/schema\/logo\/image\/\"}}]}<\/script>\n<!-- \/ Yoast SEO plugin. -->","yoast_head_json":{"title":"Invalidit\u00e4t - BLVK","robots":{"index":"index","follow":"follow","max-snippet":"max-snippet:-1","max-image-preview":"max-image-preview:large","max-video-preview":"max-video-preview:-1"},"canonical":"https:\/\/blvk.ch\/de\/versicherte\/anderung-lebenslage\/invaliditaet\/","og_locale":"de_DE","og_type":"article","og_title":"Invalidit\u00e4t - BLVK","og_description":"Ist eine versicherte Person im Sinne des Bundesgesetzes invalid, so hat sie Anspruch auf eine Invalidenrente. Dazu muss sie beim Eintritt der Arbeitsunf\u00e4higkeit, deren Ursache zur Invalidit\u00e4t gef\u00fchrt hat, bei der BLVK versichert gewesen sein. Der Entscheid der IV \u00fcber den Beginn der Invalidit\u00e4t und den Invalidit\u00e4tsgrad ist verbindlich f\u00fcr den Anspruch auf eine Invalidenrente [&hellip;]","og_url":"https:\/\/blvk.ch\/de\/versicherte\/anderung-lebenslage\/invaliditaet\/","og_site_name":"BLVK","article_modified_time":"2025-10-31T10:00:42+00:00","twitter_card":"summary_large_image","twitter_misc":{"Gesch\u00e4tzte Lesezeit":"1 Minute"},"schema":{"@context":"https:\/\/schema.org","@graph":[{"@type":"WebPage","@id":"https:\/\/blvk.ch\/de\/versicherte\/anderung-lebenslage\/invaliditaet\/","url":"https:\/\/blvk.ch\/de\/versicherte\/anderung-lebenslage\/invaliditaet\/","name":"Invalidit\u00e4t - BLVK","isPartOf":{"@id":"https:\/\/blvk.ch\/de\/#website"},"datePublished":"2022-09-05T21:44:29+00:00","dateModified":"2025-10-31T10:00:42+00:00","breadcrumb":{"@id":"https:\/\/blvk.ch\/de\/versicherte\/anderung-lebenslage\/invaliditaet\/#breadcrumb"},"inLanguage":"de-DE","potentialAction":[{"@type":"ReadAction","target":["https:\/\/blvk.ch\/de\/versicherte\/anderung-lebenslage\/invaliditaet\/"]}]},{"@type":"BreadcrumbList","@id":"https:\/\/blvk.ch\/de\/versicherte\/anderung-lebenslage\/invaliditaet\/#breadcrumb","itemListElement":[{"@type":"ListItem","position":1,"name":"Startseite","item":"https:\/\/blvk.ch\/de\/"},{"@type":"ListItem","position":2,"name":"Versicherte","item":"https:\/\/blvk.ch\/de\/versicherte\/"},{"@type":"ListItem","position":3,"name":"\u00c4nderung Lebenslage","item":"https:\/\/blvk.ch\/de\/versicherte\/anderung-lebenslage\/"},{"@type":"ListItem","position":4,"name":"Invalidit\u00e4t"}]},{"@type":"WebSite","@id":"https:\/\/blvk.ch\/de\/#website","url":"https:\/\/blvk.ch\/de\/","name":"BLVK","description":"Bernische Lehrerversicherungskasse","publisher":{"@id":"https:\/\/blvk.ch\/de\/#organization"},"potentialAction":[{"@type":"SearchAction","target":{"@type":"EntryPoint","urlTemplate":"https:\/\/blvk.ch\/de\/?s={search_term_string}"},"query-input":{"@type":"PropertyValueSpecification","valueRequired":true,"valueName":"search_term_string"}}],"inLanguage":"de-DE"},{"@type":"Organization","@id":"https:\/\/blvk.ch\/de\/#organization","name":"BLVK","url":"https:\/\/blvk.ch\/de\/","logo":{"@type":"ImageObject","inLanguage":"de-DE","@id":"https:\/\/blvk.ch\/de\/#\/schema\/logo\/image\/","url":"https:\/\/blvk.ch\/wp-content\/uploads\/2022\/07\/Logo.png","contentUrl":"https:\/\/blvk.ch\/wp-content\/uploads\/2022\/07\/Logo.png","width":152,"height":66,"caption":"BLVK"},"image":{"@id":"https:\/\/blvk.ch\/de\/#\/schema\/logo\/image\/"}}]}},"_links":{"self":[{"href":"https:\/\/blvk.ch\/de\/wp-json\/wp\/v2\/pages\/462","targetHints":{"allow":["GET"]}}],"collection":[{"href":"https:\/\/blvk.ch\/de\/wp-json\/wp\/v2\/pages"}],"about":[{"href":"https:\/\/blvk.ch\/de\/wp-json\/wp\/v2\/types\/page"}],"author":[{"embeddable":true,"href":"https:\/\/blvk.ch\/de\/wp-json\/wp\/v2\/users\/1"}],"replies":[{"embeddable":true,"href":"https:\/\/blvk.ch\/de\/wp-json\/wp\/v2\/comments?post=462"}],"version-history":[{"count":30,"href":"https:\/\/blvk.ch\/de\/wp-json\/wp\/v2\/pages\/462\/revisions"}],"predecessor-version":[{"id":10534,"href":"https:\/\/blvk.ch\/de\/wp-json\/wp\/v2\/pages\/462\/revisions\/10534"}],"up":[{"embeddable":true,"href":"https:\/\/blvk.ch\/de\/wp-json\/wp\/v2\/pages\/80"}],"wp:attachment":[{"href":"https:\/\/blvk.ch\/de\/wp-json\/wp\/v2\/media?parent=462"}],"curies":[{"name":"wp","href":"https:\/\/api.w.org\/{rel}","templated":true}]}}