{"id":474,"date":"2022-09-05T21:48:05","date_gmt":"2022-09-05T21:48:05","guid":{"rendered":"https:\/\/blvk.dev.mxm.agency\/?page_id=474"},"modified":"2025-10-21T10:25:44","modified_gmt":"2025-10-21T08:25:44","slug":"zinssaetze-fuer-hypotheken","status":"publish","type":"page","link":"https:\/\/blvk.ch\/de\/zinssaetze-fuer-hypotheken\/","title":{"rendered":"Zinss\u00e4tze f\u00fcr Hypotheken"},"content":{"rendered":"<h2>Die aktuellen Zinss\u00e4tze f\u00fcr Ihre Hypotheken auf einen Blick.<\/h2>\n<p>Die Zinsen werden jede Woche am Dienstag festgelegt. Sie gelten exklusive f\u00fcr Versicherte der BLVK und sind als Richtwerte zu verstehen. Sie k\u00f6nnen jederzeit \u00e4ndern. Vorausfixierung bis 6 Monate im Voraus ohne Zuschlag. 7 bis maximal 12 Monate im Voraus mit einem Zuschlag von 0,10 Prozenz auf die ganze Laufzeit. ((Tabelle)) Alle Angaben ohne Gew\u00e4hr.<\/p>\n<p>&nbsp;<\/p>\n<p>((AKKORDEON))<\/p>\n<h2>Was ist eine SARON-Hypothek?<\/h2>\n<p>Der SARON (Swiss Average Rate Overnight) ist ein Tagesgeldzinssatz, der am Ende jedes Gesch\u00e4ftstages auf Basis von abgeschlossenen Repo-Transaktionen und verbindlichen Preisstellungen im Schweizer Geldmarkt berechnet wird. Er ist \u00f6ffentlich einsehbar, repr\u00e4sentativ, robust und erf\u00fcllt die Anforderungen internationaler Benchmark-Standards. Weiterf\u00fchrende Informationen zum SARON und zu dessen Verlauf finden Sie unter\u00a0\u00a0<a href=\"http:\/\/six-group.com\/saron\" target=\"_blank\" rel=\"noopener\">six-group.com\/saron<\/a><\/p>\n<p>F\u00fcr die SARON-Hypothek wird viertelj\u00e4hrlich der SARON Compound ermittelt. Dieser wird aus dem Durchschnitt der t\u00e4glich aufgezinsten SARON-Zinss\u00e4tze der gesamten Ermittlungsperiode berechnet. Der<\/p>\n<p>SARON Compound dient als Basiszinssatz Ihrer SARON-Hypothek. Die H\u00f6he des Basiszinssatzes wird jeweils nach Ende der viertelj\u00e4hrlichen Ermittlungsperiode bekannt und gilt f\u00fcr die anschliessende Zinsperiode. Im Falle eines negativen Basissatzes wird f\u00fcr die Berechnung des Zinssatzes Ihrer SARON-Hypothek ein Satz von 0 Prozent verwendet. Ihr pers\u00f6nlicher Zinssatz setzt sich aus dem Basiszinssatz und der mit der BLVK vereinbarten Marge zusammen.<\/p>\n","protected":false},"excerpt":{"rendered":"<p>Die aktuellen Zinss\u00e4tze f\u00fcr Ihre Hypotheken auf einen Blick. Die Zinsen werden jede Woche am Dienstag festgelegt. Sie gelten exklusive f\u00fcr Versicherte der BLVK und sind als Richtwerte zu verstehen. Sie k\u00f6nnen jederzeit \u00e4ndern. Vorausfixierung bis 6 Monate im Voraus ohne Zuschlag. 7 bis maximal 12 Monate im Voraus mit einem Zuschlag von 0,10 Prozenz [&hellip;]<\/p>\n","protected":false},"author":1,"featured_media":0,"parent":0,"menu_order":4,"comment_status":"closed","ping_status":"closed","template":"page-templates\/tables-template.php","meta":{"_acf_changed":false,"inline_featured_image":false,"footnotes":""},"class_list":["post-474","page","type-page","status-publish","hentry"],"acf":[],"yoast_head":"<!-- This site is optimized with the Yoast SEO plugin v25.4 - https:\/\/yoast.com\/wordpress\/plugins\/seo\/ -->\n<title>Zinss\u00e4tze f\u00fcr Hypotheken - BLVK<\/title>\n<meta name=\"robots\" content=\"index, follow, max-snippet:-1, max-image-preview:large, max-video-preview:-1\" \/>\n<link rel=\"canonical\" href=\"https:\/\/blvk.ch\/de\/zinssaetze-fuer-hypotheken\/\" \/>\n<meta property=\"og:locale\" content=\"de_DE\" \/>\n<meta property=\"og:type\" content=\"article\" \/>\n<meta property=\"og:title\" content=\"Zinss\u00e4tze f\u00fcr Hypotheken - BLVK\" \/>\n<meta property=\"og:description\" content=\"Die aktuellen Zinss\u00e4tze f\u00fcr Ihre Hypotheken auf einen Blick. Die Zinsen werden jede Woche am Dienstag festgelegt. Sie gelten exklusive f\u00fcr Versicherte der BLVK und sind als Richtwerte zu verstehen. Sie k\u00f6nnen jederzeit \u00e4ndern. Vorausfixierung bis 6 Monate im Voraus ohne Zuschlag. 7 bis maximal 12 Monate im Voraus mit einem Zuschlag von 0,10 Prozenz [&hellip;]\" \/>\n<meta property=\"og:url\" content=\"https:\/\/blvk.ch\/de\/zinssaetze-fuer-hypotheken\/\" \/>\n<meta property=\"og:site_name\" content=\"BLVK\" \/>\n<meta property=\"article:modified_time\" content=\"2025-10-21T08:25:44+00:00\" \/>\n<meta name=\"twitter:card\" content=\"summary_large_image\" \/>\n<meta name=\"twitter:label1\" content=\"Gesch\u00e4tzte Lesezeit\" \/>\n\t<meta name=\"twitter:data1\" content=\"1 Minute\" \/>\n<script type=\"application\/ld+json\" class=\"yoast-schema-graph\">{\"@context\":\"https:\/\/schema.org\",\"@graph\":[{\"@type\":\"WebPage\",\"@id\":\"https:\/\/blvk.ch\/de\/zinssaetze-fuer-hypotheken\/\",\"url\":\"https:\/\/blvk.ch\/de\/zinssaetze-fuer-hypotheken\/\",\"name\":\"Zinss\u00e4tze f\u00fcr Hypotheken - BLVK\",\"isPartOf\":{\"@id\":\"https:\/\/blvk.ch\/de\/#website\"},\"datePublished\":\"2022-09-05T21:48:05+00:00\",\"dateModified\":\"2025-10-21T08:25:44+00:00\",\"breadcrumb\":{\"@id\":\"https:\/\/blvk.ch\/de\/zinssaetze-fuer-hypotheken\/#breadcrumb\"},\"inLanguage\":\"de-DE\",\"potentialAction\":[{\"@type\":\"ReadAction\",\"target\":[\"https:\/\/blvk.ch\/de\/zinssaetze-fuer-hypotheken\/\"]}]},{\"@type\":\"BreadcrumbList\",\"@id\":\"https:\/\/blvk.ch\/de\/zinssaetze-fuer-hypotheken\/#breadcrumb\",\"itemListElement\":[{\"@type\":\"ListItem\",\"position\":1,\"name\":\"Startseite\",\"item\":\"https:\/\/blvk.ch\/de\/\"},{\"@type\":\"ListItem\",\"position\":2,\"name\":\"Zinss\u00e4tze f\u00fcr Hypotheken\"}]},{\"@type\":\"WebSite\",\"@id\":\"https:\/\/blvk.ch\/de\/#website\",\"url\":\"https:\/\/blvk.ch\/de\/\",\"name\":\"BLVK\",\"description\":\"Bernische Lehrerversicherungskasse\",\"publisher\":{\"@id\":\"https:\/\/blvk.ch\/de\/#organization\"},\"potentialAction\":[{\"@type\":\"SearchAction\",\"target\":{\"@type\":\"EntryPoint\",\"urlTemplate\":\"https:\/\/blvk.ch\/de\/?s={search_term_string}\"},\"query-input\":{\"@type\":\"PropertyValueSpecification\",\"valueRequired\":true,\"valueName\":\"search_term_string\"}}],\"inLanguage\":\"de-DE\"},{\"@type\":\"Organization\",\"@id\":\"https:\/\/blvk.ch\/de\/#organization\",\"name\":\"BLVK\",\"url\":\"https:\/\/blvk.ch\/de\/\",\"logo\":{\"@type\":\"ImageObject\",\"inLanguage\":\"de-DE\",\"@id\":\"https:\/\/blvk.ch\/de\/#\/schema\/logo\/image\/\",\"url\":\"https:\/\/blvk.ch\/wp-content\/uploads\/2022\/07\/Logo.png\",\"contentUrl\":\"https:\/\/blvk.ch\/wp-content\/uploads\/2022\/07\/Logo.png\",\"width\":152,\"height\":66,\"caption\":\"BLVK\"},\"image\":{\"@id\":\"https:\/\/blvk.ch\/de\/#\/schema\/logo\/image\/\"}}]}<\/script>\n<!-- \/ Yoast SEO plugin. -->","yoast_head_json":{"title":"Zinss\u00e4tze f\u00fcr Hypotheken - BLVK","robots":{"index":"index","follow":"follow","max-snippet":"max-snippet:-1","max-image-preview":"max-image-preview:large","max-video-preview":"max-video-preview:-1"},"canonical":"https:\/\/blvk.ch\/de\/zinssaetze-fuer-hypotheken\/","og_locale":"de_DE","og_type":"article","og_title":"Zinss\u00e4tze f\u00fcr Hypotheken - BLVK","og_description":"Die aktuellen Zinss\u00e4tze f\u00fcr Ihre Hypotheken auf einen Blick. Die Zinsen werden jede Woche am Dienstag festgelegt. Sie gelten exklusive f\u00fcr Versicherte der BLVK und sind als Richtwerte zu verstehen. Sie k\u00f6nnen jederzeit \u00e4ndern. Vorausfixierung bis 6 Monate im Voraus ohne Zuschlag. 7 bis maximal 12 Monate im Voraus mit einem Zuschlag von 0,10 Prozenz [&hellip;]","og_url":"https:\/\/blvk.ch\/de\/zinssaetze-fuer-hypotheken\/","og_site_name":"BLVK","article_modified_time":"2025-10-21T08:25:44+00:00","twitter_card":"summary_large_image","twitter_misc":{"Gesch\u00e4tzte Lesezeit":"1 Minute"},"schema":{"@context":"https:\/\/schema.org","@graph":[{"@type":"WebPage","@id":"https:\/\/blvk.ch\/de\/zinssaetze-fuer-hypotheken\/","url":"https:\/\/blvk.ch\/de\/zinssaetze-fuer-hypotheken\/","name":"Zinss\u00e4tze f\u00fcr Hypotheken - BLVK","isPartOf":{"@id":"https:\/\/blvk.ch\/de\/#website"},"datePublished":"2022-09-05T21:48:05+00:00","dateModified":"2025-10-21T08:25:44+00:00","breadcrumb":{"@id":"https:\/\/blvk.ch\/de\/zinssaetze-fuer-hypotheken\/#breadcrumb"},"inLanguage":"de-DE","potentialAction":[{"@type":"ReadAction","target":["https:\/\/blvk.ch\/de\/zinssaetze-fuer-hypotheken\/"]}]},{"@type":"BreadcrumbList","@id":"https:\/\/blvk.ch\/de\/zinssaetze-fuer-hypotheken\/#breadcrumb","itemListElement":[{"@type":"ListItem","position":1,"name":"Startseite","item":"https:\/\/blvk.ch\/de\/"},{"@type":"ListItem","position":2,"name":"Zinss\u00e4tze f\u00fcr Hypotheken"}]},{"@type":"WebSite","@id":"https:\/\/blvk.ch\/de\/#website","url":"https:\/\/blvk.ch\/de\/","name":"BLVK","description":"Bernische Lehrerversicherungskasse","publisher":{"@id":"https:\/\/blvk.ch\/de\/#organization"},"potentialAction":[{"@type":"SearchAction","target":{"@type":"EntryPoint","urlTemplate":"https:\/\/blvk.ch\/de\/?s={search_term_string}"},"query-input":{"@type":"PropertyValueSpecification","valueRequired":true,"valueName":"search_term_string"}}],"inLanguage":"de-DE"},{"@type":"Organization","@id":"https:\/\/blvk.ch\/de\/#organization","name":"BLVK","url":"https:\/\/blvk.ch\/de\/","logo":{"@type":"ImageObject","inLanguage":"de-DE","@id":"https:\/\/blvk.ch\/de\/#\/schema\/logo\/image\/","url":"https:\/\/blvk.ch\/wp-content\/uploads\/2022\/07\/Logo.png","contentUrl":"https:\/\/blvk.ch\/wp-content\/uploads\/2022\/07\/Logo.png","width":152,"height":66,"caption":"BLVK"},"image":{"@id":"https:\/\/blvk.ch\/de\/#\/schema\/logo\/image\/"}}]}},"_links":{"self":[{"href":"https:\/\/blvk.ch\/de\/wp-json\/wp\/v2\/pages\/474","targetHints":{"allow":["GET"]}}],"collection":[{"href":"https:\/\/blvk.ch\/de\/wp-json\/wp\/v2\/pages"}],"about":[{"href":"https:\/\/blvk.ch\/de\/wp-json\/wp\/v2\/types\/page"}],"author":[{"embeddable":true,"href":"https:\/\/blvk.ch\/de\/wp-json\/wp\/v2\/users\/1"}],"replies":[{"embeddable":true,"href":"https:\/\/blvk.ch\/de\/wp-json\/wp\/v2\/comments?post=474"}],"version-history":[{"count":43,"href":"https:\/\/blvk.ch\/de\/wp-json\/wp\/v2\/pages\/474\/revisions"}],"predecessor-version":[{"id":10458,"href":"https:\/\/blvk.ch\/de\/wp-json\/wp\/v2\/pages\/474\/revisions\/10458"}],"wp:attachment":[{"href":"https:\/\/blvk.ch\/de\/wp-json\/wp\/v2\/media?parent=474"}],"curies":[{"name":"wp","href":"https:\/\/api.w.org\/{rel}","templated":true}]}}