{"id":477,"date":"2022-09-05T21:49:05","date_gmt":"2022-09-05T21:49:05","guid":{"rendered":"https:\/\/blvk.dev.mxm.agency\/?page_id=477"},"modified":"2026-04-23T10:04:06","modified_gmt":"2026-04-23T08:04:06","slug":"wohneigentumsfoerderung","status":"publish","type":"page","link":"https:\/\/blvk.ch\/de\/versicherte\/anderung-lebenslage\/wohneigentumsfoerderung\/","title":{"rendered":"Wohneigentumsf\u00f6rderung"},"content":{"rendered":"<h2>Wohneigentumsf\u00f6rderung<\/h2>\n<p>Gem\u00e4ss Bundesgesetz \u00fcber die Wohneigentumsf\u00f6rderung mit Mitteln der beruflichen Vorsorge (WEF) kann das angesparte Vorsorgekapital unter anderem f\u00fcr den Kauf oder den Umbau von selbstbewohntem Wohneigentum sowie f\u00fcr die Amortisation von Hypothekendarlehen verwendet werden. Neben dem Vorbezug ist auch eine Verpf\u00e4ndung des Vorsorgekapitals m\u00f6glich. Die Einzelheiten sind in Art. 28 des Vorsorgereglements geregelt.<\/p>\n<p>&nbsp;<\/p>\n<p>Mehr Informationen \u00fcber die M\u00f6glichkeiten sowie die Vorgehensweise finden Sie im Merkblatt Wohneigentumsf\u00f6rderung. Gerne beraten wir Sie auch pers\u00f6nlich.<\/p>\n<p>&nbsp;<\/p>\n<p><strong>Ihr Kontakt:<\/strong><\/p>\n<p>Erika Gr\u00fcneisen<\/p>\n<p>Fachspezialistin Vorsorge<\/p>\n<p>Tel. 031 930 83 89<\/p>\n<p>erika.grueneisen@blvk.ch<\/p>\n","protected":false},"excerpt":{"rendered":"<p>Wohneigentumsf\u00f6rderung Gem\u00e4ss Bundesgesetz \u00fcber die Wohneigentumsf\u00f6rderung mit Mitteln der beruflichen Vorsorge (WEF) kann das angesparte Vorsorgekapital unter anderem f\u00fcr den Kauf oder den Umbau von selbstbewohntem Wohneigentum sowie f\u00fcr die Amortisation von Hypothekendarlehen verwendet werden. Neben dem Vorbezug ist auch eine Verpf\u00e4ndung des Vorsorgekapitals m\u00f6glich. Die Einzelheiten sind in Art. 28 des Vorsorgereglements geregelt. &nbsp; [&hellip;]<\/p>\n","protected":false},"author":1,"featured_media":0,"parent":80,"menu_order":5,"comment_status":"closed","ping_status":"closed","template":"page-templates\/grundsatze-columns.php","meta":{"_acf_changed":false,"inline_featured_image":false,"footnotes":""},"class_list":["post-477","page","type-page","status-publish","hentry"],"acf":[],"yoast_head":"<!-- This site is optimized with the Yoast SEO plugin v25.4 - https:\/\/yoast.com\/wordpress\/plugins\/seo\/ -->\n<title>Wohneigentumsf\u00f6rderung - BLVK<\/title>\n<meta name=\"robots\" content=\"index, follow, max-snippet:-1, max-image-preview:large, max-video-preview:-1\" \/>\n<link rel=\"canonical\" href=\"https:\/\/blvk.ch\/de\/versicherte\/anderung-lebenslage\/wohneigentumsfoerderung\/\" \/>\n<meta property=\"og:locale\" content=\"de_DE\" \/>\n<meta property=\"og:type\" content=\"article\" \/>\n<meta property=\"og:title\" content=\"Wohneigentumsf\u00f6rderung - BLVK\" \/>\n<meta property=\"og:description\" content=\"Wohneigentumsf\u00f6rderung Gem\u00e4ss Bundesgesetz \u00fcber die Wohneigentumsf\u00f6rderung mit Mitteln der beruflichen Vorsorge (WEF) kann das angesparte Vorsorgekapital unter anderem f\u00fcr den Kauf oder den Umbau von selbstbewohntem Wohneigentum sowie f\u00fcr die Amortisation von Hypothekendarlehen verwendet werden. Neben dem Vorbezug ist auch eine Verpf\u00e4ndung des Vorsorgekapitals m\u00f6glich. Die Einzelheiten sind in Art. 28 des Vorsorgereglements geregelt. &nbsp; [&hellip;]\" \/>\n<meta property=\"og:url\" content=\"https:\/\/blvk.ch\/de\/versicherte\/anderung-lebenslage\/wohneigentumsfoerderung\/\" \/>\n<meta property=\"og:site_name\" content=\"BLVK\" \/>\n<meta property=\"article:modified_time\" content=\"2026-04-23T08:04:06+00:00\" \/>\n<meta name=\"twitter:card\" content=\"summary_large_image\" \/>\n<meta name=\"twitter:label1\" content=\"Gesch\u00e4tzte Lesezeit\" \/>\n\t<meta name=\"twitter:data1\" content=\"1 Minute\" \/>\n<script type=\"application\/ld+json\" class=\"yoast-schema-graph\">{\"@context\":\"https:\/\/schema.org\",\"@graph\":[{\"@type\":\"WebPage\",\"@id\":\"https:\/\/blvk.ch\/de\/versicherte\/anderung-lebenslage\/wohneigentumsfoerderung\/\",\"url\":\"https:\/\/blvk.ch\/de\/versicherte\/anderung-lebenslage\/wohneigentumsfoerderung\/\",\"name\":\"Wohneigentumsf\u00f6rderung - BLVK\",\"isPartOf\":{\"@id\":\"https:\/\/blvk.ch\/de\/#website\"},\"datePublished\":\"2022-09-05T21:49:05+00:00\",\"dateModified\":\"2026-04-23T08:04:06+00:00\",\"breadcrumb\":{\"@id\":\"https:\/\/blvk.ch\/de\/versicherte\/anderung-lebenslage\/wohneigentumsfoerderung\/#breadcrumb\"},\"inLanguage\":\"de-DE\",\"potentialAction\":[{\"@type\":\"ReadAction\",\"target\":[\"https:\/\/blvk.ch\/de\/versicherte\/anderung-lebenslage\/wohneigentumsfoerderung\/\"]}]},{\"@type\":\"BreadcrumbList\",\"@id\":\"https:\/\/blvk.ch\/de\/versicherte\/anderung-lebenslage\/wohneigentumsfoerderung\/#breadcrumb\",\"itemListElement\":[{\"@type\":\"ListItem\",\"position\":1,\"name\":\"Startseite\",\"item\":\"https:\/\/blvk.ch\/de\/\"},{\"@type\":\"ListItem\",\"position\":2,\"name\":\"Versicherte\",\"item\":\"https:\/\/blvk.ch\/de\/versicherte\/\"},{\"@type\":\"ListItem\",\"position\":3,\"name\":\"\u00c4nderung Lebenslage\",\"item\":\"https:\/\/blvk.ch\/de\/versicherte\/anderung-lebenslage\/\"},{\"@type\":\"ListItem\",\"position\":4,\"name\":\"Wohneigentumsf\u00f6rderung\"}]},{\"@type\":\"WebSite\",\"@id\":\"https:\/\/blvk.ch\/de\/#website\",\"url\":\"https:\/\/blvk.ch\/de\/\",\"name\":\"BLVK\",\"description\":\"Bernische Lehrerversicherungskasse\",\"publisher\":{\"@id\":\"https:\/\/blvk.ch\/de\/#organization\"},\"potentialAction\":[{\"@type\":\"SearchAction\",\"target\":{\"@type\":\"EntryPoint\",\"urlTemplate\":\"https:\/\/blvk.ch\/de\/?s={search_term_string}\"},\"query-input\":{\"@type\":\"PropertyValueSpecification\",\"valueRequired\":true,\"valueName\":\"search_term_string\"}}],\"inLanguage\":\"de-DE\"},{\"@type\":\"Organization\",\"@id\":\"https:\/\/blvk.ch\/de\/#organization\",\"name\":\"BLVK\",\"url\":\"https:\/\/blvk.ch\/de\/\",\"logo\":{\"@type\":\"ImageObject\",\"inLanguage\":\"de-DE\",\"@id\":\"https:\/\/blvk.ch\/de\/#\/schema\/logo\/image\/\",\"url\":\"https:\/\/blvk.ch\/wp-content\/uploads\/2022\/07\/Logo.png\",\"contentUrl\":\"https:\/\/blvk.ch\/wp-content\/uploads\/2022\/07\/Logo.png\",\"width\":152,\"height\":66,\"caption\":\"BLVK\"},\"image\":{\"@id\":\"https:\/\/blvk.ch\/de\/#\/schema\/logo\/image\/\"}}]}<\/script>\n<!-- \/ Yoast SEO plugin. -->","yoast_head_json":{"title":"Wohneigentumsf\u00f6rderung - BLVK","robots":{"index":"index","follow":"follow","max-snippet":"max-snippet:-1","max-image-preview":"max-image-preview:large","max-video-preview":"max-video-preview:-1"},"canonical":"https:\/\/blvk.ch\/de\/versicherte\/anderung-lebenslage\/wohneigentumsfoerderung\/","og_locale":"de_DE","og_type":"article","og_title":"Wohneigentumsf\u00f6rderung - BLVK","og_description":"Wohneigentumsf\u00f6rderung Gem\u00e4ss Bundesgesetz \u00fcber die Wohneigentumsf\u00f6rderung mit Mitteln der beruflichen Vorsorge (WEF) kann das angesparte Vorsorgekapital unter anderem f\u00fcr den Kauf oder den Umbau von selbstbewohntem Wohneigentum sowie f\u00fcr die Amortisation von Hypothekendarlehen verwendet werden. Neben dem Vorbezug ist auch eine Verpf\u00e4ndung des Vorsorgekapitals m\u00f6glich. Die Einzelheiten sind in Art. 28 des Vorsorgereglements geregelt. &nbsp; [&hellip;]","og_url":"https:\/\/blvk.ch\/de\/versicherte\/anderung-lebenslage\/wohneigentumsfoerderung\/","og_site_name":"BLVK","article_modified_time":"2026-04-23T08:04:06+00:00","twitter_card":"summary_large_image","twitter_misc":{"Gesch\u00e4tzte Lesezeit":"1 Minute"},"schema":{"@context":"https:\/\/schema.org","@graph":[{"@type":"WebPage","@id":"https:\/\/blvk.ch\/de\/versicherte\/anderung-lebenslage\/wohneigentumsfoerderung\/","url":"https:\/\/blvk.ch\/de\/versicherte\/anderung-lebenslage\/wohneigentumsfoerderung\/","name":"Wohneigentumsf\u00f6rderung - BLVK","isPartOf":{"@id":"https:\/\/blvk.ch\/de\/#website"},"datePublished":"2022-09-05T21:49:05+00:00","dateModified":"2026-04-23T08:04:06+00:00","breadcrumb":{"@id":"https:\/\/blvk.ch\/de\/versicherte\/anderung-lebenslage\/wohneigentumsfoerderung\/#breadcrumb"},"inLanguage":"de-DE","potentialAction":[{"@type":"ReadAction","target":["https:\/\/blvk.ch\/de\/versicherte\/anderung-lebenslage\/wohneigentumsfoerderung\/"]}]},{"@type":"BreadcrumbList","@id":"https:\/\/blvk.ch\/de\/versicherte\/anderung-lebenslage\/wohneigentumsfoerderung\/#breadcrumb","itemListElement":[{"@type":"ListItem","position":1,"name":"Startseite","item":"https:\/\/blvk.ch\/de\/"},{"@type":"ListItem","position":2,"name":"Versicherte","item":"https:\/\/blvk.ch\/de\/versicherte\/"},{"@type":"ListItem","position":3,"name":"\u00c4nderung Lebenslage","item":"https:\/\/blvk.ch\/de\/versicherte\/anderung-lebenslage\/"},{"@type":"ListItem","position":4,"name":"Wohneigentumsf\u00f6rderung"}]},{"@type":"WebSite","@id":"https:\/\/blvk.ch\/de\/#website","url":"https:\/\/blvk.ch\/de\/","name":"BLVK","description":"Bernische Lehrerversicherungskasse","publisher":{"@id":"https:\/\/blvk.ch\/de\/#organization"},"potentialAction":[{"@type":"SearchAction","target":{"@type":"EntryPoint","urlTemplate":"https:\/\/blvk.ch\/de\/?s={search_term_string}"},"query-input":{"@type":"PropertyValueSpecification","valueRequired":true,"valueName":"search_term_string"}}],"inLanguage":"de-DE"},{"@type":"Organization","@id":"https:\/\/blvk.ch\/de\/#organization","name":"BLVK","url":"https:\/\/blvk.ch\/de\/","logo":{"@type":"ImageObject","inLanguage":"de-DE","@id":"https:\/\/blvk.ch\/de\/#\/schema\/logo\/image\/","url":"https:\/\/blvk.ch\/wp-content\/uploads\/2022\/07\/Logo.png","contentUrl":"https:\/\/blvk.ch\/wp-content\/uploads\/2022\/07\/Logo.png","width":152,"height":66,"caption":"BLVK"},"image":{"@id":"https:\/\/blvk.ch\/de\/#\/schema\/logo\/image\/"}}]}},"_links":{"self":[{"href":"https:\/\/blvk.ch\/de\/wp-json\/wp\/v2\/pages\/477","targetHints":{"allow":["GET"]}}],"collection":[{"href":"https:\/\/blvk.ch\/de\/wp-json\/wp\/v2\/pages"}],"about":[{"href":"https:\/\/blvk.ch\/de\/wp-json\/wp\/v2\/types\/page"}],"author":[{"embeddable":true,"href":"https:\/\/blvk.ch\/de\/wp-json\/wp\/v2\/users\/1"}],"replies":[{"embeddable":true,"href":"https:\/\/blvk.ch\/de\/wp-json\/wp\/v2\/comments?post=477"}],"version-history":[{"count":29,"href":"https:\/\/blvk.ch\/de\/wp-json\/wp\/v2\/pages\/477\/revisions"}],"predecessor-version":[{"id":11075,"href":"https:\/\/blvk.ch\/de\/wp-json\/wp\/v2\/pages\/477\/revisions\/11075"}],"up":[{"embeddable":true,"href":"https:\/\/blvk.ch\/de\/wp-json\/wp\/v2\/pages\/80"}],"wp:attachment":[{"href":"https:\/\/blvk.ch\/de\/wp-json\/wp\/v2\/media?parent=477"}],"curies":[{"name":"wp","href":"https:\/\/api.w.org\/{rel}","templated":true}]}}