{"id":484,"date":"2022-09-05T21:50:32","date_gmt":"2022-09-05T21:50:32","guid":{"rendered":"https:\/\/blvk.dev.mxm.agency\/?page_id=484"},"modified":"2025-08-11T09:33:38","modified_gmt":"2025-08-11T07:33:38","slug":"pensionierung","status":"publish","type":"page","link":"https:\/\/blvk.ch\/de\/versicherte\/schritte-zur-pensionierung\/pensionierung\/","title":{"rendered":"Pensionierung"},"content":{"rendered":"<p>Eine Pensionierung bei der BLVK ist zwischen Alter 58 und 70 m\u00f6glich. Auf den folgenden Seiten finden s\u00e4mtliche Informationen und Antragsformulare rund um dieses Thema. Unabh\u00e4ngig davon, ob Sie sich vorzeitig pensionieren lassen oder l\u00e4nger arbeiten wollen, oder ob Sie eine Rente, einen Kapitalbezug oder eine \u00dcberbr\u00fcckungsrente beanspruchen m\u00f6chten.<\/p>\n","protected":false},"excerpt":{"rendered":"<p>Eine Pensionierung bei der BLVK ist zwischen Alter 58 und 70 m\u00f6glich. Auf den folgenden Seiten finden s\u00e4mtliche Informationen und Antragsformulare rund um dieses Thema. Unabh\u00e4ngig davon, ob Sie sich vorzeitig pensionieren lassen oder l\u00e4nger arbeiten wollen, oder ob Sie eine Rente, einen Kapitalbezug oder eine \u00dcberbr\u00fcckungsrente beanspruchen m\u00f6chten.<\/p>\n","protected":false},"author":1,"featured_media":0,"parent":86,"menu_order":0,"comment_status":"closed","ping_status":"closed","template":"page-templates\/grundsatze-small.php","meta":{"_acf_changed":false,"inline_featured_image":false,"footnotes":""},"class_list":["post-484","page","type-page","status-publish","hentry"],"acf":[],"yoast_head":"<!-- This site is optimized with the Yoast SEO plugin v25.4 - https:\/\/yoast.com\/wordpress\/plugins\/seo\/ -->\n<title>Pensionierung - BLVK<\/title>\n<meta name=\"robots\" content=\"index, follow, max-snippet:-1, max-image-preview:large, max-video-preview:-1\" \/>\n<link rel=\"canonical\" href=\"https:\/\/blvk.ch\/de\/versicherte\/schritte-zur-pensionierung\/pensionierung\/\" \/>\n<meta property=\"og:locale\" content=\"de_DE\" \/>\n<meta property=\"og:type\" content=\"article\" \/>\n<meta property=\"og:title\" content=\"Pensionierung - BLVK\" \/>\n<meta property=\"og:description\" content=\"Eine Pensionierung bei der BLVK ist zwischen Alter 58 und 70 m\u00f6glich. Auf den folgenden Seiten finden s\u00e4mtliche Informationen und Antragsformulare rund um dieses Thema. Unabh\u00e4ngig davon, ob Sie sich vorzeitig pensionieren lassen oder l\u00e4nger arbeiten wollen, oder ob Sie eine Rente, einen Kapitalbezug oder eine \u00dcberbr\u00fcckungsrente beanspruchen m\u00f6chten.\" \/>\n<meta property=\"og:url\" content=\"https:\/\/blvk.ch\/de\/versicherte\/schritte-zur-pensionierung\/pensionierung\/\" \/>\n<meta property=\"og:site_name\" content=\"BLVK\" \/>\n<meta property=\"article:modified_time\" content=\"2025-08-11T07:33:38+00:00\" \/>\n<meta name=\"twitter:card\" content=\"summary_large_image\" \/>\n<meta name=\"twitter:label1\" content=\"Gesch\u00e4tzte Lesezeit\" \/>\n\t<meta name=\"twitter:data1\" content=\"1 Minute\" \/>\n<script type=\"application\/ld+json\" class=\"yoast-schema-graph\">{\"@context\":\"https:\/\/schema.org\",\"@graph\":[{\"@type\":\"WebPage\",\"@id\":\"https:\/\/blvk.ch\/de\/versicherte\/schritte-zur-pensionierung\/pensionierung\/\",\"url\":\"https:\/\/blvk.ch\/de\/versicherte\/schritte-zur-pensionierung\/pensionierung\/\",\"name\":\"Pensionierung - BLVK\",\"isPartOf\":{\"@id\":\"https:\/\/blvk.ch\/de\/#website\"},\"datePublished\":\"2022-09-05T21:50:32+00:00\",\"dateModified\":\"2025-08-11T07:33:38+00:00\",\"breadcrumb\":{\"@id\":\"https:\/\/blvk.ch\/de\/versicherte\/schritte-zur-pensionierung\/pensionierung\/#breadcrumb\"},\"inLanguage\":\"de-DE\",\"potentialAction\":[{\"@type\":\"ReadAction\",\"target\":[\"https:\/\/blvk.ch\/de\/versicherte\/schritte-zur-pensionierung\/pensionierung\/\"]}]},{\"@type\":\"BreadcrumbList\",\"@id\":\"https:\/\/blvk.ch\/de\/versicherte\/schritte-zur-pensionierung\/pensionierung\/#breadcrumb\",\"itemListElement\":[{\"@type\":\"ListItem\",\"position\":1,\"name\":\"Startseite\",\"item\":\"https:\/\/blvk.ch\/de\/\"},{\"@type\":\"ListItem\",\"position\":2,\"name\":\"Versicherte\",\"item\":\"https:\/\/blvk.ch\/de\/versicherte\/\"},{\"@type\":\"ListItem\",\"position\":3,\"name\":\"Schritte zur Pensionierung\",\"item\":\"https:\/\/blvk.ch\/de\/versicherte\/schritte-zur-pensionierung\/\"},{\"@type\":\"ListItem\",\"position\":4,\"name\":\"Pensionierung\"}]},{\"@type\":\"WebSite\",\"@id\":\"https:\/\/blvk.ch\/de\/#website\",\"url\":\"https:\/\/blvk.ch\/de\/\",\"name\":\"BLVK\",\"description\":\"Bernische Lehrerversicherungskasse\",\"publisher\":{\"@id\":\"https:\/\/blvk.ch\/de\/#organization\"},\"potentialAction\":[{\"@type\":\"SearchAction\",\"target\":{\"@type\":\"EntryPoint\",\"urlTemplate\":\"https:\/\/blvk.ch\/de\/?s={search_term_string}\"},\"query-input\":{\"@type\":\"PropertyValueSpecification\",\"valueRequired\":true,\"valueName\":\"search_term_string\"}}],\"inLanguage\":\"de-DE\"},{\"@type\":\"Organization\",\"@id\":\"https:\/\/blvk.ch\/de\/#organization\",\"name\":\"BLVK\",\"url\":\"https:\/\/blvk.ch\/de\/\",\"logo\":{\"@type\":\"ImageObject\",\"inLanguage\":\"de-DE\",\"@id\":\"https:\/\/blvk.ch\/de\/#\/schema\/logo\/image\/\",\"url\":\"https:\/\/blvk.ch\/wp-content\/uploads\/2022\/07\/Logo.png\",\"contentUrl\":\"https:\/\/blvk.ch\/wp-content\/uploads\/2022\/07\/Logo.png\",\"width\":152,\"height\":66,\"caption\":\"BLVK\"},\"image\":{\"@id\":\"https:\/\/blvk.ch\/de\/#\/schema\/logo\/image\/\"}}]}<\/script>\n<!-- \/ Yoast SEO plugin. -->","yoast_head_json":{"title":"Pensionierung - BLVK","robots":{"index":"index","follow":"follow","max-snippet":"max-snippet:-1","max-image-preview":"max-image-preview:large","max-video-preview":"max-video-preview:-1"},"canonical":"https:\/\/blvk.ch\/de\/versicherte\/schritte-zur-pensionierung\/pensionierung\/","og_locale":"de_DE","og_type":"article","og_title":"Pensionierung - BLVK","og_description":"Eine Pensionierung bei der BLVK ist zwischen Alter 58 und 70 m\u00f6glich. Auf den folgenden Seiten finden s\u00e4mtliche Informationen und Antragsformulare rund um dieses Thema. Unabh\u00e4ngig davon, ob Sie sich vorzeitig pensionieren lassen oder l\u00e4nger arbeiten wollen, oder ob Sie eine Rente, einen Kapitalbezug oder eine \u00dcberbr\u00fcckungsrente beanspruchen m\u00f6chten.","og_url":"https:\/\/blvk.ch\/de\/versicherte\/schritte-zur-pensionierung\/pensionierung\/","og_site_name":"BLVK","article_modified_time":"2025-08-11T07:33:38+00:00","twitter_card":"summary_large_image","twitter_misc":{"Gesch\u00e4tzte Lesezeit":"1 Minute"},"schema":{"@context":"https:\/\/schema.org","@graph":[{"@type":"WebPage","@id":"https:\/\/blvk.ch\/de\/versicherte\/schritte-zur-pensionierung\/pensionierung\/","url":"https:\/\/blvk.ch\/de\/versicherte\/schritte-zur-pensionierung\/pensionierung\/","name":"Pensionierung - BLVK","isPartOf":{"@id":"https:\/\/blvk.ch\/de\/#website"},"datePublished":"2022-09-05T21:50:32+00:00","dateModified":"2025-08-11T07:33:38+00:00","breadcrumb":{"@id":"https:\/\/blvk.ch\/de\/versicherte\/schritte-zur-pensionierung\/pensionierung\/#breadcrumb"},"inLanguage":"de-DE","potentialAction":[{"@type":"ReadAction","target":["https:\/\/blvk.ch\/de\/versicherte\/schritte-zur-pensionierung\/pensionierung\/"]}]},{"@type":"BreadcrumbList","@id":"https:\/\/blvk.ch\/de\/versicherte\/schritte-zur-pensionierung\/pensionierung\/#breadcrumb","itemListElement":[{"@type":"ListItem","position":1,"name":"Startseite","item":"https:\/\/blvk.ch\/de\/"},{"@type":"ListItem","position":2,"name":"Versicherte","item":"https:\/\/blvk.ch\/de\/versicherte\/"},{"@type":"ListItem","position":3,"name":"Schritte zur Pensionierung","item":"https:\/\/blvk.ch\/de\/versicherte\/schritte-zur-pensionierung\/"},{"@type":"ListItem","position":4,"name":"Pensionierung"}]},{"@type":"WebSite","@id":"https:\/\/blvk.ch\/de\/#website","url":"https:\/\/blvk.ch\/de\/","name":"BLVK","description":"Bernische Lehrerversicherungskasse","publisher":{"@id":"https:\/\/blvk.ch\/de\/#organization"},"potentialAction":[{"@type":"SearchAction","target":{"@type":"EntryPoint","urlTemplate":"https:\/\/blvk.ch\/de\/?s={search_term_string}"},"query-input":{"@type":"PropertyValueSpecification","valueRequired":true,"valueName":"search_term_string"}}],"inLanguage":"de-DE"},{"@type":"Organization","@id":"https:\/\/blvk.ch\/de\/#organization","name":"BLVK","url":"https:\/\/blvk.ch\/de\/","logo":{"@type":"ImageObject","inLanguage":"de-DE","@id":"https:\/\/blvk.ch\/de\/#\/schema\/logo\/image\/","url":"https:\/\/blvk.ch\/wp-content\/uploads\/2022\/07\/Logo.png","contentUrl":"https:\/\/blvk.ch\/wp-content\/uploads\/2022\/07\/Logo.png","width":152,"height":66,"caption":"BLVK"},"image":{"@id":"https:\/\/blvk.ch\/de\/#\/schema\/logo\/image\/"}}]}},"_links":{"self":[{"href":"https:\/\/blvk.ch\/de\/wp-json\/wp\/v2\/pages\/484","targetHints":{"allow":["GET"]}}],"collection":[{"href":"https:\/\/blvk.ch\/de\/wp-json\/wp\/v2\/pages"}],"about":[{"href":"https:\/\/blvk.ch\/de\/wp-json\/wp\/v2\/types\/page"}],"author":[{"embeddable":true,"href":"https:\/\/blvk.ch\/de\/wp-json\/wp\/v2\/users\/1"}],"replies":[{"embeddable":true,"href":"https:\/\/blvk.ch\/de\/wp-json\/wp\/v2\/comments?post=484"}],"version-history":[{"count":18,"href":"https:\/\/blvk.ch\/de\/wp-json\/wp\/v2\/pages\/484\/revisions"}],"predecessor-version":[{"id":10275,"href":"https:\/\/blvk.ch\/de\/wp-json\/wp\/v2\/pages\/484\/revisions\/10275"}],"up":[{"embeddable":true,"href":"https:\/\/blvk.ch\/de\/wp-json\/wp\/v2\/pages\/86"}],"wp:attachment":[{"href":"https:\/\/blvk.ch\/de\/wp-json\/wp\/v2\/media?parent=484"}],"curies":[{"name":"wp","href":"https:\/\/api.w.org\/{rel}","templated":true}]}}