{"id":490,"date":"2022-09-05T21:53:37","date_gmt":"2022-09-05T21:53:37","guid":{"rendered":"https:\/\/blvk.dev.mxm.agency\/?page_id=490"},"modified":"2025-08-11T09:30:30","modified_gmt":"2025-08-11T07:30:30","slug":"arbeiten-im-rentenalter","status":"publish","type":"page","link":"https:\/\/blvk.ch\/de\/versicherte\/schritte-zur-pensionierung\/arbeiten-im-rentenalter\/","title":{"rendered":"Arbeiten im Rentenalter"},"content":{"rendered":"<p>Die ordentliche Pensionierung erfolgt bei Frauen und M\u00e4nnern im Alter von 65 Jahren. Eine individuelle Pensionierung ist zwischen 58 und 70 m\u00f6glich, Sie k\u00f6nnen also problemlos auch im Rentenalter weiterarbeiten. Die BLVK bietet daf\u00fcr eine breite Palette an Dienstleistungen und L\u00f6sungsvarianten. Fragen Sie auf der Gesch\u00e4ftsstelle nach oder lassen Sie sich bei unserem Beratungsteam eine individuelle Offerte ausstellen. Ein Eintritt in die BLVK ist dagegen nach dem 65. Altersjahr nicht mehr m\u00f6glich.<\/p>\n","protected":false},"excerpt":{"rendered":"<p>Die ordentliche Pensionierung erfolgt bei Frauen und M\u00e4nnern im Alter von 65 Jahren. Eine individuelle Pensionierung ist zwischen 58 und 70 m\u00f6glich, Sie k\u00f6nnen also problemlos auch im Rentenalter weiterarbeiten. Die BLVK bietet daf\u00fcr eine breite Palette an Dienstleistungen und L\u00f6sungsvarianten. Fragen Sie auf der Gesch\u00e4ftsstelle nach oder lassen Sie sich bei unserem Beratungsteam eine [&hellip;]<\/p>\n","protected":false},"author":1,"featured_media":0,"parent":86,"menu_order":2,"comment_status":"closed","ping_status":"closed","template":"page-templates\/grundsatze-small.php","meta":{"_acf_changed":false,"inline_featured_image":false,"footnotes":""},"class_list":["post-490","page","type-page","status-publish","hentry"],"acf":[],"yoast_head":"<!-- This site is optimized with the Yoast SEO plugin v25.4 - https:\/\/yoast.com\/wordpress\/plugins\/seo\/ -->\n<title>Arbeiten im Rentenalter - BLVK<\/title>\n<meta name=\"robots\" content=\"index, follow, max-snippet:-1, max-image-preview:large, max-video-preview:-1\" \/>\n<link rel=\"canonical\" href=\"https:\/\/blvk.ch\/de\/versicherte\/schritte-zur-pensionierung\/arbeiten-im-rentenalter\/\" \/>\n<meta property=\"og:locale\" content=\"de_DE\" \/>\n<meta property=\"og:type\" content=\"article\" \/>\n<meta property=\"og:title\" content=\"Arbeiten im Rentenalter - BLVK\" \/>\n<meta property=\"og:description\" content=\"Die ordentliche Pensionierung erfolgt bei Frauen und M\u00e4nnern im Alter von 65 Jahren. Eine individuelle Pensionierung ist zwischen 58 und 70 m\u00f6glich, Sie k\u00f6nnen also problemlos auch im Rentenalter weiterarbeiten. Die BLVK bietet daf\u00fcr eine breite Palette an Dienstleistungen und L\u00f6sungsvarianten. Fragen Sie auf der Gesch\u00e4ftsstelle nach oder lassen Sie sich bei unserem Beratungsteam eine [&hellip;]\" \/>\n<meta property=\"og:url\" content=\"https:\/\/blvk.ch\/de\/versicherte\/schritte-zur-pensionierung\/arbeiten-im-rentenalter\/\" \/>\n<meta property=\"og:site_name\" content=\"BLVK\" \/>\n<meta property=\"article:modified_time\" content=\"2025-08-11T07:30:30+00:00\" \/>\n<meta name=\"twitter:card\" content=\"summary_large_image\" \/>\n<meta name=\"twitter:label1\" content=\"Gesch\u00e4tzte Lesezeit\" \/>\n\t<meta name=\"twitter:data1\" content=\"1 Minute\" \/>\n<script type=\"application\/ld+json\" class=\"yoast-schema-graph\">{\"@context\":\"https:\/\/schema.org\",\"@graph\":[{\"@type\":\"WebPage\",\"@id\":\"https:\/\/blvk.ch\/de\/versicherte\/schritte-zur-pensionierung\/arbeiten-im-rentenalter\/\",\"url\":\"https:\/\/blvk.ch\/de\/versicherte\/schritte-zur-pensionierung\/arbeiten-im-rentenalter\/\",\"name\":\"Arbeiten im Rentenalter - BLVK\",\"isPartOf\":{\"@id\":\"https:\/\/blvk.ch\/de\/#website\"},\"datePublished\":\"2022-09-05T21:53:37+00:00\",\"dateModified\":\"2025-08-11T07:30:30+00:00\",\"breadcrumb\":{\"@id\":\"https:\/\/blvk.ch\/de\/versicherte\/schritte-zur-pensionierung\/arbeiten-im-rentenalter\/#breadcrumb\"},\"inLanguage\":\"de-DE\",\"potentialAction\":[{\"@type\":\"ReadAction\",\"target\":[\"https:\/\/blvk.ch\/de\/versicherte\/schritte-zur-pensionierung\/arbeiten-im-rentenalter\/\"]}]},{\"@type\":\"BreadcrumbList\",\"@id\":\"https:\/\/blvk.ch\/de\/versicherte\/schritte-zur-pensionierung\/arbeiten-im-rentenalter\/#breadcrumb\",\"itemListElement\":[{\"@type\":\"ListItem\",\"position\":1,\"name\":\"Startseite\",\"item\":\"https:\/\/blvk.ch\/de\/\"},{\"@type\":\"ListItem\",\"position\":2,\"name\":\"Versicherte\",\"item\":\"https:\/\/blvk.ch\/de\/versicherte\/\"},{\"@type\":\"ListItem\",\"position\":3,\"name\":\"Schritte zur Pensionierung\",\"item\":\"https:\/\/blvk.ch\/de\/versicherte\/schritte-zur-pensionierung\/\"},{\"@type\":\"ListItem\",\"position\":4,\"name\":\"Arbeiten im Rentenalter\"}]},{\"@type\":\"WebSite\",\"@id\":\"https:\/\/blvk.ch\/de\/#website\",\"url\":\"https:\/\/blvk.ch\/de\/\",\"name\":\"BLVK\",\"description\":\"Bernische Lehrerversicherungskasse\",\"publisher\":{\"@id\":\"https:\/\/blvk.ch\/de\/#organization\"},\"potentialAction\":[{\"@type\":\"SearchAction\",\"target\":{\"@type\":\"EntryPoint\",\"urlTemplate\":\"https:\/\/blvk.ch\/de\/?s={search_term_string}\"},\"query-input\":{\"@type\":\"PropertyValueSpecification\",\"valueRequired\":true,\"valueName\":\"search_term_string\"}}],\"inLanguage\":\"de-DE\"},{\"@type\":\"Organization\",\"@id\":\"https:\/\/blvk.ch\/de\/#organization\",\"name\":\"BLVK\",\"url\":\"https:\/\/blvk.ch\/de\/\",\"logo\":{\"@type\":\"ImageObject\",\"inLanguage\":\"de-DE\",\"@id\":\"https:\/\/blvk.ch\/de\/#\/schema\/logo\/image\/\",\"url\":\"https:\/\/blvk.ch\/wp-content\/uploads\/2022\/07\/Logo.png\",\"contentUrl\":\"https:\/\/blvk.ch\/wp-content\/uploads\/2022\/07\/Logo.png\",\"width\":152,\"height\":66,\"caption\":\"BLVK\"},\"image\":{\"@id\":\"https:\/\/blvk.ch\/de\/#\/schema\/logo\/image\/\"}}]}<\/script>\n<!-- \/ Yoast SEO plugin. -->","yoast_head_json":{"title":"Arbeiten im Rentenalter - BLVK","robots":{"index":"index","follow":"follow","max-snippet":"max-snippet:-1","max-image-preview":"max-image-preview:large","max-video-preview":"max-video-preview:-1"},"canonical":"https:\/\/blvk.ch\/de\/versicherte\/schritte-zur-pensionierung\/arbeiten-im-rentenalter\/","og_locale":"de_DE","og_type":"article","og_title":"Arbeiten im Rentenalter - BLVK","og_description":"Die ordentliche Pensionierung erfolgt bei Frauen und M\u00e4nnern im Alter von 65 Jahren. Eine individuelle Pensionierung ist zwischen 58 und 70 m\u00f6glich, Sie k\u00f6nnen also problemlos auch im Rentenalter weiterarbeiten. Die BLVK bietet daf\u00fcr eine breite Palette an Dienstleistungen und L\u00f6sungsvarianten. Fragen Sie auf der Gesch\u00e4ftsstelle nach oder lassen Sie sich bei unserem Beratungsteam eine [&hellip;]","og_url":"https:\/\/blvk.ch\/de\/versicherte\/schritte-zur-pensionierung\/arbeiten-im-rentenalter\/","og_site_name":"BLVK","article_modified_time":"2025-08-11T07:30:30+00:00","twitter_card":"summary_large_image","twitter_misc":{"Gesch\u00e4tzte Lesezeit":"1 Minute"},"schema":{"@context":"https:\/\/schema.org","@graph":[{"@type":"WebPage","@id":"https:\/\/blvk.ch\/de\/versicherte\/schritte-zur-pensionierung\/arbeiten-im-rentenalter\/","url":"https:\/\/blvk.ch\/de\/versicherte\/schritte-zur-pensionierung\/arbeiten-im-rentenalter\/","name":"Arbeiten im Rentenalter - BLVK","isPartOf":{"@id":"https:\/\/blvk.ch\/de\/#website"},"datePublished":"2022-09-05T21:53:37+00:00","dateModified":"2025-08-11T07:30:30+00:00","breadcrumb":{"@id":"https:\/\/blvk.ch\/de\/versicherte\/schritte-zur-pensionierung\/arbeiten-im-rentenalter\/#breadcrumb"},"inLanguage":"de-DE","potentialAction":[{"@type":"ReadAction","target":["https:\/\/blvk.ch\/de\/versicherte\/schritte-zur-pensionierung\/arbeiten-im-rentenalter\/"]}]},{"@type":"BreadcrumbList","@id":"https:\/\/blvk.ch\/de\/versicherte\/schritte-zur-pensionierung\/arbeiten-im-rentenalter\/#breadcrumb","itemListElement":[{"@type":"ListItem","position":1,"name":"Startseite","item":"https:\/\/blvk.ch\/de\/"},{"@type":"ListItem","position":2,"name":"Versicherte","item":"https:\/\/blvk.ch\/de\/versicherte\/"},{"@type":"ListItem","position":3,"name":"Schritte zur Pensionierung","item":"https:\/\/blvk.ch\/de\/versicherte\/schritte-zur-pensionierung\/"},{"@type":"ListItem","position":4,"name":"Arbeiten im Rentenalter"}]},{"@type":"WebSite","@id":"https:\/\/blvk.ch\/de\/#website","url":"https:\/\/blvk.ch\/de\/","name":"BLVK","description":"Bernische Lehrerversicherungskasse","publisher":{"@id":"https:\/\/blvk.ch\/de\/#organization"},"potentialAction":[{"@type":"SearchAction","target":{"@type":"EntryPoint","urlTemplate":"https:\/\/blvk.ch\/de\/?s={search_term_string}"},"query-input":{"@type":"PropertyValueSpecification","valueRequired":true,"valueName":"search_term_string"}}],"inLanguage":"de-DE"},{"@type":"Organization","@id":"https:\/\/blvk.ch\/de\/#organization","name":"BLVK","url":"https:\/\/blvk.ch\/de\/","logo":{"@type":"ImageObject","inLanguage":"de-DE","@id":"https:\/\/blvk.ch\/de\/#\/schema\/logo\/image\/","url":"https:\/\/blvk.ch\/wp-content\/uploads\/2022\/07\/Logo.png","contentUrl":"https:\/\/blvk.ch\/wp-content\/uploads\/2022\/07\/Logo.png","width":152,"height":66,"caption":"BLVK"},"image":{"@id":"https:\/\/blvk.ch\/de\/#\/schema\/logo\/image\/"}}]}},"_links":{"self":[{"href":"https:\/\/blvk.ch\/de\/wp-json\/wp\/v2\/pages\/490","targetHints":{"allow":["GET"]}}],"collection":[{"href":"https:\/\/blvk.ch\/de\/wp-json\/wp\/v2\/pages"}],"about":[{"href":"https:\/\/blvk.ch\/de\/wp-json\/wp\/v2\/types\/page"}],"author":[{"embeddable":true,"href":"https:\/\/blvk.ch\/de\/wp-json\/wp\/v2\/users\/1"}],"replies":[{"embeddable":true,"href":"https:\/\/blvk.ch\/de\/wp-json\/wp\/v2\/comments?post=490"}],"version-history":[{"count":15,"href":"https:\/\/blvk.ch\/de\/wp-json\/wp\/v2\/pages\/490\/revisions"}],"predecessor-version":[{"id":10270,"href":"https:\/\/blvk.ch\/de\/wp-json\/wp\/v2\/pages\/490\/revisions\/10270"}],"up":[{"embeddable":true,"href":"https:\/\/blvk.ch\/de\/wp-json\/wp\/v2\/pages\/86"}],"wp:attachment":[{"href":"https:\/\/blvk.ch\/de\/wp-json\/wp\/v2\/media?parent=490"}],"curies":[{"name":"wp","href":"https:\/\/api.w.org\/{rel}","templated":true}]}}