{"id":492,"date":"2022-09-05T21:54:10","date_gmt":"2022-09-05T21:54:10","guid":{"rendered":"https:\/\/blvk.dev.mxm.agency\/?page_id=492"},"modified":"2026-01-30T15:02:05","modified_gmt":"2026-01-30T14:02:05","slug":"weiterversicherung-bei-austritt","status":"publish","type":"page","link":"https:\/\/blvk.ch\/de\/versicherte\/schritte-zur-pensionierung\/weiterversicherung-bei-austritt\/","title":{"rendered":"Weiterversicherung"},"content":{"rendered":"<p>Die BLVK bietet diverse Weiterversicherungsm\u00f6glichkeiten f\u00fcr Personen ab Alter 58 an. Dies erm\u00f6glicht Ihnen das Weiterf\u00fchren der Versicherung anstelle einer vorzeitigen Pensionierung. F\u00fcr Personen zwischen 56 und 58 Jahren besteht bei Aufl\u00f6sung des Arbeitsverh\u00e4ltnisses die M\u00f6glichkeit einer externen Versicherung. Diese erm\u00f6glicht Ihnen die Weiterf\u00fchrung der Vorsorge bis zum Erreichen des fr\u00fchestm\u00f6glichen Pensionierungsalters. Auch freiwillige Eink\u00e4ufe in die Pensionskasse sind m\u00f6glich.<\/p>\n","protected":false},"excerpt":{"rendered":"<p>Die BLVK bietet diverse Weiterversicherungsm\u00f6glichkeiten f\u00fcr Personen ab Alter 58 an. Dies erm\u00f6glicht Ihnen das Weiterf\u00fchren der Versicherung anstelle einer vorzeitigen Pensionierung. F\u00fcr Personen zwischen 56 und 58 Jahren besteht bei Aufl\u00f6sung des Arbeitsverh\u00e4ltnisses die M\u00f6glichkeit einer externen Versicherung. Diese erm\u00f6glicht Ihnen die Weiterf\u00fchrung der Vorsorge bis zum Erreichen des fr\u00fchestm\u00f6glichen Pensionierungsalters. Auch freiwillige Eink\u00e4ufe [&hellip;]<\/p>\n","protected":false},"author":1,"featured_media":0,"parent":86,"menu_order":4,"comment_status":"closed","ping_status":"closed","template":"page-templates\/grundsatze-small.php","meta":{"_acf_changed":false,"inline_featured_image":false,"footnotes":""},"class_list":["post-492","page","type-page","status-publish","hentry"],"acf":[],"yoast_head":"<!-- This site is optimized with the Yoast SEO plugin v25.4 - https:\/\/yoast.com\/wordpress\/plugins\/seo\/ -->\n<title>Weiterversicherung - BLVK<\/title>\n<meta name=\"robots\" content=\"index, follow, max-snippet:-1, max-image-preview:large, max-video-preview:-1\" \/>\n<link rel=\"canonical\" href=\"https:\/\/blvk.ch\/de\/versicherte\/schritte-zur-pensionierung\/weiterversicherung-bei-austritt\/\" \/>\n<meta property=\"og:locale\" content=\"de_DE\" \/>\n<meta property=\"og:type\" content=\"article\" \/>\n<meta property=\"og:title\" content=\"Weiterversicherung - BLVK\" \/>\n<meta property=\"og:description\" content=\"Die BLVK bietet diverse Weiterversicherungsm\u00f6glichkeiten f\u00fcr Personen ab Alter 58 an. Dies erm\u00f6glicht Ihnen das Weiterf\u00fchren der Versicherung anstelle einer vorzeitigen Pensionierung. F\u00fcr Personen zwischen 56 und 58 Jahren besteht bei Aufl\u00f6sung des Arbeitsverh\u00e4ltnisses die M\u00f6glichkeit einer externen Versicherung. Diese erm\u00f6glicht Ihnen die Weiterf\u00fchrung der Vorsorge bis zum Erreichen des fr\u00fchestm\u00f6glichen Pensionierungsalters. Auch freiwillige Eink\u00e4ufe [&hellip;]\" \/>\n<meta property=\"og:url\" content=\"https:\/\/blvk.ch\/de\/versicherte\/schritte-zur-pensionierung\/weiterversicherung-bei-austritt\/\" \/>\n<meta property=\"og:site_name\" content=\"BLVK\" \/>\n<meta property=\"article:modified_time\" content=\"2026-01-30T14:02:05+00:00\" \/>\n<meta name=\"twitter:card\" content=\"summary_large_image\" \/>\n<meta name=\"twitter:label1\" content=\"Gesch\u00e4tzte Lesezeit\" \/>\n\t<meta name=\"twitter:data1\" content=\"1 Minute\" \/>\n<script type=\"application\/ld+json\" class=\"yoast-schema-graph\">{\"@context\":\"https:\/\/schema.org\",\"@graph\":[{\"@type\":\"WebPage\",\"@id\":\"https:\/\/blvk.ch\/de\/versicherte\/schritte-zur-pensionierung\/weiterversicherung-bei-austritt\/\",\"url\":\"https:\/\/blvk.ch\/de\/versicherte\/schritte-zur-pensionierung\/weiterversicherung-bei-austritt\/\",\"name\":\"Weiterversicherung - BLVK\",\"isPartOf\":{\"@id\":\"https:\/\/blvk.ch\/de\/#website\"},\"datePublished\":\"2022-09-05T21:54:10+00:00\",\"dateModified\":\"2026-01-30T14:02:05+00:00\",\"breadcrumb\":{\"@id\":\"https:\/\/blvk.ch\/de\/versicherte\/schritte-zur-pensionierung\/weiterversicherung-bei-austritt\/#breadcrumb\"},\"inLanguage\":\"de-DE\",\"potentialAction\":[{\"@type\":\"ReadAction\",\"target\":[\"https:\/\/blvk.ch\/de\/versicherte\/schritte-zur-pensionierung\/weiterversicherung-bei-austritt\/\"]}]},{\"@type\":\"BreadcrumbList\",\"@id\":\"https:\/\/blvk.ch\/de\/versicherte\/schritte-zur-pensionierung\/weiterversicherung-bei-austritt\/#breadcrumb\",\"itemListElement\":[{\"@type\":\"ListItem\",\"position\":1,\"name\":\"Startseite\",\"item\":\"https:\/\/blvk.ch\/de\/\"},{\"@type\":\"ListItem\",\"position\":2,\"name\":\"Versicherte\",\"item\":\"https:\/\/blvk.ch\/de\/versicherte\/\"},{\"@type\":\"ListItem\",\"position\":3,\"name\":\"Schritte zur Pensionierung\",\"item\":\"https:\/\/blvk.ch\/de\/versicherte\/schritte-zur-pensionierung\/\"},{\"@type\":\"ListItem\",\"position\":4,\"name\":\"Weiterversicherung\"}]},{\"@type\":\"WebSite\",\"@id\":\"https:\/\/blvk.ch\/de\/#website\",\"url\":\"https:\/\/blvk.ch\/de\/\",\"name\":\"BLVK\",\"description\":\"Bernische Lehrerversicherungskasse\",\"publisher\":{\"@id\":\"https:\/\/blvk.ch\/de\/#organization\"},\"potentialAction\":[{\"@type\":\"SearchAction\",\"target\":{\"@type\":\"EntryPoint\",\"urlTemplate\":\"https:\/\/blvk.ch\/de\/?s={search_term_string}\"},\"query-input\":{\"@type\":\"PropertyValueSpecification\",\"valueRequired\":true,\"valueName\":\"search_term_string\"}}],\"inLanguage\":\"de-DE\"},{\"@type\":\"Organization\",\"@id\":\"https:\/\/blvk.ch\/de\/#organization\",\"name\":\"BLVK\",\"url\":\"https:\/\/blvk.ch\/de\/\",\"logo\":{\"@type\":\"ImageObject\",\"inLanguage\":\"de-DE\",\"@id\":\"https:\/\/blvk.ch\/de\/#\/schema\/logo\/image\/\",\"url\":\"https:\/\/blvk.ch\/wp-content\/uploads\/2022\/07\/Logo.png\",\"contentUrl\":\"https:\/\/blvk.ch\/wp-content\/uploads\/2022\/07\/Logo.png\",\"width\":152,\"height\":66,\"caption\":\"BLVK\"},\"image\":{\"@id\":\"https:\/\/blvk.ch\/de\/#\/schema\/logo\/image\/\"}}]}<\/script>\n<!-- \/ Yoast SEO plugin. -->","yoast_head_json":{"title":"Weiterversicherung - BLVK","robots":{"index":"index","follow":"follow","max-snippet":"max-snippet:-1","max-image-preview":"max-image-preview:large","max-video-preview":"max-video-preview:-1"},"canonical":"https:\/\/blvk.ch\/de\/versicherte\/schritte-zur-pensionierung\/weiterversicherung-bei-austritt\/","og_locale":"de_DE","og_type":"article","og_title":"Weiterversicherung - BLVK","og_description":"Die BLVK bietet diverse Weiterversicherungsm\u00f6glichkeiten f\u00fcr Personen ab Alter 58 an. Dies erm\u00f6glicht Ihnen das Weiterf\u00fchren der Versicherung anstelle einer vorzeitigen Pensionierung. F\u00fcr Personen zwischen 56 und 58 Jahren besteht bei Aufl\u00f6sung des Arbeitsverh\u00e4ltnisses die M\u00f6glichkeit einer externen Versicherung. Diese erm\u00f6glicht Ihnen die Weiterf\u00fchrung der Vorsorge bis zum Erreichen des fr\u00fchestm\u00f6glichen Pensionierungsalters. Auch freiwillige Eink\u00e4ufe [&hellip;]","og_url":"https:\/\/blvk.ch\/de\/versicherte\/schritte-zur-pensionierung\/weiterversicherung-bei-austritt\/","og_site_name":"BLVK","article_modified_time":"2026-01-30T14:02:05+00:00","twitter_card":"summary_large_image","twitter_misc":{"Gesch\u00e4tzte Lesezeit":"1 Minute"},"schema":{"@context":"https:\/\/schema.org","@graph":[{"@type":"WebPage","@id":"https:\/\/blvk.ch\/de\/versicherte\/schritte-zur-pensionierung\/weiterversicherung-bei-austritt\/","url":"https:\/\/blvk.ch\/de\/versicherte\/schritte-zur-pensionierung\/weiterversicherung-bei-austritt\/","name":"Weiterversicherung - BLVK","isPartOf":{"@id":"https:\/\/blvk.ch\/de\/#website"},"datePublished":"2022-09-05T21:54:10+00:00","dateModified":"2026-01-30T14:02:05+00:00","breadcrumb":{"@id":"https:\/\/blvk.ch\/de\/versicherte\/schritte-zur-pensionierung\/weiterversicherung-bei-austritt\/#breadcrumb"},"inLanguage":"de-DE","potentialAction":[{"@type":"ReadAction","target":["https:\/\/blvk.ch\/de\/versicherte\/schritte-zur-pensionierung\/weiterversicherung-bei-austritt\/"]}]},{"@type":"BreadcrumbList","@id":"https:\/\/blvk.ch\/de\/versicherte\/schritte-zur-pensionierung\/weiterversicherung-bei-austritt\/#breadcrumb","itemListElement":[{"@type":"ListItem","position":1,"name":"Startseite","item":"https:\/\/blvk.ch\/de\/"},{"@type":"ListItem","position":2,"name":"Versicherte","item":"https:\/\/blvk.ch\/de\/versicherte\/"},{"@type":"ListItem","position":3,"name":"Schritte zur Pensionierung","item":"https:\/\/blvk.ch\/de\/versicherte\/schritte-zur-pensionierung\/"},{"@type":"ListItem","position":4,"name":"Weiterversicherung"}]},{"@type":"WebSite","@id":"https:\/\/blvk.ch\/de\/#website","url":"https:\/\/blvk.ch\/de\/","name":"BLVK","description":"Bernische Lehrerversicherungskasse","publisher":{"@id":"https:\/\/blvk.ch\/de\/#organization"},"potentialAction":[{"@type":"SearchAction","target":{"@type":"EntryPoint","urlTemplate":"https:\/\/blvk.ch\/de\/?s={search_term_string}"},"query-input":{"@type":"PropertyValueSpecification","valueRequired":true,"valueName":"search_term_string"}}],"inLanguage":"de-DE"},{"@type":"Organization","@id":"https:\/\/blvk.ch\/de\/#organization","name":"BLVK","url":"https:\/\/blvk.ch\/de\/","logo":{"@type":"ImageObject","inLanguage":"de-DE","@id":"https:\/\/blvk.ch\/de\/#\/schema\/logo\/image\/","url":"https:\/\/blvk.ch\/wp-content\/uploads\/2022\/07\/Logo.png","contentUrl":"https:\/\/blvk.ch\/wp-content\/uploads\/2022\/07\/Logo.png","width":152,"height":66,"caption":"BLVK"},"image":{"@id":"https:\/\/blvk.ch\/de\/#\/schema\/logo\/image\/"}}]}},"_links":{"self":[{"href":"https:\/\/blvk.ch\/de\/wp-json\/wp\/v2\/pages\/492","targetHints":{"allow":["GET"]}}],"collection":[{"href":"https:\/\/blvk.ch\/de\/wp-json\/wp\/v2\/pages"}],"about":[{"href":"https:\/\/blvk.ch\/de\/wp-json\/wp\/v2\/types\/page"}],"author":[{"embeddable":true,"href":"https:\/\/blvk.ch\/de\/wp-json\/wp\/v2\/users\/1"}],"replies":[{"embeddable":true,"href":"https:\/\/blvk.ch\/de\/wp-json\/wp\/v2\/comments?post=492"}],"version-history":[{"count":29,"href":"https:\/\/blvk.ch\/de\/wp-json\/wp\/v2\/pages\/492\/revisions"}],"predecessor-version":[{"id":10803,"href":"https:\/\/blvk.ch\/de\/wp-json\/wp\/v2\/pages\/492\/revisions\/10803"}],"up":[{"embeddable":true,"href":"https:\/\/blvk.ch\/de\/wp-json\/wp\/v2\/pages\/86"}],"wp:attachment":[{"href":"https:\/\/blvk.ch\/de\/wp-json\/wp\/v2\/media?parent=492"}],"curies":[{"name":"wp","href":"https:\/\/api.w.org\/{rel}","templated":true}]}}