{"id":494,"date":"2022-09-05T21:54:32","date_gmt":"2022-09-05T21:54:32","guid":{"rendered":"https:\/\/blvk.dev.mxm.agency\/?page_id=494"},"modified":"2025-08-11T09:31:32","modified_gmt":"2025-08-11T07:31:32","slug":"infos-zur-ueberbrueckungs-rente","status":"publish","type":"page","link":"https:\/\/blvk.ch\/de\/versicherte\/schritte-zur-pensionierung\/infos-zur-ueberbrueckungs-rente\/","title":{"rendered":"Infos zur \u00dcberbr\u00fcckungsrente"},"content":{"rendered":"<p>Auf Gesuch hin wird den Bez\u00fcgerinnen oder Bez\u00fcgern einer Altersrente, die noch keinen Anspruch auf eine AHV-Altersrente haben, eine \u00dcberbr\u00fcckungsrente gew\u00e4hrt. Diese \u00dcberbr\u00fcckungsrente wird als Zusatzrente zur Altersrente ausbezahlt. Sie beginnt fr\u00fchestens mit dem Bezug der (Teil-)Altersrente und endet sp\u00e4testens mit Erreichen des ordentlichen AHV-Rentenalters. In diesem Zeitrahmen bestimmen Sie als versicherte Person die Laufzeit der \u00dcberbr\u00fcckungsrente.<\/p>\n","protected":false},"excerpt":{"rendered":"<p>Auf Gesuch hin wird den Bez\u00fcgerinnen oder Bez\u00fcgern einer Altersrente, die noch keinen Anspruch auf eine AHV-Altersrente haben, eine \u00dcberbr\u00fcckungsrente gew\u00e4hrt. Diese \u00dcberbr\u00fcckungsrente wird als Zusatzrente zur Altersrente ausbezahlt. Sie beginnt fr\u00fchestens mit dem Bezug der (Teil-)Altersrente und endet sp\u00e4testens mit Erreichen des ordentlichen AHV-Rentenalters. In diesem Zeitrahmen bestimmen Sie als versicherte Person die Laufzeit [&hellip;]<\/p>\n","protected":false},"author":1,"featured_media":0,"parent":86,"menu_order":5,"comment_status":"closed","ping_status":"closed","template":"page-templates\/grundsatze-small-inverted.php","meta":{"_acf_changed":false,"inline_featured_image":false,"footnotes":""},"class_list":["post-494","page","type-page","status-publish","hentry"],"acf":[],"yoast_head":"<!-- This site is optimized with the Yoast SEO plugin v25.4 - https:\/\/yoast.com\/wordpress\/plugins\/seo\/ -->\n<title>Infos zur \u00dcberbr\u00fcckungsrente - BLVK<\/title>\n<meta name=\"robots\" content=\"index, follow, max-snippet:-1, max-image-preview:large, max-video-preview:-1\" \/>\n<link rel=\"canonical\" href=\"https:\/\/blvk.ch\/de\/versicherte\/schritte-zur-pensionierung\/infos-zur-ueberbrueckungs-rente\/\" \/>\n<meta property=\"og:locale\" content=\"de_DE\" \/>\n<meta property=\"og:type\" content=\"article\" \/>\n<meta property=\"og:title\" content=\"Infos zur \u00dcberbr\u00fcckungsrente - BLVK\" \/>\n<meta property=\"og:description\" content=\"Auf Gesuch hin wird den Bez\u00fcgerinnen oder Bez\u00fcgern einer Altersrente, die noch keinen Anspruch auf eine AHV-Altersrente haben, eine \u00dcberbr\u00fcckungsrente gew\u00e4hrt. Diese \u00dcberbr\u00fcckungsrente wird als Zusatzrente zur Altersrente ausbezahlt. Sie beginnt fr\u00fchestens mit dem Bezug der (Teil-)Altersrente und endet sp\u00e4testens mit Erreichen des ordentlichen AHV-Rentenalters. In diesem Zeitrahmen bestimmen Sie als versicherte Person die Laufzeit [&hellip;]\" \/>\n<meta property=\"og:url\" content=\"https:\/\/blvk.ch\/de\/versicherte\/schritte-zur-pensionierung\/infos-zur-ueberbrueckungs-rente\/\" \/>\n<meta property=\"og:site_name\" content=\"BLVK\" \/>\n<meta property=\"article:modified_time\" content=\"2025-08-11T07:31:32+00:00\" \/>\n<meta name=\"twitter:card\" content=\"summary_large_image\" \/>\n<meta name=\"twitter:label1\" content=\"Gesch\u00e4tzte Lesezeit\" \/>\n\t<meta name=\"twitter:data1\" content=\"1 Minute\" \/>\n<script type=\"application\/ld+json\" class=\"yoast-schema-graph\">{\"@context\":\"https:\/\/schema.org\",\"@graph\":[{\"@type\":\"WebPage\",\"@id\":\"https:\/\/blvk.ch\/de\/versicherte\/schritte-zur-pensionierung\/infos-zur-ueberbrueckungs-rente\/\",\"url\":\"https:\/\/blvk.ch\/de\/versicherte\/schritte-zur-pensionierung\/infos-zur-ueberbrueckungs-rente\/\",\"name\":\"Infos zur \u00dcberbr\u00fcckungsrente - BLVK\",\"isPartOf\":{\"@id\":\"https:\/\/blvk.ch\/de\/#website\"},\"datePublished\":\"2022-09-05T21:54:32+00:00\",\"dateModified\":\"2025-08-11T07:31:32+00:00\",\"breadcrumb\":{\"@id\":\"https:\/\/blvk.ch\/de\/versicherte\/schritte-zur-pensionierung\/infos-zur-ueberbrueckungs-rente\/#breadcrumb\"},\"inLanguage\":\"de-DE\",\"potentialAction\":[{\"@type\":\"ReadAction\",\"target\":[\"https:\/\/blvk.ch\/de\/versicherte\/schritte-zur-pensionierung\/infos-zur-ueberbrueckungs-rente\/\"]}]},{\"@type\":\"BreadcrumbList\",\"@id\":\"https:\/\/blvk.ch\/de\/versicherte\/schritte-zur-pensionierung\/infos-zur-ueberbrueckungs-rente\/#breadcrumb\",\"itemListElement\":[{\"@type\":\"ListItem\",\"position\":1,\"name\":\"Startseite\",\"item\":\"https:\/\/blvk.ch\/de\/\"},{\"@type\":\"ListItem\",\"position\":2,\"name\":\"Versicherte\",\"item\":\"https:\/\/blvk.ch\/de\/versicherte\/\"},{\"@type\":\"ListItem\",\"position\":3,\"name\":\"Schritte zur Pensionierung\",\"item\":\"https:\/\/blvk.ch\/de\/versicherte\/schritte-zur-pensionierung\/\"},{\"@type\":\"ListItem\",\"position\":4,\"name\":\"Infos zur \u00dcberbr\u00fcckungsrente\"}]},{\"@type\":\"WebSite\",\"@id\":\"https:\/\/blvk.ch\/de\/#website\",\"url\":\"https:\/\/blvk.ch\/de\/\",\"name\":\"BLVK\",\"description\":\"Bernische Lehrerversicherungskasse\",\"publisher\":{\"@id\":\"https:\/\/blvk.ch\/de\/#organization\"},\"potentialAction\":[{\"@type\":\"SearchAction\",\"target\":{\"@type\":\"EntryPoint\",\"urlTemplate\":\"https:\/\/blvk.ch\/de\/?s={search_term_string}\"},\"query-input\":{\"@type\":\"PropertyValueSpecification\",\"valueRequired\":true,\"valueName\":\"search_term_string\"}}],\"inLanguage\":\"de-DE\"},{\"@type\":\"Organization\",\"@id\":\"https:\/\/blvk.ch\/de\/#organization\",\"name\":\"BLVK\",\"url\":\"https:\/\/blvk.ch\/de\/\",\"logo\":{\"@type\":\"ImageObject\",\"inLanguage\":\"de-DE\",\"@id\":\"https:\/\/blvk.ch\/de\/#\/schema\/logo\/image\/\",\"url\":\"https:\/\/blvk.ch\/wp-content\/uploads\/2022\/07\/Logo.png\",\"contentUrl\":\"https:\/\/blvk.ch\/wp-content\/uploads\/2022\/07\/Logo.png\",\"width\":152,\"height\":66,\"caption\":\"BLVK\"},\"image\":{\"@id\":\"https:\/\/blvk.ch\/de\/#\/schema\/logo\/image\/\"}}]}<\/script>\n<!-- \/ Yoast SEO plugin. -->","yoast_head_json":{"title":"Infos zur \u00dcberbr\u00fcckungsrente - BLVK","robots":{"index":"index","follow":"follow","max-snippet":"max-snippet:-1","max-image-preview":"max-image-preview:large","max-video-preview":"max-video-preview:-1"},"canonical":"https:\/\/blvk.ch\/de\/versicherte\/schritte-zur-pensionierung\/infos-zur-ueberbrueckungs-rente\/","og_locale":"de_DE","og_type":"article","og_title":"Infos zur \u00dcberbr\u00fcckungsrente - BLVK","og_description":"Auf Gesuch hin wird den Bez\u00fcgerinnen oder Bez\u00fcgern einer Altersrente, die noch keinen Anspruch auf eine AHV-Altersrente haben, eine \u00dcberbr\u00fcckungsrente gew\u00e4hrt. Diese \u00dcberbr\u00fcckungsrente wird als Zusatzrente zur Altersrente ausbezahlt. Sie beginnt fr\u00fchestens mit dem Bezug der (Teil-)Altersrente und endet sp\u00e4testens mit Erreichen des ordentlichen AHV-Rentenalters. In diesem Zeitrahmen bestimmen Sie als versicherte Person die Laufzeit [&hellip;]","og_url":"https:\/\/blvk.ch\/de\/versicherte\/schritte-zur-pensionierung\/infos-zur-ueberbrueckungs-rente\/","og_site_name":"BLVK","article_modified_time":"2025-08-11T07:31:32+00:00","twitter_card":"summary_large_image","twitter_misc":{"Gesch\u00e4tzte Lesezeit":"1 Minute"},"schema":{"@context":"https:\/\/schema.org","@graph":[{"@type":"WebPage","@id":"https:\/\/blvk.ch\/de\/versicherte\/schritte-zur-pensionierung\/infos-zur-ueberbrueckungs-rente\/","url":"https:\/\/blvk.ch\/de\/versicherte\/schritte-zur-pensionierung\/infos-zur-ueberbrueckungs-rente\/","name":"Infos zur \u00dcberbr\u00fcckungsrente - BLVK","isPartOf":{"@id":"https:\/\/blvk.ch\/de\/#website"},"datePublished":"2022-09-05T21:54:32+00:00","dateModified":"2025-08-11T07:31:32+00:00","breadcrumb":{"@id":"https:\/\/blvk.ch\/de\/versicherte\/schritte-zur-pensionierung\/infos-zur-ueberbrueckungs-rente\/#breadcrumb"},"inLanguage":"de-DE","potentialAction":[{"@type":"ReadAction","target":["https:\/\/blvk.ch\/de\/versicherte\/schritte-zur-pensionierung\/infos-zur-ueberbrueckungs-rente\/"]}]},{"@type":"BreadcrumbList","@id":"https:\/\/blvk.ch\/de\/versicherte\/schritte-zur-pensionierung\/infos-zur-ueberbrueckungs-rente\/#breadcrumb","itemListElement":[{"@type":"ListItem","position":1,"name":"Startseite","item":"https:\/\/blvk.ch\/de\/"},{"@type":"ListItem","position":2,"name":"Versicherte","item":"https:\/\/blvk.ch\/de\/versicherte\/"},{"@type":"ListItem","position":3,"name":"Schritte zur Pensionierung","item":"https:\/\/blvk.ch\/de\/versicherte\/schritte-zur-pensionierung\/"},{"@type":"ListItem","position":4,"name":"Infos zur \u00dcberbr\u00fcckungsrente"}]},{"@type":"WebSite","@id":"https:\/\/blvk.ch\/de\/#website","url":"https:\/\/blvk.ch\/de\/","name":"BLVK","description":"Bernische Lehrerversicherungskasse","publisher":{"@id":"https:\/\/blvk.ch\/de\/#organization"},"potentialAction":[{"@type":"SearchAction","target":{"@type":"EntryPoint","urlTemplate":"https:\/\/blvk.ch\/de\/?s={search_term_string}"},"query-input":{"@type":"PropertyValueSpecification","valueRequired":true,"valueName":"search_term_string"}}],"inLanguage":"de-DE"},{"@type":"Organization","@id":"https:\/\/blvk.ch\/de\/#organization","name":"BLVK","url":"https:\/\/blvk.ch\/de\/","logo":{"@type":"ImageObject","inLanguage":"de-DE","@id":"https:\/\/blvk.ch\/de\/#\/schema\/logo\/image\/","url":"https:\/\/blvk.ch\/wp-content\/uploads\/2022\/07\/Logo.png","contentUrl":"https:\/\/blvk.ch\/wp-content\/uploads\/2022\/07\/Logo.png","width":152,"height":66,"caption":"BLVK"},"image":{"@id":"https:\/\/blvk.ch\/de\/#\/schema\/logo\/image\/"}}]}},"_links":{"self":[{"href":"https:\/\/blvk.ch\/de\/wp-json\/wp\/v2\/pages\/494","targetHints":{"allow":["GET"]}}],"collection":[{"href":"https:\/\/blvk.ch\/de\/wp-json\/wp\/v2\/pages"}],"about":[{"href":"https:\/\/blvk.ch\/de\/wp-json\/wp\/v2\/types\/page"}],"author":[{"embeddable":true,"href":"https:\/\/blvk.ch\/de\/wp-json\/wp\/v2\/users\/1"}],"replies":[{"embeddable":true,"href":"https:\/\/blvk.ch\/de\/wp-json\/wp\/v2\/comments?post=494"}],"version-history":[{"count":14,"href":"https:\/\/blvk.ch\/de\/wp-json\/wp\/v2\/pages\/494\/revisions"}],"predecessor-version":[{"id":10272,"href":"https:\/\/blvk.ch\/de\/wp-json\/wp\/v2\/pages\/494\/revisions\/10272"}],"up":[{"embeddable":true,"href":"https:\/\/blvk.ch\/de\/wp-json\/wp\/v2\/pages\/86"}],"wp:attachment":[{"href":"https:\/\/blvk.ch\/de\/wp-json\/wp\/v2\/media?parent=494"}],"curies":[{"name":"wp","href":"https:\/\/api.w.org\/{rel}","templated":true}]}}