{"id":496,"date":"2022-09-05T21:54:45","date_gmt":"2022-09-05T21:54:45","guid":{"rendered":"https:\/\/blvk.dev.mxm.agency\/?page_id=496"},"modified":"2026-02-19T08:34:36","modified_gmt":"2026-02-19T07:34:36","slug":"wegzug-ins-ausland-rueckkehr-in-die-schweiz","status":"publish","type":"page","link":"https:\/\/blvk.ch\/de\/versicherte\/rentenbezug\/wegzug-ins-ausland-rueckkehr-in-die-schweiz\/","title":{"rendered":"Wegzug ins Ausland \/ R\u00fcckkehr in die Schweiz"},"content":{"rendered":"<p>Wenn Sie ins Ausland wegziehen oder vom Ausland in die Schweiz zur\u00fcckkehren, m\u00fcssen Sie dies der BLVK mit der Anmelde- und Abmeldebest\u00e4tigung melden. Falls Sie im Ausland wohnhaft sind, m\u00fcssen Sie regelm\u00e4ssig eine Lebensbescheinigung einreichen \u2013 entweder durch eine handschriftliche Postkarte, einen Brief oder eine beh\u00f6rdliche Best\u00e4tigung. Auf die Vorsorgeleistungen wird zudem eine Quellensteuer von 10 Prozent erhoben.<\/p>\n","protected":false},"excerpt":{"rendered":"<p>Wenn Sie ins Ausland wegziehen oder vom Ausland in die Schweiz zur\u00fcckkehren, m\u00fcssen Sie dies der BLVK mit der Anmelde- und Abmeldebest\u00e4tigung melden. Falls Sie im Ausland wohnhaft sind, m\u00fcssen Sie regelm\u00e4ssig eine Lebensbescheinigung einreichen \u2013 entweder durch eine handschriftliche Postkarte, einen Brief oder eine beh\u00f6rdliche Best\u00e4tigung. Auf die Vorsorgeleistungen wird zudem eine Quellensteuer von [&hellip;]<\/p>\n","protected":false},"author":1,"featured_media":0,"parent":88,"menu_order":5,"comment_status":"closed","ping_status":"closed","template":"page-templates\/grundsatze-small.php","meta":{"_acf_changed":false,"inline_featured_image":false,"footnotes":""},"class_list":["post-496","page","type-page","status-publish","hentry"],"acf":[],"yoast_head":"<!-- This site is optimized with the Yoast SEO plugin v25.4 - https:\/\/yoast.com\/wordpress\/plugins\/seo\/ -->\n<title>Wegzug ins Ausland \/ R\u00fcckkehr in die Schweiz - BLVK<\/title>\n<meta name=\"robots\" content=\"index, follow, max-snippet:-1, max-image-preview:large, max-video-preview:-1\" \/>\n<link rel=\"canonical\" href=\"https:\/\/blvk.ch\/de\/versicherte\/rentenbezug\/wegzug-ins-ausland-rueckkehr-in-die-schweiz\/\" \/>\n<meta property=\"og:locale\" content=\"de_DE\" \/>\n<meta property=\"og:type\" content=\"article\" \/>\n<meta property=\"og:title\" content=\"Wegzug ins Ausland \/ R\u00fcckkehr in die Schweiz - BLVK\" \/>\n<meta property=\"og:description\" content=\"Wenn Sie ins Ausland wegziehen oder vom Ausland in die Schweiz zur\u00fcckkehren, m\u00fcssen Sie dies der BLVK mit der Anmelde- und Abmeldebest\u00e4tigung melden. Falls Sie im Ausland wohnhaft sind, m\u00fcssen Sie regelm\u00e4ssig eine Lebensbescheinigung einreichen \u2013 entweder durch eine handschriftliche Postkarte, einen Brief oder eine beh\u00f6rdliche Best\u00e4tigung. Auf die Vorsorgeleistungen wird zudem eine Quellensteuer von [&hellip;]\" \/>\n<meta property=\"og:url\" content=\"https:\/\/blvk.ch\/de\/versicherte\/rentenbezug\/wegzug-ins-ausland-rueckkehr-in-die-schweiz\/\" \/>\n<meta property=\"og:site_name\" content=\"BLVK\" \/>\n<meta property=\"article:modified_time\" content=\"2026-02-19T07:34:36+00:00\" \/>\n<meta name=\"twitter:card\" content=\"summary_large_image\" \/>\n<meta name=\"twitter:label1\" content=\"Gesch\u00e4tzte Lesezeit\" \/>\n\t<meta name=\"twitter:data1\" content=\"1 Minute\" \/>\n<script type=\"application\/ld+json\" class=\"yoast-schema-graph\">{\"@context\":\"https:\/\/schema.org\",\"@graph\":[{\"@type\":\"WebPage\",\"@id\":\"https:\/\/blvk.ch\/de\/versicherte\/rentenbezug\/wegzug-ins-ausland-rueckkehr-in-die-schweiz\/\",\"url\":\"https:\/\/blvk.ch\/de\/versicherte\/rentenbezug\/wegzug-ins-ausland-rueckkehr-in-die-schweiz\/\",\"name\":\"Wegzug ins Ausland \/ R\u00fcckkehr in die Schweiz - BLVK\",\"isPartOf\":{\"@id\":\"https:\/\/blvk.ch\/de\/#website\"},\"datePublished\":\"2022-09-05T21:54:45+00:00\",\"dateModified\":\"2026-02-19T07:34:36+00:00\",\"breadcrumb\":{\"@id\":\"https:\/\/blvk.ch\/de\/versicherte\/rentenbezug\/wegzug-ins-ausland-rueckkehr-in-die-schweiz\/#breadcrumb\"},\"inLanguage\":\"de-DE\",\"potentialAction\":[{\"@type\":\"ReadAction\",\"target\":[\"https:\/\/blvk.ch\/de\/versicherte\/rentenbezug\/wegzug-ins-ausland-rueckkehr-in-die-schweiz\/\"]}]},{\"@type\":\"BreadcrumbList\",\"@id\":\"https:\/\/blvk.ch\/de\/versicherte\/rentenbezug\/wegzug-ins-ausland-rueckkehr-in-die-schweiz\/#breadcrumb\",\"itemListElement\":[{\"@type\":\"ListItem\",\"position\":1,\"name\":\"Startseite\",\"item\":\"https:\/\/blvk.ch\/de\/\"},{\"@type\":\"ListItem\",\"position\":2,\"name\":\"Versicherte\",\"item\":\"https:\/\/blvk.ch\/de\/versicherte\/\"},{\"@type\":\"ListItem\",\"position\":3,\"name\":\"Rentenbezug\",\"item\":\"https:\/\/blvk.ch\/de\/versicherte\/rentenbezug\/\"},{\"@type\":\"ListItem\",\"position\":4,\"name\":\"Wegzug ins Ausland \/ R\u00fcckkehr in die Schweiz\"}]},{\"@type\":\"WebSite\",\"@id\":\"https:\/\/blvk.ch\/de\/#website\",\"url\":\"https:\/\/blvk.ch\/de\/\",\"name\":\"BLVK\",\"description\":\"Bernische Lehrerversicherungskasse\",\"publisher\":{\"@id\":\"https:\/\/blvk.ch\/de\/#organization\"},\"potentialAction\":[{\"@type\":\"SearchAction\",\"target\":{\"@type\":\"EntryPoint\",\"urlTemplate\":\"https:\/\/blvk.ch\/de\/?s={search_term_string}\"},\"query-input\":{\"@type\":\"PropertyValueSpecification\",\"valueRequired\":true,\"valueName\":\"search_term_string\"}}],\"inLanguage\":\"de-DE\"},{\"@type\":\"Organization\",\"@id\":\"https:\/\/blvk.ch\/de\/#organization\",\"name\":\"BLVK\",\"url\":\"https:\/\/blvk.ch\/de\/\",\"logo\":{\"@type\":\"ImageObject\",\"inLanguage\":\"de-DE\",\"@id\":\"https:\/\/blvk.ch\/de\/#\/schema\/logo\/image\/\",\"url\":\"https:\/\/blvk.ch\/wp-content\/uploads\/2022\/07\/Logo.png\",\"contentUrl\":\"https:\/\/blvk.ch\/wp-content\/uploads\/2022\/07\/Logo.png\",\"width\":152,\"height\":66,\"caption\":\"BLVK\"},\"image\":{\"@id\":\"https:\/\/blvk.ch\/de\/#\/schema\/logo\/image\/\"}}]}<\/script>\n<!-- \/ Yoast SEO plugin. -->","yoast_head_json":{"title":"Wegzug ins Ausland \/ R\u00fcckkehr in die Schweiz - BLVK","robots":{"index":"index","follow":"follow","max-snippet":"max-snippet:-1","max-image-preview":"max-image-preview:large","max-video-preview":"max-video-preview:-1"},"canonical":"https:\/\/blvk.ch\/de\/versicherte\/rentenbezug\/wegzug-ins-ausland-rueckkehr-in-die-schweiz\/","og_locale":"de_DE","og_type":"article","og_title":"Wegzug ins Ausland \/ R\u00fcckkehr in die Schweiz - BLVK","og_description":"Wenn Sie ins Ausland wegziehen oder vom Ausland in die Schweiz zur\u00fcckkehren, m\u00fcssen Sie dies der BLVK mit der Anmelde- und Abmeldebest\u00e4tigung melden. Falls Sie im Ausland wohnhaft sind, m\u00fcssen Sie regelm\u00e4ssig eine Lebensbescheinigung einreichen \u2013 entweder durch eine handschriftliche Postkarte, einen Brief oder eine beh\u00f6rdliche Best\u00e4tigung. Auf die Vorsorgeleistungen wird zudem eine Quellensteuer von [&hellip;]","og_url":"https:\/\/blvk.ch\/de\/versicherte\/rentenbezug\/wegzug-ins-ausland-rueckkehr-in-die-schweiz\/","og_site_name":"BLVK","article_modified_time":"2026-02-19T07:34:36+00:00","twitter_card":"summary_large_image","twitter_misc":{"Gesch\u00e4tzte Lesezeit":"1 Minute"},"schema":{"@context":"https:\/\/schema.org","@graph":[{"@type":"WebPage","@id":"https:\/\/blvk.ch\/de\/versicherte\/rentenbezug\/wegzug-ins-ausland-rueckkehr-in-die-schweiz\/","url":"https:\/\/blvk.ch\/de\/versicherte\/rentenbezug\/wegzug-ins-ausland-rueckkehr-in-die-schweiz\/","name":"Wegzug ins Ausland \/ R\u00fcckkehr in die Schweiz - BLVK","isPartOf":{"@id":"https:\/\/blvk.ch\/de\/#website"},"datePublished":"2022-09-05T21:54:45+00:00","dateModified":"2026-02-19T07:34:36+00:00","breadcrumb":{"@id":"https:\/\/blvk.ch\/de\/versicherte\/rentenbezug\/wegzug-ins-ausland-rueckkehr-in-die-schweiz\/#breadcrumb"},"inLanguage":"de-DE","potentialAction":[{"@type":"ReadAction","target":["https:\/\/blvk.ch\/de\/versicherte\/rentenbezug\/wegzug-ins-ausland-rueckkehr-in-die-schweiz\/"]}]},{"@type":"BreadcrumbList","@id":"https:\/\/blvk.ch\/de\/versicherte\/rentenbezug\/wegzug-ins-ausland-rueckkehr-in-die-schweiz\/#breadcrumb","itemListElement":[{"@type":"ListItem","position":1,"name":"Startseite","item":"https:\/\/blvk.ch\/de\/"},{"@type":"ListItem","position":2,"name":"Versicherte","item":"https:\/\/blvk.ch\/de\/versicherte\/"},{"@type":"ListItem","position":3,"name":"Rentenbezug","item":"https:\/\/blvk.ch\/de\/versicherte\/rentenbezug\/"},{"@type":"ListItem","position":4,"name":"Wegzug ins Ausland \/ R\u00fcckkehr in die Schweiz"}]},{"@type":"WebSite","@id":"https:\/\/blvk.ch\/de\/#website","url":"https:\/\/blvk.ch\/de\/","name":"BLVK","description":"Bernische Lehrerversicherungskasse","publisher":{"@id":"https:\/\/blvk.ch\/de\/#organization"},"potentialAction":[{"@type":"SearchAction","target":{"@type":"EntryPoint","urlTemplate":"https:\/\/blvk.ch\/de\/?s={search_term_string}"},"query-input":{"@type":"PropertyValueSpecification","valueRequired":true,"valueName":"search_term_string"}}],"inLanguage":"de-DE"},{"@type":"Organization","@id":"https:\/\/blvk.ch\/de\/#organization","name":"BLVK","url":"https:\/\/blvk.ch\/de\/","logo":{"@type":"ImageObject","inLanguage":"de-DE","@id":"https:\/\/blvk.ch\/de\/#\/schema\/logo\/image\/","url":"https:\/\/blvk.ch\/wp-content\/uploads\/2022\/07\/Logo.png","contentUrl":"https:\/\/blvk.ch\/wp-content\/uploads\/2022\/07\/Logo.png","width":152,"height":66,"caption":"BLVK"},"image":{"@id":"https:\/\/blvk.ch\/de\/#\/schema\/logo\/image\/"}}]}},"_links":{"self":[{"href":"https:\/\/blvk.ch\/de\/wp-json\/wp\/v2\/pages\/496","targetHints":{"allow":["GET"]}}],"collection":[{"href":"https:\/\/blvk.ch\/de\/wp-json\/wp\/v2\/pages"}],"about":[{"href":"https:\/\/blvk.ch\/de\/wp-json\/wp\/v2\/types\/page"}],"author":[{"embeddable":true,"href":"https:\/\/blvk.ch\/de\/wp-json\/wp\/v2\/users\/1"}],"replies":[{"embeddable":true,"href":"https:\/\/blvk.ch\/de\/wp-json\/wp\/v2\/comments?post=496"}],"version-history":[{"count":17,"href":"https:\/\/blvk.ch\/de\/wp-json\/wp\/v2\/pages\/496\/revisions"}],"predecessor-version":[{"id":10834,"href":"https:\/\/blvk.ch\/de\/wp-json\/wp\/v2\/pages\/496\/revisions\/10834"}],"up":[{"embeddable":true,"href":"https:\/\/blvk.ch\/de\/wp-json\/wp\/v2\/pages\/88"}],"wp:attachment":[{"href":"https:\/\/blvk.ch\/de\/wp-json\/wp\/v2\/media?parent=496"}],"curies":[{"name":"wp","href":"https:\/\/api.w.org\/{rel}","templated":true}]}}