{"id":519,"date":"2022-09-06T06:57:12","date_gmt":"2022-09-06T06:57:12","guid":{"rendered":"https:\/\/blvk.dev.mxm.agency\/?page_id=519"},"modified":"2025-04-30T23:53:49","modified_gmt":"2025-04-30T21:53:49","slug":"vorteile-blvk","status":"publish","type":"page","link":"https:\/\/blvk.ch\/de\/arbeitgebende\/informationen-fur-arbeitgebende\/vorteile-blvk\/","title":{"rendered":"Vorteile der BLVK"},"content":{"rendered":"<p>Bei der BLVK profitieren Ihre Versicherten von einer grossz\u00fcgigen Toleranzregelung: Bei geringf\u00fcgigen Reduktionen des Besch\u00e4ftigungsgrads (bis maximal 12,5%) laufen die Versichertenverh\u00e4ltnisse unver\u00e4ndert weiter. Die Leistungen der BLVK sind zudem durch eine Staatsgarantie abgesichert.<\/p>\n","protected":false},"excerpt":{"rendered":"<p>Bei der BLVK profitieren Ihre Versicherten von einer grossz\u00fcgigen Toleranzregelung: Bei geringf\u00fcgigen Reduktionen des Besch\u00e4ftigungsgrads (bis maximal 12,5%) laufen die Versichertenverh\u00e4ltnisse unver\u00e4ndert weiter. Die Leistungen der BLVK sind zudem durch eine Staatsgarantie abgesichert.<\/p>\n","protected":false},"author":1,"featured_media":0,"parent":92,"menu_order":2,"comment_status":"closed","ping_status":"closed","template":"page-templates\/grundsatze-small.php","meta":{"_acf_changed":false,"inline_featured_image":false,"footnotes":""},"class_list":["post-519","page","type-page","status-publish","hentry"],"acf":[],"yoast_head":"<!-- This site is optimized with the Yoast SEO plugin v25.4 - https:\/\/yoast.com\/wordpress\/plugins\/seo\/ -->\n<title>Vorteile der BLVK - BLVK<\/title>\n<meta name=\"robots\" content=\"index, follow, max-snippet:-1, max-image-preview:large, max-video-preview:-1\" \/>\n<link rel=\"canonical\" href=\"https:\/\/blvk.ch\/de\/arbeitgebende\/informationen-fur-arbeitgebende\/vorteile-blvk\/\" \/>\n<meta property=\"og:locale\" content=\"de_DE\" \/>\n<meta property=\"og:type\" content=\"article\" \/>\n<meta property=\"og:title\" content=\"Vorteile der BLVK - BLVK\" \/>\n<meta property=\"og:description\" content=\"Bei der BLVK profitieren Ihre Versicherten von einer grossz\u00fcgigen Toleranzregelung: Bei geringf\u00fcgigen Reduktionen des Besch\u00e4ftigungsgrads (bis maximal 12,5%) laufen die Versichertenverh\u00e4ltnisse unver\u00e4ndert weiter. Die Leistungen der BLVK sind zudem durch eine Staatsgarantie abgesichert.\" \/>\n<meta property=\"og:url\" content=\"https:\/\/blvk.ch\/de\/arbeitgebende\/informationen-fur-arbeitgebende\/vorteile-blvk\/\" \/>\n<meta property=\"og:site_name\" content=\"BLVK\" \/>\n<meta property=\"article:modified_time\" content=\"2025-04-30T21:53:49+00:00\" \/>\n<meta name=\"twitter:card\" content=\"summary_large_image\" \/>\n<meta name=\"twitter:label1\" content=\"Gesch\u00e4tzte Lesezeit\" \/>\n\t<meta name=\"twitter:data1\" content=\"1 Minute\" \/>\n<script type=\"application\/ld+json\" class=\"yoast-schema-graph\">{\"@context\":\"https:\/\/schema.org\",\"@graph\":[{\"@type\":\"WebPage\",\"@id\":\"https:\/\/blvk.ch\/de\/arbeitgebende\/informationen-fur-arbeitgebende\/vorteile-blvk\/\",\"url\":\"https:\/\/blvk.ch\/de\/arbeitgebende\/informationen-fur-arbeitgebende\/vorteile-blvk\/\",\"name\":\"Vorteile der BLVK - BLVK\",\"isPartOf\":{\"@id\":\"https:\/\/blvk.ch\/de\/#website\"},\"datePublished\":\"2022-09-06T06:57:12+00:00\",\"dateModified\":\"2025-04-30T21:53:49+00:00\",\"breadcrumb\":{\"@id\":\"https:\/\/blvk.ch\/de\/arbeitgebende\/informationen-fur-arbeitgebende\/vorteile-blvk\/#breadcrumb\"},\"inLanguage\":\"de-DE\",\"potentialAction\":[{\"@type\":\"ReadAction\",\"target\":[\"https:\/\/blvk.ch\/de\/arbeitgebende\/informationen-fur-arbeitgebende\/vorteile-blvk\/\"]}]},{\"@type\":\"BreadcrumbList\",\"@id\":\"https:\/\/blvk.ch\/de\/arbeitgebende\/informationen-fur-arbeitgebende\/vorteile-blvk\/#breadcrumb\",\"itemListElement\":[{\"@type\":\"ListItem\",\"position\":1,\"name\":\"Startseite\",\"item\":\"https:\/\/blvk.ch\/de\/\"},{\"@type\":\"ListItem\",\"position\":2,\"name\":\"Arbeitgebende\",\"item\":\"https:\/\/blvk.ch\/de\/arbeitgebende\/\"},{\"@type\":\"ListItem\",\"position\":3,\"name\":\"Informationen f\u00fcr Arbeitgebende\",\"item\":\"https:\/\/blvk.ch\/de\/arbeitgebende\/informationen-fur-arbeitgebende\/\"},{\"@type\":\"ListItem\",\"position\":4,\"name\":\"Vorteile der BLVK\"}]},{\"@type\":\"WebSite\",\"@id\":\"https:\/\/blvk.ch\/de\/#website\",\"url\":\"https:\/\/blvk.ch\/de\/\",\"name\":\"BLVK\",\"description\":\"Bernische Lehrerversicherungskasse\",\"publisher\":{\"@id\":\"https:\/\/blvk.ch\/de\/#organization\"},\"potentialAction\":[{\"@type\":\"SearchAction\",\"target\":{\"@type\":\"EntryPoint\",\"urlTemplate\":\"https:\/\/blvk.ch\/de\/?s={search_term_string}\"},\"query-input\":{\"@type\":\"PropertyValueSpecification\",\"valueRequired\":true,\"valueName\":\"search_term_string\"}}],\"inLanguage\":\"de-DE\"},{\"@type\":\"Organization\",\"@id\":\"https:\/\/blvk.ch\/de\/#organization\",\"name\":\"BLVK\",\"url\":\"https:\/\/blvk.ch\/de\/\",\"logo\":{\"@type\":\"ImageObject\",\"inLanguage\":\"de-DE\",\"@id\":\"https:\/\/blvk.ch\/de\/#\/schema\/logo\/image\/\",\"url\":\"https:\/\/blvk.ch\/wp-content\/uploads\/2022\/07\/Logo.png\",\"contentUrl\":\"https:\/\/blvk.ch\/wp-content\/uploads\/2022\/07\/Logo.png\",\"width\":152,\"height\":66,\"caption\":\"BLVK\"},\"image\":{\"@id\":\"https:\/\/blvk.ch\/de\/#\/schema\/logo\/image\/\"}}]}<\/script>\n<!-- \/ Yoast SEO plugin. -->","yoast_head_json":{"title":"Vorteile der BLVK - BLVK","robots":{"index":"index","follow":"follow","max-snippet":"max-snippet:-1","max-image-preview":"max-image-preview:large","max-video-preview":"max-video-preview:-1"},"canonical":"https:\/\/blvk.ch\/de\/arbeitgebende\/informationen-fur-arbeitgebende\/vorteile-blvk\/","og_locale":"de_DE","og_type":"article","og_title":"Vorteile der BLVK - BLVK","og_description":"Bei der BLVK profitieren Ihre Versicherten von einer grossz\u00fcgigen Toleranzregelung: Bei geringf\u00fcgigen Reduktionen des Besch\u00e4ftigungsgrads (bis maximal 12,5%) laufen die Versichertenverh\u00e4ltnisse unver\u00e4ndert weiter. Die Leistungen der BLVK sind zudem durch eine Staatsgarantie abgesichert.","og_url":"https:\/\/blvk.ch\/de\/arbeitgebende\/informationen-fur-arbeitgebende\/vorteile-blvk\/","og_site_name":"BLVK","article_modified_time":"2025-04-30T21:53:49+00:00","twitter_card":"summary_large_image","twitter_misc":{"Gesch\u00e4tzte Lesezeit":"1 Minute"},"schema":{"@context":"https:\/\/schema.org","@graph":[{"@type":"WebPage","@id":"https:\/\/blvk.ch\/de\/arbeitgebende\/informationen-fur-arbeitgebende\/vorteile-blvk\/","url":"https:\/\/blvk.ch\/de\/arbeitgebende\/informationen-fur-arbeitgebende\/vorteile-blvk\/","name":"Vorteile der BLVK - BLVK","isPartOf":{"@id":"https:\/\/blvk.ch\/de\/#website"},"datePublished":"2022-09-06T06:57:12+00:00","dateModified":"2025-04-30T21:53:49+00:00","breadcrumb":{"@id":"https:\/\/blvk.ch\/de\/arbeitgebende\/informationen-fur-arbeitgebende\/vorteile-blvk\/#breadcrumb"},"inLanguage":"de-DE","potentialAction":[{"@type":"ReadAction","target":["https:\/\/blvk.ch\/de\/arbeitgebende\/informationen-fur-arbeitgebende\/vorteile-blvk\/"]}]},{"@type":"BreadcrumbList","@id":"https:\/\/blvk.ch\/de\/arbeitgebende\/informationen-fur-arbeitgebende\/vorteile-blvk\/#breadcrumb","itemListElement":[{"@type":"ListItem","position":1,"name":"Startseite","item":"https:\/\/blvk.ch\/de\/"},{"@type":"ListItem","position":2,"name":"Arbeitgebende","item":"https:\/\/blvk.ch\/de\/arbeitgebende\/"},{"@type":"ListItem","position":3,"name":"Informationen f\u00fcr Arbeitgebende","item":"https:\/\/blvk.ch\/de\/arbeitgebende\/informationen-fur-arbeitgebende\/"},{"@type":"ListItem","position":4,"name":"Vorteile der BLVK"}]},{"@type":"WebSite","@id":"https:\/\/blvk.ch\/de\/#website","url":"https:\/\/blvk.ch\/de\/","name":"BLVK","description":"Bernische Lehrerversicherungskasse","publisher":{"@id":"https:\/\/blvk.ch\/de\/#organization"},"potentialAction":[{"@type":"SearchAction","target":{"@type":"EntryPoint","urlTemplate":"https:\/\/blvk.ch\/de\/?s={search_term_string}"},"query-input":{"@type":"PropertyValueSpecification","valueRequired":true,"valueName":"search_term_string"}}],"inLanguage":"de-DE"},{"@type":"Organization","@id":"https:\/\/blvk.ch\/de\/#organization","name":"BLVK","url":"https:\/\/blvk.ch\/de\/","logo":{"@type":"ImageObject","inLanguage":"de-DE","@id":"https:\/\/blvk.ch\/de\/#\/schema\/logo\/image\/","url":"https:\/\/blvk.ch\/wp-content\/uploads\/2022\/07\/Logo.png","contentUrl":"https:\/\/blvk.ch\/wp-content\/uploads\/2022\/07\/Logo.png","width":152,"height":66,"caption":"BLVK"},"image":{"@id":"https:\/\/blvk.ch\/de\/#\/schema\/logo\/image\/"}}]}},"_links":{"self":[{"href":"https:\/\/blvk.ch\/de\/wp-json\/wp\/v2\/pages\/519","targetHints":{"allow":["GET"]}}],"collection":[{"href":"https:\/\/blvk.ch\/de\/wp-json\/wp\/v2\/pages"}],"about":[{"href":"https:\/\/blvk.ch\/de\/wp-json\/wp\/v2\/types\/page"}],"author":[{"embeddable":true,"href":"https:\/\/blvk.ch\/de\/wp-json\/wp\/v2\/users\/1"}],"replies":[{"embeddable":true,"href":"https:\/\/blvk.ch\/de\/wp-json\/wp\/v2\/comments?post=519"}],"version-history":[{"count":14,"href":"https:\/\/blvk.ch\/de\/wp-json\/wp\/v2\/pages\/519\/revisions"}],"predecessor-version":[{"id":8656,"href":"https:\/\/blvk.ch\/de\/wp-json\/wp\/v2\/pages\/519\/revisions\/8656"}],"up":[{"embeddable":true,"href":"https:\/\/blvk.ch\/de\/wp-json\/wp\/v2\/pages\/92"}],"wp:attachment":[{"href":"https:\/\/blvk.ch\/de\/wp-json\/wp\/v2\/media?parent=519"}],"curies":[{"name":"wp","href":"https:\/\/api.w.org\/{rel}","templated":true}]}}