{"id":527,"date":"2022-09-06T06:58:33","date_gmt":"2022-09-06T06:58:33","guid":{"rendered":"https:\/\/blvk.dev.mxm.agency\/?page_id=527"},"modified":"2026-04-10T14:44:46","modified_gmt":"2026-04-10T12:44:46","slug":"nexus","status":"publish","type":"page","link":"https:\/\/blvk.ch\/de\/arbeitgebende\/publikationen\/nexus\/","title":{"rendered":"Nexus"},"content":{"rendered":"<div class=\"title\"><\/div>\n<div class=\"content\">\n<p>Die BLVK informiert die Versicherten und die Rentenbeziehenden zweimal j\u00e4hrlich mit dem Newsletter Nexus \u00fcber Neuerungen und Hintergr\u00fcnde. Alle Ausgaben finden sie hier.<\/p>\n<\/div>\n","protected":false},"excerpt":{"rendered":"<p>Die BLVK informiert die Versicherten und die Rentenbeziehenden zweimal j\u00e4hrlich mit dem Newsletter Nexus \u00fcber Neuerungen und Hintergr\u00fcnde. Alle Ausgaben finden sie hier.<\/p>\n","protected":false},"author":1,"featured_media":0,"parent":9553,"menu_order":2,"comment_status":"closed","ping_status":"closed","template":"page-templates\/grundsatze-small-inverted.php","meta":{"_acf_changed":false,"inline_featured_image":false,"footnotes":""},"class_list":["post-527","page","type-page","status-publish","hentry"],"acf":[],"yoast_head":"<!-- This site is optimized with the Yoast SEO plugin v25.4 - https:\/\/yoast.com\/wordpress\/plugins\/seo\/ -->\n<title>Nexus - BLVK<\/title>\n<meta name=\"robots\" content=\"index, follow, max-snippet:-1, max-image-preview:large, max-video-preview:-1\" \/>\n<link rel=\"canonical\" href=\"https:\/\/blvk.ch\/de\/arbeitgebende\/publikationen\/nexus\/\" \/>\n<meta property=\"og:locale\" content=\"de_DE\" \/>\n<meta property=\"og:type\" content=\"article\" \/>\n<meta property=\"og:title\" content=\"Nexus - BLVK\" \/>\n<meta property=\"og:description\" content=\"Die BLVK informiert die Versicherten und die Rentenbeziehenden zweimal j\u00e4hrlich mit dem Newsletter Nexus \u00fcber Neuerungen und Hintergr\u00fcnde. Alle Ausgaben finden sie hier.\" \/>\n<meta property=\"og:url\" content=\"https:\/\/blvk.ch\/de\/arbeitgebende\/publikationen\/nexus\/\" \/>\n<meta property=\"og:site_name\" content=\"BLVK\" \/>\n<meta property=\"article:modified_time\" content=\"2026-04-10T12:44:46+00:00\" \/>\n<meta name=\"twitter:card\" content=\"summary_large_image\" \/>\n<meta name=\"twitter:label1\" content=\"Gesch\u00e4tzte Lesezeit\" \/>\n\t<meta name=\"twitter:data1\" content=\"1 Minute\" \/>\n<script type=\"application\/ld+json\" class=\"yoast-schema-graph\">{\"@context\":\"https:\/\/schema.org\",\"@graph\":[{\"@type\":\"WebPage\",\"@id\":\"https:\/\/blvk.ch\/de\/arbeitgebende\/publikationen\/nexus\/\",\"url\":\"https:\/\/blvk.ch\/de\/arbeitgebende\/publikationen\/nexus\/\",\"name\":\"Nexus - BLVK\",\"isPartOf\":{\"@id\":\"https:\/\/blvk.ch\/de\/#website\"},\"datePublished\":\"2022-09-06T06:58:33+00:00\",\"dateModified\":\"2026-04-10T12:44:46+00:00\",\"breadcrumb\":{\"@id\":\"https:\/\/blvk.ch\/de\/arbeitgebende\/publikationen\/nexus\/#breadcrumb\"},\"inLanguage\":\"de-DE\",\"potentialAction\":[{\"@type\":\"ReadAction\",\"target\":[\"https:\/\/blvk.ch\/de\/arbeitgebende\/publikationen\/nexus\/\"]}]},{\"@type\":\"BreadcrumbList\",\"@id\":\"https:\/\/blvk.ch\/de\/arbeitgebende\/publikationen\/nexus\/#breadcrumb\",\"itemListElement\":[{\"@type\":\"ListItem\",\"position\":1,\"name\":\"Startseite\",\"item\":\"https:\/\/blvk.ch\/de\/\"},{\"@type\":\"ListItem\",\"position\":2,\"name\":\"Arbeitgebende\",\"item\":\"https:\/\/blvk.ch\/de\/arbeitgebende\/\"},{\"@type\":\"ListItem\",\"position\":3,\"name\":\"Publikationen\",\"item\":\"https:\/\/blvk.ch\/de\/arbeitgebende\/publikationen\/\"},{\"@type\":\"ListItem\",\"position\":4,\"name\":\"Nexus\"}]},{\"@type\":\"WebSite\",\"@id\":\"https:\/\/blvk.ch\/de\/#website\",\"url\":\"https:\/\/blvk.ch\/de\/\",\"name\":\"BLVK\",\"description\":\"Bernische Lehrerversicherungskasse\",\"publisher\":{\"@id\":\"https:\/\/blvk.ch\/de\/#organization\"},\"potentialAction\":[{\"@type\":\"SearchAction\",\"target\":{\"@type\":\"EntryPoint\",\"urlTemplate\":\"https:\/\/blvk.ch\/de\/?s={search_term_string}\"},\"query-input\":{\"@type\":\"PropertyValueSpecification\",\"valueRequired\":true,\"valueName\":\"search_term_string\"}}],\"inLanguage\":\"de-DE\"},{\"@type\":\"Organization\",\"@id\":\"https:\/\/blvk.ch\/de\/#organization\",\"name\":\"BLVK\",\"url\":\"https:\/\/blvk.ch\/de\/\",\"logo\":{\"@type\":\"ImageObject\",\"inLanguage\":\"de-DE\",\"@id\":\"https:\/\/blvk.ch\/de\/#\/schema\/logo\/image\/\",\"url\":\"https:\/\/blvk.ch\/wp-content\/uploads\/2022\/07\/Logo.png\",\"contentUrl\":\"https:\/\/blvk.ch\/wp-content\/uploads\/2022\/07\/Logo.png\",\"width\":152,\"height\":66,\"caption\":\"BLVK\"},\"image\":{\"@id\":\"https:\/\/blvk.ch\/de\/#\/schema\/logo\/image\/\"}}]}<\/script>\n<!-- \/ Yoast SEO plugin. -->","yoast_head_json":{"title":"Nexus - BLVK","robots":{"index":"index","follow":"follow","max-snippet":"max-snippet:-1","max-image-preview":"max-image-preview:large","max-video-preview":"max-video-preview:-1"},"canonical":"https:\/\/blvk.ch\/de\/arbeitgebende\/publikationen\/nexus\/","og_locale":"de_DE","og_type":"article","og_title":"Nexus - BLVK","og_description":"Die BLVK informiert die Versicherten und die Rentenbeziehenden zweimal j\u00e4hrlich mit dem Newsletter Nexus \u00fcber Neuerungen und Hintergr\u00fcnde. Alle Ausgaben finden sie hier.","og_url":"https:\/\/blvk.ch\/de\/arbeitgebende\/publikationen\/nexus\/","og_site_name":"BLVK","article_modified_time":"2026-04-10T12:44:46+00:00","twitter_card":"summary_large_image","twitter_misc":{"Gesch\u00e4tzte Lesezeit":"1 Minute"},"schema":{"@context":"https:\/\/schema.org","@graph":[{"@type":"WebPage","@id":"https:\/\/blvk.ch\/de\/arbeitgebende\/publikationen\/nexus\/","url":"https:\/\/blvk.ch\/de\/arbeitgebende\/publikationen\/nexus\/","name":"Nexus - BLVK","isPartOf":{"@id":"https:\/\/blvk.ch\/de\/#website"},"datePublished":"2022-09-06T06:58:33+00:00","dateModified":"2026-04-10T12:44:46+00:00","breadcrumb":{"@id":"https:\/\/blvk.ch\/de\/arbeitgebende\/publikationen\/nexus\/#breadcrumb"},"inLanguage":"de-DE","potentialAction":[{"@type":"ReadAction","target":["https:\/\/blvk.ch\/de\/arbeitgebende\/publikationen\/nexus\/"]}]},{"@type":"BreadcrumbList","@id":"https:\/\/blvk.ch\/de\/arbeitgebende\/publikationen\/nexus\/#breadcrumb","itemListElement":[{"@type":"ListItem","position":1,"name":"Startseite","item":"https:\/\/blvk.ch\/de\/"},{"@type":"ListItem","position":2,"name":"Arbeitgebende","item":"https:\/\/blvk.ch\/de\/arbeitgebende\/"},{"@type":"ListItem","position":3,"name":"Publikationen","item":"https:\/\/blvk.ch\/de\/arbeitgebende\/publikationen\/"},{"@type":"ListItem","position":4,"name":"Nexus"}]},{"@type":"WebSite","@id":"https:\/\/blvk.ch\/de\/#website","url":"https:\/\/blvk.ch\/de\/","name":"BLVK","description":"Bernische Lehrerversicherungskasse","publisher":{"@id":"https:\/\/blvk.ch\/de\/#organization"},"potentialAction":[{"@type":"SearchAction","target":{"@type":"EntryPoint","urlTemplate":"https:\/\/blvk.ch\/de\/?s={search_term_string}"},"query-input":{"@type":"PropertyValueSpecification","valueRequired":true,"valueName":"search_term_string"}}],"inLanguage":"de-DE"},{"@type":"Organization","@id":"https:\/\/blvk.ch\/de\/#organization","name":"BLVK","url":"https:\/\/blvk.ch\/de\/","logo":{"@type":"ImageObject","inLanguage":"de-DE","@id":"https:\/\/blvk.ch\/de\/#\/schema\/logo\/image\/","url":"https:\/\/blvk.ch\/wp-content\/uploads\/2022\/07\/Logo.png","contentUrl":"https:\/\/blvk.ch\/wp-content\/uploads\/2022\/07\/Logo.png","width":152,"height":66,"caption":"BLVK"},"image":{"@id":"https:\/\/blvk.ch\/de\/#\/schema\/logo\/image\/"}}]}},"_links":{"self":[{"href":"https:\/\/blvk.ch\/de\/wp-json\/wp\/v2\/pages\/527","targetHints":{"allow":["GET"]}}],"collection":[{"href":"https:\/\/blvk.ch\/de\/wp-json\/wp\/v2\/pages"}],"about":[{"href":"https:\/\/blvk.ch\/de\/wp-json\/wp\/v2\/types\/page"}],"author":[{"embeddable":true,"href":"https:\/\/blvk.ch\/de\/wp-json\/wp\/v2\/users\/1"}],"replies":[{"embeddable":true,"href":"https:\/\/blvk.ch\/de\/wp-json\/wp\/v2\/comments?post=527"}],"version-history":[{"count":39,"href":"https:\/\/blvk.ch\/de\/wp-json\/wp\/v2\/pages\/527\/revisions"}],"predecessor-version":[{"id":11038,"href":"https:\/\/blvk.ch\/de\/wp-json\/wp\/v2\/pages\/527\/revisions\/11038"}],"up":[{"embeddable":true,"href":"https:\/\/blvk.ch\/de\/wp-json\/wp\/v2\/pages\/9553"}],"wp:attachment":[{"href":"https:\/\/blvk.ch\/de\/wp-json\/wp\/v2\/media?parent=527"}],"curies":[{"name":"wp","href":"https:\/\/api.w.org\/{rel}","templated":true}]}}