{"id":537,"date":"2022-09-06T07:02:14","date_gmt":"2022-09-06T05:02:14","guid":{"rendered":"https:\/\/blvk.dev.mxm.agency\/?page_id=537"},"modified":"2026-01-08T15:59:45","modified_gmt":"2026-01-08T14:59:45","slug":"stimmrechte","status":"publish","type":"page","link":"https:\/\/blvk.ch\/de\/anlagen\/anlageprozess\/stimmrechte\/","title":{"rendered":"Stimmrechte"},"content":{"rendered":"<p>Seit 2015 m\u00fcssen Pensionskassen die Stimmrechte bei b\u00f6rsenkotierten Schweizer Aktiengesellschaften zwingend wahrnehmen. Bei der BLVK erfolgt die Aus\u00fcbung der Stimmrechte nach klaren Vorgaben \u00fcber die Ethos Services AG. Die Vorgaben st\u00fctzen sich auf die Prinzipien der internationalen Best Practice f\u00fcr Corporate Governance.<\/p>\n","protected":false},"excerpt":{"rendered":"<p>Seit 2015 m\u00fcssen Pensionskassen die Stimmrechte bei b\u00f6rsenkotierten Schweizer Aktiengesellschaften zwingend wahrnehmen. Bei der BLVK erfolgt die Aus\u00fcbung der Stimmrechte nach klaren Vorgaben \u00fcber die Ethos Services AG. Die Vorgaben st\u00fctzen sich auf die Prinzipien der internationalen Best Practice f\u00fcr Corporate Governance.<\/p>\n","protected":false},"author":1,"featured_media":0,"parent":9173,"menu_order":4,"comment_status":"closed","ping_status":"closed","template":"page-templates\/grundsatze-columns.php","meta":{"_acf_changed":false,"inline_featured_image":false,"footnotes":""},"class_list":["post-537","page","type-page","status-publish","hentry"],"acf":[],"yoast_head":"<!-- This site is optimized with the Yoast SEO plugin v25.4 - https:\/\/yoast.com\/wordpress\/plugins\/seo\/ -->\n<title>Stimmrechte - BLVK<\/title>\n<meta name=\"robots\" content=\"index, follow, max-snippet:-1, max-image-preview:large, max-video-preview:-1\" \/>\n<link rel=\"canonical\" href=\"https:\/\/blvk.ch\/de\/anlagen\/anlageprozess\/stimmrechte\/\" \/>\n<meta property=\"og:locale\" content=\"de_DE\" \/>\n<meta property=\"og:type\" content=\"article\" \/>\n<meta property=\"og:title\" content=\"Stimmrechte - BLVK\" \/>\n<meta property=\"og:description\" content=\"Seit 2015 m\u00fcssen Pensionskassen die Stimmrechte bei b\u00f6rsenkotierten Schweizer Aktiengesellschaften zwingend wahrnehmen. Bei der BLVK erfolgt die Aus\u00fcbung der Stimmrechte nach klaren Vorgaben \u00fcber die Ethos Services AG. Die Vorgaben st\u00fctzen sich auf die Prinzipien der internationalen Best Practice f\u00fcr Corporate Governance.\" \/>\n<meta property=\"og:url\" content=\"https:\/\/blvk.ch\/de\/anlagen\/anlageprozess\/stimmrechte\/\" \/>\n<meta property=\"og:site_name\" content=\"BLVK\" \/>\n<meta property=\"article:modified_time\" content=\"2026-01-08T14:59:45+00:00\" \/>\n<meta name=\"twitter:card\" content=\"summary_large_image\" \/>\n<meta name=\"twitter:label1\" content=\"Gesch\u00e4tzte Lesezeit\" \/>\n\t<meta name=\"twitter:data1\" content=\"1 Minute\" \/>\n<script type=\"application\/ld+json\" class=\"yoast-schema-graph\">{\"@context\":\"https:\/\/schema.org\",\"@graph\":[{\"@type\":\"WebPage\",\"@id\":\"https:\/\/blvk.ch\/de\/anlagen\/anlageprozess\/stimmrechte\/\",\"url\":\"https:\/\/blvk.ch\/de\/anlagen\/anlageprozess\/stimmrechte\/\",\"name\":\"Stimmrechte - BLVK\",\"isPartOf\":{\"@id\":\"https:\/\/blvk.ch\/de\/#website\"},\"datePublished\":\"2022-09-06T05:02:14+00:00\",\"dateModified\":\"2026-01-08T14:59:45+00:00\",\"breadcrumb\":{\"@id\":\"https:\/\/blvk.ch\/de\/anlagen\/anlageprozess\/stimmrechte\/#breadcrumb\"},\"inLanguage\":\"de-DE\",\"potentialAction\":[{\"@type\":\"ReadAction\",\"target\":[\"https:\/\/blvk.ch\/de\/anlagen\/anlageprozess\/stimmrechte\/\"]}]},{\"@type\":\"BreadcrumbList\",\"@id\":\"https:\/\/blvk.ch\/de\/anlagen\/anlageprozess\/stimmrechte\/#breadcrumb\",\"itemListElement\":[{\"@type\":\"ListItem\",\"position\":1,\"name\":\"Startseite\",\"item\":\"https:\/\/blvk.ch\/de\/\"},{\"@type\":\"ListItem\",\"position\":2,\"name\":\"Kapitalanlagen\",\"item\":\"https:\/\/blvk.ch\/de\/anlagen\/\"},{\"@type\":\"ListItem\",\"position\":3,\"name\":\"Anlageprozess\",\"item\":\"https:\/\/blvk.ch\/de\/anlagen\/anlageprozess\/\"},{\"@type\":\"ListItem\",\"position\":4,\"name\":\"Stimmrechte\"}]},{\"@type\":\"WebSite\",\"@id\":\"https:\/\/blvk.ch\/de\/#website\",\"url\":\"https:\/\/blvk.ch\/de\/\",\"name\":\"BLVK\",\"description\":\"Bernische Lehrerversicherungskasse\",\"publisher\":{\"@id\":\"https:\/\/blvk.ch\/de\/#organization\"},\"potentialAction\":[{\"@type\":\"SearchAction\",\"target\":{\"@type\":\"EntryPoint\",\"urlTemplate\":\"https:\/\/blvk.ch\/de\/?s={search_term_string}\"},\"query-input\":{\"@type\":\"PropertyValueSpecification\",\"valueRequired\":true,\"valueName\":\"search_term_string\"}}],\"inLanguage\":\"de-DE\"},{\"@type\":\"Organization\",\"@id\":\"https:\/\/blvk.ch\/de\/#organization\",\"name\":\"BLVK\",\"url\":\"https:\/\/blvk.ch\/de\/\",\"logo\":{\"@type\":\"ImageObject\",\"inLanguage\":\"de-DE\",\"@id\":\"https:\/\/blvk.ch\/de\/#\/schema\/logo\/image\/\",\"url\":\"https:\/\/blvk.ch\/wp-content\/uploads\/2022\/07\/Logo.png\",\"contentUrl\":\"https:\/\/blvk.ch\/wp-content\/uploads\/2022\/07\/Logo.png\",\"width\":152,\"height\":66,\"caption\":\"BLVK\"},\"image\":{\"@id\":\"https:\/\/blvk.ch\/de\/#\/schema\/logo\/image\/\"}}]}<\/script>\n<!-- \/ Yoast SEO plugin. -->","yoast_head_json":{"title":"Stimmrechte - BLVK","robots":{"index":"index","follow":"follow","max-snippet":"max-snippet:-1","max-image-preview":"max-image-preview:large","max-video-preview":"max-video-preview:-1"},"canonical":"https:\/\/blvk.ch\/de\/anlagen\/anlageprozess\/stimmrechte\/","og_locale":"de_DE","og_type":"article","og_title":"Stimmrechte - BLVK","og_description":"Seit 2015 m\u00fcssen Pensionskassen die Stimmrechte bei b\u00f6rsenkotierten Schweizer Aktiengesellschaften zwingend wahrnehmen. Bei der BLVK erfolgt die Aus\u00fcbung der Stimmrechte nach klaren Vorgaben \u00fcber die Ethos Services AG. Die Vorgaben st\u00fctzen sich auf die Prinzipien der internationalen Best Practice f\u00fcr Corporate Governance.","og_url":"https:\/\/blvk.ch\/de\/anlagen\/anlageprozess\/stimmrechte\/","og_site_name":"BLVK","article_modified_time":"2026-01-08T14:59:45+00:00","twitter_card":"summary_large_image","twitter_misc":{"Gesch\u00e4tzte Lesezeit":"1 Minute"},"schema":{"@context":"https:\/\/schema.org","@graph":[{"@type":"WebPage","@id":"https:\/\/blvk.ch\/de\/anlagen\/anlageprozess\/stimmrechte\/","url":"https:\/\/blvk.ch\/de\/anlagen\/anlageprozess\/stimmrechte\/","name":"Stimmrechte - BLVK","isPartOf":{"@id":"https:\/\/blvk.ch\/de\/#website"},"datePublished":"2022-09-06T05:02:14+00:00","dateModified":"2026-01-08T14:59:45+00:00","breadcrumb":{"@id":"https:\/\/blvk.ch\/de\/anlagen\/anlageprozess\/stimmrechte\/#breadcrumb"},"inLanguage":"de-DE","potentialAction":[{"@type":"ReadAction","target":["https:\/\/blvk.ch\/de\/anlagen\/anlageprozess\/stimmrechte\/"]}]},{"@type":"BreadcrumbList","@id":"https:\/\/blvk.ch\/de\/anlagen\/anlageprozess\/stimmrechte\/#breadcrumb","itemListElement":[{"@type":"ListItem","position":1,"name":"Startseite","item":"https:\/\/blvk.ch\/de\/"},{"@type":"ListItem","position":2,"name":"Kapitalanlagen","item":"https:\/\/blvk.ch\/de\/anlagen\/"},{"@type":"ListItem","position":3,"name":"Anlageprozess","item":"https:\/\/blvk.ch\/de\/anlagen\/anlageprozess\/"},{"@type":"ListItem","position":4,"name":"Stimmrechte"}]},{"@type":"WebSite","@id":"https:\/\/blvk.ch\/de\/#website","url":"https:\/\/blvk.ch\/de\/","name":"BLVK","description":"Bernische Lehrerversicherungskasse","publisher":{"@id":"https:\/\/blvk.ch\/de\/#organization"},"potentialAction":[{"@type":"SearchAction","target":{"@type":"EntryPoint","urlTemplate":"https:\/\/blvk.ch\/de\/?s={search_term_string}"},"query-input":{"@type":"PropertyValueSpecification","valueRequired":true,"valueName":"search_term_string"}}],"inLanguage":"de-DE"},{"@type":"Organization","@id":"https:\/\/blvk.ch\/de\/#organization","name":"BLVK","url":"https:\/\/blvk.ch\/de\/","logo":{"@type":"ImageObject","inLanguage":"de-DE","@id":"https:\/\/blvk.ch\/de\/#\/schema\/logo\/image\/","url":"https:\/\/blvk.ch\/wp-content\/uploads\/2022\/07\/Logo.png","contentUrl":"https:\/\/blvk.ch\/wp-content\/uploads\/2022\/07\/Logo.png","width":152,"height":66,"caption":"BLVK"},"image":{"@id":"https:\/\/blvk.ch\/de\/#\/schema\/logo\/image\/"}}]}},"_links":{"self":[{"href":"https:\/\/blvk.ch\/de\/wp-json\/wp\/v2\/pages\/537","targetHints":{"allow":["GET"]}}],"collection":[{"href":"https:\/\/blvk.ch\/de\/wp-json\/wp\/v2\/pages"}],"about":[{"href":"https:\/\/blvk.ch\/de\/wp-json\/wp\/v2\/types\/page"}],"author":[{"embeddable":true,"href":"https:\/\/blvk.ch\/de\/wp-json\/wp\/v2\/users\/1"}],"replies":[{"embeddable":true,"href":"https:\/\/blvk.ch\/de\/wp-json\/wp\/v2\/comments?post=537"}],"version-history":[{"count":32,"href":"https:\/\/blvk.ch\/de\/wp-json\/wp\/v2\/pages\/537\/revisions"}],"predecessor-version":[{"id":10735,"href":"https:\/\/blvk.ch\/de\/wp-json\/wp\/v2\/pages\/537\/revisions\/10735"}],"up":[{"embeddable":true,"href":"https:\/\/blvk.ch\/de\/wp-json\/wp\/v2\/pages\/9173"}],"wp:attachment":[{"href":"https:\/\/blvk.ch\/de\/wp-json\/wp\/v2\/media?parent=537"}],"curies":[{"name":"wp","href":"https:\/\/api.w.org\/{rel}","templated":true}]}}