{"id":539,"date":"2022-09-06T07:03:33","date_gmt":"2022-09-06T07:03:33","guid":{"rendered":"https:\/\/blvk.dev.mxm.agency\/?page_id=539"},"modified":"2025-09-19T14:27:55","modified_gmt":"2025-09-19T12:27:55","slug":"der-geschaeftsbericht","status":"publish","type":"page","link":"https:\/\/blvk.ch\/de\/die-blvk\/publikationen\/der-geschaeftsbericht\/","title":{"rendered":"Gesch\u00e4ftsbericht"},"content":{"rendered":"<p>Einmal j\u00e4hrlich legt die BLVK mit dem Gesch\u00e4ftsbericht Rechenschaft \u00fcber das vergangene Gesch\u00e4ftsjahr ab. Seit 2021 erscheint der Gesch\u00e4ftsbericht zur Verbesserung unseres \u00f6kologischen Fussabdrucks nur noch digital als PDF auf unserer Website.<br \/>\n\u00c4ltere Ausgaben vom Gesch\u00e4ftsbericht finden sie hier.<\/p>\n","protected":false},"excerpt":{"rendered":"<p>Einmal j\u00e4hrlich legt die BLVK mit dem Gesch\u00e4ftsbericht Rechenschaft \u00fcber das vergangene Gesch\u00e4ftsjahr ab. Seit 2021 erscheint der Gesch\u00e4ftsbericht zur Verbesserung unseres \u00f6kologischen Fussabdrucks nur noch digital als PDF auf unserer Website. \u00c4ltere Ausgaben vom Gesch\u00e4ftsbericht finden sie hier.<\/p>\n","protected":false},"author":1,"featured_media":0,"parent":9548,"menu_order":1,"comment_status":"closed","ping_status":"closed","template":"page-templates\/grundsatze-small-inverted.php","meta":{"_acf_changed":false,"inline_featured_image":false,"footnotes":""},"class_list":["post-539","page","type-page","status-publish","hentry"],"acf":[],"yoast_head":"<!-- This site is optimized with the Yoast SEO plugin v25.4 - https:\/\/yoast.com\/wordpress\/plugins\/seo\/ -->\n<title>Gesch\u00e4ftsbericht - BLVK<\/title>\n<meta name=\"robots\" content=\"index, follow, max-snippet:-1, max-image-preview:large, max-video-preview:-1\" \/>\n<link rel=\"canonical\" href=\"https:\/\/blvk.ch\/de\/die-blvk\/publikationen\/der-geschaeftsbericht\/\" \/>\n<meta property=\"og:locale\" content=\"de_DE\" \/>\n<meta property=\"og:type\" content=\"article\" \/>\n<meta property=\"og:title\" content=\"Gesch\u00e4ftsbericht - BLVK\" \/>\n<meta property=\"og:description\" content=\"Einmal j\u00e4hrlich legt die BLVK mit dem Gesch\u00e4ftsbericht Rechenschaft \u00fcber das vergangene Gesch\u00e4ftsjahr ab. Seit 2021 erscheint der Gesch\u00e4ftsbericht zur Verbesserung unseres \u00f6kologischen Fussabdrucks nur noch digital als PDF auf unserer Website. \u00c4ltere Ausgaben vom Gesch\u00e4ftsbericht finden sie hier.\" \/>\n<meta property=\"og:url\" content=\"https:\/\/blvk.ch\/de\/die-blvk\/publikationen\/der-geschaeftsbericht\/\" \/>\n<meta property=\"og:site_name\" content=\"BLVK\" \/>\n<meta property=\"article:modified_time\" content=\"2025-09-19T12:27:55+00:00\" \/>\n<meta name=\"twitter:card\" content=\"summary_large_image\" \/>\n<meta name=\"twitter:label1\" content=\"Gesch\u00e4tzte Lesezeit\" \/>\n\t<meta name=\"twitter:data1\" content=\"1 Minute\" \/>\n<script type=\"application\/ld+json\" class=\"yoast-schema-graph\">{\"@context\":\"https:\/\/schema.org\",\"@graph\":[{\"@type\":\"WebPage\",\"@id\":\"https:\/\/blvk.ch\/de\/die-blvk\/publikationen\/der-geschaeftsbericht\/\",\"url\":\"https:\/\/blvk.ch\/de\/die-blvk\/publikationen\/der-geschaeftsbericht\/\",\"name\":\"Gesch\u00e4ftsbericht - BLVK\",\"isPartOf\":{\"@id\":\"https:\/\/blvk.ch\/de\/#website\"},\"datePublished\":\"2022-09-06T07:03:33+00:00\",\"dateModified\":\"2025-09-19T12:27:55+00:00\",\"breadcrumb\":{\"@id\":\"https:\/\/blvk.ch\/de\/die-blvk\/publikationen\/der-geschaeftsbericht\/#breadcrumb\"},\"inLanguage\":\"de-DE\",\"potentialAction\":[{\"@type\":\"ReadAction\",\"target\":[\"https:\/\/blvk.ch\/de\/die-blvk\/publikationen\/der-geschaeftsbericht\/\"]}]},{\"@type\":\"BreadcrumbList\",\"@id\":\"https:\/\/blvk.ch\/de\/die-blvk\/publikationen\/der-geschaeftsbericht\/#breadcrumb\",\"itemListElement\":[{\"@type\":\"ListItem\",\"position\":1,\"name\":\"Startseite\",\"item\":\"https:\/\/blvk.ch\/de\/\"},{\"@type\":\"ListItem\",\"position\":2,\"name\":\"Die BLVK\",\"item\":\"https:\/\/blvk.ch\/de\/die-blvk\/\"},{\"@type\":\"ListItem\",\"position\":3,\"name\":\"Publikationen\",\"item\":\"https:\/\/blvk.ch\/de\/die-blvk\/publikationen\/\"},{\"@type\":\"ListItem\",\"position\":4,\"name\":\"Gesch\u00e4ftsbericht\"}]},{\"@type\":\"WebSite\",\"@id\":\"https:\/\/blvk.ch\/de\/#website\",\"url\":\"https:\/\/blvk.ch\/de\/\",\"name\":\"BLVK\",\"description\":\"Bernische Lehrerversicherungskasse\",\"publisher\":{\"@id\":\"https:\/\/blvk.ch\/de\/#organization\"},\"potentialAction\":[{\"@type\":\"SearchAction\",\"target\":{\"@type\":\"EntryPoint\",\"urlTemplate\":\"https:\/\/blvk.ch\/de\/?s={search_term_string}\"},\"query-input\":{\"@type\":\"PropertyValueSpecification\",\"valueRequired\":true,\"valueName\":\"search_term_string\"}}],\"inLanguage\":\"de-DE\"},{\"@type\":\"Organization\",\"@id\":\"https:\/\/blvk.ch\/de\/#organization\",\"name\":\"BLVK\",\"url\":\"https:\/\/blvk.ch\/de\/\",\"logo\":{\"@type\":\"ImageObject\",\"inLanguage\":\"de-DE\",\"@id\":\"https:\/\/blvk.ch\/de\/#\/schema\/logo\/image\/\",\"url\":\"https:\/\/blvk.ch\/wp-content\/uploads\/2022\/07\/Logo.png\",\"contentUrl\":\"https:\/\/blvk.ch\/wp-content\/uploads\/2022\/07\/Logo.png\",\"width\":152,\"height\":66,\"caption\":\"BLVK\"},\"image\":{\"@id\":\"https:\/\/blvk.ch\/de\/#\/schema\/logo\/image\/\"}}]}<\/script>\n<!-- \/ Yoast SEO plugin. -->","yoast_head_json":{"title":"Gesch\u00e4ftsbericht - BLVK","robots":{"index":"index","follow":"follow","max-snippet":"max-snippet:-1","max-image-preview":"max-image-preview:large","max-video-preview":"max-video-preview:-1"},"canonical":"https:\/\/blvk.ch\/de\/die-blvk\/publikationen\/der-geschaeftsbericht\/","og_locale":"de_DE","og_type":"article","og_title":"Gesch\u00e4ftsbericht - BLVK","og_description":"Einmal j\u00e4hrlich legt die BLVK mit dem Gesch\u00e4ftsbericht Rechenschaft \u00fcber das vergangene Gesch\u00e4ftsjahr ab. Seit 2021 erscheint der Gesch\u00e4ftsbericht zur Verbesserung unseres \u00f6kologischen Fussabdrucks nur noch digital als PDF auf unserer Website. \u00c4ltere Ausgaben vom Gesch\u00e4ftsbericht finden sie hier.","og_url":"https:\/\/blvk.ch\/de\/die-blvk\/publikationen\/der-geschaeftsbericht\/","og_site_name":"BLVK","article_modified_time":"2025-09-19T12:27:55+00:00","twitter_card":"summary_large_image","twitter_misc":{"Gesch\u00e4tzte Lesezeit":"1 Minute"},"schema":{"@context":"https:\/\/schema.org","@graph":[{"@type":"WebPage","@id":"https:\/\/blvk.ch\/de\/die-blvk\/publikationen\/der-geschaeftsbericht\/","url":"https:\/\/blvk.ch\/de\/die-blvk\/publikationen\/der-geschaeftsbericht\/","name":"Gesch\u00e4ftsbericht - BLVK","isPartOf":{"@id":"https:\/\/blvk.ch\/de\/#website"},"datePublished":"2022-09-06T07:03:33+00:00","dateModified":"2025-09-19T12:27:55+00:00","breadcrumb":{"@id":"https:\/\/blvk.ch\/de\/die-blvk\/publikationen\/der-geschaeftsbericht\/#breadcrumb"},"inLanguage":"de-DE","potentialAction":[{"@type":"ReadAction","target":["https:\/\/blvk.ch\/de\/die-blvk\/publikationen\/der-geschaeftsbericht\/"]}]},{"@type":"BreadcrumbList","@id":"https:\/\/blvk.ch\/de\/die-blvk\/publikationen\/der-geschaeftsbericht\/#breadcrumb","itemListElement":[{"@type":"ListItem","position":1,"name":"Startseite","item":"https:\/\/blvk.ch\/de\/"},{"@type":"ListItem","position":2,"name":"Die BLVK","item":"https:\/\/blvk.ch\/de\/die-blvk\/"},{"@type":"ListItem","position":3,"name":"Publikationen","item":"https:\/\/blvk.ch\/de\/die-blvk\/publikationen\/"},{"@type":"ListItem","position":4,"name":"Gesch\u00e4ftsbericht"}]},{"@type":"WebSite","@id":"https:\/\/blvk.ch\/de\/#website","url":"https:\/\/blvk.ch\/de\/","name":"BLVK","description":"Bernische Lehrerversicherungskasse","publisher":{"@id":"https:\/\/blvk.ch\/de\/#organization"},"potentialAction":[{"@type":"SearchAction","target":{"@type":"EntryPoint","urlTemplate":"https:\/\/blvk.ch\/de\/?s={search_term_string}"},"query-input":{"@type":"PropertyValueSpecification","valueRequired":true,"valueName":"search_term_string"}}],"inLanguage":"de-DE"},{"@type":"Organization","@id":"https:\/\/blvk.ch\/de\/#organization","name":"BLVK","url":"https:\/\/blvk.ch\/de\/","logo":{"@type":"ImageObject","inLanguage":"de-DE","@id":"https:\/\/blvk.ch\/de\/#\/schema\/logo\/image\/","url":"https:\/\/blvk.ch\/wp-content\/uploads\/2022\/07\/Logo.png","contentUrl":"https:\/\/blvk.ch\/wp-content\/uploads\/2022\/07\/Logo.png","width":152,"height":66,"caption":"BLVK"},"image":{"@id":"https:\/\/blvk.ch\/de\/#\/schema\/logo\/image\/"}}]}},"_links":{"self":[{"href":"https:\/\/blvk.ch\/de\/wp-json\/wp\/v2\/pages\/539","targetHints":{"allow":["GET"]}}],"collection":[{"href":"https:\/\/blvk.ch\/de\/wp-json\/wp\/v2\/pages"}],"about":[{"href":"https:\/\/blvk.ch\/de\/wp-json\/wp\/v2\/types\/page"}],"author":[{"embeddable":true,"href":"https:\/\/blvk.ch\/de\/wp-json\/wp\/v2\/users\/1"}],"replies":[{"embeddable":true,"href":"https:\/\/blvk.ch\/de\/wp-json\/wp\/v2\/comments?post=539"}],"version-history":[{"count":34,"href":"https:\/\/blvk.ch\/de\/wp-json\/wp\/v2\/pages\/539\/revisions"}],"predecessor-version":[{"id":10443,"href":"https:\/\/blvk.ch\/de\/wp-json\/wp\/v2\/pages\/539\/revisions\/10443"}],"up":[{"embeddable":true,"href":"https:\/\/blvk.ch\/de\/wp-json\/wp\/v2\/pages\/9548"}],"wp:attachment":[{"href":"https:\/\/blvk.ch\/de\/wp-json\/wp\/v2\/media?parent=539"}],"curies":[{"name":"wp","href":"https:\/\/api.w.org\/{rel}","templated":true}]}}