{"id":549,"date":"2022-09-06T07:07:07","date_gmt":"2022-09-06T07:07:07","guid":{"rendered":"https:\/\/blvk.dev.mxm.agency\/?page_id=549"},"modified":"2025-10-15T09:23:02","modified_gmt":"2025-10-15T07:23:02","slug":"ueber-die-blvk","status":"publish","type":"page","link":"https:\/\/blvk.ch\/de\/die-blvk\/organisation\/ueber-die-blvk\/","title":{"rendered":"\u00dcber die BLVK"},"content":{"rendered":"<p>Die Bernische Lehrerversicherungskasse (BLVK) ist eine selbst\u00e4ndige \u00f6ffentlich-rechtliche Vorsorgeeinrichtung mit Sitz in Ostermundigen. Wir unterstehen dem Gesetz \u00fcber die kantonalen Pensionskassen (PKG) und versichern die bernische Lehrerschaft gegen die wirtschaftlichen Folgen von Invalidit\u00e4t, Alter und Tod.<\/p>\n<p>Per 31. Dezember 2023 sind bei uns\u00a0 20&#8217;214 Aktive und 9\u2019902 Rentenbeziehende versichert. Die Bilanzsumme betr\u00e4gt 8,5 Mia. Schweizer Franken. Der BLVK k\u00f6nnen sich per Vertrag auch weitere \u00f6ffentlich-rechtliche oder privatwirtschaftliche Institutionen anschliessen, die im kantonalen Bildungswesen t\u00e4tig sind oder einen Bezug dazu haben.<\/p>\n<p>Das oberste Organ der BLVK ist die parit\u00e4tisch zusammengesetzte Verwaltungskommission. Sie setzt sich aus je vier Personen der Arbeitnehmenden und Arbeitgebenden zusammen. Die Mitglieder der Verwaltungskommission bilden die ebenfalls parit\u00e4tisch zusammengesetzten Aussch\u00fcsse \u00abAudit Committee\u00bb und \u00abAnlageausschuss\u00bb.<\/p>\n<p>Die BLVK unterliegt j\u00e4hrlichen Kontrollen durch die Fachperson f\u00fcr berufliche Vorsorge sowie durch die Revisionsstelle. Die BLVK untersteht der Bernischen BVG- und Stiftungsaufsicht (BBSA).<\/p>\n","protected":false},"excerpt":{"rendered":"<p>Die Bernische Lehrerversicherungskasse (BLVK) ist eine selbst\u00e4ndige \u00f6ffentlich-rechtliche Vorsorgeeinrichtung mit Sitz in Ostermundigen. Wir unterstehen dem Gesetz \u00fcber die kantonalen Pensionskassen (PKG) und versichern die bernische Lehrerschaft gegen die wirtschaftlichen Folgen von Invalidit\u00e4t, Alter und Tod. Per 31. Dezember 2023 sind bei uns\u00a0 20&#8217;214 Aktive und 9\u2019902 Rentenbeziehende versichert. Die Bilanzsumme betr\u00e4gt 8,5 Mia. Schweizer [&hellip;]<\/p>\n","protected":false},"author":1,"featured_media":0,"parent":102,"menu_order":1,"comment_status":"closed","ping_status":"closed","template":"page-templates\/grundsatze-columns.php","meta":{"_acf_changed":false,"inline_featured_image":false,"footnotes":""},"class_list":["post-549","page","type-page","status-publish","hentry"],"acf":[],"yoast_head":"<!-- This site is optimized with the Yoast SEO plugin v25.4 - https:\/\/yoast.com\/wordpress\/plugins\/seo\/ -->\n<title>\u00dcber die BLVK - BLVK<\/title>\n<meta name=\"robots\" content=\"index, follow, max-snippet:-1, max-image-preview:large, max-video-preview:-1\" \/>\n<link rel=\"canonical\" href=\"https:\/\/blvk.ch\/de\/die-blvk\/organisation\/ueber-die-blvk\/\" \/>\n<meta property=\"og:locale\" content=\"de_DE\" \/>\n<meta property=\"og:type\" content=\"article\" \/>\n<meta property=\"og:title\" content=\"\u00dcber die BLVK - BLVK\" \/>\n<meta property=\"og:description\" content=\"Die Bernische Lehrerversicherungskasse (BLVK) ist eine selbst\u00e4ndige \u00f6ffentlich-rechtliche Vorsorgeeinrichtung mit Sitz in Ostermundigen. Wir unterstehen dem Gesetz \u00fcber die kantonalen Pensionskassen (PKG) und versichern die bernische Lehrerschaft gegen die wirtschaftlichen Folgen von Invalidit\u00e4t, Alter und Tod. Per 31. Dezember 2023 sind bei uns\u00a0 20&#8217;214 Aktive und 9\u2019902 Rentenbeziehende versichert. Die Bilanzsumme betr\u00e4gt 8,5 Mia. Schweizer [&hellip;]\" \/>\n<meta property=\"og:url\" content=\"https:\/\/blvk.ch\/de\/die-blvk\/organisation\/ueber-die-blvk\/\" \/>\n<meta property=\"og:site_name\" content=\"BLVK\" \/>\n<meta property=\"article:modified_time\" content=\"2025-10-15T07:23:02+00:00\" \/>\n<meta name=\"twitter:card\" content=\"summary_large_image\" \/>\n<meta name=\"twitter:label1\" content=\"Gesch\u00e4tzte Lesezeit\" \/>\n\t<meta name=\"twitter:data1\" content=\"1 Minute\" \/>\n<script type=\"application\/ld+json\" class=\"yoast-schema-graph\">{\"@context\":\"https:\/\/schema.org\",\"@graph\":[{\"@type\":\"WebPage\",\"@id\":\"https:\/\/blvk.ch\/de\/die-blvk\/organisation\/ueber-die-blvk\/\",\"url\":\"https:\/\/blvk.ch\/de\/die-blvk\/organisation\/ueber-die-blvk\/\",\"name\":\"\u00dcber die BLVK - BLVK\",\"isPartOf\":{\"@id\":\"https:\/\/blvk.ch\/de\/#website\"},\"datePublished\":\"2022-09-06T07:07:07+00:00\",\"dateModified\":\"2025-10-15T07:23:02+00:00\",\"breadcrumb\":{\"@id\":\"https:\/\/blvk.ch\/de\/die-blvk\/organisation\/ueber-die-blvk\/#breadcrumb\"},\"inLanguage\":\"de-DE\",\"potentialAction\":[{\"@type\":\"ReadAction\",\"target\":[\"https:\/\/blvk.ch\/de\/die-blvk\/organisation\/ueber-die-blvk\/\"]}]},{\"@type\":\"BreadcrumbList\",\"@id\":\"https:\/\/blvk.ch\/de\/die-blvk\/organisation\/ueber-die-blvk\/#breadcrumb\",\"itemListElement\":[{\"@type\":\"ListItem\",\"position\":1,\"name\":\"Startseite\",\"item\":\"https:\/\/blvk.ch\/de\/\"},{\"@type\":\"ListItem\",\"position\":2,\"name\":\"Die BLVK\",\"item\":\"https:\/\/blvk.ch\/de\/die-blvk\/\"},{\"@type\":\"ListItem\",\"position\":3,\"name\":\"Organisation\",\"item\":\"https:\/\/blvk.ch\/de\/die-blvk\/organisation\/\"},{\"@type\":\"ListItem\",\"position\":4,\"name\":\"\u00dcber die BLVK\"}]},{\"@type\":\"WebSite\",\"@id\":\"https:\/\/blvk.ch\/de\/#website\",\"url\":\"https:\/\/blvk.ch\/de\/\",\"name\":\"BLVK\",\"description\":\"Bernische Lehrerversicherungskasse\",\"publisher\":{\"@id\":\"https:\/\/blvk.ch\/de\/#organization\"},\"potentialAction\":[{\"@type\":\"SearchAction\",\"target\":{\"@type\":\"EntryPoint\",\"urlTemplate\":\"https:\/\/blvk.ch\/de\/?s={search_term_string}\"},\"query-input\":{\"@type\":\"PropertyValueSpecification\",\"valueRequired\":true,\"valueName\":\"search_term_string\"}}],\"inLanguage\":\"de-DE\"},{\"@type\":\"Organization\",\"@id\":\"https:\/\/blvk.ch\/de\/#organization\",\"name\":\"BLVK\",\"url\":\"https:\/\/blvk.ch\/de\/\",\"logo\":{\"@type\":\"ImageObject\",\"inLanguage\":\"de-DE\",\"@id\":\"https:\/\/blvk.ch\/de\/#\/schema\/logo\/image\/\",\"url\":\"https:\/\/blvk.ch\/wp-content\/uploads\/2022\/07\/Logo.png\",\"contentUrl\":\"https:\/\/blvk.ch\/wp-content\/uploads\/2022\/07\/Logo.png\",\"width\":152,\"height\":66,\"caption\":\"BLVK\"},\"image\":{\"@id\":\"https:\/\/blvk.ch\/de\/#\/schema\/logo\/image\/\"}}]}<\/script>\n<!-- \/ Yoast SEO plugin. -->","yoast_head_json":{"title":"\u00dcber die BLVK - BLVK","robots":{"index":"index","follow":"follow","max-snippet":"max-snippet:-1","max-image-preview":"max-image-preview:large","max-video-preview":"max-video-preview:-1"},"canonical":"https:\/\/blvk.ch\/de\/die-blvk\/organisation\/ueber-die-blvk\/","og_locale":"de_DE","og_type":"article","og_title":"\u00dcber die BLVK - BLVK","og_description":"Die Bernische Lehrerversicherungskasse (BLVK) ist eine selbst\u00e4ndige \u00f6ffentlich-rechtliche Vorsorgeeinrichtung mit Sitz in Ostermundigen. Wir unterstehen dem Gesetz \u00fcber die kantonalen Pensionskassen (PKG) und versichern die bernische Lehrerschaft gegen die wirtschaftlichen Folgen von Invalidit\u00e4t, Alter und Tod. Per 31. Dezember 2023 sind bei uns\u00a0 20&#8217;214 Aktive und 9\u2019902 Rentenbeziehende versichert. Die Bilanzsumme betr\u00e4gt 8,5 Mia. Schweizer [&hellip;]","og_url":"https:\/\/blvk.ch\/de\/die-blvk\/organisation\/ueber-die-blvk\/","og_site_name":"BLVK","article_modified_time":"2025-10-15T07:23:02+00:00","twitter_card":"summary_large_image","twitter_misc":{"Gesch\u00e4tzte Lesezeit":"1 Minute"},"schema":{"@context":"https:\/\/schema.org","@graph":[{"@type":"WebPage","@id":"https:\/\/blvk.ch\/de\/die-blvk\/organisation\/ueber-die-blvk\/","url":"https:\/\/blvk.ch\/de\/die-blvk\/organisation\/ueber-die-blvk\/","name":"\u00dcber die BLVK - BLVK","isPartOf":{"@id":"https:\/\/blvk.ch\/de\/#website"},"datePublished":"2022-09-06T07:07:07+00:00","dateModified":"2025-10-15T07:23:02+00:00","breadcrumb":{"@id":"https:\/\/blvk.ch\/de\/die-blvk\/organisation\/ueber-die-blvk\/#breadcrumb"},"inLanguage":"de-DE","potentialAction":[{"@type":"ReadAction","target":["https:\/\/blvk.ch\/de\/die-blvk\/organisation\/ueber-die-blvk\/"]}]},{"@type":"BreadcrumbList","@id":"https:\/\/blvk.ch\/de\/die-blvk\/organisation\/ueber-die-blvk\/#breadcrumb","itemListElement":[{"@type":"ListItem","position":1,"name":"Startseite","item":"https:\/\/blvk.ch\/de\/"},{"@type":"ListItem","position":2,"name":"Die BLVK","item":"https:\/\/blvk.ch\/de\/die-blvk\/"},{"@type":"ListItem","position":3,"name":"Organisation","item":"https:\/\/blvk.ch\/de\/die-blvk\/organisation\/"},{"@type":"ListItem","position":4,"name":"\u00dcber die BLVK"}]},{"@type":"WebSite","@id":"https:\/\/blvk.ch\/de\/#website","url":"https:\/\/blvk.ch\/de\/","name":"BLVK","description":"Bernische Lehrerversicherungskasse","publisher":{"@id":"https:\/\/blvk.ch\/de\/#organization"},"potentialAction":[{"@type":"SearchAction","target":{"@type":"EntryPoint","urlTemplate":"https:\/\/blvk.ch\/de\/?s={search_term_string}"},"query-input":{"@type":"PropertyValueSpecification","valueRequired":true,"valueName":"search_term_string"}}],"inLanguage":"de-DE"},{"@type":"Organization","@id":"https:\/\/blvk.ch\/de\/#organization","name":"BLVK","url":"https:\/\/blvk.ch\/de\/","logo":{"@type":"ImageObject","inLanguage":"de-DE","@id":"https:\/\/blvk.ch\/de\/#\/schema\/logo\/image\/","url":"https:\/\/blvk.ch\/wp-content\/uploads\/2022\/07\/Logo.png","contentUrl":"https:\/\/blvk.ch\/wp-content\/uploads\/2022\/07\/Logo.png","width":152,"height":66,"caption":"BLVK"},"image":{"@id":"https:\/\/blvk.ch\/de\/#\/schema\/logo\/image\/"}}]}},"_links":{"self":[{"href":"https:\/\/blvk.ch\/de\/wp-json\/wp\/v2\/pages\/549","targetHints":{"allow":["GET"]}}],"collection":[{"href":"https:\/\/blvk.ch\/de\/wp-json\/wp\/v2\/pages"}],"about":[{"href":"https:\/\/blvk.ch\/de\/wp-json\/wp\/v2\/types\/page"}],"author":[{"embeddable":true,"href":"https:\/\/blvk.ch\/de\/wp-json\/wp\/v2\/users\/1"}],"replies":[{"embeddable":true,"href":"https:\/\/blvk.ch\/de\/wp-json\/wp\/v2\/comments?post=549"}],"version-history":[{"count":47,"href":"https:\/\/blvk.ch\/de\/wp-json\/wp\/v2\/pages\/549\/revisions"}],"predecessor-version":[{"id":10454,"href":"https:\/\/blvk.ch\/de\/wp-json\/wp\/v2\/pages\/549\/revisions\/10454"}],"up":[{"embeddable":true,"href":"https:\/\/blvk.ch\/de\/wp-json\/wp\/v2\/pages\/102"}],"wp:attachment":[{"href":"https:\/\/blvk.ch\/de\/wp-json\/wp\/v2\/media?parent=549"}],"curies":[{"name":"wp","href":"https:\/\/api.w.org\/{rel}","templated":true}]}}