{"id":5913,"date":"2023-03-03T20:55:36","date_gmt":"2023-03-03T19:55:36","guid":{"rendered":"https:\/\/blvk.ch\/?page_id=5913"},"modified":"2026-02-20T11:47:19","modified_gmt":"2026-02-20T10:47:19","slug":"die-blvk-als-lehrbetrieb","status":"publish","type":"page","link":"https:\/\/blvk.ch\/de\/die-blvk\/arbeiten-bei-der-blvk\/die-blvk-als-lehrbetrieb\/","title":{"rendered":"BLVK als Lehrbetrieb"},"content":{"rendered":"<h2>Komm jetzt an Bord!<\/h2>\n<p>Du m\u00f6chtest eine kaufm\u00e4nnische Lehre absolvieren, dich um die berufliche Vorsorge von rund 30&#8217;000 Versicherten k\u00fcmmern und Einblick in die Verm\u00f6gensverwaltung von neun Milliarden Franken erhalten? Dann bist du hier genau richtig! Die BLVK vergibt attraktive Lehrstellen, die dich optimal auf die Zukunft vorbereiten. Den n\u00e4chsten Ausbildungsplatz bieten wir f\u00fcr den Lehrbeginn 2027 an.<\/p>\n<p><strong>Lehre als Kaufmann\/Kauffrau EFZ (3 Jahre)<\/strong><\/p>\n<p>Fachrichtung Dienstleistung und Administration, mit zus\u00e4tzlichen Blockkursen zur Vertiefung der Branchenkunde \u00abberufliche Vorsorge\u00bb<\/p>\n<p><strong>Ausbildungsplatz:<\/strong> Empfang, Finanz- und Rechnungswesen, Vorsorge, Personal, Einblick in die Bereiche Kapitalanlagen und IT<\/p>\n<p><strong>T\u00e4tigkeiten:<\/strong> Du f\u00fchrst Kundendossiers und Beratungsgespr\u00e4che und stehst telefonisch im Kontakt mit unseren Kundinnen und Kunden. Dazu bearbeitest du die Post und betreust den Empfang. Du bist bei Anl\u00e4ssen und Sitzungen dabei und lernst, wie man ein professionelles Protokoll verfasst. Du stellst und begleichst Rechnungen und baust immer mehr Wissen im Bereich der Sozialversicherungen auf. Im Bereich der Kapitalanlagen schaust du den Profis bei der Verwaltung von insgesamt neun Milliarden Franken \u00fcber die Schultern und im Bereich IT hilfst du mit, die Daten unserer Versicherten zu importieren und zu bearbeiten.<\/p>\n<p>So lernst du im Betrieb tagt\u00e4glich Neues. Diese Lernprozesse werden durch den Unterricht an der Berufsschule und branchenspezifische Blockkurse erg\u00e4nzt. Wenn du dein Franz\u00f6sisch verbessern willst, so hast du Gelegenheit, unsere franz\u00f6sisch sprechenden Kunden zu betreuen.<\/p>\n<p><strong>Arbeitsbedingungen:<\/strong><\/p>\n<ul>\n<li>umfassende Lehrlingsbetreuung<\/li>\n<li>kleines Team mit 26 Mitarbeitenden<\/li>\n<li>7 Wochen Ferien<\/li>\n<li>eigener Laptop<\/li>\n<li>Handy-Abo wird \u00fcbernommen<\/li>\n<li>moderne B\u00fcror\u00e4umlichkeiten in Ostermundigen<\/li>\n<li>ideale \u00d6V-Anbindung<\/li>\n<li>Libero-Abo (Zone 1-2) oder Halbtax-Abo wird \u00fcbernommen<\/li>\n<li>Beteiligung von CHF 300.\u2013 pro Jahr an deinem Fitnessabo oder sonstigen sportlichen Aktivit\u00e4ten<\/li>\n<li>Krankentaggeldversicherung wird \u00fcbernommen<\/li>\n<li>bei Bedarf: verg\u00fcnstigter Bezug von Reka-Checks im Wert von 1 000 CHF<\/li>\n<\/ul>\n<p><\/p>\n<p>Lerne uns w\u00e4hrend einer Schnupperlehre kennen (ab der 8. Klasse)! Unsere Berufsbildnerin steht dir gerne f\u00fcr Fragen zur Verf\u00fcgung. Melde dich jetzt unverbindlich: per E-Mail oder Telefon.<\/p>\n<p>Weitere Informationen:<\/p>\n","protected":false},"excerpt":{"rendered":"<p>Komm jetzt an Bord! Du m\u00f6chtest eine kaufm\u00e4nnische Lehre absolvieren, dich um die berufliche Vorsorge von rund 30&#8217;000 Versicherten k\u00fcmmern und Einblick in die Verm\u00f6gensverwaltung von neun Milliarden Franken erhalten? Dann bist du hier genau richtig! Die BLVK vergibt attraktive Lehrstellen, die dich optimal auf die Zukunft vorbereiten. Den n\u00e4chsten Ausbildungsplatz bieten wir f\u00fcr den [&hellip;]<\/p>\n","protected":false},"author":1,"featured_media":0,"parent":106,"menu_order":1,"comment_status":"closed","ping_status":"closed","template":"page-templates\/jobs-list.php","meta":{"_acf_changed":false,"inline_featured_image":false,"footnotes":""},"class_list":["post-5913","page","type-page","status-publish","hentry"],"acf":[],"yoast_head":"<!-- This site is optimized with the Yoast SEO plugin v25.4 - https:\/\/yoast.com\/wordpress\/plugins\/seo\/ -->\n<title>BLVK als Lehrbetrieb - BLVK<\/title>\n<meta name=\"robots\" content=\"index, follow, max-snippet:-1, max-image-preview:large, max-video-preview:-1\" \/>\n<link rel=\"canonical\" href=\"https:\/\/blvk.ch\/de\/die-blvk\/arbeiten-bei-der-blvk\/die-blvk-als-lehrbetrieb\/\" \/>\n<meta property=\"og:locale\" content=\"de_DE\" \/>\n<meta property=\"og:type\" content=\"article\" \/>\n<meta property=\"og:title\" content=\"BLVK als Lehrbetrieb - BLVK\" \/>\n<meta property=\"og:description\" content=\"Komm jetzt an Bord! Du m\u00f6chtest eine kaufm\u00e4nnische Lehre absolvieren, dich um die berufliche Vorsorge von rund 30&#8217;000 Versicherten k\u00fcmmern und Einblick in die Verm\u00f6gensverwaltung von neun Milliarden Franken erhalten? Dann bist du hier genau richtig! Die BLVK vergibt attraktive Lehrstellen, die dich optimal auf die Zukunft vorbereiten. Den n\u00e4chsten Ausbildungsplatz bieten wir f\u00fcr den [&hellip;]\" \/>\n<meta property=\"og:url\" content=\"https:\/\/blvk.ch\/de\/die-blvk\/arbeiten-bei-der-blvk\/die-blvk-als-lehrbetrieb\/\" \/>\n<meta property=\"og:site_name\" content=\"BLVK\" \/>\n<meta property=\"article:modified_time\" content=\"2026-02-20T10:47:19+00:00\" \/>\n<meta name=\"twitter:card\" content=\"summary_large_image\" \/>\n<meta name=\"twitter:label1\" content=\"Gesch\u00e4tzte Lesezeit\" \/>\n\t<meta name=\"twitter:data1\" content=\"2 Minuten\" \/>\n<script type=\"application\/ld+json\" class=\"yoast-schema-graph\">{\"@context\":\"https:\/\/schema.org\",\"@graph\":[{\"@type\":\"WebPage\",\"@id\":\"https:\/\/blvk.ch\/de\/die-blvk\/arbeiten-bei-der-blvk\/die-blvk-als-lehrbetrieb\/\",\"url\":\"https:\/\/blvk.ch\/de\/die-blvk\/arbeiten-bei-der-blvk\/die-blvk-als-lehrbetrieb\/\",\"name\":\"BLVK als Lehrbetrieb - BLVK\",\"isPartOf\":{\"@id\":\"https:\/\/blvk.ch\/de\/#website\"},\"datePublished\":\"2023-03-03T19:55:36+00:00\",\"dateModified\":\"2026-02-20T10:47:19+00:00\",\"breadcrumb\":{\"@id\":\"https:\/\/blvk.ch\/de\/die-blvk\/arbeiten-bei-der-blvk\/die-blvk-als-lehrbetrieb\/#breadcrumb\"},\"inLanguage\":\"de-DE\",\"potentialAction\":[{\"@type\":\"ReadAction\",\"target\":[\"https:\/\/blvk.ch\/de\/die-blvk\/arbeiten-bei-der-blvk\/die-blvk-als-lehrbetrieb\/\"]}]},{\"@type\":\"BreadcrumbList\",\"@id\":\"https:\/\/blvk.ch\/de\/die-blvk\/arbeiten-bei-der-blvk\/die-blvk-als-lehrbetrieb\/#breadcrumb\",\"itemListElement\":[{\"@type\":\"ListItem\",\"position\":1,\"name\":\"Startseite\",\"item\":\"https:\/\/blvk.ch\/de\/\"},{\"@type\":\"ListItem\",\"position\":2,\"name\":\"Die BLVK\",\"item\":\"https:\/\/blvk.ch\/de\/die-blvk\/\"},{\"@type\":\"ListItem\",\"position\":3,\"name\":\"Arbeiten bei der BLVK\",\"item\":\"https:\/\/blvk.ch\/de\/die-blvk\/arbeiten-bei-der-blvk\/\"},{\"@type\":\"ListItem\",\"position\":4,\"name\":\"BLVK als Lehrbetrieb\"}]},{\"@type\":\"WebSite\",\"@id\":\"https:\/\/blvk.ch\/de\/#website\",\"url\":\"https:\/\/blvk.ch\/de\/\",\"name\":\"BLVK\",\"description\":\"Bernische Lehrerversicherungskasse\",\"publisher\":{\"@id\":\"https:\/\/blvk.ch\/de\/#organization\"},\"potentialAction\":[{\"@type\":\"SearchAction\",\"target\":{\"@type\":\"EntryPoint\",\"urlTemplate\":\"https:\/\/blvk.ch\/de\/?s={search_term_string}\"},\"query-input\":{\"@type\":\"PropertyValueSpecification\",\"valueRequired\":true,\"valueName\":\"search_term_string\"}}],\"inLanguage\":\"de-DE\"},{\"@type\":\"Organization\",\"@id\":\"https:\/\/blvk.ch\/de\/#organization\",\"name\":\"BLVK\",\"url\":\"https:\/\/blvk.ch\/de\/\",\"logo\":{\"@type\":\"ImageObject\",\"inLanguage\":\"de-DE\",\"@id\":\"https:\/\/blvk.ch\/de\/#\/schema\/logo\/image\/\",\"url\":\"https:\/\/blvk.ch\/wp-content\/uploads\/2022\/07\/Logo.png\",\"contentUrl\":\"https:\/\/blvk.ch\/wp-content\/uploads\/2022\/07\/Logo.png\",\"width\":152,\"height\":66,\"caption\":\"BLVK\"},\"image\":{\"@id\":\"https:\/\/blvk.ch\/de\/#\/schema\/logo\/image\/\"}}]}<\/script>\n<!-- \/ Yoast SEO plugin. -->","yoast_head_json":{"title":"BLVK als Lehrbetrieb - BLVK","robots":{"index":"index","follow":"follow","max-snippet":"max-snippet:-1","max-image-preview":"max-image-preview:large","max-video-preview":"max-video-preview:-1"},"canonical":"https:\/\/blvk.ch\/de\/die-blvk\/arbeiten-bei-der-blvk\/die-blvk-als-lehrbetrieb\/","og_locale":"de_DE","og_type":"article","og_title":"BLVK als Lehrbetrieb - BLVK","og_description":"Komm jetzt an Bord! Du m\u00f6chtest eine kaufm\u00e4nnische Lehre absolvieren, dich um die berufliche Vorsorge von rund 30&#8217;000 Versicherten k\u00fcmmern und Einblick in die Verm\u00f6gensverwaltung von neun Milliarden Franken erhalten? Dann bist du hier genau richtig! Die BLVK vergibt attraktive Lehrstellen, die dich optimal auf die Zukunft vorbereiten. Den n\u00e4chsten Ausbildungsplatz bieten wir f\u00fcr den [&hellip;]","og_url":"https:\/\/blvk.ch\/de\/die-blvk\/arbeiten-bei-der-blvk\/die-blvk-als-lehrbetrieb\/","og_site_name":"BLVK","article_modified_time":"2026-02-20T10:47:19+00:00","twitter_card":"summary_large_image","twitter_misc":{"Gesch\u00e4tzte Lesezeit":"2 Minuten"},"schema":{"@context":"https:\/\/schema.org","@graph":[{"@type":"WebPage","@id":"https:\/\/blvk.ch\/de\/die-blvk\/arbeiten-bei-der-blvk\/die-blvk-als-lehrbetrieb\/","url":"https:\/\/blvk.ch\/de\/die-blvk\/arbeiten-bei-der-blvk\/die-blvk-als-lehrbetrieb\/","name":"BLVK als Lehrbetrieb - BLVK","isPartOf":{"@id":"https:\/\/blvk.ch\/de\/#website"},"datePublished":"2023-03-03T19:55:36+00:00","dateModified":"2026-02-20T10:47:19+00:00","breadcrumb":{"@id":"https:\/\/blvk.ch\/de\/die-blvk\/arbeiten-bei-der-blvk\/die-blvk-als-lehrbetrieb\/#breadcrumb"},"inLanguage":"de-DE","potentialAction":[{"@type":"ReadAction","target":["https:\/\/blvk.ch\/de\/die-blvk\/arbeiten-bei-der-blvk\/die-blvk-als-lehrbetrieb\/"]}]},{"@type":"BreadcrumbList","@id":"https:\/\/blvk.ch\/de\/die-blvk\/arbeiten-bei-der-blvk\/die-blvk-als-lehrbetrieb\/#breadcrumb","itemListElement":[{"@type":"ListItem","position":1,"name":"Startseite","item":"https:\/\/blvk.ch\/de\/"},{"@type":"ListItem","position":2,"name":"Die BLVK","item":"https:\/\/blvk.ch\/de\/die-blvk\/"},{"@type":"ListItem","position":3,"name":"Arbeiten bei der BLVK","item":"https:\/\/blvk.ch\/de\/die-blvk\/arbeiten-bei-der-blvk\/"},{"@type":"ListItem","position":4,"name":"BLVK als Lehrbetrieb"}]},{"@type":"WebSite","@id":"https:\/\/blvk.ch\/de\/#website","url":"https:\/\/blvk.ch\/de\/","name":"BLVK","description":"Bernische Lehrerversicherungskasse","publisher":{"@id":"https:\/\/blvk.ch\/de\/#organization"},"potentialAction":[{"@type":"SearchAction","target":{"@type":"EntryPoint","urlTemplate":"https:\/\/blvk.ch\/de\/?s={search_term_string}"},"query-input":{"@type":"PropertyValueSpecification","valueRequired":true,"valueName":"search_term_string"}}],"inLanguage":"de-DE"},{"@type":"Organization","@id":"https:\/\/blvk.ch\/de\/#organization","name":"BLVK","url":"https:\/\/blvk.ch\/de\/","logo":{"@type":"ImageObject","inLanguage":"de-DE","@id":"https:\/\/blvk.ch\/de\/#\/schema\/logo\/image\/","url":"https:\/\/blvk.ch\/wp-content\/uploads\/2022\/07\/Logo.png","contentUrl":"https:\/\/blvk.ch\/wp-content\/uploads\/2022\/07\/Logo.png","width":152,"height":66,"caption":"BLVK"},"image":{"@id":"https:\/\/blvk.ch\/de\/#\/schema\/logo\/image\/"}}]}},"_links":{"self":[{"href":"https:\/\/blvk.ch\/de\/wp-json\/wp\/v2\/pages\/5913","targetHints":{"allow":["GET"]}}],"collection":[{"href":"https:\/\/blvk.ch\/de\/wp-json\/wp\/v2\/pages"}],"about":[{"href":"https:\/\/blvk.ch\/de\/wp-json\/wp\/v2\/types\/page"}],"author":[{"embeddable":true,"href":"https:\/\/blvk.ch\/de\/wp-json\/wp\/v2\/users\/1"}],"replies":[{"embeddable":true,"href":"https:\/\/blvk.ch\/de\/wp-json\/wp\/v2\/comments?post=5913"}],"version-history":[{"count":22,"href":"https:\/\/blvk.ch\/de\/wp-json\/wp\/v2\/pages\/5913\/revisions"}],"predecessor-version":[{"id":10855,"href":"https:\/\/blvk.ch\/de\/wp-json\/wp\/v2\/pages\/5913\/revisions\/10855"}],"up":[{"embeddable":true,"href":"https:\/\/blvk.ch\/de\/wp-json\/wp\/v2\/pages\/106"}],"wp:attachment":[{"href":"https:\/\/blvk.ch\/de\/wp-json\/wp\/v2\/media?parent=5913"}],"curies":[{"name":"wp","href":"https:\/\/api.w.org\/{rel}","templated":true}]}}