{"id":787,"date":"2022-09-16T14:22:16","date_gmt":"2022-09-16T14:22:16","guid":{"rendered":"https:\/\/blvk.dev.mxm.agency\/?page_id=787"},"modified":"2025-08-06T12:00:00","modified_gmt":"2025-08-06T10:00:00","slug":"die-verwaltungskommission-der-blvk","status":"publish","type":"page","link":"https:\/\/blvk.ch\/de\/die-blvk\/organisation\/die-verwaltungskommission-der-blvk\/","title":{"rendered":"Die Verwaltungskommission"},"content":{"rendered":"<p>Die VK ist parit\u00e4tisch zusammengesetzt und besteht aus einer maximal je vier Personen umfassenden Vertretung der Arbeitnehmenden und der Arbeitgebenden. Die mit Vertrag angeschlossenen Arbeitgebenden sind angemessen zu ber\u00fccksichtigen. Die Vertreterinnen und Vertreter der Arbeitnehmenden werden durch die Delegiertenversammlung gew\u00e4hlt, jene der Arbeitgebenden durch den Regierungsrat. Die Amtsdauer betr\u00e4gt vier Jahre und beginnt am 1. August. Wiederwahlen sind zul\u00e4ssig. Scheidet ein Mitglied w\u00e4hrend der Amtsperiode aus, ist f\u00fcr die verbleibende Zeit ein Ersatz zu w\u00e4hlen. Das Pr\u00e4sidium wechselt alle zwei Jahre zwischen der Vertretung der Arbeitnehmenden und jener der Arbeitgebenden.<\/p>\n<p>Die VK nimmt die Gesamtleitung wahr. Ihr obliegen die Aufgaben, die Befugnisse und die Verantwortung, die dem parit\u00e4tischen Organ gem\u00e4ss der Bundesgesetzgebung \u00fcber die berufliche Alters-, Hinterlassenen- und Invalidenvorsorge zukommen. Die VK ist befugt, Aussch\u00fcsse einzusetzen, deren Mitglieder nicht der VK angeh\u00f6ren m\u00fcssen. St\u00e4ndige Aussch\u00fcsse sind der Anlageausschuss und das Audit Committee.<\/p>\n<p>F\u00fcr die Amtsperiode vom 1. August 2025 &#8211; 31. Juli 2029 sind folgende Personen in der VK vertreten:<\/p>\n<p><strong>Vertreterin und Vertreter der Arbeitgebenden<\/strong><\/p>\n<p>Windh\u00f6vel Kerstin, Prof. Dr., Gesch\u00e4ftsf\u00fchrerin Wincon GmbH (Vizepr\u00e4sidentin vom 1. August 2025 &#8211; 31. Juli 2027)<br \/>\nChristen Stefan, Finanzverwalter Stadt Thun<br \/>\nGurtner Hansj\u00f6rg, eidg. dipl. Pensionskassenleiter<br \/>\nStohler Dieter, lic. iur.<\/p>\n<p><strong>Vertreterin und Vertreter der Arbeitnehmenden\u00a0<\/strong><\/p>\n<p>Peyer Esther, Lehrerin f\u00fcr Wirtschaftsf\u00e4cher (Pr\u00e4sidentin vom 1. August 2025 &#8211; 31. Juli 2027)<br \/>\nJacot Manuel, Schulleiter<br \/>\nMeer Ernst, mag. rer. pol, Lehrer f\u00fcr Wirtschaft und Recht<br \/>\nRobert Christian, Sekundarlehrer<\/p>\n","protected":false},"excerpt":{"rendered":"<p>Die VK ist parit\u00e4tisch zusammengesetzt und besteht aus einer maximal je vier Personen umfassenden Vertretung der Arbeitnehmenden und der Arbeitgebenden. Die mit Vertrag angeschlossenen Arbeitgebenden sind angemessen zu ber\u00fccksichtigen. Die Vertreterinnen und Vertreter der Arbeitnehmenden werden durch die Delegiertenversammlung gew\u00e4hlt, jene der Arbeitgebenden durch den Regierungsrat. Die Amtsdauer betr\u00e4gt vier Jahre und beginnt am 1. [&hellip;]<\/p>\n","protected":false},"author":1,"featured_media":0,"parent":102,"menu_order":2,"comment_status":"closed","ping_status":"closed","template":"page-templates\/grundsatze.php","meta":{"_acf_changed":false,"inline_featured_image":false,"footnotes":""},"class_list":["post-787","page","type-page","status-publish","hentry"],"acf":[],"yoast_head":"<!-- This site is optimized with the Yoast SEO plugin v25.4 - https:\/\/yoast.com\/wordpress\/plugins\/seo\/ -->\n<title>Die Verwaltungskommission - BLVK<\/title>\n<meta name=\"robots\" content=\"index, follow, max-snippet:-1, max-image-preview:large, max-video-preview:-1\" \/>\n<link rel=\"canonical\" href=\"https:\/\/blvk.ch\/de\/die-blvk\/organisation\/die-verwaltungskommission-der-blvk\/\" \/>\n<meta property=\"og:locale\" content=\"de_DE\" \/>\n<meta property=\"og:type\" content=\"article\" \/>\n<meta property=\"og:title\" content=\"Die Verwaltungskommission - BLVK\" \/>\n<meta property=\"og:description\" content=\"Die VK ist parit\u00e4tisch zusammengesetzt und besteht aus einer maximal je vier Personen umfassenden Vertretung der Arbeitnehmenden und der Arbeitgebenden. Die mit Vertrag angeschlossenen Arbeitgebenden sind angemessen zu ber\u00fccksichtigen. Die Vertreterinnen und Vertreter der Arbeitnehmenden werden durch die Delegiertenversammlung gew\u00e4hlt, jene der Arbeitgebenden durch den Regierungsrat. Die Amtsdauer betr\u00e4gt vier Jahre und beginnt am 1. [&hellip;]\" \/>\n<meta property=\"og:url\" content=\"https:\/\/blvk.ch\/de\/die-blvk\/organisation\/die-verwaltungskommission-der-blvk\/\" \/>\n<meta property=\"og:site_name\" content=\"BLVK\" \/>\n<meta property=\"article:modified_time\" content=\"2025-08-06T10:00:00+00:00\" \/>\n<meta name=\"twitter:card\" content=\"summary_large_image\" \/>\n<meta name=\"twitter:label1\" content=\"Gesch\u00e4tzte Lesezeit\" \/>\n\t<meta name=\"twitter:data1\" content=\"1 Minute\" \/>\n<script type=\"application\/ld+json\" class=\"yoast-schema-graph\">{\"@context\":\"https:\/\/schema.org\",\"@graph\":[{\"@type\":\"WebPage\",\"@id\":\"https:\/\/blvk.ch\/de\/die-blvk\/organisation\/die-verwaltungskommission-der-blvk\/\",\"url\":\"https:\/\/blvk.ch\/de\/die-blvk\/organisation\/die-verwaltungskommission-der-blvk\/\",\"name\":\"Die Verwaltungskommission - BLVK\",\"isPartOf\":{\"@id\":\"https:\/\/blvk.ch\/de\/#website\"},\"datePublished\":\"2022-09-16T14:22:16+00:00\",\"dateModified\":\"2025-08-06T10:00:00+00:00\",\"breadcrumb\":{\"@id\":\"https:\/\/blvk.ch\/de\/die-blvk\/organisation\/die-verwaltungskommission-der-blvk\/#breadcrumb\"},\"inLanguage\":\"de-DE\",\"potentialAction\":[{\"@type\":\"ReadAction\",\"target\":[\"https:\/\/blvk.ch\/de\/die-blvk\/organisation\/die-verwaltungskommission-der-blvk\/\"]}]},{\"@type\":\"BreadcrumbList\",\"@id\":\"https:\/\/blvk.ch\/de\/die-blvk\/organisation\/die-verwaltungskommission-der-blvk\/#breadcrumb\",\"itemListElement\":[{\"@type\":\"ListItem\",\"position\":1,\"name\":\"Startseite\",\"item\":\"https:\/\/blvk.ch\/de\/\"},{\"@type\":\"ListItem\",\"position\":2,\"name\":\"Die BLVK\",\"item\":\"https:\/\/blvk.ch\/de\/die-blvk\/\"},{\"@type\":\"ListItem\",\"position\":3,\"name\":\"Organisation\",\"item\":\"https:\/\/blvk.ch\/de\/die-blvk\/organisation\/\"},{\"@type\":\"ListItem\",\"position\":4,\"name\":\"Die Verwaltungskommission\"}]},{\"@type\":\"WebSite\",\"@id\":\"https:\/\/blvk.ch\/de\/#website\",\"url\":\"https:\/\/blvk.ch\/de\/\",\"name\":\"BLVK\",\"description\":\"Bernische Lehrerversicherungskasse\",\"publisher\":{\"@id\":\"https:\/\/blvk.ch\/de\/#organization\"},\"potentialAction\":[{\"@type\":\"SearchAction\",\"target\":{\"@type\":\"EntryPoint\",\"urlTemplate\":\"https:\/\/blvk.ch\/de\/?s={search_term_string}\"},\"query-input\":{\"@type\":\"PropertyValueSpecification\",\"valueRequired\":true,\"valueName\":\"search_term_string\"}}],\"inLanguage\":\"de-DE\"},{\"@type\":\"Organization\",\"@id\":\"https:\/\/blvk.ch\/de\/#organization\",\"name\":\"BLVK\",\"url\":\"https:\/\/blvk.ch\/de\/\",\"logo\":{\"@type\":\"ImageObject\",\"inLanguage\":\"de-DE\",\"@id\":\"https:\/\/blvk.ch\/de\/#\/schema\/logo\/image\/\",\"url\":\"https:\/\/blvk.ch\/wp-content\/uploads\/2022\/07\/Logo.png\",\"contentUrl\":\"https:\/\/blvk.ch\/wp-content\/uploads\/2022\/07\/Logo.png\",\"width\":152,\"height\":66,\"caption\":\"BLVK\"},\"image\":{\"@id\":\"https:\/\/blvk.ch\/de\/#\/schema\/logo\/image\/\"}}]}<\/script>\n<!-- \/ Yoast SEO plugin. -->","yoast_head_json":{"title":"Die Verwaltungskommission - BLVK","robots":{"index":"index","follow":"follow","max-snippet":"max-snippet:-1","max-image-preview":"max-image-preview:large","max-video-preview":"max-video-preview:-1"},"canonical":"https:\/\/blvk.ch\/de\/die-blvk\/organisation\/die-verwaltungskommission-der-blvk\/","og_locale":"de_DE","og_type":"article","og_title":"Die Verwaltungskommission - BLVK","og_description":"Die VK ist parit\u00e4tisch zusammengesetzt und besteht aus einer maximal je vier Personen umfassenden Vertretung der Arbeitnehmenden und der Arbeitgebenden. Die mit Vertrag angeschlossenen Arbeitgebenden sind angemessen zu ber\u00fccksichtigen. Die Vertreterinnen und Vertreter der Arbeitnehmenden werden durch die Delegiertenversammlung gew\u00e4hlt, jene der Arbeitgebenden durch den Regierungsrat. Die Amtsdauer betr\u00e4gt vier Jahre und beginnt am 1. [&hellip;]","og_url":"https:\/\/blvk.ch\/de\/die-blvk\/organisation\/die-verwaltungskommission-der-blvk\/","og_site_name":"BLVK","article_modified_time":"2025-08-06T10:00:00+00:00","twitter_card":"summary_large_image","twitter_misc":{"Gesch\u00e4tzte Lesezeit":"1 Minute"},"schema":{"@context":"https:\/\/schema.org","@graph":[{"@type":"WebPage","@id":"https:\/\/blvk.ch\/de\/die-blvk\/organisation\/die-verwaltungskommission-der-blvk\/","url":"https:\/\/blvk.ch\/de\/die-blvk\/organisation\/die-verwaltungskommission-der-blvk\/","name":"Die Verwaltungskommission - BLVK","isPartOf":{"@id":"https:\/\/blvk.ch\/de\/#website"},"datePublished":"2022-09-16T14:22:16+00:00","dateModified":"2025-08-06T10:00:00+00:00","breadcrumb":{"@id":"https:\/\/blvk.ch\/de\/die-blvk\/organisation\/die-verwaltungskommission-der-blvk\/#breadcrumb"},"inLanguage":"de-DE","potentialAction":[{"@type":"ReadAction","target":["https:\/\/blvk.ch\/de\/die-blvk\/organisation\/die-verwaltungskommission-der-blvk\/"]}]},{"@type":"BreadcrumbList","@id":"https:\/\/blvk.ch\/de\/die-blvk\/organisation\/die-verwaltungskommission-der-blvk\/#breadcrumb","itemListElement":[{"@type":"ListItem","position":1,"name":"Startseite","item":"https:\/\/blvk.ch\/de\/"},{"@type":"ListItem","position":2,"name":"Die BLVK","item":"https:\/\/blvk.ch\/de\/die-blvk\/"},{"@type":"ListItem","position":3,"name":"Organisation","item":"https:\/\/blvk.ch\/de\/die-blvk\/organisation\/"},{"@type":"ListItem","position":4,"name":"Die Verwaltungskommission"}]},{"@type":"WebSite","@id":"https:\/\/blvk.ch\/de\/#website","url":"https:\/\/blvk.ch\/de\/","name":"BLVK","description":"Bernische Lehrerversicherungskasse","publisher":{"@id":"https:\/\/blvk.ch\/de\/#organization"},"potentialAction":[{"@type":"SearchAction","target":{"@type":"EntryPoint","urlTemplate":"https:\/\/blvk.ch\/de\/?s={search_term_string}"},"query-input":{"@type":"PropertyValueSpecification","valueRequired":true,"valueName":"search_term_string"}}],"inLanguage":"de-DE"},{"@type":"Organization","@id":"https:\/\/blvk.ch\/de\/#organization","name":"BLVK","url":"https:\/\/blvk.ch\/de\/","logo":{"@type":"ImageObject","inLanguage":"de-DE","@id":"https:\/\/blvk.ch\/de\/#\/schema\/logo\/image\/","url":"https:\/\/blvk.ch\/wp-content\/uploads\/2022\/07\/Logo.png","contentUrl":"https:\/\/blvk.ch\/wp-content\/uploads\/2022\/07\/Logo.png","width":152,"height":66,"caption":"BLVK"},"image":{"@id":"https:\/\/blvk.ch\/de\/#\/schema\/logo\/image\/"}}]}},"_links":{"self":[{"href":"https:\/\/blvk.ch\/de\/wp-json\/wp\/v2\/pages\/787","targetHints":{"allow":["GET"]}}],"collection":[{"href":"https:\/\/blvk.ch\/de\/wp-json\/wp\/v2\/pages"}],"about":[{"href":"https:\/\/blvk.ch\/de\/wp-json\/wp\/v2\/types\/page"}],"author":[{"embeddable":true,"href":"https:\/\/blvk.ch\/de\/wp-json\/wp\/v2\/users\/1"}],"replies":[{"embeddable":true,"href":"https:\/\/blvk.ch\/de\/wp-json\/wp\/v2\/comments?post=787"}],"version-history":[{"count":39,"href":"https:\/\/blvk.ch\/de\/wp-json\/wp\/v2\/pages\/787\/revisions"}],"predecessor-version":[{"id":10263,"href":"https:\/\/blvk.ch\/de\/wp-json\/wp\/v2\/pages\/787\/revisions\/10263"}],"up":[{"embeddable":true,"href":"https:\/\/blvk.ch\/de\/wp-json\/wp\/v2\/pages\/102"}],"wp:attachment":[{"href":"https:\/\/blvk.ch\/de\/wp-json\/wp\/v2\/media?parent=787"}],"curies":[{"name":"wp","href":"https:\/\/api.w.org\/{rel}","templated":true}]}}