{"id":8312,"date":"2025-04-14T12:03:18","date_gmt":"2025-04-14T10:03:18","guid":{"rendered":"https:\/\/blvk.stage.mxm.agency\/?page_id=6488"},"modified":"2025-11-06T16:26:38","modified_gmt":"2025-11-06T15:26:38","slug":"hypotheken","status":"publish","type":"page","link":"https:\/\/blvk.ch\/de\/hypotheken\/","title":{"rendered":"Hypotheken"},"content":{"rendered":"<p>Die BLVK finanziert f\u00fcr die bei ihr versicherten Personen selbstbewohntes Wohneigentum. Auch Drittpersonen bieten wir Hypotheken an, wenn sie die Bedingungen erf\u00fcllen (unter anderem bez\u00fcglich Tragbarkeit).<\/p>\n<p>Pr\u00fcfen Sie unsere attraktiven Konditionen.<\/p>\n<p>&nbsp;<\/p>\n<p>&nbsp;<\/p>\n<p>F\u00fcr den Kauf von Wohneigentum ben\u00f6tigen Sie mindestens 20 Prozent Eigenkapital. 65 Prozent des Kaufpreises finanzieren wir als 1. Hypothek, den Rest als 2. Hypothek, die amortisiert werden muss. Die Kosten im Zusammenhang mit Ihrer Liegenschaft (kalkulatorischer Hypothekarzins von 5%, Amortisation, Nebenkosten) d\u00fcrfen maximal einen Drittel Ihres Einkommens ausmachen.<\/p>\n<p>&nbsp;<\/p>\n<p>&nbsp;<\/p>\n","protected":false},"excerpt":{"rendered":"<p>Die BLVK finanziert f\u00fcr die bei ihr versicherten Personen selbstbewohntes Wohneigentum. Auch Drittpersonen bieten wir Hypotheken an, wenn sie die Bedingungen erf\u00fcllen (unter anderem bez\u00fcglich Tragbarkeit). Pr\u00fcfen Sie unsere attraktiven Konditionen. &nbsp; &nbsp; F\u00fcr den Kauf von Wohneigentum ben\u00f6tigen Sie mindestens 20 Prozent Eigenkapital. 65 Prozent des Kaufpreises finanzieren wir als 1. Hypothek, den Rest [&hellip;]<\/p>\n","protected":false},"author":1,"featured_media":0,"parent":0,"menu_order":239,"comment_status":"closed","ping_status":"closed","template":"page-templates\/hypotheken-page.php","meta":{"_acf_changed":false,"inline_featured_image":false,"footnotes":""},"class_list":["post-8312","page","type-page","status-publish","hentry"],"acf":[],"yoast_head":"<!-- This site is optimized with the Yoast SEO plugin v25.4 - https:\/\/yoast.com\/wordpress\/plugins\/seo\/ -->\n<title>Hypotheken - BLVK<\/title>\n<meta name=\"robots\" content=\"index, follow, max-snippet:-1, max-image-preview:large, max-video-preview:-1\" \/>\n<link rel=\"canonical\" href=\"https:\/\/blvk.ch\/de\/hypotheken\/\" \/>\n<meta property=\"og:locale\" content=\"de_DE\" \/>\n<meta property=\"og:type\" content=\"article\" \/>\n<meta property=\"og:title\" content=\"Hypotheken - BLVK\" \/>\n<meta property=\"og:description\" content=\"Die BLVK finanziert f\u00fcr die bei ihr versicherten Personen selbstbewohntes Wohneigentum. Auch Drittpersonen bieten wir Hypotheken an, wenn sie die Bedingungen erf\u00fcllen (unter anderem bez\u00fcglich Tragbarkeit). Pr\u00fcfen Sie unsere attraktiven Konditionen. &nbsp; &nbsp; F\u00fcr den Kauf von Wohneigentum ben\u00f6tigen Sie mindestens 20 Prozent Eigenkapital. 65 Prozent des Kaufpreises finanzieren wir als 1. Hypothek, den Rest [&hellip;]\" \/>\n<meta property=\"og:url\" content=\"https:\/\/blvk.ch\/de\/hypotheken\/\" \/>\n<meta property=\"og:site_name\" content=\"BLVK\" \/>\n<meta property=\"article:modified_time\" content=\"2025-11-06T15:26:38+00:00\" \/>\n<meta name=\"twitter:card\" content=\"summary_large_image\" \/>\n<meta name=\"twitter:label1\" content=\"Gesch\u00e4tzte Lesezeit\" \/>\n\t<meta name=\"twitter:data1\" content=\"1 Minute\" \/>\n<script type=\"application\/ld+json\" class=\"yoast-schema-graph\">{\"@context\":\"https:\/\/schema.org\",\"@graph\":[{\"@type\":\"WebPage\",\"@id\":\"https:\/\/blvk.ch\/de\/hypotheken\/\",\"url\":\"https:\/\/blvk.ch\/de\/hypotheken\/\",\"name\":\"Hypotheken - BLVK\",\"isPartOf\":{\"@id\":\"https:\/\/blvk.ch\/de\/#website\"},\"datePublished\":\"2025-04-14T10:03:18+00:00\",\"dateModified\":\"2025-11-06T15:26:38+00:00\",\"breadcrumb\":{\"@id\":\"https:\/\/blvk.ch\/de\/hypotheken\/#breadcrumb\"},\"inLanguage\":\"de-DE\",\"potentialAction\":[{\"@type\":\"ReadAction\",\"target\":[\"https:\/\/blvk.ch\/de\/hypotheken\/\"]}]},{\"@type\":\"BreadcrumbList\",\"@id\":\"https:\/\/blvk.ch\/de\/hypotheken\/#breadcrumb\",\"itemListElement\":[{\"@type\":\"ListItem\",\"position\":1,\"name\":\"Startseite\",\"item\":\"https:\/\/blvk.ch\/de\/\"},{\"@type\":\"ListItem\",\"position\":2,\"name\":\"Hypotheken\"}]},{\"@type\":\"WebSite\",\"@id\":\"https:\/\/blvk.ch\/de\/#website\",\"url\":\"https:\/\/blvk.ch\/de\/\",\"name\":\"BLVK\",\"description\":\"Bernische Lehrerversicherungskasse\",\"publisher\":{\"@id\":\"https:\/\/blvk.ch\/de\/#organization\"},\"potentialAction\":[{\"@type\":\"SearchAction\",\"target\":{\"@type\":\"EntryPoint\",\"urlTemplate\":\"https:\/\/blvk.ch\/de\/?s={search_term_string}\"},\"query-input\":{\"@type\":\"PropertyValueSpecification\",\"valueRequired\":true,\"valueName\":\"search_term_string\"}}],\"inLanguage\":\"de-DE\"},{\"@type\":\"Organization\",\"@id\":\"https:\/\/blvk.ch\/de\/#organization\",\"name\":\"BLVK\",\"url\":\"https:\/\/blvk.ch\/de\/\",\"logo\":{\"@type\":\"ImageObject\",\"inLanguage\":\"de-DE\",\"@id\":\"https:\/\/blvk.ch\/de\/#\/schema\/logo\/image\/\",\"url\":\"https:\/\/blvk.ch\/wp-content\/uploads\/2022\/07\/Logo.png\",\"contentUrl\":\"https:\/\/blvk.ch\/wp-content\/uploads\/2022\/07\/Logo.png\",\"width\":152,\"height\":66,\"caption\":\"BLVK\"},\"image\":{\"@id\":\"https:\/\/blvk.ch\/de\/#\/schema\/logo\/image\/\"}}]}<\/script>\n<!-- \/ Yoast SEO plugin. -->","yoast_head_json":{"title":"Hypotheken - BLVK","robots":{"index":"index","follow":"follow","max-snippet":"max-snippet:-1","max-image-preview":"max-image-preview:large","max-video-preview":"max-video-preview:-1"},"canonical":"https:\/\/blvk.ch\/de\/hypotheken\/","og_locale":"de_DE","og_type":"article","og_title":"Hypotheken - BLVK","og_description":"Die BLVK finanziert f\u00fcr die bei ihr versicherten Personen selbstbewohntes Wohneigentum. Auch Drittpersonen bieten wir Hypotheken an, wenn sie die Bedingungen erf\u00fcllen (unter anderem bez\u00fcglich Tragbarkeit). Pr\u00fcfen Sie unsere attraktiven Konditionen. &nbsp; &nbsp; F\u00fcr den Kauf von Wohneigentum ben\u00f6tigen Sie mindestens 20 Prozent Eigenkapital. 65 Prozent des Kaufpreises finanzieren wir als 1. Hypothek, den Rest [&hellip;]","og_url":"https:\/\/blvk.ch\/de\/hypotheken\/","og_site_name":"BLVK","article_modified_time":"2025-11-06T15:26:38+00:00","twitter_card":"summary_large_image","twitter_misc":{"Gesch\u00e4tzte Lesezeit":"1 Minute"},"schema":{"@context":"https:\/\/schema.org","@graph":[{"@type":"WebPage","@id":"https:\/\/blvk.ch\/de\/hypotheken\/","url":"https:\/\/blvk.ch\/de\/hypotheken\/","name":"Hypotheken - BLVK","isPartOf":{"@id":"https:\/\/blvk.ch\/de\/#website"},"datePublished":"2025-04-14T10:03:18+00:00","dateModified":"2025-11-06T15:26:38+00:00","breadcrumb":{"@id":"https:\/\/blvk.ch\/de\/hypotheken\/#breadcrumb"},"inLanguage":"de-DE","potentialAction":[{"@type":"ReadAction","target":["https:\/\/blvk.ch\/de\/hypotheken\/"]}]},{"@type":"BreadcrumbList","@id":"https:\/\/blvk.ch\/de\/hypotheken\/#breadcrumb","itemListElement":[{"@type":"ListItem","position":1,"name":"Startseite","item":"https:\/\/blvk.ch\/de\/"},{"@type":"ListItem","position":2,"name":"Hypotheken"}]},{"@type":"WebSite","@id":"https:\/\/blvk.ch\/de\/#website","url":"https:\/\/blvk.ch\/de\/","name":"BLVK","description":"Bernische Lehrerversicherungskasse","publisher":{"@id":"https:\/\/blvk.ch\/de\/#organization"},"potentialAction":[{"@type":"SearchAction","target":{"@type":"EntryPoint","urlTemplate":"https:\/\/blvk.ch\/de\/?s={search_term_string}"},"query-input":{"@type":"PropertyValueSpecification","valueRequired":true,"valueName":"search_term_string"}}],"inLanguage":"de-DE"},{"@type":"Organization","@id":"https:\/\/blvk.ch\/de\/#organization","name":"BLVK","url":"https:\/\/blvk.ch\/de\/","logo":{"@type":"ImageObject","inLanguage":"de-DE","@id":"https:\/\/blvk.ch\/de\/#\/schema\/logo\/image\/","url":"https:\/\/blvk.ch\/wp-content\/uploads\/2022\/07\/Logo.png","contentUrl":"https:\/\/blvk.ch\/wp-content\/uploads\/2022\/07\/Logo.png","width":152,"height":66,"caption":"BLVK"},"image":{"@id":"https:\/\/blvk.ch\/de\/#\/schema\/logo\/image\/"}}]}},"_links":{"self":[{"href":"https:\/\/blvk.ch\/de\/wp-json\/wp\/v2\/pages\/8312","targetHints":{"allow":["GET"]}}],"collection":[{"href":"https:\/\/blvk.ch\/de\/wp-json\/wp\/v2\/pages"}],"about":[{"href":"https:\/\/blvk.ch\/de\/wp-json\/wp\/v2\/types\/page"}],"author":[{"embeddable":true,"href":"https:\/\/blvk.ch\/de\/wp-json\/wp\/v2\/users\/1"}],"replies":[{"embeddable":true,"href":"https:\/\/blvk.ch\/de\/wp-json\/wp\/v2\/comments?post=8312"}],"version-history":[{"count":50,"href":"https:\/\/blvk.ch\/de\/wp-json\/wp\/v2\/pages\/8312\/revisions"}],"predecessor-version":[{"id":10539,"href":"https:\/\/blvk.ch\/de\/wp-json\/wp\/v2\/pages\/8312\/revisions\/10539"}],"wp:attachment":[{"href":"https:\/\/blvk.ch\/de\/wp-json\/wp\/v2\/media?parent=8312"}],"curies":[{"name":"wp","href":"https:\/\/api.w.org\/{rel}","templated":true}]}}