{"id":8352,"date":"2025-03-13T11:47:45","date_gmt":"2025-03-13T10:47:45","guid":{"rendered":"https:\/\/blvk.stage.mxm.agency\/?page_id=6444"},"modified":"2025-06-27T14:06:23","modified_gmt":"2025-06-27T12:06:23","slug":"hypothek-abloesen","status":"publish","type":"page","link":"https:\/\/blvk.ch\/de\/versicherte\/dokumente\/alle-formulare\/hypothek-abloesen\/","title":{"rendered":"Antrag Abl\u00f6sung Hypothek"},"content":{"rendered":"<p>Sehr gerne pr\u00fcfen wir die Abl\u00f6sung Ihrer Hypothek. Bitte beachten Sie folgendes:<\/p>\n<ul>\n<li>Wir finanzieren nur selbstbewohntes Wohneigentum. (Einfamilienhaus oder Stockwerkeigentum)<\/li>\n<li>Bei mehreren abzul\u00f6senden Hypothekartranchen muss die ganze Hypothek innerhalb von 18 Monaten zur BLVK transferiert werden k\u00f6nnen.<\/li>\n<li>Wir finanzieren lediglich Objekte in den Kantonen BE, FR, SO, AG; LU &amp; JU*\u2028 im Kanton JU nur f\u00fcr Versicherte und Rentner der BLVK<\/li>\n<\/ul>\n<p>Wenn Ihr Objekt\/ihre aktuelle Hypothek den obigen Kriterien entspricht, so f\u00fcllen Sie bitte den untenstehenden Antrag aus. Mit dem Button \u00abDrucken\u00bb k\u00f6nnen Sie den Antrag generieren und ihn zusammenb mit den aufgef\u00fchrten Unterlagen einreichen. Unser Ziel ist es, dass Sie innerhalb von 2 Arbeitstagen eine Antwort von uns erhalten.<\/p>\n","protected":false},"excerpt":{"rendered":"<p>Sehr gerne pr\u00fcfen wir die Abl\u00f6sung Ihrer Hypothek. Bitte beachten Sie folgendes: Wir finanzieren nur selbstbewohntes Wohneigentum. (Einfamilienhaus oder Stockwerkeigentum) Bei mehreren abzul\u00f6senden Hypothekartranchen muss die ganze Hypothek innerhalb von 18 Monaten zur BLVK transferiert werden k\u00f6nnen. Wir finanzieren lediglich Objekte in den Kantonen BE, FR, SO, AG; LU &amp; JU*\u2028 im Kanton JU nur [&hellip;]<\/p>\n","protected":false},"author":1,"featured_media":0,"parent":604,"menu_order":94,"comment_status":"closed","ping_status":"closed","template":"page-templates\/iframe-page.php","meta":{"_acf_changed":false,"inline_featured_image":false,"footnotes":""},"class_list":["post-8352","page","type-page","status-publish","hentry"],"acf":[],"yoast_head":"<!-- This site is optimized with the Yoast SEO plugin v25.4 - https:\/\/yoast.com\/wordpress\/plugins\/seo\/ -->\n<title>Antrag Abl\u00f6sung Hypothek - BLVK<\/title>\n<meta name=\"robots\" content=\"index, follow, max-snippet:-1, max-image-preview:large, max-video-preview:-1\" \/>\n<link rel=\"canonical\" href=\"https:\/\/blvk.ch\/de\/versicherte\/dokumente\/alle-formulare\/hypothek-abloesen\/\" \/>\n<meta property=\"og:locale\" content=\"de_DE\" \/>\n<meta property=\"og:type\" content=\"article\" \/>\n<meta property=\"og:title\" content=\"Antrag Abl\u00f6sung Hypothek - BLVK\" \/>\n<meta property=\"og:description\" content=\"Sehr gerne pr\u00fcfen wir die Abl\u00f6sung Ihrer Hypothek. Bitte beachten Sie folgendes: Wir finanzieren nur selbstbewohntes Wohneigentum. (Einfamilienhaus oder Stockwerkeigentum) Bei mehreren abzul\u00f6senden Hypothekartranchen muss die ganze Hypothek innerhalb von 18 Monaten zur BLVK transferiert werden k\u00f6nnen. Wir finanzieren lediglich Objekte in den Kantonen BE, FR, SO, AG; LU &amp; JU*\u2028 im Kanton JU nur [&hellip;]\" \/>\n<meta property=\"og:url\" content=\"https:\/\/blvk.ch\/de\/versicherte\/dokumente\/alle-formulare\/hypothek-abloesen\/\" \/>\n<meta property=\"og:site_name\" content=\"BLVK\" \/>\n<meta property=\"article:modified_time\" content=\"2025-06-27T12:06:23+00:00\" \/>\n<meta name=\"twitter:card\" content=\"summary_large_image\" \/>\n<meta name=\"twitter:label1\" content=\"Gesch\u00e4tzte Lesezeit\" \/>\n\t<meta name=\"twitter:data1\" content=\"1 Minute\" \/>\n<script type=\"application\/ld+json\" class=\"yoast-schema-graph\">{\"@context\":\"https:\/\/schema.org\",\"@graph\":[{\"@type\":\"WebPage\",\"@id\":\"https:\/\/blvk.ch\/de\/versicherte\/dokumente\/alle-formulare\/hypothek-abloesen\/\",\"url\":\"https:\/\/blvk.ch\/de\/versicherte\/dokumente\/alle-formulare\/hypothek-abloesen\/\",\"name\":\"Antrag Abl\u00f6sung Hypothek - BLVK\",\"isPartOf\":{\"@id\":\"https:\/\/blvk.ch\/de\/#website\"},\"datePublished\":\"2025-03-13T10:47:45+00:00\",\"dateModified\":\"2025-06-27T12:06:23+00:00\",\"breadcrumb\":{\"@id\":\"https:\/\/blvk.ch\/de\/versicherte\/dokumente\/alle-formulare\/hypothek-abloesen\/#breadcrumb\"},\"inLanguage\":\"de-DE\",\"potentialAction\":[{\"@type\":\"ReadAction\",\"target\":[\"https:\/\/blvk.ch\/de\/versicherte\/dokumente\/alle-formulare\/hypothek-abloesen\/\"]}]},{\"@type\":\"BreadcrumbList\",\"@id\":\"https:\/\/blvk.ch\/de\/versicherte\/dokumente\/alle-formulare\/hypothek-abloesen\/#breadcrumb\",\"itemListElement\":[{\"@type\":\"ListItem\",\"position\":1,\"name\":\"Startseite\",\"item\":\"https:\/\/blvk.ch\/de\/\"},{\"@type\":\"ListItem\",\"position\":2,\"name\":\"Versicherte\",\"item\":\"https:\/\/blvk.ch\/de\/versicherte\/\"},{\"@type\":\"ListItem\",\"position\":3,\"name\":\"Dokumente\",\"item\":\"https:\/\/blvk.ch\/de\/versicherte\/dokumente\/\"},{\"@type\":\"ListItem\",\"position\":4,\"name\":\"Alle Formulare\",\"item\":\"https:\/\/blvk.ch\/de\/versicherte\/dokumente\/alle-formulare\/\"},{\"@type\":\"ListItem\",\"position\":5,\"name\":\"Antrag Abl\u00f6sung Hypothek\"}]},{\"@type\":\"WebSite\",\"@id\":\"https:\/\/blvk.ch\/de\/#website\",\"url\":\"https:\/\/blvk.ch\/de\/\",\"name\":\"BLVK\",\"description\":\"Bernische Lehrerversicherungskasse\",\"publisher\":{\"@id\":\"https:\/\/blvk.ch\/de\/#organization\"},\"potentialAction\":[{\"@type\":\"SearchAction\",\"target\":{\"@type\":\"EntryPoint\",\"urlTemplate\":\"https:\/\/blvk.ch\/de\/?s={search_term_string}\"},\"query-input\":{\"@type\":\"PropertyValueSpecification\",\"valueRequired\":true,\"valueName\":\"search_term_string\"}}],\"inLanguage\":\"de-DE\"},{\"@type\":\"Organization\",\"@id\":\"https:\/\/blvk.ch\/de\/#organization\",\"name\":\"BLVK\",\"url\":\"https:\/\/blvk.ch\/de\/\",\"logo\":{\"@type\":\"ImageObject\",\"inLanguage\":\"de-DE\",\"@id\":\"https:\/\/blvk.ch\/de\/#\/schema\/logo\/image\/\",\"url\":\"https:\/\/blvk.ch\/wp-content\/uploads\/2022\/07\/Logo.png\",\"contentUrl\":\"https:\/\/blvk.ch\/wp-content\/uploads\/2022\/07\/Logo.png\",\"width\":152,\"height\":66,\"caption\":\"BLVK\"},\"image\":{\"@id\":\"https:\/\/blvk.ch\/de\/#\/schema\/logo\/image\/\"}}]}<\/script>\n<!-- \/ Yoast SEO plugin. -->","yoast_head_json":{"title":"Antrag Abl\u00f6sung Hypothek - BLVK","robots":{"index":"index","follow":"follow","max-snippet":"max-snippet:-1","max-image-preview":"max-image-preview:large","max-video-preview":"max-video-preview:-1"},"canonical":"https:\/\/blvk.ch\/de\/versicherte\/dokumente\/alle-formulare\/hypothek-abloesen\/","og_locale":"de_DE","og_type":"article","og_title":"Antrag Abl\u00f6sung Hypothek - BLVK","og_description":"Sehr gerne pr\u00fcfen wir die Abl\u00f6sung Ihrer Hypothek. Bitte beachten Sie folgendes: Wir finanzieren nur selbstbewohntes Wohneigentum. (Einfamilienhaus oder Stockwerkeigentum) Bei mehreren abzul\u00f6senden Hypothekartranchen muss die ganze Hypothek innerhalb von 18 Monaten zur BLVK transferiert werden k\u00f6nnen. Wir finanzieren lediglich Objekte in den Kantonen BE, FR, SO, AG; LU &amp; JU*\u2028 im Kanton JU nur [&hellip;]","og_url":"https:\/\/blvk.ch\/de\/versicherte\/dokumente\/alle-formulare\/hypothek-abloesen\/","og_site_name":"BLVK","article_modified_time":"2025-06-27T12:06:23+00:00","twitter_card":"summary_large_image","twitter_misc":{"Gesch\u00e4tzte Lesezeit":"1 Minute"},"schema":{"@context":"https:\/\/schema.org","@graph":[{"@type":"WebPage","@id":"https:\/\/blvk.ch\/de\/versicherte\/dokumente\/alle-formulare\/hypothek-abloesen\/","url":"https:\/\/blvk.ch\/de\/versicherte\/dokumente\/alle-formulare\/hypothek-abloesen\/","name":"Antrag Abl\u00f6sung Hypothek - BLVK","isPartOf":{"@id":"https:\/\/blvk.ch\/de\/#website"},"datePublished":"2025-03-13T10:47:45+00:00","dateModified":"2025-06-27T12:06:23+00:00","breadcrumb":{"@id":"https:\/\/blvk.ch\/de\/versicherte\/dokumente\/alle-formulare\/hypothek-abloesen\/#breadcrumb"},"inLanguage":"de-DE","potentialAction":[{"@type":"ReadAction","target":["https:\/\/blvk.ch\/de\/versicherte\/dokumente\/alle-formulare\/hypothek-abloesen\/"]}]},{"@type":"BreadcrumbList","@id":"https:\/\/blvk.ch\/de\/versicherte\/dokumente\/alle-formulare\/hypothek-abloesen\/#breadcrumb","itemListElement":[{"@type":"ListItem","position":1,"name":"Startseite","item":"https:\/\/blvk.ch\/de\/"},{"@type":"ListItem","position":2,"name":"Versicherte","item":"https:\/\/blvk.ch\/de\/versicherte\/"},{"@type":"ListItem","position":3,"name":"Dokumente","item":"https:\/\/blvk.ch\/de\/versicherte\/dokumente\/"},{"@type":"ListItem","position":4,"name":"Alle Formulare","item":"https:\/\/blvk.ch\/de\/versicherte\/dokumente\/alle-formulare\/"},{"@type":"ListItem","position":5,"name":"Antrag Abl\u00f6sung Hypothek"}]},{"@type":"WebSite","@id":"https:\/\/blvk.ch\/de\/#website","url":"https:\/\/blvk.ch\/de\/","name":"BLVK","description":"Bernische Lehrerversicherungskasse","publisher":{"@id":"https:\/\/blvk.ch\/de\/#organization"},"potentialAction":[{"@type":"SearchAction","target":{"@type":"EntryPoint","urlTemplate":"https:\/\/blvk.ch\/de\/?s={search_term_string}"},"query-input":{"@type":"PropertyValueSpecification","valueRequired":true,"valueName":"search_term_string"}}],"inLanguage":"de-DE"},{"@type":"Organization","@id":"https:\/\/blvk.ch\/de\/#organization","name":"BLVK","url":"https:\/\/blvk.ch\/de\/","logo":{"@type":"ImageObject","inLanguage":"de-DE","@id":"https:\/\/blvk.ch\/de\/#\/schema\/logo\/image\/","url":"https:\/\/blvk.ch\/wp-content\/uploads\/2022\/07\/Logo.png","contentUrl":"https:\/\/blvk.ch\/wp-content\/uploads\/2022\/07\/Logo.png","width":152,"height":66,"caption":"BLVK"},"image":{"@id":"https:\/\/blvk.ch\/de\/#\/schema\/logo\/image\/"}}]}},"_links":{"self":[{"href":"https:\/\/blvk.ch\/de\/wp-json\/wp\/v2\/pages\/8352","targetHints":{"allow":["GET"]}}],"collection":[{"href":"https:\/\/blvk.ch\/de\/wp-json\/wp\/v2\/pages"}],"about":[{"href":"https:\/\/blvk.ch\/de\/wp-json\/wp\/v2\/types\/page"}],"author":[{"embeddable":true,"href":"https:\/\/blvk.ch\/de\/wp-json\/wp\/v2\/users\/1"}],"replies":[{"embeddable":true,"href":"https:\/\/blvk.ch\/de\/wp-json\/wp\/v2\/comments?post=8352"}],"version-history":[{"count":5,"href":"https:\/\/blvk.ch\/de\/wp-json\/wp\/v2\/pages\/8352\/revisions"}],"predecessor-version":[{"id":9589,"href":"https:\/\/blvk.ch\/de\/wp-json\/wp\/v2\/pages\/8352\/revisions\/9589"}],"up":[{"embeddable":true,"href":"https:\/\/blvk.ch\/de\/wp-json\/wp\/v2\/pages\/604"}],"wp:attachment":[{"href":"https:\/\/blvk.ch\/de\/wp-json\/wp\/v2\/media?parent=8352"}],"curies":[{"name":"wp","href":"https:\/\/api.w.org\/{rel}","templated":true}]}}