{"id":8353,"date":"2025-03-13T11:59:25","date_gmt":"2025-03-13T10:59:25","guid":{"rendered":"https:\/\/blvk.stage.mxm.agency\/?page_id=6449"},"modified":"2025-06-27T14:05:41","modified_gmt":"2025-06-27T12:05:41","slug":"hypothek-beantragen","status":"publish","type":"page","link":"https:\/\/blvk.ch\/de\/versicherte\/dokumente\/alle-formulare\/hypothek-beantragen\/","title":{"rendered":"Hypothekarantrag Kauf Liegenschaft"},"content":{"rendered":"<p>Sie haben Ihr Wunschobjekt gefunden? Gerne pr\u00fcfen wir ob wir dieses finanzieren k\u00f6nnen. Bitte beachten Sie folgendes:<\/p>\n<ul>\n<li>Wir finanzieren nur selbstbewohntes Wohneigentum (Einfamilienhaus \u2028 oder Stockwerkeigentum) KEINE Ferienwohnungen oder Renditeobjekte \u2028 (Mehrfamilienh\u00e4user oder vermietete Wohnungen)<\/li>\n<li>Wir finanzieren nur schl\u00fcsselfertige Objekte (bestehende H\u00e4user\/Wohnungen, KEINE Bau- oder GU-Finanzierungen)<\/li>\n<li>Wir finanzieren lediglich Objekte in den Kantonen BE, Fr, SO, AG, LU &amp; JU*\u2028 im Kanton JU nur f\u00fcr Versicherte und Rentner der BLVK<\/li>\n<\/ul>\n<p>Wenn Ihr k\u00fcnftiges Zuhause den obigen Kriterien entspricht, so f\u00fcllen Sie bitte den untenstehenden Antrag aus. Mit dem Button \u00abDrucken\u00bb k\u00f6nnen Sie den Antrag generieren und ihn zusammen mit den aufgef\u00fchrten Unterlagen einreichen. Unser Ziel ist es, dass Sie innerhalb von 48 Stunden eine Antwort von uns erhalten.<\/p>\n","protected":false},"excerpt":{"rendered":"<p>Sie haben Ihr Wunschobjekt gefunden? Gerne pr\u00fcfen wir ob wir dieses finanzieren k\u00f6nnen. Bitte beachten Sie folgendes: Wir finanzieren nur selbstbewohntes Wohneigentum (Einfamilienhaus \u2028 oder Stockwerkeigentum) KEINE Ferienwohnungen oder Renditeobjekte \u2028 (Mehrfamilienh\u00e4user oder vermietete Wohnungen) Wir finanzieren nur schl\u00fcsselfertige Objekte (bestehende H\u00e4user\/Wohnungen, KEINE Bau- oder GU-Finanzierungen) Wir finanzieren lediglich Objekte in den Kantonen BE, Fr, [&hellip;]<\/p>\n","protected":false},"author":1,"featured_media":0,"parent":604,"menu_order":94,"comment_status":"closed","ping_status":"closed","template":"page-templates\/iframe-page.php","meta":{"_acf_changed":false,"inline_featured_image":false,"footnotes":""},"class_list":["post-8353","page","type-page","status-publish","hentry"],"acf":[],"yoast_head":"<!-- This site is optimized with the Yoast SEO plugin v25.4 - https:\/\/yoast.com\/wordpress\/plugins\/seo\/ -->\n<title>Hypothekarantrag Kauf Liegenschaft - BLVK<\/title>\n<meta name=\"robots\" content=\"index, follow, max-snippet:-1, max-image-preview:large, max-video-preview:-1\" \/>\n<link rel=\"canonical\" href=\"https:\/\/blvk.ch\/de\/versicherte\/dokumente\/alle-formulare\/hypothek-beantragen\/\" \/>\n<meta property=\"og:locale\" content=\"de_DE\" \/>\n<meta property=\"og:type\" content=\"article\" \/>\n<meta property=\"og:title\" content=\"Hypothekarantrag Kauf Liegenschaft - BLVK\" \/>\n<meta property=\"og:description\" content=\"Sie haben Ihr Wunschobjekt gefunden? Gerne pr\u00fcfen wir ob wir dieses finanzieren k\u00f6nnen. Bitte beachten Sie folgendes: Wir finanzieren nur selbstbewohntes Wohneigentum (Einfamilienhaus \u2028 oder Stockwerkeigentum) KEINE Ferienwohnungen oder Renditeobjekte \u2028 (Mehrfamilienh\u00e4user oder vermietete Wohnungen) Wir finanzieren nur schl\u00fcsselfertige Objekte (bestehende H\u00e4user\/Wohnungen, KEINE Bau- oder GU-Finanzierungen) Wir finanzieren lediglich Objekte in den Kantonen BE, Fr, [&hellip;]\" \/>\n<meta property=\"og:url\" content=\"https:\/\/blvk.ch\/de\/versicherte\/dokumente\/alle-formulare\/hypothek-beantragen\/\" \/>\n<meta property=\"og:site_name\" content=\"BLVK\" \/>\n<meta property=\"article:modified_time\" content=\"2025-06-27T12:05:41+00:00\" \/>\n<meta name=\"twitter:card\" content=\"summary_large_image\" \/>\n<meta name=\"twitter:label1\" content=\"Gesch\u00e4tzte Lesezeit\" \/>\n\t<meta name=\"twitter:data1\" content=\"1 Minute\" \/>\n<script type=\"application\/ld+json\" class=\"yoast-schema-graph\">{\"@context\":\"https:\/\/schema.org\",\"@graph\":[{\"@type\":\"WebPage\",\"@id\":\"https:\/\/blvk.ch\/de\/versicherte\/dokumente\/alle-formulare\/hypothek-beantragen\/\",\"url\":\"https:\/\/blvk.ch\/de\/versicherte\/dokumente\/alle-formulare\/hypothek-beantragen\/\",\"name\":\"Hypothekarantrag Kauf Liegenschaft - BLVK\",\"isPartOf\":{\"@id\":\"https:\/\/blvk.ch\/de\/#website\"},\"datePublished\":\"2025-03-13T10:59:25+00:00\",\"dateModified\":\"2025-06-27T12:05:41+00:00\",\"breadcrumb\":{\"@id\":\"https:\/\/blvk.ch\/de\/versicherte\/dokumente\/alle-formulare\/hypothek-beantragen\/#breadcrumb\"},\"inLanguage\":\"de-DE\",\"potentialAction\":[{\"@type\":\"ReadAction\",\"target\":[\"https:\/\/blvk.ch\/de\/versicherte\/dokumente\/alle-formulare\/hypothek-beantragen\/\"]}]},{\"@type\":\"BreadcrumbList\",\"@id\":\"https:\/\/blvk.ch\/de\/versicherte\/dokumente\/alle-formulare\/hypothek-beantragen\/#breadcrumb\",\"itemListElement\":[{\"@type\":\"ListItem\",\"position\":1,\"name\":\"Startseite\",\"item\":\"https:\/\/blvk.ch\/de\/\"},{\"@type\":\"ListItem\",\"position\":2,\"name\":\"Versicherte\",\"item\":\"https:\/\/blvk.ch\/de\/versicherte\/\"},{\"@type\":\"ListItem\",\"position\":3,\"name\":\"Dokumente\",\"item\":\"https:\/\/blvk.ch\/de\/versicherte\/dokumente\/\"},{\"@type\":\"ListItem\",\"position\":4,\"name\":\"Alle Formulare\",\"item\":\"https:\/\/blvk.ch\/de\/versicherte\/dokumente\/alle-formulare\/\"},{\"@type\":\"ListItem\",\"position\":5,\"name\":\"Hypothekarantrag Kauf Liegenschaft\"}]},{\"@type\":\"WebSite\",\"@id\":\"https:\/\/blvk.ch\/de\/#website\",\"url\":\"https:\/\/blvk.ch\/de\/\",\"name\":\"BLVK\",\"description\":\"Bernische Lehrerversicherungskasse\",\"publisher\":{\"@id\":\"https:\/\/blvk.ch\/de\/#organization\"},\"potentialAction\":[{\"@type\":\"SearchAction\",\"target\":{\"@type\":\"EntryPoint\",\"urlTemplate\":\"https:\/\/blvk.ch\/de\/?s={search_term_string}\"},\"query-input\":{\"@type\":\"PropertyValueSpecification\",\"valueRequired\":true,\"valueName\":\"search_term_string\"}}],\"inLanguage\":\"de-DE\"},{\"@type\":\"Organization\",\"@id\":\"https:\/\/blvk.ch\/de\/#organization\",\"name\":\"BLVK\",\"url\":\"https:\/\/blvk.ch\/de\/\",\"logo\":{\"@type\":\"ImageObject\",\"inLanguage\":\"de-DE\",\"@id\":\"https:\/\/blvk.ch\/de\/#\/schema\/logo\/image\/\",\"url\":\"https:\/\/blvk.ch\/wp-content\/uploads\/2022\/07\/Logo.png\",\"contentUrl\":\"https:\/\/blvk.ch\/wp-content\/uploads\/2022\/07\/Logo.png\",\"width\":152,\"height\":66,\"caption\":\"BLVK\"},\"image\":{\"@id\":\"https:\/\/blvk.ch\/de\/#\/schema\/logo\/image\/\"}}]}<\/script>\n<!-- \/ Yoast SEO plugin. -->","yoast_head_json":{"title":"Hypothekarantrag Kauf Liegenschaft - BLVK","robots":{"index":"index","follow":"follow","max-snippet":"max-snippet:-1","max-image-preview":"max-image-preview:large","max-video-preview":"max-video-preview:-1"},"canonical":"https:\/\/blvk.ch\/de\/versicherte\/dokumente\/alle-formulare\/hypothek-beantragen\/","og_locale":"de_DE","og_type":"article","og_title":"Hypothekarantrag Kauf Liegenschaft - BLVK","og_description":"Sie haben Ihr Wunschobjekt gefunden? Gerne pr\u00fcfen wir ob wir dieses finanzieren k\u00f6nnen. Bitte beachten Sie folgendes: Wir finanzieren nur selbstbewohntes Wohneigentum (Einfamilienhaus \u2028 oder Stockwerkeigentum) KEINE Ferienwohnungen oder Renditeobjekte \u2028 (Mehrfamilienh\u00e4user oder vermietete Wohnungen) Wir finanzieren nur schl\u00fcsselfertige Objekte (bestehende H\u00e4user\/Wohnungen, KEINE Bau- oder GU-Finanzierungen) Wir finanzieren lediglich Objekte in den Kantonen BE, Fr, [&hellip;]","og_url":"https:\/\/blvk.ch\/de\/versicherte\/dokumente\/alle-formulare\/hypothek-beantragen\/","og_site_name":"BLVK","article_modified_time":"2025-06-27T12:05:41+00:00","twitter_card":"summary_large_image","twitter_misc":{"Gesch\u00e4tzte Lesezeit":"1 Minute"},"schema":{"@context":"https:\/\/schema.org","@graph":[{"@type":"WebPage","@id":"https:\/\/blvk.ch\/de\/versicherte\/dokumente\/alle-formulare\/hypothek-beantragen\/","url":"https:\/\/blvk.ch\/de\/versicherte\/dokumente\/alle-formulare\/hypothek-beantragen\/","name":"Hypothekarantrag Kauf Liegenschaft - BLVK","isPartOf":{"@id":"https:\/\/blvk.ch\/de\/#website"},"datePublished":"2025-03-13T10:59:25+00:00","dateModified":"2025-06-27T12:05:41+00:00","breadcrumb":{"@id":"https:\/\/blvk.ch\/de\/versicherte\/dokumente\/alle-formulare\/hypothek-beantragen\/#breadcrumb"},"inLanguage":"de-DE","potentialAction":[{"@type":"ReadAction","target":["https:\/\/blvk.ch\/de\/versicherte\/dokumente\/alle-formulare\/hypothek-beantragen\/"]}]},{"@type":"BreadcrumbList","@id":"https:\/\/blvk.ch\/de\/versicherte\/dokumente\/alle-formulare\/hypothek-beantragen\/#breadcrumb","itemListElement":[{"@type":"ListItem","position":1,"name":"Startseite","item":"https:\/\/blvk.ch\/de\/"},{"@type":"ListItem","position":2,"name":"Versicherte","item":"https:\/\/blvk.ch\/de\/versicherte\/"},{"@type":"ListItem","position":3,"name":"Dokumente","item":"https:\/\/blvk.ch\/de\/versicherte\/dokumente\/"},{"@type":"ListItem","position":4,"name":"Alle Formulare","item":"https:\/\/blvk.ch\/de\/versicherte\/dokumente\/alle-formulare\/"},{"@type":"ListItem","position":5,"name":"Hypothekarantrag Kauf Liegenschaft"}]},{"@type":"WebSite","@id":"https:\/\/blvk.ch\/de\/#website","url":"https:\/\/blvk.ch\/de\/","name":"BLVK","description":"Bernische Lehrerversicherungskasse","publisher":{"@id":"https:\/\/blvk.ch\/de\/#organization"},"potentialAction":[{"@type":"SearchAction","target":{"@type":"EntryPoint","urlTemplate":"https:\/\/blvk.ch\/de\/?s={search_term_string}"},"query-input":{"@type":"PropertyValueSpecification","valueRequired":true,"valueName":"search_term_string"}}],"inLanguage":"de-DE"},{"@type":"Organization","@id":"https:\/\/blvk.ch\/de\/#organization","name":"BLVK","url":"https:\/\/blvk.ch\/de\/","logo":{"@type":"ImageObject","inLanguage":"de-DE","@id":"https:\/\/blvk.ch\/de\/#\/schema\/logo\/image\/","url":"https:\/\/blvk.ch\/wp-content\/uploads\/2022\/07\/Logo.png","contentUrl":"https:\/\/blvk.ch\/wp-content\/uploads\/2022\/07\/Logo.png","width":152,"height":66,"caption":"BLVK"},"image":{"@id":"https:\/\/blvk.ch\/de\/#\/schema\/logo\/image\/"}}]}},"_links":{"self":[{"href":"https:\/\/blvk.ch\/de\/wp-json\/wp\/v2\/pages\/8353","targetHints":{"allow":["GET"]}}],"collection":[{"href":"https:\/\/blvk.ch\/de\/wp-json\/wp\/v2\/pages"}],"about":[{"href":"https:\/\/blvk.ch\/de\/wp-json\/wp\/v2\/types\/page"}],"author":[{"embeddable":true,"href":"https:\/\/blvk.ch\/de\/wp-json\/wp\/v2\/users\/1"}],"replies":[{"embeddable":true,"href":"https:\/\/blvk.ch\/de\/wp-json\/wp\/v2\/comments?post=8353"}],"version-history":[{"count":6,"href":"https:\/\/blvk.ch\/de\/wp-json\/wp\/v2\/pages\/8353\/revisions"}],"predecessor-version":[{"id":9587,"href":"https:\/\/blvk.ch\/de\/wp-json\/wp\/v2\/pages\/8353\/revisions\/9587"}],"up":[{"embeddable":true,"href":"https:\/\/blvk.ch\/de\/wp-json\/wp\/v2\/pages\/604"}],"wp:attachment":[{"href":"https:\/\/blvk.ch\/de\/wp-json\/wp\/v2\/media?parent=8353"}],"curies":[{"name":"wp","href":"https:\/\/api.w.org\/{rel}","templated":true}]}}