{"id":866,"date":"2022-09-19T12:42:10","date_gmt":"2022-09-19T12:42:10","guid":{"rendered":"https:\/\/blvk.dev.mxm.agency\/?page_id=866"},"modified":"2026-01-30T18:42:00","modified_gmt":"2026-01-30T17:42:00","slug":"merkblatt-pensionierung","status":"publish","type":"page","link":"https:\/\/blvk.ch\/de\/versicherte\/dokumente\/alle-merkblaetter\/merkblatt-pensionierung\/","title":{"rendered":"Merkblatt Pensionierung"},"content":{"rendered":"<p>Das ordentliche Pensionierungsalter liegt bei der BLVK f\u00fcr Frauen und M\u00e4nner bei 65 Jahren. Der fr\u00fchestm\u00f6gliche Bezug der Altersrente ist mit 58 Jahren m\u00f6glich. Bei Weiterf\u00fchren der Erwerbst\u00e4tigkeit ist ein Aufschub des Rentenbezugs bis zum 70. Altersjahr m\u00f6glich. Ab Erreichen des Rentenalters von 58 Jahren erfolgt grunds\u00e4tzlich kein \u00dcbertrag der Freiz\u00fcgigkeitsleistung mehr; es erfolgt die Pensionierung.<\/p>\n","protected":false},"excerpt":{"rendered":"<p>Das ordentliche Pensionierungsalter liegt bei der BLVK f\u00fcr Frauen und M\u00e4nner bei 65 Jahren. Der fr\u00fchestm\u00f6gliche Bezug der Altersrente ist mit 58 Jahren m\u00f6glich. Bei Weiterf\u00fchren der Erwerbst\u00e4tigkeit ist ein Aufschub des Rentenbezugs bis zum 70. Altersjahr m\u00f6glich. Ab Erreichen des Rentenalters von 58 Jahren erfolgt grunds\u00e4tzlich kein \u00dcbertrag der Freiz\u00fcgigkeitsleistung mehr; es erfolgt die [&hellip;]<\/p>\n","protected":false},"author":1,"featured_media":0,"parent":937,"menu_order":0,"comment_status":"closed","ping_status":"closed","template":"page-templates\/grundsatze-small.php","meta":{"_acf_changed":false,"inline_featured_image":false,"footnotes":""},"class_list":["post-866","page","type-page","status-publish","hentry"],"acf":[],"yoast_head":"<!-- This site is optimized with the Yoast SEO plugin v25.4 - https:\/\/yoast.com\/wordpress\/plugins\/seo\/ -->\n<title>Merkblatt Pensionierung - BLVK<\/title>\n<meta name=\"robots\" content=\"index, follow, max-snippet:-1, max-image-preview:large, max-video-preview:-1\" \/>\n<link rel=\"canonical\" href=\"https:\/\/blvk.ch\/de\/versicherte\/dokumente\/alle-merkblaetter\/merkblatt-pensionierung\/\" \/>\n<meta property=\"og:locale\" content=\"de_DE\" \/>\n<meta property=\"og:type\" content=\"article\" \/>\n<meta property=\"og:title\" content=\"Merkblatt Pensionierung - BLVK\" \/>\n<meta property=\"og:description\" content=\"Das ordentliche Pensionierungsalter liegt bei der BLVK f\u00fcr Frauen und M\u00e4nner bei 65 Jahren. Der fr\u00fchestm\u00f6gliche Bezug der Altersrente ist mit 58 Jahren m\u00f6glich. Bei Weiterf\u00fchren der Erwerbst\u00e4tigkeit ist ein Aufschub des Rentenbezugs bis zum 70. Altersjahr m\u00f6glich. Ab Erreichen des Rentenalters von 58 Jahren erfolgt grunds\u00e4tzlich kein \u00dcbertrag der Freiz\u00fcgigkeitsleistung mehr; es erfolgt die [&hellip;]\" \/>\n<meta property=\"og:url\" content=\"https:\/\/blvk.ch\/de\/versicherte\/dokumente\/alle-merkblaetter\/merkblatt-pensionierung\/\" \/>\n<meta property=\"og:site_name\" content=\"BLVK\" \/>\n<meta property=\"article:modified_time\" content=\"2026-01-30T17:42:00+00:00\" \/>\n<meta name=\"twitter:card\" content=\"summary_large_image\" \/>\n<meta name=\"twitter:label1\" content=\"Gesch\u00e4tzte Lesezeit\" \/>\n\t<meta name=\"twitter:data1\" content=\"1 Minute\" \/>\n<script type=\"application\/ld+json\" class=\"yoast-schema-graph\">{\"@context\":\"https:\/\/schema.org\",\"@graph\":[{\"@type\":\"WebPage\",\"@id\":\"https:\/\/blvk.ch\/de\/versicherte\/dokumente\/alle-merkblaetter\/merkblatt-pensionierung\/\",\"url\":\"https:\/\/blvk.ch\/de\/versicherte\/dokumente\/alle-merkblaetter\/merkblatt-pensionierung\/\",\"name\":\"Merkblatt Pensionierung - BLVK\",\"isPartOf\":{\"@id\":\"https:\/\/blvk.ch\/de\/#website\"},\"datePublished\":\"2022-09-19T12:42:10+00:00\",\"dateModified\":\"2026-01-30T17:42:00+00:00\",\"breadcrumb\":{\"@id\":\"https:\/\/blvk.ch\/de\/versicherte\/dokumente\/alle-merkblaetter\/merkblatt-pensionierung\/#breadcrumb\"},\"inLanguage\":\"de-DE\",\"potentialAction\":[{\"@type\":\"ReadAction\",\"target\":[\"https:\/\/blvk.ch\/de\/versicherte\/dokumente\/alle-merkblaetter\/merkblatt-pensionierung\/\"]}]},{\"@type\":\"BreadcrumbList\",\"@id\":\"https:\/\/blvk.ch\/de\/versicherte\/dokumente\/alle-merkblaetter\/merkblatt-pensionierung\/#breadcrumb\",\"itemListElement\":[{\"@type\":\"ListItem\",\"position\":1,\"name\":\"Startseite\",\"item\":\"https:\/\/blvk.ch\/de\/\"},{\"@type\":\"ListItem\",\"position\":2,\"name\":\"Versicherte\",\"item\":\"https:\/\/blvk.ch\/de\/versicherte\/\"},{\"@type\":\"ListItem\",\"position\":3,\"name\":\"Dokumente\",\"item\":\"https:\/\/blvk.ch\/de\/versicherte\/dokumente\/\"},{\"@type\":\"ListItem\",\"position\":4,\"name\":\"Alle Merkbl\u00e4tter\",\"item\":\"https:\/\/blvk.ch\/de\/versicherte\/dokumente\/alle-merkblaetter\/\"},{\"@type\":\"ListItem\",\"position\":5,\"name\":\"Merkblatt Pensionierung\"}]},{\"@type\":\"WebSite\",\"@id\":\"https:\/\/blvk.ch\/de\/#website\",\"url\":\"https:\/\/blvk.ch\/de\/\",\"name\":\"BLVK\",\"description\":\"Bernische Lehrerversicherungskasse\",\"publisher\":{\"@id\":\"https:\/\/blvk.ch\/de\/#organization\"},\"potentialAction\":[{\"@type\":\"SearchAction\",\"target\":{\"@type\":\"EntryPoint\",\"urlTemplate\":\"https:\/\/blvk.ch\/de\/?s={search_term_string}\"},\"query-input\":{\"@type\":\"PropertyValueSpecification\",\"valueRequired\":true,\"valueName\":\"search_term_string\"}}],\"inLanguage\":\"de-DE\"},{\"@type\":\"Organization\",\"@id\":\"https:\/\/blvk.ch\/de\/#organization\",\"name\":\"BLVK\",\"url\":\"https:\/\/blvk.ch\/de\/\",\"logo\":{\"@type\":\"ImageObject\",\"inLanguage\":\"de-DE\",\"@id\":\"https:\/\/blvk.ch\/de\/#\/schema\/logo\/image\/\",\"url\":\"https:\/\/blvk.ch\/wp-content\/uploads\/2022\/07\/Logo.png\",\"contentUrl\":\"https:\/\/blvk.ch\/wp-content\/uploads\/2022\/07\/Logo.png\",\"width\":152,\"height\":66,\"caption\":\"BLVK\"},\"image\":{\"@id\":\"https:\/\/blvk.ch\/de\/#\/schema\/logo\/image\/\"}}]}<\/script>\n<!-- \/ Yoast SEO plugin. -->","yoast_head_json":{"title":"Merkblatt Pensionierung - BLVK","robots":{"index":"index","follow":"follow","max-snippet":"max-snippet:-1","max-image-preview":"max-image-preview:large","max-video-preview":"max-video-preview:-1"},"canonical":"https:\/\/blvk.ch\/de\/versicherte\/dokumente\/alle-merkblaetter\/merkblatt-pensionierung\/","og_locale":"de_DE","og_type":"article","og_title":"Merkblatt Pensionierung - BLVK","og_description":"Das ordentliche Pensionierungsalter liegt bei der BLVK f\u00fcr Frauen und M\u00e4nner bei 65 Jahren. Der fr\u00fchestm\u00f6gliche Bezug der Altersrente ist mit 58 Jahren m\u00f6glich. Bei Weiterf\u00fchren der Erwerbst\u00e4tigkeit ist ein Aufschub des Rentenbezugs bis zum 70. Altersjahr m\u00f6glich. Ab Erreichen des Rentenalters von 58 Jahren erfolgt grunds\u00e4tzlich kein \u00dcbertrag der Freiz\u00fcgigkeitsleistung mehr; es erfolgt die [&hellip;]","og_url":"https:\/\/blvk.ch\/de\/versicherte\/dokumente\/alle-merkblaetter\/merkblatt-pensionierung\/","og_site_name":"BLVK","article_modified_time":"2026-01-30T17:42:00+00:00","twitter_card":"summary_large_image","twitter_misc":{"Gesch\u00e4tzte Lesezeit":"1 Minute"},"schema":{"@context":"https:\/\/schema.org","@graph":[{"@type":"WebPage","@id":"https:\/\/blvk.ch\/de\/versicherte\/dokumente\/alle-merkblaetter\/merkblatt-pensionierung\/","url":"https:\/\/blvk.ch\/de\/versicherte\/dokumente\/alle-merkblaetter\/merkblatt-pensionierung\/","name":"Merkblatt Pensionierung - BLVK","isPartOf":{"@id":"https:\/\/blvk.ch\/de\/#website"},"datePublished":"2022-09-19T12:42:10+00:00","dateModified":"2026-01-30T17:42:00+00:00","breadcrumb":{"@id":"https:\/\/blvk.ch\/de\/versicherte\/dokumente\/alle-merkblaetter\/merkblatt-pensionierung\/#breadcrumb"},"inLanguage":"de-DE","potentialAction":[{"@type":"ReadAction","target":["https:\/\/blvk.ch\/de\/versicherte\/dokumente\/alle-merkblaetter\/merkblatt-pensionierung\/"]}]},{"@type":"BreadcrumbList","@id":"https:\/\/blvk.ch\/de\/versicherte\/dokumente\/alle-merkblaetter\/merkblatt-pensionierung\/#breadcrumb","itemListElement":[{"@type":"ListItem","position":1,"name":"Startseite","item":"https:\/\/blvk.ch\/de\/"},{"@type":"ListItem","position":2,"name":"Versicherte","item":"https:\/\/blvk.ch\/de\/versicherte\/"},{"@type":"ListItem","position":3,"name":"Dokumente","item":"https:\/\/blvk.ch\/de\/versicherte\/dokumente\/"},{"@type":"ListItem","position":4,"name":"Alle Merkbl\u00e4tter","item":"https:\/\/blvk.ch\/de\/versicherte\/dokumente\/alle-merkblaetter\/"},{"@type":"ListItem","position":5,"name":"Merkblatt Pensionierung"}]},{"@type":"WebSite","@id":"https:\/\/blvk.ch\/de\/#website","url":"https:\/\/blvk.ch\/de\/","name":"BLVK","description":"Bernische Lehrerversicherungskasse","publisher":{"@id":"https:\/\/blvk.ch\/de\/#organization"},"potentialAction":[{"@type":"SearchAction","target":{"@type":"EntryPoint","urlTemplate":"https:\/\/blvk.ch\/de\/?s={search_term_string}"},"query-input":{"@type":"PropertyValueSpecification","valueRequired":true,"valueName":"search_term_string"}}],"inLanguage":"de-DE"},{"@type":"Organization","@id":"https:\/\/blvk.ch\/de\/#organization","name":"BLVK","url":"https:\/\/blvk.ch\/de\/","logo":{"@type":"ImageObject","inLanguage":"de-DE","@id":"https:\/\/blvk.ch\/de\/#\/schema\/logo\/image\/","url":"https:\/\/blvk.ch\/wp-content\/uploads\/2022\/07\/Logo.png","contentUrl":"https:\/\/blvk.ch\/wp-content\/uploads\/2022\/07\/Logo.png","width":152,"height":66,"caption":"BLVK"},"image":{"@id":"https:\/\/blvk.ch\/de\/#\/schema\/logo\/image\/"}}]}},"_links":{"self":[{"href":"https:\/\/blvk.ch\/de\/wp-json\/wp\/v2\/pages\/866","targetHints":{"allow":["GET"]}}],"collection":[{"href":"https:\/\/blvk.ch\/de\/wp-json\/wp\/v2\/pages"}],"about":[{"href":"https:\/\/blvk.ch\/de\/wp-json\/wp\/v2\/types\/page"}],"author":[{"embeddable":true,"href":"https:\/\/blvk.ch\/de\/wp-json\/wp\/v2\/users\/1"}],"replies":[{"embeddable":true,"href":"https:\/\/blvk.ch\/de\/wp-json\/wp\/v2\/comments?post=866"}],"version-history":[{"count":12,"href":"https:\/\/blvk.ch\/de\/wp-json\/wp\/v2\/pages\/866\/revisions"}],"predecessor-version":[{"id":10809,"href":"https:\/\/blvk.ch\/de\/wp-json\/wp\/v2\/pages\/866\/revisions\/10809"}],"up":[{"embeddable":true,"href":"https:\/\/blvk.ch\/de\/wp-json\/wp\/v2\/pages\/937"}],"wp:attachment":[{"href":"https:\/\/blvk.ch\/de\/wp-json\/wp\/v2\/media?parent=866"}],"curies":[{"name":"wp","href":"https:\/\/api.w.org\/{rel}","templated":true}]}}