{"id":920,"date":"2022-09-19T14:22:58","date_gmt":"2022-09-19T14:22:58","guid":{"rendered":"https:\/\/blvk.dev.mxm.agency\/?page_id=920"},"modified":"2025-06-27T14:03:16","modified_gmt":"2025-06-27T12:03:16","slug":"formular-antrag-weiterversicherung","status":"publish","type":"page","link":"https:\/\/blvk.ch\/de\/versicherte\/dokumente\/alle-formulare\/formular-antrag-weiterversicherung\/","title":{"rendered":"Formular Antrag Weiterversicherung"},"content":{"rendered":"<p>Ihr Gesuch f\u00fcr eine Weiterversicherung oder eine externe Versicherung muss mit diesem Formular schriftlich beantragt werden. Die Weiterversicherung oder externe Versicherung k\u00f6nnen Sie auf Ende jeden Monats \u2013 unter Einhaltung einer K\u00fcndigungsfrist von 30 Tagen &#8211; beenden. Die K\u00fcndigung hat schriftlich zu erfolgen.<\/p>\n<p>Die detaillierten Bestimmungen zu den einzelnen Versicherungsm\u00f6glichkeiten, den geschuldeten Beitr\u00e4gen und der Beitragsh\u00f6he entnehmen Sie dem Vorsorgereglement respektive den Anh\u00e4ngen dazu.<\/p>\n","protected":false},"excerpt":{"rendered":"<p>Ihr Gesuch f\u00fcr eine Weiterversicherung oder eine externe Versicherung muss mit diesem Formular schriftlich beantragt werden. Die Weiterversicherung oder externe Versicherung k\u00f6nnen Sie auf Ende jeden Monats \u2013 unter Einhaltung einer K\u00fcndigungsfrist von 30 Tagen &#8211; beenden. Die K\u00fcndigung hat schriftlich zu erfolgen. Die detaillierten Bestimmungen zu den einzelnen Versicherungsm\u00f6glichkeiten, den geschuldeten Beitr\u00e4gen und der [&hellip;]<\/p>\n","protected":false},"author":1,"featured_media":0,"parent":604,"menu_order":0,"comment_status":"closed","ping_status":"closed","template":"page-templates\/iframe-page.php","meta":{"_acf_changed":false,"inline_featured_image":false,"footnotes":""},"class_list":["post-920","page","type-page","status-publish","hentry"],"acf":[],"yoast_head":"<!-- This site is optimized with the Yoast SEO plugin v25.4 - https:\/\/yoast.com\/wordpress\/plugins\/seo\/ -->\n<title>Formular Antrag Weiterversicherung - BLVK<\/title>\n<meta name=\"robots\" content=\"index, follow, max-snippet:-1, max-image-preview:large, max-video-preview:-1\" \/>\n<link rel=\"canonical\" href=\"https:\/\/blvk.ch\/de\/versicherte\/dokumente\/alle-formulare\/formular-antrag-weiterversicherung\/\" \/>\n<meta property=\"og:locale\" content=\"de_DE\" \/>\n<meta property=\"og:type\" content=\"article\" \/>\n<meta property=\"og:title\" content=\"Formular Antrag Weiterversicherung - BLVK\" \/>\n<meta property=\"og:description\" content=\"Ihr Gesuch f\u00fcr eine Weiterversicherung oder eine externe Versicherung muss mit diesem Formular schriftlich beantragt werden. Die Weiterversicherung oder externe Versicherung k\u00f6nnen Sie auf Ende jeden Monats \u2013 unter Einhaltung einer K\u00fcndigungsfrist von 30 Tagen &#8211; beenden. Die K\u00fcndigung hat schriftlich zu erfolgen. Die detaillierten Bestimmungen zu den einzelnen Versicherungsm\u00f6glichkeiten, den geschuldeten Beitr\u00e4gen und der [&hellip;]\" \/>\n<meta property=\"og:url\" content=\"https:\/\/blvk.ch\/de\/versicherte\/dokumente\/alle-formulare\/formular-antrag-weiterversicherung\/\" \/>\n<meta property=\"og:site_name\" content=\"BLVK\" \/>\n<meta property=\"article:modified_time\" content=\"2025-06-27T12:03:16+00:00\" \/>\n<meta name=\"twitter:card\" content=\"summary_large_image\" \/>\n<meta name=\"twitter:label1\" content=\"Gesch\u00e4tzte Lesezeit\" \/>\n\t<meta name=\"twitter:data1\" content=\"1 Minute\" \/>\n<script type=\"application\/ld+json\" class=\"yoast-schema-graph\">{\"@context\":\"https:\/\/schema.org\",\"@graph\":[{\"@type\":\"WebPage\",\"@id\":\"https:\/\/blvk.ch\/de\/versicherte\/dokumente\/alle-formulare\/formular-antrag-weiterversicherung\/\",\"url\":\"https:\/\/blvk.ch\/de\/versicherte\/dokumente\/alle-formulare\/formular-antrag-weiterversicherung\/\",\"name\":\"Formular Antrag Weiterversicherung - BLVK\",\"isPartOf\":{\"@id\":\"https:\/\/blvk.ch\/de\/#website\"},\"datePublished\":\"2022-09-19T14:22:58+00:00\",\"dateModified\":\"2025-06-27T12:03:16+00:00\",\"breadcrumb\":{\"@id\":\"https:\/\/blvk.ch\/de\/versicherte\/dokumente\/alle-formulare\/formular-antrag-weiterversicherung\/#breadcrumb\"},\"inLanguage\":\"de-DE\",\"potentialAction\":[{\"@type\":\"ReadAction\",\"target\":[\"https:\/\/blvk.ch\/de\/versicherte\/dokumente\/alle-formulare\/formular-antrag-weiterversicherung\/\"]}]},{\"@type\":\"BreadcrumbList\",\"@id\":\"https:\/\/blvk.ch\/de\/versicherte\/dokumente\/alle-formulare\/formular-antrag-weiterversicherung\/#breadcrumb\",\"itemListElement\":[{\"@type\":\"ListItem\",\"position\":1,\"name\":\"Startseite\",\"item\":\"https:\/\/blvk.ch\/de\/\"},{\"@type\":\"ListItem\",\"position\":2,\"name\":\"Versicherte\",\"item\":\"https:\/\/blvk.ch\/de\/versicherte\/\"},{\"@type\":\"ListItem\",\"position\":3,\"name\":\"Dokumente\",\"item\":\"https:\/\/blvk.ch\/de\/versicherte\/dokumente\/\"},{\"@type\":\"ListItem\",\"position\":4,\"name\":\"Alle Formulare\",\"item\":\"https:\/\/blvk.ch\/de\/versicherte\/dokumente\/alle-formulare\/\"},{\"@type\":\"ListItem\",\"position\":5,\"name\":\"Formular Antrag Weiterversicherung\"}]},{\"@type\":\"WebSite\",\"@id\":\"https:\/\/blvk.ch\/de\/#website\",\"url\":\"https:\/\/blvk.ch\/de\/\",\"name\":\"BLVK\",\"description\":\"Bernische Lehrerversicherungskasse\",\"publisher\":{\"@id\":\"https:\/\/blvk.ch\/de\/#organization\"},\"potentialAction\":[{\"@type\":\"SearchAction\",\"target\":{\"@type\":\"EntryPoint\",\"urlTemplate\":\"https:\/\/blvk.ch\/de\/?s={search_term_string}\"},\"query-input\":{\"@type\":\"PropertyValueSpecification\",\"valueRequired\":true,\"valueName\":\"search_term_string\"}}],\"inLanguage\":\"de-DE\"},{\"@type\":\"Organization\",\"@id\":\"https:\/\/blvk.ch\/de\/#organization\",\"name\":\"BLVK\",\"url\":\"https:\/\/blvk.ch\/de\/\",\"logo\":{\"@type\":\"ImageObject\",\"inLanguage\":\"de-DE\",\"@id\":\"https:\/\/blvk.ch\/de\/#\/schema\/logo\/image\/\",\"url\":\"https:\/\/blvk.ch\/wp-content\/uploads\/2022\/07\/Logo.png\",\"contentUrl\":\"https:\/\/blvk.ch\/wp-content\/uploads\/2022\/07\/Logo.png\",\"width\":152,\"height\":66,\"caption\":\"BLVK\"},\"image\":{\"@id\":\"https:\/\/blvk.ch\/de\/#\/schema\/logo\/image\/\"}}]}<\/script>\n<!-- \/ Yoast SEO plugin. -->","yoast_head_json":{"title":"Formular Antrag Weiterversicherung - BLVK","robots":{"index":"index","follow":"follow","max-snippet":"max-snippet:-1","max-image-preview":"max-image-preview:large","max-video-preview":"max-video-preview:-1"},"canonical":"https:\/\/blvk.ch\/de\/versicherte\/dokumente\/alle-formulare\/formular-antrag-weiterversicherung\/","og_locale":"de_DE","og_type":"article","og_title":"Formular Antrag Weiterversicherung - BLVK","og_description":"Ihr Gesuch f\u00fcr eine Weiterversicherung oder eine externe Versicherung muss mit diesem Formular schriftlich beantragt werden. Die Weiterversicherung oder externe Versicherung k\u00f6nnen Sie auf Ende jeden Monats \u2013 unter Einhaltung einer K\u00fcndigungsfrist von 30 Tagen &#8211; beenden. Die K\u00fcndigung hat schriftlich zu erfolgen. Die detaillierten Bestimmungen zu den einzelnen Versicherungsm\u00f6glichkeiten, den geschuldeten Beitr\u00e4gen und der [&hellip;]","og_url":"https:\/\/blvk.ch\/de\/versicherte\/dokumente\/alle-formulare\/formular-antrag-weiterversicherung\/","og_site_name":"BLVK","article_modified_time":"2025-06-27T12:03:16+00:00","twitter_card":"summary_large_image","twitter_misc":{"Gesch\u00e4tzte Lesezeit":"1 Minute"},"schema":{"@context":"https:\/\/schema.org","@graph":[{"@type":"WebPage","@id":"https:\/\/blvk.ch\/de\/versicherte\/dokumente\/alle-formulare\/formular-antrag-weiterversicherung\/","url":"https:\/\/blvk.ch\/de\/versicherte\/dokumente\/alle-formulare\/formular-antrag-weiterversicherung\/","name":"Formular Antrag Weiterversicherung - BLVK","isPartOf":{"@id":"https:\/\/blvk.ch\/de\/#website"},"datePublished":"2022-09-19T14:22:58+00:00","dateModified":"2025-06-27T12:03:16+00:00","breadcrumb":{"@id":"https:\/\/blvk.ch\/de\/versicherte\/dokumente\/alle-formulare\/formular-antrag-weiterversicherung\/#breadcrumb"},"inLanguage":"de-DE","potentialAction":[{"@type":"ReadAction","target":["https:\/\/blvk.ch\/de\/versicherte\/dokumente\/alle-formulare\/formular-antrag-weiterversicherung\/"]}]},{"@type":"BreadcrumbList","@id":"https:\/\/blvk.ch\/de\/versicherte\/dokumente\/alle-formulare\/formular-antrag-weiterversicherung\/#breadcrumb","itemListElement":[{"@type":"ListItem","position":1,"name":"Startseite","item":"https:\/\/blvk.ch\/de\/"},{"@type":"ListItem","position":2,"name":"Versicherte","item":"https:\/\/blvk.ch\/de\/versicherte\/"},{"@type":"ListItem","position":3,"name":"Dokumente","item":"https:\/\/blvk.ch\/de\/versicherte\/dokumente\/"},{"@type":"ListItem","position":4,"name":"Alle Formulare","item":"https:\/\/blvk.ch\/de\/versicherte\/dokumente\/alle-formulare\/"},{"@type":"ListItem","position":5,"name":"Formular Antrag Weiterversicherung"}]},{"@type":"WebSite","@id":"https:\/\/blvk.ch\/de\/#website","url":"https:\/\/blvk.ch\/de\/","name":"BLVK","description":"Bernische Lehrerversicherungskasse","publisher":{"@id":"https:\/\/blvk.ch\/de\/#organization"},"potentialAction":[{"@type":"SearchAction","target":{"@type":"EntryPoint","urlTemplate":"https:\/\/blvk.ch\/de\/?s={search_term_string}"},"query-input":{"@type":"PropertyValueSpecification","valueRequired":true,"valueName":"search_term_string"}}],"inLanguage":"de-DE"},{"@type":"Organization","@id":"https:\/\/blvk.ch\/de\/#organization","name":"BLVK","url":"https:\/\/blvk.ch\/de\/","logo":{"@type":"ImageObject","inLanguage":"de-DE","@id":"https:\/\/blvk.ch\/de\/#\/schema\/logo\/image\/","url":"https:\/\/blvk.ch\/wp-content\/uploads\/2022\/07\/Logo.png","contentUrl":"https:\/\/blvk.ch\/wp-content\/uploads\/2022\/07\/Logo.png","width":152,"height":66,"caption":"BLVK"},"image":{"@id":"https:\/\/blvk.ch\/de\/#\/schema\/logo\/image\/"}}]}},"_links":{"self":[{"href":"https:\/\/blvk.ch\/de\/wp-json\/wp\/v2\/pages\/920","targetHints":{"allow":["GET"]}}],"collection":[{"href":"https:\/\/blvk.ch\/de\/wp-json\/wp\/v2\/pages"}],"about":[{"href":"https:\/\/blvk.ch\/de\/wp-json\/wp\/v2\/types\/page"}],"author":[{"embeddable":true,"href":"https:\/\/blvk.ch\/de\/wp-json\/wp\/v2\/users\/1"}],"replies":[{"embeddable":true,"href":"https:\/\/blvk.ch\/de\/wp-json\/wp\/v2\/comments?post=920"}],"version-history":[{"count":8,"href":"https:\/\/blvk.ch\/de\/wp-json\/wp\/v2\/pages\/920\/revisions"}],"predecessor-version":[{"id":9577,"href":"https:\/\/blvk.ch\/de\/wp-json\/wp\/v2\/pages\/920\/revisions\/9577"}],"up":[{"embeddable":true,"href":"https:\/\/blvk.ch\/de\/wp-json\/wp\/v2\/pages\/604"}],"wp:attachment":[{"href":"https:\/\/blvk.ch\/de\/wp-json\/wp\/v2\/media?parent=920"}],"curies":[{"name":"wp","href":"https:\/\/api.w.org\/{rel}","templated":true}]}}