{"id":10883,"date":"2026-03-20T15:44:19","date_gmt":"2026-03-20T14:44:19","guid":{"rendered":"https:\/\/blvk.ch\/?page_id=10883"},"modified":"2026-03-20T15:58:21","modified_gmt":"2026-03-20T14:58:21","slug":"nouveau-responsable-du-departement-placement-des-capitaux","status":"publish","type":"page","link":"https:\/\/blvk.ch\/fr\/la-caceb\/actualites\/nouveau-responsable-du-departement-placement-des-capitaux\/","title":{"rendered":"Responsable du d\u00e9partement Placement des capitaux"},"content":{"rendered":"<h2 class=\"UntertitelBLVK\"><span lang=\"FR-CH\">Nouveau responsable du d\u00e9partement Placement des capitaux<\/span><\/h2>\n<p>La CACEB a nomm\u00e9 Petrit Krasniqi nouveau responsable du d\u00e9partement Placement des capitaux et membre de la direction \u00e9largie. Il travaille \u00e0 la CACEB depuis ao\u00fbt 2023 en tant que gestionnaire de portefeuille et a marqu\u00e9 de son empreinte le d\u00e9partement Placement des capitaux au cours de ces derni\u00e8res ann\u00e9es.<\/p>\n<p>Petrit Krasniqi prendra ses nouvelles fonctions le 1<sup>er<\/sup> juin 2026 succ\u00e9dant ainsi \u00e0 Theodor Tillmann, qui prend une retraite bien m\u00e9rit\u00e9e au terme de plus de 27 ans au service de la CACEB.<\/p>\n<p>Nous remercions Theodor Tillmann pour son engagement de longue date et sa pr\u00e9cieuse collaboration au sein de la direction. Par son engagement, sa comp\u00e9tence et sa clairvoyance, il a profond\u00e9ment marqu\u00e9 le d\u00e9partement Placement des capitaux de la CACEB. Nous souhaitons \u00e0 Petrit Krasniqi beaucoup de succ\u00e8s et de satisfaction dans ses nouvelles fonctions.<\/p>\n","protected":false},"excerpt":{"rendered":"<p>Nouveau responsable du d\u00e9partement Placement des capitaux La CACEB a nomm\u00e9 Petrit Krasniqi nouveau responsable du d\u00e9partement Placement des capitaux et membre de la direction \u00e9largie. Il travaille \u00e0 la CACEB depuis ao\u00fbt 2023 en tant que gestionnaire de portefeuille et a marqu\u00e9 de son empreinte le d\u00e9partement Placement des capitaux au cours de ces [&hellip;]<\/p>\n","protected":false},"author":1,"featured_media":0,"parent":2707,"menu_order":0,"comment_status":"closed","ping_status":"closed","template":"page-templates\/grundsatze.php","meta":{"_acf_changed":false,"inline_featured_image":false,"footnotes":""},"class_list":["post-10883","page","type-page","status-publish","hentry"],"acf":[],"yoast_head":"<!-- This site is optimized with the Yoast SEO plugin v25.4 - https:\/\/yoast.com\/wordpress\/plugins\/seo\/ -->\n<title>Responsable du d\u00e9partement Placement des capitaux - CACEB<\/title>\n<meta name=\"robots\" content=\"index, follow, max-snippet:-1, max-image-preview:large, max-video-preview:-1\" \/>\n<link rel=\"canonical\" href=\"https:\/\/blvk.ch\/fr\/la-caceb\/actualites\/nouveau-responsable-du-departement-placement-des-capitaux\/\" \/>\n<meta property=\"og:locale\" content=\"fr_FR\" \/>\n<meta property=\"og:type\" content=\"article\" \/>\n<meta property=\"og:title\" content=\"Responsable du d\u00e9partement Placement des capitaux - CACEB\" \/>\n<meta property=\"og:description\" content=\"Nouveau responsable du d\u00e9partement Placement des capitaux La CACEB a nomm\u00e9 Petrit Krasniqi nouveau responsable du d\u00e9partement Placement des capitaux et membre de la direction \u00e9largie. Il travaille \u00e0 la CACEB depuis ao\u00fbt 2023 en tant que gestionnaire de portefeuille et a marqu\u00e9 de son empreinte le d\u00e9partement Placement des capitaux au cours de ces [&hellip;]\" \/>\n<meta property=\"og:url\" content=\"https:\/\/blvk.ch\/fr\/la-caceb\/actualites\/nouveau-responsable-du-departement-placement-des-capitaux\/\" \/>\n<meta property=\"og:site_name\" content=\"CACEB\" \/>\n<meta property=\"article:modified_time\" content=\"2026-03-20T14:58:21+00:00\" \/>\n<meta name=\"twitter:card\" content=\"summary_large_image\" \/>\n<meta name=\"twitter:label1\" content=\"Dur\u00e9e de lecture estim\u00e9e\" \/>\n\t<meta name=\"twitter:data1\" content=\"1 minute\" \/>\n<script type=\"application\/ld+json\" class=\"yoast-schema-graph\">{\"@context\":\"https:\/\/schema.org\",\"@graph\":[{\"@type\":\"WebPage\",\"@id\":\"https:\/\/blvk.ch\/fr\/la-caceb\/actualites\/nouveau-responsable-du-departement-placement-des-capitaux\/\",\"url\":\"https:\/\/blvk.ch\/fr\/la-caceb\/actualites\/nouveau-responsable-du-departement-placement-des-capitaux\/\",\"name\":\"Responsable du d\u00e9partement Placement des capitaux - CACEB\",\"isPartOf\":{\"@id\":\"https:\/\/blvk.ch\/fr\/#website\"},\"datePublished\":\"2026-03-20T14:44:19+00:00\",\"dateModified\":\"2026-03-20T14:58:21+00:00\",\"breadcrumb\":{\"@id\":\"https:\/\/blvk.ch\/fr\/la-caceb\/actualites\/nouveau-responsable-du-departement-placement-des-capitaux\/#breadcrumb\"},\"inLanguage\":\"fr-FR\",\"potentialAction\":[{\"@type\":\"ReadAction\",\"target\":[\"https:\/\/blvk.ch\/fr\/la-caceb\/actualites\/nouveau-responsable-du-departement-placement-des-capitaux\/\"]}]},{\"@type\":\"BreadcrumbList\",\"@id\":\"https:\/\/blvk.ch\/fr\/la-caceb\/actualites\/nouveau-responsable-du-departement-placement-des-capitaux\/#breadcrumb\",\"itemListElement\":[{\"@type\":\"ListItem\",\"position\":1,\"name\":\"Startseite\",\"item\":\"https:\/\/blvk.ch\/fr\/\"},{\"@type\":\"ListItem\",\"position\":2,\"name\":\"La CACEB\",\"item\":\"https:\/\/blvk.ch\/fr\/la-caceb\/\"},{\"@type\":\"ListItem\",\"position\":3,\"name\":\"Actualit\u00e9s\",\"item\":\"https:\/\/blvk.ch\/fr\/la-caceb\/actualites\/\"},{\"@type\":\"ListItem\",\"position\":4,\"name\":\"Responsable du d\u00e9partement Placement des capitaux\"}]},{\"@type\":\"WebSite\",\"@id\":\"https:\/\/blvk.ch\/fr\/#website\",\"url\":\"https:\/\/blvk.ch\/fr\/\",\"name\":\"CACEB\",\"description\":\"Caisse d&#039;assurance du corps enseignant bernois\",\"publisher\":{\"@id\":\"https:\/\/blvk.ch\/fr\/#organization\"},\"potentialAction\":[{\"@type\":\"SearchAction\",\"target\":{\"@type\":\"EntryPoint\",\"urlTemplate\":\"https:\/\/blvk.ch\/fr\/?s={search_term_string}\"},\"query-input\":{\"@type\":\"PropertyValueSpecification\",\"valueRequired\":true,\"valueName\":\"search_term_string\"}}],\"inLanguage\":\"fr-FR\"},{\"@type\":\"Organization\",\"@id\":\"https:\/\/blvk.ch\/fr\/#organization\",\"name\":\"CACEB\",\"url\":\"https:\/\/blvk.ch\/fr\/\",\"logo\":{\"@type\":\"ImageObject\",\"inLanguage\":\"fr-FR\",\"@id\":\"https:\/\/blvk.ch\/fr\/#\/schema\/logo\/image\/\",\"url\":\"https:\/\/blvk.ch\/wp-content\/uploads\/2022\/10\/Logo1.png\",\"contentUrl\":\"https:\/\/blvk.ch\/wp-content\/uploads\/2022\/10\/Logo1.png\",\"width\":152,\"height\":66,\"caption\":\"CACEB\"},\"image\":{\"@id\":\"https:\/\/blvk.ch\/fr\/#\/schema\/logo\/image\/\"}}]}<\/script>\n<!-- \/ Yoast SEO plugin. -->","yoast_head_json":{"title":"Responsable du d\u00e9partement Placement des capitaux - CACEB","robots":{"index":"index","follow":"follow","max-snippet":"max-snippet:-1","max-image-preview":"max-image-preview:large","max-video-preview":"max-video-preview:-1"},"canonical":"https:\/\/blvk.ch\/fr\/la-caceb\/actualites\/nouveau-responsable-du-departement-placement-des-capitaux\/","og_locale":"fr_FR","og_type":"article","og_title":"Responsable du d\u00e9partement Placement des capitaux - CACEB","og_description":"Nouveau responsable du d\u00e9partement Placement des capitaux La CACEB a nomm\u00e9 Petrit Krasniqi nouveau responsable du d\u00e9partement Placement des capitaux et membre de la direction \u00e9largie. Il travaille \u00e0 la CACEB depuis ao\u00fbt 2023 en tant que gestionnaire de portefeuille et a marqu\u00e9 de son empreinte le d\u00e9partement Placement des capitaux au cours de ces [&hellip;]","og_url":"https:\/\/blvk.ch\/fr\/la-caceb\/actualites\/nouveau-responsable-du-departement-placement-des-capitaux\/","og_site_name":"CACEB","article_modified_time":"2026-03-20T14:58:21+00:00","twitter_card":"summary_large_image","twitter_misc":{"Dur\u00e9e de lecture estim\u00e9e":"1 minute"},"schema":{"@context":"https:\/\/schema.org","@graph":[{"@type":"WebPage","@id":"https:\/\/blvk.ch\/fr\/la-caceb\/actualites\/nouveau-responsable-du-departement-placement-des-capitaux\/","url":"https:\/\/blvk.ch\/fr\/la-caceb\/actualites\/nouveau-responsable-du-departement-placement-des-capitaux\/","name":"Responsable du d\u00e9partement Placement des capitaux - CACEB","isPartOf":{"@id":"https:\/\/blvk.ch\/fr\/#website"},"datePublished":"2026-03-20T14:44:19+00:00","dateModified":"2026-03-20T14:58:21+00:00","breadcrumb":{"@id":"https:\/\/blvk.ch\/fr\/la-caceb\/actualites\/nouveau-responsable-du-departement-placement-des-capitaux\/#breadcrumb"},"inLanguage":"fr-FR","potentialAction":[{"@type":"ReadAction","target":["https:\/\/blvk.ch\/fr\/la-caceb\/actualites\/nouveau-responsable-du-departement-placement-des-capitaux\/"]}]},{"@type":"BreadcrumbList","@id":"https:\/\/blvk.ch\/fr\/la-caceb\/actualites\/nouveau-responsable-du-departement-placement-des-capitaux\/#breadcrumb","itemListElement":[{"@type":"ListItem","position":1,"name":"Startseite","item":"https:\/\/blvk.ch\/fr\/"},{"@type":"ListItem","position":2,"name":"La CACEB","item":"https:\/\/blvk.ch\/fr\/la-caceb\/"},{"@type":"ListItem","position":3,"name":"Actualit\u00e9s","item":"https:\/\/blvk.ch\/fr\/la-caceb\/actualites\/"},{"@type":"ListItem","position":4,"name":"Responsable du d\u00e9partement Placement des capitaux"}]},{"@type":"WebSite","@id":"https:\/\/blvk.ch\/fr\/#website","url":"https:\/\/blvk.ch\/fr\/","name":"CACEB","description":"Caisse d&#039;assurance du corps enseignant bernois","publisher":{"@id":"https:\/\/blvk.ch\/fr\/#organization"},"potentialAction":[{"@type":"SearchAction","target":{"@type":"EntryPoint","urlTemplate":"https:\/\/blvk.ch\/fr\/?s={search_term_string}"},"query-input":{"@type":"PropertyValueSpecification","valueRequired":true,"valueName":"search_term_string"}}],"inLanguage":"fr-FR"},{"@type":"Organization","@id":"https:\/\/blvk.ch\/fr\/#organization","name":"CACEB","url":"https:\/\/blvk.ch\/fr\/","logo":{"@type":"ImageObject","inLanguage":"fr-FR","@id":"https:\/\/blvk.ch\/fr\/#\/schema\/logo\/image\/","url":"https:\/\/blvk.ch\/wp-content\/uploads\/2022\/10\/Logo1.png","contentUrl":"https:\/\/blvk.ch\/wp-content\/uploads\/2022\/10\/Logo1.png","width":152,"height":66,"caption":"CACEB"},"image":{"@id":"https:\/\/blvk.ch\/fr\/#\/schema\/logo\/image\/"}}]}},"_links":{"self":[{"href":"https:\/\/blvk.ch\/fr\/wp-json\/wp\/v2\/pages\/10883","targetHints":{"allow":["GET"]}}],"collection":[{"href":"https:\/\/blvk.ch\/fr\/wp-json\/wp\/v2\/pages"}],"about":[{"href":"https:\/\/blvk.ch\/fr\/wp-json\/wp\/v2\/types\/page"}],"author":[{"embeddable":true,"href":"https:\/\/blvk.ch\/fr\/wp-json\/wp\/v2\/users\/1"}],"replies":[{"embeddable":true,"href":"https:\/\/blvk.ch\/fr\/wp-json\/wp\/v2\/comments?post=10883"}],"version-history":[{"count":4,"href":"https:\/\/blvk.ch\/fr\/wp-json\/wp\/v2\/pages\/10883\/revisions"}],"predecessor-version":[{"id":10904,"href":"https:\/\/blvk.ch\/fr\/wp-json\/wp\/v2\/pages\/10883\/revisions\/10904"}],"up":[{"embeddable":true,"href":"https:\/\/blvk.ch\/fr\/wp-json\/wp\/v2\/pages\/2707"}],"wp:attachment":[{"href":"https:\/\/blvk.ch\/fr\/wp-json\/wp\/v2\/media?parent=10883"}],"curies":[{"name":"wp","href":"https:\/\/api.w.org\/{rel}","templated":true}]}}