{"id":1844,"date":"2022-09-06T06:57:12","date_gmt":"2022-09-06T04:57:12","guid":{"rendered":"https:\/\/blvk.dev.mxm.agency\/?page_id=1844"},"modified":"2025-08-11T11:39:41","modified_gmt":"2025-08-11T09:39:41","slug":"avantages-de-la-caceb","status":"publish","type":"page","link":"https:\/\/blvk.ch\/fr\/employeurs\/informations-destinees-aux-employeurs\/avantages-de-la-caceb\/","title":{"rendered":"Avantages de la CACEB"},"content":{"rendered":"<p>Aupr\u00e8s de la CACEB, votre personnel assur\u00e9 b\u00e9n\u00e9ficie d\u2019une r\u00e8gle de tol\u00e9rance g\u00e9n\u00e9reuse\u00a0: En cas de r\u00e9ductions mineures du taux d\u2019occupation (au maximum jusqu\u2019\u00e0 12,5%), les rapports d\u2019assurance se poursuivent de fa\u00e7on inchang\u00e9e. Les prestations de la CACEB sont en outre couvertes par une garantie de l\u2019\u00c9tat.<\/p>\n<p>&nbsp;<\/p>\n<p>Les enseignantes et enseignants qui occupent un poste chez plusieurs employeurs affili\u00e9s \u00e0 la CACEB b\u00e9n\u00e9ficient d\u2019une couverture consolid\u00e9e. Les salaires annonc\u00e9s par les employeurs qui sont inf\u00e9rieurs au seuil d\u2019acc\u00e8s peuvent ainsi \u00eatre \u00e9galement pris en compte si le total des salaires globaux d\u00e9passe le seuil d\u2019acc\u00e8s.<\/p>\n","protected":false},"excerpt":{"rendered":"<p>Aupr\u00e8s de la CACEB, votre personnel assur\u00e9 b\u00e9n\u00e9ficie d\u2019une r\u00e8gle de tol\u00e9rance g\u00e9n\u00e9reuse\u00a0: En cas de r\u00e9ductions mineures du taux d\u2019occupation (au maximum jusqu\u2019\u00e0 12,5%), les rapports d\u2019assurance se poursuivent de fa\u00e7on inchang\u00e9e. Les prestations de la CACEB sont en outre couvertes par une garantie de l\u2019\u00c9tat. &nbsp; Les enseignantes et enseignants qui occupent un [&hellip;]<\/p>\n","protected":false},"author":1,"featured_media":0,"parent":2658,"menu_order":2,"comment_status":"closed","ping_status":"closed","template":"page-templates\/grundsatze-small.php","meta":{"_acf_changed":false,"inline_featured_image":false,"footnotes":""},"class_list":["post-1844","page","type-page","status-publish","hentry"],"acf":[],"yoast_head":"<!-- This site is optimized with the Yoast SEO plugin v25.4 - https:\/\/yoast.com\/wordpress\/plugins\/seo\/ -->\n<title>Avantages de la CACEB - CACEB<\/title>\n<meta name=\"robots\" content=\"index, follow, max-snippet:-1, max-image-preview:large, max-video-preview:-1\" \/>\n<link rel=\"canonical\" href=\"https:\/\/blvk.ch\/fr\/employeurs\/informations-destinees-aux-employeurs\/avantages-de-la-caceb\/\" \/>\n<meta property=\"og:locale\" content=\"fr_FR\" \/>\n<meta property=\"og:type\" content=\"article\" \/>\n<meta property=\"og:title\" content=\"Avantages de la CACEB - CACEB\" \/>\n<meta property=\"og:description\" content=\"Aupr\u00e8s de la CACEB, votre personnel assur\u00e9 b\u00e9n\u00e9ficie d\u2019une r\u00e8gle de tol\u00e9rance g\u00e9n\u00e9reuse\u00a0: En cas de r\u00e9ductions mineures du taux d\u2019occupation (au maximum jusqu\u2019\u00e0 12,5%), les rapports d\u2019assurance se poursuivent de fa\u00e7on inchang\u00e9e. Les prestations de la CACEB sont en outre couvertes par une garantie de l\u2019\u00c9tat. &nbsp; Les enseignantes et enseignants qui occupent un [&hellip;]\" \/>\n<meta property=\"og:url\" content=\"https:\/\/blvk.ch\/fr\/employeurs\/informations-destinees-aux-employeurs\/avantages-de-la-caceb\/\" \/>\n<meta property=\"og:site_name\" content=\"CACEB\" \/>\n<meta property=\"article:modified_time\" content=\"2025-08-11T09:39:41+00:00\" \/>\n<meta name=\"twitter:card\" content=\"summary_large_image\" \/>\n<meta name=\"twitter:label1\" content=\"Dur\u00e9e de lecture estim\u00e9e\" \/>\n\t<meta name=\"twitter:data1\" content=\"1 minute\" \/>\n<script type=\"application\/ld+json\" class=\"yoast-schema-graph\">{\"@context\":\"https:\/\/schema.org\",\"@graph\":[{\"@type\":\"WebPage\",\"@id\":\"https:\/\/blvk.ch\/fr\/employeurs\/informations-destinees-aux-employeurs\/avantages-de-la-caceb\/\",\"url\":\"https:\/\/blvk.ch\/fr\/employeurs\/informations-destinees-aux-employeurs\/avantages-de-la-caceb\/\",\"name\":\"Avantages de la CACEB - CACEB\",\"isPartOf\":{\"@id\":\"https:\/\/blvk.ch\/fr\/#website\"},\"datePublished\":\"2022-09-06T04:57:12+00:00\",\"dateModified\":\"2025-08-11T09:39:41+00:00\",\"breadcrumb\":{\"@id\":\"https:\/\/blvk.ch\/fr\/employeurs\/informations-destinees-aux-employeurs\/avantages-de-la-caceb\/#breadcrumb\"},\"inLanguage\":\"fr-FR\",\"potentialAction\":[{\"@type\":\"ReadAction\",\"target\":[\"https:\/\/blvk.ch\/fr\/employeurs\/informations-destinees-aux-employeurs\/avantages-de-la-caceb\/\"]}]},{\"@type\":\"BreadcrumbList\",\"@id\":\"https:\/\/blvk.ch\/fr\/employeurs\/informations-destinees-aux-employeurs\/avantages-de-la-caceb\/#breadcrumb\",\"itemListElement\":[{\"@type\":\"ListItem\",\"position\":1,\"name\":\"Startseite\",\"item\":\"https:\/\/blvk.ch\/fr\/\"},{\"@type\":\"ListItem\",\"position\":2,\"name\":\"Employeurs\",\"item\":\"https:\/\/blvk.ch\/fr\/employeurs\/\"},{\"@type\":\"ListItem\",\"position\":3,\"name\":\"Informations destin\u00e9es aux employeurs\",\"item\":\"https:\/\/blvk.ch\/fr\/employeurs\/informations-destinees-aux-employeurs\/\"},{\"@type\":\"ListItem\",\"position\":4,\"name\":\"Avantages de la CACEB\"}]},{\"@type\":\"WebSite\",\"@id\":\"https:\/\/blvk.ch\/fr\/#website\",\"url\":\"https:\/\/blvk.ch\/fr\/\",\"name\":\"CACEB\",\"description\":\"Caisse d&#039;assurance du corps enseignant bernois\",\"publisher\":{\"@id\":\"https:\/\/blvk.ch\/fr\/#organization\"},\"potentialAction\":[{\"@type\":\"SearchAction\",\"target\":{\"@type\":\"EntryPoint\",\"urlTemplate\":\"https:\/\/blvk.ch\/fr\/?s={search_term_string}\"},\"query-input\":{\"@type\":\"PropertyValueSpecification\",\"valueRequired\":true,\"valueName\":\"search_term_string\"}}],\"inLanguage\":\"fr-FR\"},{\"@type\":\"Organization\",\"@id\":\"https:\/\/blvk.ch\/fr\/#organization\",\"name\":\"CACEB\",\"url\":\"https:\/\/blvk.ch\/fr\/\",\"logo\":{\"@type\":\"ImageObject\",\"inLanguage\":\"fr-FR\",\"@id\":\"https:\/\/blvk.ch\/fr\/#\/schema\/logo\/image\/\",\"url\":\"https:\/\/blvk.ch\/wp-content\/uploads\/2022\/10\/Logo1.png\",\"contentUrl\":\"https:\/\/blvk.ch\/wp-content\/uploads\/2022\/10\/Logo1.png\",\"width\":152,\"height\":66,\"caption\":\"CACEB\"},\"image\":{\"@id\":\"https:\/\/blvk.ch\/fr\/#\/schema\/logo\/image\/\"}}]}<\/script>\n<!-- \/ Yoast SEO plugin. -->","yoast_head_json":{"title":"Avantages de la CACEB - CACEB","robots":{"index":"index","follow":"follow","max-snippet":"max-snippet:-1","max-image-preview":"max-image-preview:large","max-video-preview":"max-video-preview:-1"},"canonical":"https:\/\/blvk.ch\/fr\/employeurs\/informations-destinees-aux-employeurs\/avantages-de-la-caceb\/","og_locale":"fr_FR","og_type":"article","og_title":"Avantages de la CACEB - CACEB","og_description":"Aupr\u00e8s de la CACEB, votre personnel assur\u00e9 b\u00e9n\u00e9ficie d\u2019une r\u00e8gle de tol\u00e9rance g\u00e9n\u00e9reuse\u00a0: En cas de r\u00e9ductions mineures du taux d\u2019occupation (au maximum jusqu\u2019\u00e0 12,5%), les rapports d\u2019assurance se poursuivent de fa\u00e7on inchang\u00e9e. Les prestations de la CACEB sont en outre couvertes par une garantie de l\u2019\u00c9tat. &nbsp; Les enseignantes et enseignants qui occupent un [&hellip;]","og_url":"https:\/\/blvk.ch\/fr\/employeurs\/informations-destinees-aux-employeurs\/avantages-de-la-caceb\/","og_site_name":"CACEB","article_modified_time":"2025-08-11T09:39:41+00:00","twitter_card":"summary_large_image","twitter_misc":{"Dur\u00e9e de lecture estim\u00e9e":"1 minute"},"schema":{"@context":"https:\/\/schema.org","@graph":[{"@type":"WebPage","@id":"https:\/\/blvk.ch\/fr\/employeurs\/informations-destinees-aux-employeurs\/avantages-de-la-caceb\/","url":"https:\/\/blvk.ch\/fr\/employeurs\/informations-destinees-aux-employeurs\/avantages-de-la-caceb\/","name":"Avantages de la CACEB - CACEB","isPartOf":{"@id":"https:\/\/blvk.ch\/fr\/#website"},"datePublished":"2022-09-06T04:57:12+00:00","dateModified":"2025-08-11T09:39:41+00:00","breadcrumb":{"@id":"https:\/\/blvk.ch\/fr\/employeurs\/informations-destinees-aux-employeurs\/avantages-de-la-caceb\/#breadcrumb"},"inLanguage":"fr-FR","potentialAction":[{"@type":"ReadAction","target":["https:\/\/blvk.ch\/fr\/employeurs\/informations-destinees-aux-employeurs\/avantages-de-la-caceb\/"]}]},{"@type":"BreadcrumbList","@id":"https:\/\/blvk.ch\/fr\/employeurs\/informations-destinees-aux-employeurs\/avantages-de-la-caceb\/#breadcrumb","itemListElement":[{"@type":"ListItem","position":1,"name":"Startseite","item":"https:\/\/blvk.ch\/fr\/"},{"@type":"ListItem","position":2,"name":"Employeurs","item":"https:\/\/blvk.ch\/fr\/employeurs\/"},{"@type":"ListItem","position":3,"name":"Informations destin\u00e9es aux employeurs","item":"https:\/\/blvk.ch\/fr\/employeurs\/informations-destinees-aux-employeurs\/"},{"@type":"ListItem","position":4,"name":"Avantages de la CACEB"}]},{"@type":"WebSite","@id":"https:\/\/blvk.ch\/fr\/#website","url":"https:\/\/blvk.ch\/fr\/","name":"CACEB","description":"Caisse d&#039;assurance du corps enseignant bernois","publisher":{"@id":"https:\/\/blvk.ch\/fr\/#organization"},"potentialAction":[{"@type":"SearchAction","target":{"@type":"EntryPoint","urlTemplate":"https:\/\/blvk.ch\/fr\/?s={search_term_string}"},"query-input":{"@type":"PropertyValueSpecification","valueRequired":true,"valueName":"search_term_string"}}],"inLanguage":"fr-FR"},{"@type":"Organization","@id":"https:\/\/blvk.ch\/fr\/#organization","name":"CACEB","url":"https:\/\/blvk.ch\/fr\/","logo":{"@type":"ImageObject","inLanguage":"fr-FR","@id":"https:\/\/blvk.ch\/fr\/#\/schema\/logo\/image\/","url":"https:\/\/blvk.ch\/wp-content\/uploads\/2022\/10\/Logo1.png","contentUrl":"https:\/\/blvk.ch\/wp-content\/uploads\/2022\/10\/Logo1.png","width":152,"height":66,"caption":"CACEB"},"image":{"@id":"https:\/\/blvk.ch\/fr\/#\/schema\/logo\/image\/"}}]}},"_links":{"self":[{"href":"https:\/\/blvk.ch\/fr\/wp-json\/wp\/v2\/pages\/1844","targetHints":{"allow":["GET"]}}],"collection":[{"href":"https:\/\/blvk.ch\/fr\/wp-json\/wp\/v2\/pages"}],"about":[{"href":"https:\/\/blvk.ch\/fr\/wp-json\/wp\/v2\/types\/page"}],"author":[{"embeddable":true,"href":"https:\/\/blvk.ch\/fr\/wp-json\/wp\/v2\/users\/1"}],"replies":[{"embeddable":true,"href":"https:\/\/blvk.ch\/fr\/wp-json\/wp\/v2\/comments?post=1844"}],"version-history":[{"count":18,"href":"https:\/\/blvk.ch\/fr\/wp-json\/wp\/v2\/pages\/1844\/revisions"}],"predecessor-version":[{"id":10321,"href":"https:\/\/blvk.ch\/fr\/wp-json\/wp\/v2\/pages\/1844\/revisions\/10321"}],"up":[{"embeddable":true,"href":"https:\/\/blvk.ch\/fr\/wp-json\/wp\/v2\/pages\/2658"}],"wp:attachment":[{"href":"https:\/\/blvk.ch\/fr\/wp-json\/wp\/v2\/media?parent=1844"}],"curies":[{"name":"wp","href":"https:\/\/api.w.org\/{rel}","templated":true}]}}