{"id":1907,"date":"2022-09-19T14:15:59","date_gmt":"2022-09-19T12:15:59","guid":{"rendered":"https:\/\/blvk.dev.mxm.agency\/?page_id=1907"},"modified":"2025-05-20T09:41:01","modified_gmt":"2025-05-20T07:41:01","slug":"formulaire-changement-de-lordre-des-beneficiaires-du-capital-deces","status":"publish","type":"page","link":"https:\/\/blvk.ch\/fr\/personnes-assurees\/documents\/tous-les-formulaires\/formulaire-changement-de-lordre-des-beneficiaires-du-capital-deces\/","title":{"rendered":"Formulaire \u2013 Changement de b\u00e9n\u00e9ficiaires (capital d\u00e9c\u00e8s)"},"content":{"rendered":"<p>Si une personne assur\u00e9e d\u00e9c\u00e8de sans qu\u2019il existe un droit \u00e0 une rente de conjoint ou \u00e0 une rente de partenaire ou qu\u2019un droit est d\u00e9j\u00e0 exerc\u00e9 dans le cadre d\u2019un autre cas de pr\u00e9voyance, un capital d\u00e9c\u00e8s est alors exigible. En cas de d\u00e9c\u00e8s d&rsquo;une personne qui est lib\u00e9r\u00e9e de l\u2019obligation de cotiser ou qui est invalide ou si elle per\u00e7oit une rente de vieillesse, il n\u2019existe aucun droit au capital d\u00e9c\u00e8s.<\/p>\n<p>&nbsp;<\/p>\n<p>La personne assur\u00e9e peut d\u00e9signer par \u00e9crit \u00e0 l\u2019intention de la CACEB les personnes \u00e0 faire figurer parmi les b\u00e9n\u00e9ficiaires dans un groupe d\u2019ayants droit et fixer le montant partiel du capital d\u00e9c\u00e8s auquel elles ont droit. Elle peut en outre modifier l\u2019ordre des b\u00e9n\u00e9ficiaires selon les lettres c, d et e ou regrouper les personnes b\u00e9n\u00e9ficiaires selon les lettres c, d et e. Si un regroupement est souhait\u00e9, entrez \u00ab\u00a0Rang 1\u00a0\u00bb sous \u00ab\u00a0Rang\u00a0\u00bb pour tous les groupes de personnes.<\/p>\n<p>&nbsp;<\/p>\n<p>Ce formulaire doit avoir \u00e9t\u00e9 transmis \u00e0 la CACEB du vivant de la personne assur\u00e9e.<\/p>\n<p>&nbsp;<\/p>\n<p>En l\u2019absence d\u2019une d\u00e9claration \u00e9crite valable de la personne d\u00e9funte assur\u00e9e, la r\u00e9partition du capital d\u00e9c\u00e8s se fait \u00e0 parts \u00e9gales entre les diff\u00e9rents ayants droit de la m\u00eame cat\u00e9gorie. Si un b\u00e9n\u00e9ficiaire existant n\u2019est plus souhait\u00e9 ou n\u2019est plus possible (par exemple pour cause de d\u00e9c\u00e8s), un nouveau formulaire \u00ab\u00a0Changement de l\u2019ordre des b\u00e9n\u00e9ficiaires\u00a0\u00bb doit \u00eatre remis \u00e0 la CACEB.<\/p>\n<p>&nbsp;<\/p>\n<p>La CACEB ne v\u00e9rifie le droit au capital d\u00e9c\u00e8s selon le formulaire sur l\u2019ordre des b\u00e9n\u00e9ficiaires re\u00e7u qu\u2019au moment o\u00f9 survient un d\u00e9c\u00e8s.<\/p>\n<p>En soumettant un nouveau formulaire de \u00ab\u00a0Changement de l\u2019ordre des b\u00e9n\u00e9ficiaires\u00a0\u00bb, la personne assur\u00e9e annule l\u2019ensemble des changements de l\u2019ordre des b\u00e9n\u00e9ficiaires remis ant\u00e9rieurement \u00e0 la CACEB. Il incombe \u00e0 la personne qui adresse la demande de prouver que les conditions d\u2019octroi sont remplies. La CACEB est habilit\u00e9e \u00e0 se procurer les documents n\u00e9cessaires \u00e0 l\u2019examen du dossier aupr\u00e8s des \u00e9ventuelles personnes b\u00e9n\u00e9ficiaires. Les ayants droit doivent faire valoir leurs pr\u00e9tentions par \u00e9crit aupr\u00e8s de la CACEB au plus tard six mois apr\u00e8s le d\u00e9c\u00e8s de la personne assur\u00e9e.<\/p>\n<p>La signature de la personne assur\u00e9e intervient sur la base d\u2019une annonce pr\u00e9alable aupr\u00e8s de la CACEB et est authentifi\u00e9e par la CACEB. Il convient de joindre une pi\u00e8ce de l\u00e9gitimation en cours de validit\u00e9 avec photo. La signature de la personne assur\u00e9e peut \u00e9galement \u00eatre authentifi\u00e9e par un notaire. Les frais \u00e9ventuels sont \u00e0 la charge de la personne assur\u00e9e.<\/p>\n<p>&nbsp;<\/p>\n","protected":false},"excerpt":{"rendered":"<p>Si une personne assur\u00e9e d\u00e9c\u00e8de sans qu\u2019il existe un droit \u00e0 une rente de conjoint ou \u00e0 une rente de partenaire ou qu\u2019un droit est d\u00e9j\u00e0 exerc\u00e9 dans le cadre d\u2019un autre cas de pr\u00e9voyance, un capital d\u00e9c\u00e8s est alors exigible. En cas de d\u00e9c\u00e8s d&rsquo;une personne qui est lib\u00e9r\u00e9e de l\u2019obligation de cotiser ou [&hellip;]<\/p>\n","protected":false},"author":1,"featured_media":0,"parent":1905,"menu_order":0,"comment_status":"closed","ping_status":"closed","template":"page-templates\/grundsatze-small.php","meta":{"_acf_changed":false,"inline_featured_image":false,"footnotes":""},"class_list":["post-1907","page","type-page","status-publish","hentry"],"acf":[],"yoast_head":"<!-- This site is optimized with the Yoast SEO plugin v25.4 - https:\/\/yoast.com\/wordpress\/plugins\/seo\/ -->\n<title>Formulaire \u2013 Changement de b\u00e9n\u00e9ficiaires (capital d\u00e9c\u00e8s) - CACEB<\/title>\n<meta name=\"robots\" content=\"index, follow, max-snippet:-1, max-image-preview:large, max-video-preview:-1\" \/>\n<link rel=\"canonical\" href=\"https:\/\/blvk.ch\/fr\/personnes-assurees\/documents\/tous-les-formulaires\/formulaire-changement-de-lordre-des-beneficiaires-du-capital-deces\/\" \/>\n<meta property=\"og:locale\" content=\"fr_FR\" \/>\n<meta property=\"og:type\" content=\"article\" \/>\n<meta property=\"og:title\" content=\"Formulaire \u2013 Changement de b\u00e9n\u00e9ficiaires (capital d\u00e9c\u00e8s) - CACEB\" \/>\n<meta property=\"og:description\" content=\"Si une personne assur\u00e9e d\u00e9c\u00e8de sans qu\u2019il existe un droit \u00e0 une rente de conjoint ou \u00e0 une rente de partenaire ou qu\u2019un droit est d\u00e9j\u00e0 exerc\u00e9 dans le cadre d\u2019un autre cas de pr\u00e9voyance, un capital d\u00e9c\u00e8s est alors exigible. En cas de d\u00e9c\u00e8s d&rsquo;une personne qui est lib\u00e9r\u00e9e de l\u2019obligation de cotiser ou [&hellip;]\" \/>\n<meta property=\"og:url\" content=\"https:\/\/blvk.ch\/fr\/personnes-assurees\/documents\/tous-les-formulaires\/formulaire-changement-de-lordre-des-beneficiaires-du-capital-deces\/\" \/>\n<meta property=\"og:site_name\" content=\"CACEB\" \/>\n<meta property=\"article:modified_time\" content=\"2025-05-20T07:41:01+00:00\" \/>\n<meta name=\"twitter:card\" content=\"summary_large_image\" \/>\n<meta name=\"twitter:label1\" content=\"Dur\u00e9e de lecture estim\u00e9e\" \/>\n\t<meta name=\"twitter:data1\" content=\"2 minutes\" \/>\n<script type=\"application\/ld+json\" class=\"yoast-schema-graph\">{\"@context\":\"https:\/\/schema.org\",\"@graph\":[{\"@type\":\"WebPage\",\"@id\":\"https:\/\/blvk.ch\/fr\/personnes-assurees\/documents\/tous-les-formulaires\/formulaire-changement-de-lordre-des-beneficiaires-du-capital-deces\/\",\"url\":\"https:\/\/blvk.ch\/fr\/personnes-assurees\/documents\/tous-les-formulaires\/formulaire-changement-de-lordre-des-beneficiaires-du-capital-deces\/\",\"name\":\"Formulaire \u2013 Changement de b\u00e9n\u00e9ficiaires (capital d\u00e9c\u00e8s) - CACEB\",\"isPartOf\":{\"@id\":\"https:\/\/blvk.ch\/fr\/#website\"},\"datePublished\":\"2022-09-19T12:15:59+00:00\",\"dateModified\":\"2025-05-20T07:41:01+00:00\",\"breadcrumb\":{\"@id\":\"https:\/\/blvk.ch\/fr\/personnes-assurees\/documents\/tous-les-formulaires\/formulaire-changement-de-lordre-des-beneficiaires-du-capital-deces\/#breadcrumb\"},\"inLanguage\":\"fr-FR\",\"potentialAction\":[{\"@type\":\"ReadAction\",\"target\":[\"https:\/\/blvk.ch\/fr\/personnes-assurees\/documents\/tous-les-formulaires\/formulaire-changement-de-lordre-des-beneficiaires-du-capital-deces\/\"]}]},{\"@type\":\"BreadcrumbList\",\"@id\":\"https:\/\/blvk.ch\/fr\/personnes-assurees\/documents\/tous-les-formulaires\/formulaire-changement-de-lordre-des-beneficiaires-du-capital-deces\/#breadcrumb\",\"itemListElement\":[{\"@type\":\"ListItem\",\"position\":1,\"name\":\"Startseite\",\"item\":\"https:\/\/blvk.ch\/fr\/\"},{\"@type\":\"ListItem\",\"position\":2,\"name\":\"Personnes assur\u00e9es\",\"item\":\"https:\/\/blvk.ch\/fr\/personnes-assurees\/\"},{\"@type\":\"ListItem\",\"position\":3,\"name\":\"Documents\",\"item\":\"https:\/\/blvk.ch\/fr\/personnes-assurees\/documents\/\"},{\"@type\":\"ListItem\",\"position\":4,\"name\":\"Tous les formulaires\",\"item\":\"https:\/\/blvk.ch\/fr\/personnes-assurees\/documents\/tous-les-formulaires\/\"},{\"@type\":\"ListItem\",\"position\":5,\"name\":\"Formulaire \u2013 Changement de b\u00e9n\u00e9ficiaires (capital d\u00e9c\u00e8s)\"}]},{\"@type\":\"WebSite\",\"@id\":\"https:\/\/blvk.ch\/fr\/#website\",\"url\":\"https:\/\/blvk.ch\/fr\/\",\"name\":\"CACEB\",\"description\":\"Caisse d&#039;assurance du corps enseignant bernois\",\"publisher\":{\"@id\":\"https:\/\/blvk.ch\/fr\/#organization\"},\"potentialAction\":[{\"@type\":\"SearchAction\",\"target\":{\"@type\":\"EntryPoint\",\"urlTemplate\":\"https:\/\/blvk.ch\/fr\/?s={search_term_string}\"},\"query-input\":{\"@type\":\"PropertyValueSpecification\",\"valueRequired\":true,\"valueName\":\"search_term_string\"}}],\"inLanguage\":\"fr-FR\"},{\"@type\":\"Organization\",\"@id\":\"https:\/\/blvk.ch\/fr\/#organization\",\"name\":\"CACEB\",\"url\":\"https:\/\/blvk.ch\/fr\/\",\"logo\":{\"@type\":\"ImageObject\",\"inLanguage\":\"fr-FR\",\"@id\":\"https:\/\/blvk.ch\/fr\/#\/schema\/logo\/image\/\",\"url\":\"https:\/\/blvk.ch\/wp-content\/uploads\/2022\/10\/Logo1.png\",\"contentUrl\":\"https:\/\/blvk.ch\/wp-content\/uploads\/2022\/10\/Logo1.png\",\"width\":152,\"height\":66,\"caption\":\"CACEB\"},\"image\":{\"@id\":\"https:\/\/blvk.ch\/fr\/#\/schema\/logo\/image\/\"}}]}<\/script>\n<!-- \/ Yoast SEO plugin. -->","yoast_head_json":{"title":"Formulaire \u2013 Changement de b\u00e9n\u00e9ficiaires (capital d\u00e9c\u00e8s) - CACEB","robots":{"index":"index","follow":"follow","max-snippet":"max-snippet:-1","max-image-preview":"max-image-preview:large","max-video-preview":"max-video-preview:-1"},"canonical":"https:\/\/blvk.ch\/fr\/personnes-assurees\/documents\/tous-les-formulaires\/formulaire-changement-de-lordre-des-beneficiaires-du-capital-deces\/","og_locale":"fr_FR","og_type":"article","og_title":"Formulaire \u2013 Changement de b\u00e9n\u00e9ficiaires (capital d\u00e9c\u00e8s) - CACEB","og_description":"Si une personne assur\u00e9e d\u00e9c\u00e8de sans qu\u2019il existe un droit \u00e0 une rente de conjoint ou \u00e0 une rente de partenaire ou qu\u2019un droit est d\u00e9j\u00e0 exerc\u00e9 dans le cadre d\u2019un autre cas de pr\u00e9voyance, un capital d\u00e9c\u00e8s est alors exigible. En cas de d\u00e9c\u00e8s d&rsquo;une personne qui est lib\u00e9r\u00e9e de l\u2019obligation de cotiser ou [&hellip;]","og_url":"https:\/\/blvk.ch\/fr\/personnes-assurees\/documents\/tous-les-formulaires\/formulaire-changement-de-lordre-des-beneficiaires-du-capital-deces\/","og_site_name":"CACEB","article_modified_time":"2025-05-20T07:41:01+00:00","twitter_card":"summary_large_image","twitter_misc":{"Dur\u00e9e de lecture estim\u00e9e":"2 minutes"},"schema":{"@context":"https:\/\/schema.org","@graph":[{"@type":"WebPage","@id":"https:\/\/blvk.ch\/fr\/personnes-assurees\/documents\/tous-les-formulaires\/formulaire-changement-de-lordre-des-beneficiaires-du-capital-deces\/","url":"https:\/\/blvk.ch\/fr\/personnes-assurees\/documents\/tous-les-formulaires\/formulaire-changement-de-lordre-des-beneficiaires-du-capital-deces\/","name":"Formulaire \u2013 Changement de b\u00e9n\u00e9ficiaires (capital d\u00e9c\u00e8s) - CACEB","isPartOf":{"@id":"https:\/\/blvk.ch\/fr\/#website"},"datePublished":"2022-09-19T12:15:59+00:00","dateModified":"2025-05-20T07:41:01+00:00","breadcrumb":{"@id":"https:\/\/blvk.ch\/fr\/personnes-assurees\/documents\/tous-les-formulaires\/formulaire-changement-de-lordre-des-beneficiaires-du-capital-deces\/#breadcrumb"},"inLanguage":"fr-FR","potentialAction":[{"@type":"ReadAction","target":["https:\/\/blvk.ch\/fr\/personnes-assurees\/documents\/tous-les-formulaires\/formulaire-changement-de-lordre-des-beneficiaires-du-capital-deces\/"]}]},{"@type":"BreadcrumbList","@id":"https:\/\/blvk.ch\/fr\/personnes-assurees\/documents\/tous-les-formulaires\/formulaire-changement-de-lordre-des-beneficiaires-du-capital-deces\/#breadcrumb","itemListElement":[{"@type":"ListItem","position":1,"name":"Startseite","item":"https:\/\/blvk.ch\/fr\/"},{"@type":"ListItem","position":2,"name":"Personnes assur\u00e9es","item":"https:\/\/blvk.ch\/fr\/personnes-assurees\/"},{"@type":"ListItem","position":3,"name":"Documents","item":"https:\/\/blvk.ch\/fr\/personnes-assurees\/documents\/"},{"@type":"ListItem","position":4,"name":"Tous les formulaires","item":"https:\/\/blvk.ch\/fr\/personnes-assurees\/documents\/tous-les-formulaires\/"},{"@type":"ListItem","position":5,"name":"Formulaire \u2013 Changement de b\u00e9n\u00e9ficiaires (capital d\u00e9c\u00e8s)"}]},{"@type":"WebSite","@id":"https:\/\/blvk.ch\/fr\/#website","url":"https:\/\/blvk.ch\/fr\/","name":"CACEB","description":"Caisse d&#039;assurance du corps enseignant bernois","publisher":{"@id":"https:\/\/blvk.ch\/fr\/#organization"},"potentialAction":[{"@type":"SearchAction","target":{"@type":"EntryPoint","urlTemplate":"https:\/\/blvk.ch\/fr\/?s={search_term_string}"},"query-input":{"@type":"PropertyValueSpecification","valueRequired":true,"valueName":"search_term_string"}}],"inLanguage":"fr-FR"},{"@type":"Organization","@id":"https:\/\/blvk.ch\/fr\/#organization","name":"CACEB","url":"https:\/\/blvk.ch\/fr\/","logo":{"@type":"ImageObject","inLanguage":"fr-FR","@id":"https:\/\/blvk.ch\/fr\/#\/schema\/logo\/image\/","url":"https:\/\/blvk.ch\/wp-content\/uploads\/2022\/10\/Logo1.png","contentUrl":"https:\/\/blvk.ch\/wp-content\/uploads\/2022\/10\/Logo1.png","width":152,"height":66,"caption":"CACEB"},"image":{"@id":"https:\/\/blvk.ch\/fr\/#\/schema\/logo\/image\/"}}]}},"_links":{"self":[{"href":"https:\/\/blvk.ch\/fr\/wp-json\/wp\/v2\/pages\/1907","targetHints":{"allow":["GET"]}}],"collection":[{"href":"https:\/\/blvk.ch\/fr\/wp-json\/wp\/v2\/pages"}],"about":[{"href":"https:\/\/blvk.ch\/fr\/wp-json\/wp\/v2\/types\/page"}],"author":[{"embeddable":true,"href":"https:\/\/blvk.ch\/fr\/wp-json\/wp\/v2\/users\/1"}],"replies":[{"embeddable":true,"href":"https:\/\/blvk.ch\/fr\/wp-json\/wp\/v2\/comments?post=1907"}],"version-history":[{"count":10,"href":"https:\/\/blvk.ch\/fr\/wp-json\/wp\/v2\/pages\/1907\/revisions"}],"predecessor-version":[{"id":9331,"href":"https:\/\/blvk.ch\/fr\/wp-json\/wp\/v2\/pages\/1907\/revisions\/9331"}],"up":[{"embeddable":true,"href":"https:\/\/blvk.ch\/fr\/wp-json\/wp\/v2\/pages\/1905"}],"wp:attachment":[{"href":"https:\/\/blvk.ch\/fr\/wp-json\/wp\/v2\/media?parent=1907"}],"curies":[{"name":"wp","href":"https:\/\/api.w.org\/{rel}","templated":true}]}}