{"id":1932,"date":"2022-07-13T09:08:34","date_gmt":"2022-07-13T07:08:34","guid":{"rendered":"https:\/\/blvk.dev.mxm.agency\/?page_id=1932"},"modified":"2026-03-24T10:22:09","modified_gmt":"2026-03-24T09:22:09","slug":"les-principes-de-durabilite-de-la-caceb","status":"publish","type":"page","link":"https:\/\/blvk.ch\/fr\/placements\/les-principes-de-durabilite-de-la-caceb\/","title":{"rendered":"Les principes de durabilit\u00e9"},"content":{"rendered":"<p>En sa qualit\u00e9 d\u2019institution de pr\u00e9voyance de droit public, la CACEB assume sa responsabilit\u00e9 dans le domaine de la durabilit\u00e9\u00a0: nous soutenons une politique d\u2019entreprise durable, qui satisfait les besoins de la g\u00e9n\u00e9ration actuelle sans compromettre les possibilit\u00e9s des g\u00e9n\u00e9rations futures. Nous respectons les directives et prescriptions l\u00e9gales et nous conformons aux recommandations de l\u2019Association Suisse des Institutions de Pr\u00e9voyance (ASIP).<\/p>\n<p>Dans notre r\u00e8glement sur les placements, nous avons ancr\u00e9 un concept de durabilit\u00e9 qui englobe les crit\u00e8res environnementaux, sociaux et de gouvernance (ESG)\u00a0: par le biais de sept principes directeurs, nous apportons la garantie que la fortune de la CACEB est g\u00e9r\u00e9e durablement. Pour l\u2019ann\u00e9e 2024, nous avons publi\u00e9 pour la premi\u00e8re fois un rapport sur la durabilit\u00e9 selon les recommandations de l\u2019ASIP. Ce rapport ESG para\u00eetra chaque ann\u00e9e \u00e0 l\u2019avenir.<\/p>\n<p>Nous avons la conviction que les entreprises qui se ferment aux changements globaux se retrouveront \u00e0 long terme dans le camp des perdants. C\u2019est aussi la raison pour laquelle nous excluons de l\u2019univers des placements les entreprises qui ne respectent pas les prescriptions clairement d\u00e9finies ou ne montrent aucune am\u00e9lioration dans leur comportement commercial. Cela concerne actuellement plus de 90 entreprises. Ces derni\u00e8res sont actives dans le domaine des armes controvers\u00e9es (bombes \u00e0 sous-munitions, mines antipersonnel, armes chimiques, biologiques et nucl\u00e9aires), enfreignent les normes du Pacte mondial de l\u2019ONU ou g\u00e9n\u00e8rent une grande partie de leur chiffre d\u2019affaires avec des produits issus du charbon.<\/p>\n<p>En Suisse et sur le plan international, nous encourageons le dialogue avec les entreprises et exer\u00e7ons activement nos droits de vote dans le sens du d\u00e9veloppement durable. Nous soutenons activement les principes du Pacte mondial des Nations Unies.<br \/>\n<a href=\"https:\/\/unglobalcompact.org\/\">En savoir plus sur le Pacte mondial des Nations Unies <\/a><\/p>\n","protected":false},"excerpt":{"rendered":"<p>En sa qualit\u00e9 d\u2019institution de pr\u00e9voyance de droit public, la CACEB assume sa responsabilit\u00e9 dans le domaine de la durabilit\u00e9\u00a0: nous soutenons une politique d\u2019entreprise durable, qui satisfait les besoins de la g\u00e9n\u00e9ration actuelle sans compromettre les possibilit\u00e9s des g\u00e9n\u00e9rations futures. Nous respectons les directives et prescriptions l\u00e9gales et nous conformons aux recommandations de l\u2019Association [&hellip;]<\/p>\n","protected":false},"author":1,"featured_media":0,"parent":1858,"menu_order":0,"comment_status":"closed","ping_status":"closed","template":"page-templates\/grundsatze-columns.php","meta":{"_acf_changed":false,"inline_featured_image":false,"footnotes":""},"class_list":["post-1932","page","type-page","status-publish","hentry"],"acf":[],"yoast_head":"<!-- This site is optimized with the Yoast SEO plugin v25.4 - https:\/\/yoast.com\/wordpress\/plugins\/seo\/ -->\n<title>Les principes de durabilit\u00e9 - CACEB<\/title>\n<meta name=\"robots\" content=\"index, follow, max-snippet:-1, max-image-preview:large, max-video-preview:-1\" \/>\n<link rel=\"canonical\" href=\"https:\/\/blvk.ch\/fr\/placements\/les-principes-de-durabilite-de-la-caceb\/\" \/>\n<meta property=\"og:locale\" content=\"fr_FR\" \/>\n<meta property=\"og:type\" content=\"article\" \/>\n<meta property=\"og:title\" content=\"Les principes de durabilit\u00e9 - CACEB\" \/>\n<meta property=\"og:description\" content=\"En sa qualit\u00e9 d\u2019institution de pr\u00e9voyance de droit public, la CACEB assume sa responsabilit\u00e9 dans le domaine de la durabilit\u00e9\u00a0: nous soutenons une politique d\u2019entreprise durable, qui satisfait les besoins de la g\u00e9n\u00e9ration actuelle sans compromettre les possibilit\u00e9s des g\u00e9n\u00e9rations futures. Nous respectons les directives et prescriptions l\u00e9gales et nous conformons aux recommandations de l\u2019Association [&hellip;]\" \/>\n<meta property=\"og:url\" content=\"https:\/\/blvk.ch\/fr\/placements\/les-principes-de-durabilite-de-la-caceb\/\" \/>\n<meta property=\"og:site_name\" content=\"CACEB\" \/>\n<meta property=\"article:modified_time\" content=\"2026-03-24T09:22:09+00:00\" \/>\n<meta name=\"twitter:card\" content=\"summary_large_image\" \/>\n<meta name=\"twitter:label1\" content=\"Dur\u00e9e de lecture estim\u00e9e\" \/>\n\t<meta name=\"twitter:data1\" content=\"2 minutes\" \/>\n<script type=\"application\/ld+json\" class=\"yoast-schema-graph\">{\"@context\":\"https:\/\/schema.org\",\"@graph\":[{\"@type\":\"WebPage\",\"@id\":\"https:\/\/blvk.ch\/fr\/placements\/les-principes-de-durabilite-de-la-caceb\/\",\"url\":\"https:\/\/blvk.ch\/fr\/placements\/les-principes-de-durabilite-de-la-caceb\/\",\"name\":\"Les principes de durabilit\u00e9 - CACEB\",\"isPartOf\":{\"@id\":\"https:\/\/blvk.ch\/fr\/#website\"},\"datePublished\":\"2022-07-13T07:08:34+00:00\",\"dateModified\":\"2026-03-24T09:22:09+00:00\",\"breadcrumb\":{\"@id\":\"https:\/\/blvk.ch\/fr\/placements\/les-principes-de-durabilite-de-la-caceb\/#breadcrumb\"},\"inLanguage\":\"fr-FR\",\"potentialAction\":[{\"@type\":\"ReadAction\",\"target\":[\"https:\/\/blvk.ch\/fr\/placements\/les-principes-de-durabilite-de-la-caceb\/\"]}]},{\"@type\":\"BreadcrumbList\",\"@id\":\"https:\/\/blvk.ch\/fr\/placements\/les-principes-de-durabilite-de-la-caceb\/#breadcrumb\",\"itemListElement\":[{\"@type\":\"ListItem\",\"position\":1,\"name\":\"Startseite\",\"item\":\"https:\/\/blvk.ch\/fr\/\"},{\"@type\":\"ListItem\",\"position\":2,\"name\":\"Placements\",\"item\":\"https:\/\/blvk.ch\/fr\/placements\/\"},{\"@type\":\"ListItem\",\"position\":3,\"name\":\"Les principes de durabilit\u00e9\"}]},{\"@type\":\"WebSite\",\"@id\":\"https:\/\/blvk.ch\/fr\/#website\",\"url\":\"https:\/\/blvk.ch\/fr\/\",\"name\":\"CACEB\",\"description\":\"Caisse d&#039;assurance du corps enseignant bernois\",\"publisher\":{\"@id\":\"https:\/\/blvk.ch\/fr\/#organization\"},\"potentialAction\":[{\"@type\":\"SearchAction\",\"target\":{\"@type\":\"EntryPoint\",\"urlTemplate\":\"https:\/\/blvk.ch\/fr\/?s={search_term_string}\"},\"query-input\":{\"@type\":\"PropertyValueSpecification\",\"valueRequired\":true,\"valueName\":\"search_term_string\"}}],\"inLanguage\":\"fr-FR\"},{\"@type\":\"Organization\",\"@id\":\"https:\/\/blvk.ch\/fr\/#organization\",\"name\":\"CACEB\",\"url\":\"https:\/\/blvk.ch\/fr\/\",\"logo\":{\"@type\":\"ImageObject\",\"inLanguage\":\"fr-FR\",\"@id\":\"https:\/\/blvk.ch\/fr\/#\/schema\/logo\/image\/\",\"url\":\"https:\/\/blvk.ch\/wp-content\/uploads\/2022\/10\/Logo1.png\",\"contentUrl\":\"https:\/\/blvk.ch\/wp-content\/uploads\/2022\/10\/Logo1.png\",\"width\":152,\"height\":66,\"caption\":\"CACEB\"},\"image\":{\"@id\":\"https:\/\/blvk.ch\/fr\/#\/schema\/logo\/image\/\"}}]}<\/script>\n<!-- \/ Yoast SEO plugin. -->","yoast_head_json":{"title":"Les principes de durabilit\u00e9 - CACEB","robots":{"index":"index","follow":"follow","max-snippet":"max-snippet:-1","max-image-preview":"max-image-preview:large","max-video-preview":"max-video-preview:-1"},"canonical":"https:\/\/blvk.ch\/fr\/placements\/les-principes-de-durabilite-de-la-caceb\/","og_locale":"fr_FR","og_type":"article","og_title":"Les principes de durabilit\u00e9 - CACEB","og_description":"En sa qualit\u00e9 d\u2019institution de pr\u00e9voyance de droit public, la CACEB assume sa responsabilit\u00e9 dans le domaine de la durabilit\u00e9\u00a0: nous soutenons une politique d\u2019entreprise durable, qui satisfait les besoins de la g\u00e9n\u00e9ration actuelle sans compromettre les possibilit\u00e9s des g\u00e9n\u00e9rations futures. Nous respectons les directives et prescriptions l\u00e9gales et nous conformons aux recommandations de l\u2019Association [&hellip;]","og_url":"https:\/\/blvk.ch\/fr\/placements\/les-principes-de-durabilite-de-la-caceb\/","og_site_name":"CACEB","article_modified_time":"2026-03-24T09:22:09+00:00","twitter_card":"summary_large_image","twitter_misc":{"Dur\u00e9e de lecture estim\u00e9e":"2 minutes"},"schema":{"@context":"https:\/\/schema.org","@graph":[{"@type":"WebPage","@id":"https:\/\/blvk.ch\/fr\/placements\/les-principes-de-durabilite-de-la-caceb\/","url":"https:\/\/blvk.ch\/fr\/placements\/les-principes-de-durabilite-de-la-caceb\/","name":"Les principes de durabilit\u00e9 - CACEB","isPartOf":{"@id":"https:\/\/blvk.ch\/fr\/#website"},"datePublished":"2022-07-13T07:08:34+00:00","dateModified":"2026-03-24T09:22:09+00:00","breadcrumb":{"@id":"https:\/\/blvk.ch\/fr\/placements\/les-principes-de-durabilite-de-la-caceb\/#breadcrumb"},"inLanguage":"fr-FR","potentialAction":[{"@type":"ReadAction","target":["https:\/\/blvk.ch\/fr\/placements\/les-principes-de-durabilite-de-la-caceb\/"]}]},{"@type":"BreadcrumbList","@id":"https:\/\/blvk.ch\/fr\/placements\/les-principes-de-durabilite-de-la-caceb\/#breadcrumb","itemListElement":[{"@type":"ListItem","position":1,"name":"Startseite","item":"https:\/\/blvk.ch\/fr\/"},{"@type":"ListItem","position":2,"name":"Placements","item":"https:\/\/blvk.ch\/fr\/placements\/"},{"@type":"ListItem","position":3,"name":"Les principes de durabilit\u00e9"}]},{"@type":"WebSite","@id":"https:\/\/blvk.ch\/fr\/#website","url":"https:\/\/blvk.ch\/fr\/","name":"CACEB","description":"Caisse d&#039;assurance du corps enseignant bernois","publisher":{"@id":"https:\/\/blvk.ch\/fr\/#organization"},"potentialAction":[{"@type":"SearchAction","target":{"@type":"EntryPoint","urlTemplate":"https:\/\/blvk.ch\/fr\/?s={search_term_string}"},"query-input":{"@type":"PropertyValueSpecification","valueRequired":true,"valueName":"search_term_string"}}],"inLanguage":"fr-FR"},{"@type":"Organization","@id":"https:\/\/blvk.ch\/fr\/#organization","name":"CACEB","url":"https:\/\/blvk.ch\/fr\/","logo":{"@type":"ImageObject","inLanguage":"fr-FR","@id":"https:\/\/blvk.ch\/fr\/#\/schema\/logo\/image\/","url":"https:\/\/blvk.ch\/wp-content\/uploads\/2022\/10\/Logo1.png","contentUrl":"https:\/\/blvk.ch\/wp-content\/uploads\/2022\/10\/Logo1.png","width":152,"height":66,"caption":"CACEB"},"image":{"@id":"https:\/\/blvk.ch\/fr\/#\/schema\/logo\/image\/"}}]}},"_links":{"self":[{"href":"https:\/\/blvk.ch\/fr\/wp-json\/wp\/v2\/pages\/1932","targetHints":{"allow":["GET"]}}],"collection":[{"href":"https:\/\/blvk.ch\/fr\/wp-json\/wp\/v2\/pages"}],"about":[{"href":"https:\/\/blvk.ch\/fr\/wp-json\/wp\/v2\/types\/page"}],"author":[{"embeddable":true,"href":"https:\/\/blvk.ch\/fr\/wp-json\/wp\/v2\/users\/1"}],"replies":[{"embeddable":true,"href":"https:\/\/blvk.ch\/fr\/wp-json\/wp\/v2\/comments?post=1932"}],"version-history":[{"count":34,"href":"https:\/\/blvk.ch\/fr\/wp-json\/wp\/v2\/pages\/1932\/revisions"}],"predecessor-version":[{"id":10927,"href":"https:\/\/blvk.ch\/fr\/wp-json\/wp\/v2\/pages\/1932\/revisions\/10927"}],"up":[{"embeddable":true,"href":"https:\/\/blvk.ch\/fr\/wp-json\/wp\/v2\/pages\/1858"}],"wp:attachment":[{"href":"https:\/\/blvk.ch\/fr\/wp-json\/wp\/v2\/media?parent=1932"}],"curies":[{"name":"wp","href":"https:\/\/api.w.org\/{rel}","templated":true}]}}