{"id":1962,"date":"2022-09-16T14:22:16","date_gmt":"2022-09-16T12:22:16","guid":{"rendered":"https:\/\/blvk.dev.mxm.agency\/?page_id=1962"},"modified":"2025-08-06T11:59:39","modified_gmt":"2025-08-06T09:59:39","slug":"la-commission-administrative-de-la-caceb","status":"publish","type":"page","link":"https:\/\/blvk.ch\/fr\/la-caceb\/organisation\/la-commission-administrative-de-la-caceb\/","title":{"rendered":"La commission administrative de la CACEB"},"content":{"rendered":"<p>La CA est compos\u00e9e de mani\u00e8re paritaire et compte au maximum quatre personnes repr\u00e9sentant les employ\u00e9es et employ\u00e9s, et quatre autres repr\u00e9sentant les employeurs. Les employeurs affili\u00e9s par convention doivent \u00eatre pris en compte comme il se doit. Les repr\u00e9sentantes et repr\u00e9sentants du personnel salari\u00e9 sont \u00e9lus par l\u2019assembl\u00e9e des d\u00e9l\u00e9gu\u00e9s, alors que les personnes repr\u00e9sentant les employeurs sont \u00e9lues par le conseil ex\u00e9cutif. Le mandat a une dur\u00e9e de quatre ans et commence le 1er ao\u00fbt. La r\u00e9\u00e9lection est admise. Lorsqu\u2019un membre d\u00e9missionne durant son mandat, une personne doit \u00eatre \u00e9lue pour le remplacer pour la dur\u00e9e restante. La pr\u00e9sidence alterne tous les deux ans entre la repr\u00e9sentation du personnel salari\u00e9 et celle des employeurs.<\/p>\n<p>La CA assume la direction g\u00e9n\u00e9rale. Il lui incombe les t\u00e2ches, attributions et responsabilit\u00e9s qui rel\u00e8vent de l\u2019organe paritaire selon la l\u00e9gislation f\u00e9d\u00e9rale sur la pr\u00e9voyance professionnelle vieillesse, survivants et invalidit\u00e9. La CA a la comp\u00e9tence d\u2019instituer des comit\u00e9s dont les membres ne doivent pas forc\u00e9ment faire partie de la CA. Les comit\u00e9s permanents sont le comit\u00e9 pour les placements et l\u2019Audit Committee.<\/p>\n<p>Pour le mandat allant du 1er ao\u00fbt 2025 au 31 juillet 2029, les personnes suivantes font partie de la CA :<\/p>\n<p><strong>Repr\u00e9sentante et repr\u00e9sentants des employeurs<\/strong><\/p>\n<p>Windh\u00f6vel Kerstin, prof., directrice Wincon GmbH (vice-pr\u00e9sidente du 1er ao\u00fbt 2025 au 31&nbsp;juillet&nbsp;2027)<br \/>\nChristen Stefan, Administrateur des finances de la ville de Thoun<br \/>\nGurtner Hansj\u00f6rg, dipl. f\u00e9d. g\u00e9rant de caisses de pension<br \/>\nStohler Dieter, lic. iur. <\/p>\n<p><strong>Repr\u00e9sentante et repr\u00e9sentants du personnel salari\u00e9\u00a0<\/strong><\/p>\n<p>Peyer Esther, enseignante des mati\u00e8res d\u2019\u00e9conomie (pr\u00e9sidente du 1er ao\u00fbt 2025 au 31&nbsp;juillet&nbsp;2027)<br \/>\nJacot Manuel, directeur d&rsquo;\u00e9cole<br \/>\nMeer Ernst, mag. rer. pol, professeur d&rsquo;\u00e9conomie et de droit<br \/>\nRobert Christian, enseignant d\u2019\u00e9cole secondaire<\/p>\n","protected":false},"excerpt":{"rendered":"<p>La CA est compos\u00e9e de mani\u00e8re paritaire et compte au maximum quatre personnes repr\u00e9sentant les employ\u00e9es et employ\u00e9s, et quatre autres repr\u00e9sentant les employeurs. Les employeurs affili\u00e9s par convention doivent \u00eatre pris en compte comme il se doit. Les repr\u00e9sentantes et repr\u00e9sentants du personnel salari\u00e9 sont \u00e9lus par l\u2019assembl\u00e9e des d\u00e9l\u00e9gu\u00e9s, alors que les personnes [&hellip;]<\/p>\n","protected":false},"author":1,"featured_media":0,"parent":2681,"menu_order":2,"comment_status":"closed","ping_status":"closed","template":"page-templates\/grundsatze.php","meta":{"_acf_changed":false,"inline_featured_image":false,"footnotes":""},"class_list":["post-1962","page","type-page","status-publish","hentry"],"acf":[],"yoast_head":"<!-- This site is optimized with the Yoast SEO plugin v25.4 - https:\/\/yoast.com\/wordpress\/plugins\/seo\/ -->\n<title>La commission administrative de la CACEB - CACEB<\/title>\n<meta name=\"robots\" content=\"index, follow, max-snippet:-1, max-image-preview:large, max-video-preview:-1\" \/>\n<link rel=\"canonical\" href=\"https:\/\/blvk.ch\/fr\/la-caceb\/organisation\/la-commission-administrative-de-la-caceb\/\" \/>\n<meta property=\"og:locale\" content=\"fr_FR\" \/>\n<meta property=\"og:type\" content=\"article\" \/>\n<meta property=\"og:title\" content=\"La commission administrative de la CACEB - CACEB\" \/>\n<meta property=\"og:description\" content=\"La CA est compos\u00e9e de mani\u00e8re paritaire et compte au maximum quatre personnes repr\u00e9sentant les employ\u00e9es et employ\u00e9s, et quatre autres repr\u00e9sentant les employeurs. Les employeurs affili\u00e9s par convention doivent \u00eatre pris en compte comme il se doit. Les repr\u00e9sentantes et repr\u00e9sentants du personnel salari\u00e9 sont \u00e9lus par l\u2019assembl\u00e9e des d\u00e9l\u00e9gu\u00e9s, alors que les personnes [&hellip;]\" \/>\n<meta property=\"og:url\" content=\"https:\/\/blvk.ch\/fr\/la-caceb\/organisation\/la-commission-administrative-de-la-caceb\/\" \/>\n<meta property=\"og:site_name\" content=\"CACEB\" \/>\n<meta property=\"article:modified_time\" content=\"2025-08-06T09:59:39+00:00\" \/>\n<meta name=\"twitter:card\" content=\"summary_large_image\" \/>\n<meta name=\"twitter:label1\" content=\"Dur\u00e9e de lecture estim\u00e9e\" \/>\n\t<meta name=\"twitter:data1\" content=\"2 minutes\" \/>\n<script type=\"application\/ld+json\" class=\"yoast-schema-graph\">{\"@context\":\"https:\/\/schema.org\",\"@graph\":[{\"@type\":\"WebPage\",\"@id\":\"https:\/\/blvk.ch\/fr\/la-caceb\/organisation\/la-commission-administrative-de-la-caceb\/\",\"url\":\"https:\/\/blvk.ch\/fr\/la-caceb\/organisation\/la-commission-administrative-de-la-caceb\/\",\"name\":\"La commission administrative de la CACEB - CACEB\",\"isPartOf\":{\"@id\":\"https:\/\/blvk.ch\/fr\/#website\"},\"datePublished\":\"2022-09-16T12:22:16+00:00\",\"dateModified\":\"2025-08-06T09:59:39+00:00\",\"breadcrumb\":{\"@id\":\"https:\/\/blvk.ch\/fr\/la-caceb\/organisation\/la-commission-administrative-de-la-caceb\/#breadcrumb\"},\"inLanguage\":\"fr-FR\",\"potentialAction\":[{\"@type\":\"ReadAction\",\"target\":[\"https:\/\/blvk.ch\/fr\/la-caceb\/organisation\/la-commission-administrative-de-la-caceb\/\"]}]},{\"@type\":\"BreadcrumbList\",\"@id\":\"https:\/\/blvk.ch\/fr\/la-caceb\/organisation\/la-commission-administrative-de-la-caceb\/#breadcrumb\",\"itemListElement\":[{\"@type\":\"ListItem\",\"position\":1,\"name\":\"Startseite\",\"item\":\"https:\/\/blvk.ch\/fr\/\"},{\"@type\":\"ListItem\",\"position\":2,\"name\":\"La CACEB\",\"item\":\"https:\/\/blvk.ch\/fr\/la-caceb\/\"},{\"@type\":\"ListItem\",\"position\":3,\"name\":\"Organisation\",\"item\":\"https:\/\/blvk.ch\/fr\/la-caceb\/organisation\/\"},{\"@type\":\"ListItem\",\"position\":4,\"name\":\"La commission administrative de la CACEB\"}]},{\"@type\":\"WebSite\",\"@id\":\"https:\/\/blvk.ch\/fr\/#website\",\"url\":\"https:\/\/blvk.ch\/fr\/\",\"name\":\"CACEB\",\"description\":\"Caisse d&#039;assurance du corps enseignant bernois\",\"publisher\":{\"@id\":\"https:\/\/blvk.ch\/fr\/#organization\"},\"potentialAction\":[{\"@type\":\"SearchAction\",\"target\":{\"@type\":\"EntryPoint\",\"urlTemplate\":\"https:\/\/blvk.ch\/fr\/?s={search_term_string}\"},\"query-input\":{\"@type\":\"PropertyValueSpecification\",\"valueRequired\":true,\"valueName\":\"search_term_string\"}}],\"inLanguage\":\"fr-FR\"},{\"@type\":\"Organization\",\"@id\":\"https:\/\/blvk.ch\/fr\/#organization\",\"name\":\"CACEB\",\"url\":\"https:\/\/blvk.ch\/fr\/\",\"logo\":{\"@type\":\"ImageObject\",\"inLanguage\":\"fr-FR\",\"@id\":\"https:\/\/blvk.ch\/fr\/#\/schema\/logo\/image\/\",\"url\":\"https:\/\/blvk.ch\/wp-content\/uploads\/2022\/10\/Logo1.png\",\"contentUrl\":\"https:\/\/blvk.ch\/wp-content\/uploads\/2022\/10\/Logo1.png\",\"width\":152,\"height\":66,\"caption\":\"CACEB\"},\"image\":{\"@id\":\"https:\/\/blvk.ch\/fr\/#\/schema\/logo\/image\/\"}}]}<\/script>\n<!-- \/ Yoast SEO plugin. -->","yoast_head_json":{"title":"La commission administrative de la CACEB - CACEB","robots":{"index":"index","follow":"follow","max-snippet":"max-snippet:-1","max-image-preview":"max-image-preview:large","max-video-preview":"max-video-preview:-1"},"canonical":"https:\/\/blvk.ch\/fr\/la-caceb\/organisation\/la-commission-administrative-de-la-caceb\/","og_locale":"fr_FR","og_type":"article","og_title":"La commission administrative de la CACEB - CACEB","og_description":"La CA est compos\u00e9e de mani\u00e8re paritaire et compte au maximum quatre personnes repr\u00e9sentant les employ\u00e9es et employ\u00e9s, et quatre autres repr\u00e9sentant les employeurs. Les employeurs affili\u00e9s par convention doivent \u00eatre pris en compte comme il se doit. Les repr\u00e9sentantes et repr\u00e9sentants du personnel salari\u00e9 sont \u00e9lus par l\u2019assembl\u00e9e des d\u00e9l\u00e9gu\u00e9s, alors que les personnes [&hellip;]","og_url":"https:\/\/blvk.ch\/fr\/la-caceb\/organisation\/la-commission-administrative-de-la-caceb\/","og_site_name":"CACEB","article_modified_time":"2025-08-06T09:59:39+00:00","twitter_card":"summary_large_image","twitter_misc":{"Dur\u00e9e de lecture estim\u00e9e":"2 minutes"},"schema":{"@context":"https:\/\/schema.org","@graph":[{"@type":"WebPage","@id":"https:\/\/blvk.ch\/fr\/la-caceb\/organisation\/la-commission-administrative-de-la-caceb\/","url":"https:\/\/blvk.ch\/fr\/la-caceb\/organisation\/la-commission-administrative-de-la-caceb\/","name":"La commission administrative de la CACEB - CACEB","isPartOf":{"@id":"https:\/\/blvk.ch\/fr\/#website"},"datePublished":"2022-09-16T12:22:16+00:00","dateModified":"2025-08-06T09:59:39+00:00","breadcrumb":{"@id":"https:\/\/blvk.ch\/fr\/la-caceb\/organisation\/la-commission-administrative-de-la-caceb\/#breadcrumb"},"inLanguage":"fr-FR","potentialAction":[{"@type":"ReadAction","target":["https:\/\/blvk.ch\/fr\/la-caceb\/organisation\/la-commission-administrative-de-la-caceb\/"]}]},{"@type":"BreadcrumbList","@id":"https:\/\/blvk.ch\/fr\/la-caceb\/organisation\/la-commission-administrative-de-la-caceb\/#breadcrumb","itemListElement":[{"@type":"ListItem","position":1,"name":"Startseite","item":"https:\/\/blvk.ch\/fr\/"},{"@type":"ListItem","position":2,"name":"La CACEB","item":"https:\/\/blvk.ch\/fr\/la-caceb\/"},{"@type":"ListItem","position":3,"name":"Organisation","item":"https:\/\/blvk.ch\/fr\/la-caceb\/organisation\/"},{"@type":"ListItem","position":4,"name":"La commission administrative de la CACEB"}]},{"@type":"WebSite","@id":"https:\/\/blvk.ch\/fr\/#website","url":"https:\/\/blvk.ch\/fr\/","name":"CACEB","description":"Caisse d&#039;assurance du corps enseignant bernois","publisher":{"@id":"https:\/\/blvk.ch\/fr\/#organization"},"potentialAction":[{"@type":"SearchAction","target":{"@type":"EntryPoint","urlTemplate":"https:\/\/blvk.ch\/fr\/?s={search_term_string}"},"query-input":{"@type":"PropertyValueSpecification","valueRequired":true,"valueName":"search_term_string"}}],"inLanguage":"fr-FR"},{"@type":"Organization","@id":"https:\/\/blvk.ch\/fr\/#organization","name":"CACEB","url":"https:\/\/blvk.ch\/fr\/","logo":{"@type":"ImageObject","inLanguage":"fr-FR","@id":"https:\/\/blvk.ch\/fr\/#\/schema\/logo\/image\/","url":"https:\/\/blvk.ch\/wp-content\/uploads\/2022\/10\/Logo1.png","contentUrl":"https:\/\/blvk.ch\/wp-content\/uploads\/2022\/10\/Logo1.png","width":152,"height":66,"caption":"CACEB"},"image":{"@id":"https:\/\/blvk.ch\/fr\/#\/schema\/logo\/image\/"}}]}},"_links":{"self":[{"href":"https:\/\/blvk.ch\/fr\/wp-json\/wp\/v2\/pages\/1962","targetHints":{"allow":["GET"]}}],"collection":[{"href":"https:\/\/blvk.ch\/fr\/wp-json\/wp\/v2\/pages"}],"about":[{"href":"https:\/\/blvk.ch\/fr\/wp-json\/wp\/v2\/types\/page"}],"author":[{"embeddable":true,"href":"https:\/\/blvk.ch\/fr\/wp-json\/wp\/v2\/users\/1"}],"replies":[{"embeddable":true,"href":"https:\/\/blvk.ch\/fr\/wp-json\/wp\/v2\/comments?post=1962"}],"version-history":[{"count":37,"href":"https:\/\/blvk.ch\/fr\/wp-json\/wp\/v2\/pages\/1962\/revisions"}],"predecessor-version":[{"id":10262,"href":"https:\/\/blvk.ch\/fr\/wp-json\/wp\/v2\/pages\/1962\/revisions\/10262"}],"up":[{"embeddable":true,"href":"https:\/\/blvk.ch\/fr\/wp-json\/wp\/v2\/pages\/2681"}],"wp:attachment":[{"href":"https:\/\/blvk.ch\/fr\/wp-json\/wp\/v2\/media?parent=1962"}],"curies":[{"name":"wp","href":"https:\/\/api.w.org\/{rel}","templated":true}]}}