{"id":1970,"date":"2022-09-16T10:24:45","date_gmt":"2022-09-16T08:24:45","guid":{"rendered":"https:\/\/blvk.dev.mxm.agency\/?page_id=1970"},"modified":"2025-05-08T08:45:49","modified_gmt":"2025-05-08T06:45:49","slug":"le-comite-de-direction-de-la-caceb","status":"publish","type":"page","link":"https:\/\/blvk.ch\/fr\/la-caceb\/organisation\/le-comite-de-direction-de-la-caceb\/","title":{"rendered":"Le comit\u00e9 de direction de la CACEB"},"content":{"rendered":"<p>Le comit\u00e9 de direction de la CACEB est responsable du fonctionnement en bonne et due forme et conforme \u00e0 la loi de la caisse, ainsi que de la r\u00e9alisation des objectifs d\u2019entreprise.<\/p>\n","protected":false},"excerpt":{"rendered":"<p>Le comit\u00e9 de direction de la CACEB est responsable du fonctionnement en bonne et due forme et conforme \u00e0 la loi de la caisse, ainsi que de la r\u00e9alisation des objectifs d\u2019entreprise.<\/p>\n","protected":false},"author":1,"featured_media":0,"parent":2681,"menu_order":3,"comment_status":"closed","ping_status":"closed","template":"page-templates\/our-team.php","meta":{"_acf_changed":false,"inline_featured_image":false,"footnotes":""},"class_list":["post-1970","page","type-page","status-publish","hentry"],"acf":[],"yoast_head":"<!-- This site is optimized with the Yoast SEO plugin v25.4 - https:\/\/yoast.com\/wordpress\/plugins\/seo\/ -->\n<title>Le comit\u00e9 de direction de la CACEB - CACEB<\/title>\n<meta name=\"robots\" content=\"index, follow, max-snippet:-1, max-image-preview:large, max-video-preview:-1\" \/>\n<link rel=\"canonical\" href=\"https:\/\/blvk.ch\/fr\/la-caceb\/organisation\/le-comite-de-direction-de-la-caceb\/\" \/>\n<meta property=\"og:locale\" content=\"fr_FR\" \/>\n<meta property=\"og:type\" content=\"article\" \/>\n<meta property=\"og:title\" content=\"Le comit\u00e9 de direction de la CACEB - CACEB\" \/>\n<meta property=\"og:description\" content=\"Le comit\u00e9 de direction de la CACEB est responsable du fonctionnement en bonne et due forme et conforme \u00e0 la loi de la caisse, ainsi que de la r\u00e9alisation des objectifs d\u2019entreprise.\" \/>\n<meta property=\"og:url\" content=\"https:\/\/blvk.ch\/fr\/la-caceb\/organisation\/le-comite-de-direction-de-la-caceb\/\" \/>\n<meta property=\"og:site_name\" content=\"CACEB\" \/>\n<meta property=\"article:modified_time\" content=\"2025-05-08T06:45:49+00:00\" \/>\n<meta name=\"twitter:card\" content=\"summary_large_image\" \/>\n<meta name=\"twitter:label1\" content=\"Dur\u00e9e de lecture estim\u00e9e\" \/>\n\t<meta name=\"twitter:data1\" content=\"1 minute\" \/>\n<script type=\"application\/ld+json\" class=\"yoast-schema-graph\">{\"@context\":\"https:\/\/schema.org\",\"@graph\":[{\"@type\":\"WebPage\",\"@id\":\"https:\/\/blvk.ch\/fr\/la-caceb\/organisation\/le-comite-de-direction-de-la-caceb\/\",\"url\":\"https:\/\/blvk.ch\/fr\/la-caceb\/organisation\/le-comite-de-direction-de-la-caceb\/\",\"name\":\"Le comit\u00e9 de direction de la CACEB - CACEB\",\"isPartOf\":{\"@id\":\"https:\/\/blvk.ch\/fr\/#website\"},\"datePublished\":\"2022-09-16T08:24:45+00:00\",\"dateModified\":\"2025-05-08T06:45:49+00:00\",\"breadcrumb\":{\"@id\":\"https:\/\/blvk.ch\/fr\/la-caceb\/organisation\/le-comite-de-direction-de-la-caceb\/#breadcrumb\"},\"inLanguage\":\"fr-FR\",\"potentialAction\":[{\"@type\":\"ReadAction\",\"target\":[\"https:\/\/blvk.ch\/fr\/la-caceb\/organisation\/le-comite-de-direction-de-la-caceb\/\"]}]},{\"@type\":\"BreadcrumbList\",\"@id\":\"https:\/\/blvk.ch\/fr\/la-caceb\/organisation\/le-comite-de-direction-de-la-caceb\/#breadcrumb\",\"itemListElement\":[{\"@type\":\"ListItem\",\"position\":1,\"name\":\"Startseite\",\"item\":\"https:\/\/blvk.ch\/fr\/\"},{\"@type\":\"ListItem\",\"position\":2,\"name\":\"La CACEB\",\"item\":\"https:\/\/blvk.ch\/fr\/la-caceb\/\"},{\"@type\":\"ListItem\",\"position\":3,\"name\":\"Organisation\",\"item\":\"https:\/\/blvk.ch\/fr\/la-caceb\/organisation\/\"},{\"@type\":\"ListItem\",\"position\":4,\"name\":\"Le comit\u00e9 de direction de la CACEB\"}]},{\"@type\":\"WebSite\",\"@id\":\"https:\/\/blvk.ch\/fr\/#website\",\"url\":\"https:\/\/blvk.ch\/fr\/\",\"name\":\"CACEB\",\"description\":\"Caisse d&#039;assurance du corps enseignant bernois\",\"publisher\":{\"@id\":\"https:\/\/blvk.ch\/fr\/#organization\"},\"potentialAction\":[{\"@type\":\"SearchAction\",\"target\":{\"@type\":\"EntryPoint\",\"urlTemplate\":\"https:\/\/blvk.ch\/fr\/?s={search_term_string}\"},\"query-input\":{\"@type\":\"PropertyValueSpecification\",\"valueRequired\":true,\"valueName\":\"search_term_string\"}}],\"inLanguage\":\"fr-FR\"},{\"@type\":\"Organization\",\"@id\":\"https:\/\/blvk.ch\/fr\/#organization\",\"name\":\"CACEB\",\"url\":\"https:\/\/blvk.ch\/fr\/\",\"logo\":{\"@type\":\"ImageObject\",\"inLanguage\":\"fr-FR\",\"@id\":\"https:\/\/blvk.ch\/fr\/#\/schema\/logo\/image\/\",\"url\":\"https:\/\/blvk.ch\/wp-content\/uploads\/2022\/10\/Logo1.png\",\"contentUrl\":\"https:\/\/blvk.ch\/wp-content\/uploads\/2022\/10\/Logo1.png\",\"width\":152,\"height\":66,\"caption\":\"CACEB\"},\"image\":{\"@id\":\"https:\/\/blvk.ch\/fr\/#\/schema\/logo\/image\/\"}}]}<\/script>\n<!-- \/ Yoast SEO plugin. -->","yoast_head_json":{"title":"Le comit\u00e9 de direction de la CACEB - CACEB","robots":{"index":"index","follow":"follow","max-snippet":"max-snippet:-1","max-image-preview":"max-image-preview:large","max-video-preview":"max-video-preview:-1"},"canonical":"https:\/\/blvk.ch\/fr\/la-caceb\/organisation\/le-comite-de-direction-de-la-caceb\/","og_locale":"fr_FR","og_type":"article","og_title":"Le comit\u00e9 de direction de la CACEB - CACEB","og_description":"Le comit\u00e9 de direction de la CACEB est responsable du fonctionnement en bonne et due forme et conforme \u00e0 la loi de la caisse, ainsi que de la r\u00e9alisation des objectifs d\u2019entreprise.","og_url":"https:\/\/blvk.ch\/fr\/la-caceb\/organisation\/le-comite-de-direction-de-la-caceb\/","og_site_name":"CACEB","article_modified_time":"2025-05-08T06:45:49+00:00","twitter_card":"summary_large_image","twitter_misc":{"Dur\u00e9e de lecture estim\u00e9e":"1 minute"},"schema":{"@context":"https:\/\/schema.org","@graph":[{"@type":"WebPage","@id":"https:\/\/blvk.ch\/fr\/la-caceb\/organisation\/le-comite-de-direction-de-la-caceb\/","url":"https:\/\/blvk.ch\/fr\/la-caceb\/organisation\/le-comite-de-direction-de-la-caceb\/","name":"Le comit\u00e9 de direction de la CACEB - CACEB","isPartOf":{"@id":"https:\/\/blvk.ch\/fr\/#website"},"datePublished":"2022-09-16T08:24:45+00:00","dateModified":"2025-05-08T06:45:49+00:00","breadcrumb":{"@id":"https:\/\/blvk.ch\/fr\/la-caceb\/organisation\/le-comite-de-direction-de-la-caceb\/#breadcrumb"},"inLanguage":"fr-FR","potentialAction":[{"@type":"ReadAction","target":["https:\/\/blvk.ch\/fr\/la-caceb\/organisation\/le-comite-de-direction-de-la-caceb\/"]}]},{"@type":"BreadcrumbList","@id":"https:\/\/blvk.ch\/fr\/la-caceb\/organisation\/le-comite-de-direction-de-la-caceb\/#breadcrumb","itemListElement":[{"@type":"ListItem","position":1,"name":"Startseite","item":"https:\/\/blvk.ch\/fr\/"},{"@type":"ListItem","position":2,"name":"La CACEB","item":"https:\/\/blvk.ch\/fr\/la-caceb\/"},{"@type":"ListItem","position":3,"name":"Organisation","item":"https:\/\/blvk.ch\/fr\/la-caceb\/organisation\/"},{"@type":"ListItem","position":4,"name":"Le comit\u00e9 de direction de la CACEB"}]},{"@type":"WebSite","@id":"https:\/\/blvk.ch\/fr\/#website","url":"https:\/\/blvk.ch\/fr\/","name":"CACEB","description":"Caisse d&#039;assurance du corps enseignant bernois","publisher":{"@id":"https:\/\/blvk.ch\/fr\/#organization"},"potentialAction":[{"@type":"SearchAction","target":{"@type":"EntryPoint","urlTemplate":"https:\/\/blvk.ch\/fr\/?s={search_term_string}"},"query-input":{"@type":"PropertyValueSpecification","valueRequired":true,"valueName":"search_term_string"}}],"inLanguage":"fr-FR"},{"@type":"Organization","@id":"https:\/\/blvk.ch\/fr\/#organization","name":"CACEB","url":"https:\/\/blvk.ch\/fr\/","logo":{"@type":"ImageObject","inLanguage":"fr-FR","@id":"https:\/\/blvk.ch\/fr\/#\/schema\/logo\/image\/","url":"https:\/\/blvk.ch\/wp-content\/uploads\/2022\/10\/Logo1.png","contentUrl":"https:\/\/blvk.ch\/wp-content\/uploads\/2022\/10\/Logo1.png","width":152,"height":66,"caption":"CACEB"},"image":{"@id":"https:\/\/blvk.ch\/fr\/#\/schema\/logo\/image\/"}}]}},"_links":{"self":[{"href":"https:\/\/blvk.ch\/fr\/wp-json\/wp\/v2\/pages\/1970","targetHints":{"allow":["GET"]}}],"collection":[{"href":"https:\/\/blvk.ch\/fr\/wp-json\/wp\/v2\/pages"}],"about":[{"href":"https:\/\/blvk.ch\/fr\/wp-json\/wp\/v2\/types\/page"}],"author":[{"embeddable":true,"href":"https:\/\/blvk.ch\/fr\/wp-json\/wp\/v2\/users\/1"}],"replies":[{"embeddable":true,"href":"https:\/\/blvk.ch\/fr\/wp-json\/wp\/v2\/comments?post=1970"}],"version-history":[{"count":14,"href":"https:\/\/blvk.ch\/fr\/wp-json\/wp\/v2\/pages\/1970\/revisions"}],"predecessor-version":[{"id":9164,"href":"https:\/\/blvk.ch\/fr\/wp-json\/wp\/v2\/pages\/1970\/revisions\/9164"}],"up":[{"embeddable":true,"href":"https:\/\/blvk.ch\/fr\/wp-json\/wp\/v2\/pages\/2681"}],"wp:attachment":[{"href":"https:\/\/blvk.ch\/fr\/wp-json\/wp\/v2\/media?parent=1970"}],"curies":[{"name":"wp","href":"https:\/\/api.w.org\/{rel}","templated":true}]}}