{"id":1975,"date":"2022-09-06T07:07:07","date_gmt":"2022-09-06T05:07:07","guid":{"rendered":"https:\/\/blvk.dev.mxm.agency\/?page_id=1975"},"modified":"2026-04-13T11:22:35","modified_gmt":"2026-04-13T09:22:35","slug":"a-propos-de-la-caceb","status":"publish","type":"page","link":"https:\/\/blvk.ch\/fr\/la-caceb\/organisation\/a-propos-de-la-caceb\/","title":{"rendered":"\u00c0 propos de la CACEB"},"content":{"rendered":"<p>La Caisse d\u2019assurance du corps enseignant bernois (CACEB) est une institution de pr\u00e9voyance autonome de droit public, dont le si\u00e8ge est \u00e0 Ostermundigen. Nous sommes soumis \u00e0 la loi sur les caisses de pension cantonales (LCPC) et nous assurons le corps enseignant bernois contre les cons\u00e9quences \u00e9conomiques de l\u2019invalidit\u00e9, de la vieillesse et du d\u00e9c\u00e8s.<\/p>\n<p>Au 31 d\u00e9cembre 2024, 20&rsquo;878 personnes actives et 10&rsquo;125 b\u00e9n\u00e9ficiaires d\u2019une rente \u00e9taient assur\u00e9s chez nous. La somme du bilan s\u2019\u00e9l\u00e8ve \u00e0 9,2 milliards de francs suisses. D\u2019autres institutions de droit public ou de l\u2019\u00e9conomie priv\u00e9e qui sont actives dans le domaine de la formation au niveau cantonal ou qui ont un lien avec celui-ci peuvent s\u2019affilier \u00e0 la CACEB par convention.<\/p>\n<p>L\u2019organe supr\u00eame de la CACEB est la Commission administrative, constitu\u00e9e paritairement. Elle se compose de huit personnes, dont quatre repr\u00e9sentent les employ\u00e9es et employ\u00e9s, et quatre autres les employeurs. Les membres de la commission administrative constituent les comit\u00e9s \u00ab Audit Committee \u00bb et \u00ab comit\u00e9 des placements \u00bb, dont la composition est aussi paritaire.<\/p>\n<p>La CACEB est soumise \u00e0 des contr\u00f4les annuels effectu\u00e9s tant par l\u2019expert actuariel que par l\u2019organe de r\u00e9vision. La CACEB est assujettie \u00e0 l\u2019Autorit\u00e9 bernoise de surveillance des institutions de pr\u00e9voyance et des fondations (ABSPF).<\/p>\n","protected":false},"excerpt":{"rendered":"<p>La Caisse d\u2019assurance du corps enseignant bernois (CACEB) est une institution de pr\u00e9voyance autonome de droit public, dont le si\u00e8ge est \u00e0 Ostermundigen. Nous sommes soumis \u00e0 la loi sur les caisses de pension cantonales (LCPC) et nous assurons le corps enseignant bernois contre les cons\u00e9quences \u00e9conomiques de l\u2019invalidit\u00e9, de la vieillesse et du d\u00e9c\u00e8s. [&hellip;]<\/p>\n","protected":false},"author":1,"featured_media":0,"parent":2681,"menu_order":1,"comment_status":"closed","ping_status":"closed","template":"page-templates\/grundsatze-columns.php","meta":{"_acf_changed":false,"inline_featured_image":false,"footnotes":""},"class_list":["post-1975","page","type-page","status-publish","hentry"],"acf":[],"yoast_head":"<!-- This site is optimized with the Yoast SEO plugin v25.4 - https:\/\/yoast.com\/wordpress\/plugins\/seo\/ -->\n<title>\u00c0 propos de la CACEB - CACEB<\/title>\n<meta name=\"robots\" content=\"index, follow, max-snippet:-1, max-image-preview:large, max-video-preview:-1\" \/>\n<link rel=\"canonical\" href=\"https:\/\/blvk.ch\/fr\/la-caceb\/organisation\/a-propos-de-la-caceb\/\" \/>\n<meta property=\"og:locale\" content=\"fr_FR\" \/>\n<meta property=\"og:type\" content=\"article\" \/>\n<meta property=\"og:title\" content=\"\u00c0 propos de la CACEB - CACEB\" \/>\n<meta property=\"og:description\" content=\"La Caisse d\u2019assurance du corps enseignant bernois (CACEB) est une institution de pr\u00e9voyance autonome de droit public, dont le si\u00e8ge est \u00e0 Ostermundigen. Nous sommes soumis \u00e0 la loi sur les caisses de pension cantonales (LCPC) et nous assurons le corps enseignant bernois contre les cons\u00e9quences \u00e9conomiques de l\u2019invalidit\u00e9, de la vieillesse et du d\u00e9c\u00e8s. [&hellip;]\" \/>\n<meta property=\"og:url\" content=\"https:\/\/blvk.ch\/fr\/la-caceb\/organisation\/a-propos-de-la-caceb\/\" \/>\n<meta property=\"og:site_name\" content=\"CACEB\" \/>\n<meta property=\"article:modified_time\" content=\"2026-04-13T09:22:35+00:00\" \/>\n<meta name=\"twitter:card\" content=\"summary_large_image\" \/>\n<meta name=\"twitter:label1\" content=\"Dur\u00e9e de lecture estim\u00e9e\" \/>\n\t<meta name=\"twitter:data1\" content=\"1 minute\" \/>\n<script type=\"application\/ld+json\" class=\"yoast-schema-graph\">{\"@context\":\"https:\/\/schema.org\",\"@graph\":[{\"@type\":\"WebPage\",\"@id\":\"https:\/\/blvk.ch\/fr\/la-caceb\/organisation\/a-propos-de-la-caceb\/\",\"url\":\"https:\/\/blvk.ch\/fr\/la-caceb\/organisation\/a-propos-de-la-caceb\/\",\"name\":\"\u00c0 propos de la CACEB - CACEB\",\"isPartOf\":{\"@id\":\"https:\/\/blvk.ch\/fr\/#website\"},\"datePublished\":\"2022-09-06T05:07:07+00:00\",\"dateModified\":\"2026-04-13T09:22:35+00:00\",\"breadcrumb\":{\"@id\":\"https:\/\/blvk.ch\/fr\/la-caceb\/organisation\/a-propos-de-la-caceb\/#breadcrumb\"},\"inLanguage\":\"fr-FR\",\"potentialAction\":[{\"@type\":\"ReadAction\",\"target\":[\"https:\/\/blvk.ch\/fr\/la-caceb\/organisation\/a-propos-de-la-caceb\/\"]}]},{\"@type\":\"BreadcrumbList\",\"@id\":\"https:\/\/blvk.ch\/fr\/la-caceb\/organisation\/a-propos-de-la-caceb\/#breadcrumb\",\"itemListElement\":[{\"@type\":\"ListItem\",\"position\":1,\"name\":\"Startseite\",\"item\":\"https:\/\/blvk.ch\/fr\/\"},{\"@type\":\"ListItem\",\"position\":2,\"name\":\"La CACEB\",\"item\":\"https:\/\/blvk.ch\/fr\/la-caceb\/\"},{\"@type\":\"ListItem\",\"position\":3,\"name\":\"Organisation\",\"item\":\"https:\/\/blvk.ch\/fr\/la-caceb\/organisation\/\"},{\"@type\":\"ListItem\",\"position\":4,\"name\":\"\u00c0 propos de la CACEB\"}]},{\"@type\":\"WebSite\",\"@id\":\"https:\/\/blvk.ch\/fr\/#website\",\"url\":\"https:\/\/blvk.ch\/fr\/\",\"name\":\"CACEB\",\"description\":\"Caisse d&#039;assurance du corps enseignant bernois\",\"publisher\":{\"@id\":\"https:\/\/blvk.ch\/fr\/#organization\"},\"potentialAction\":[{\"@type\":\"SearchAction\",\"target\":{\"@type\":\"EntryPoint\",\"urlTemplate\":\"https:\/\/blvk.ch\/fr\/?s={search_term_string}\"},\"query-input\":{\"@type\":\"PropertyValueSpecification\",\"valueRequired\":true,\"valueName\":\"search_term_string\"}}],\"inLanguage\":\"fr-FR\"},{\"@type\":\"Organization\",\"@id\":\"https:\/\/blvk.ch\/fr\/#organization\",\"name\":\"CACEB\",\"url\":\"https:\/\/blvk.ch\/fr\/\",\"logo\":{\"@type\":\"ImageObject\",\"inLanguage\":\"fr-FR\",\"@id\":\"https:\/\/blvk.ch\/fr\/#\/schema\/logo\/image\/\",\"url\":\"https:\/\/blvk.ch\/wp-content\/uploads\/2022\/10\/Logo1.png\",\"contentUrl\":\"https:\/\/blvk.ch\/wp-content\/uploads\/2022\/10\/Logo1.png\",\"width\":152,\"height\":66,\"caption\":\"CACEB\"},\"image\":{\"@id\":\"https:\/\/blvk.ch\/fr\/#\/schema\/logo\/image\/\"}}]}<\/script>\n<!-- \/ Yoast SEO plugin. -->","yoast_head_json":{"title":"\u00c0 propos de la CACEB - CACEB","robots":{"index":"index","follow":"follow","max-snippet":"max-snippet:-1","max-image-preview":"max-image-preview:large","max-video-preview":"max-video-preview:-1"},"canonical":"https:\/\/blvk.ch\/fr\/la-caceb\/organisation\/a-propos-de-la-caceb\/","og_locale":"fr_FR","og_type":"article","og_title":"\u00c0 propos de la CACEB - CACEB","og_description":"La Caisse d\u2019assurance du corps enseignant bernois (CACEB) est une institution de pr\u00e9voyance autonome de droit public, dont le si\u00e8ge est \u00e0 Ostermundigen. Nous sommes soumis \u00e0 la loi sur les caisses de pension cantonales (LCPC) et nous assurons le corps enseignant bernois contre les cons\u00e9quences \u00e9conomiques de l\u2019invalidit\u00e9, de la vieillesse et du d\u00e9c\u00e8s. [&hellip;]","og_url":"https:\/\/blvk.ch\/fr\/la-caceb\/organisation\/a-propos-de-la-caceb\/","og_site_name":"CACEB","article_modified_time":"2026-04-13T09:22:35+00:00","twitter_card":"summary_large_image","twitter_misc":{"Dur\u00e9e de lecture estim\u00e9e":"1 minute"},"schema":{"@context":"https:\/\/schema.org","@graph":[{"@type":"WebPage","@id":"https:\/\/blvk.ch\/fr\/la-caceb\/organisation\/a-propos-de-la-caceb\/","url":"https:\/\/blvk.ch\/fr\/la-caceb\/organisation\/a-propos-de-la-caceb\/","name":"\u00c0 propos de la CACEB - CACEB","isPartOf":{"@id":"https:\/\/blvk.ch\/fr\/#website"},"datePublished":"2022-09-06T05:07:07+00:00","dateModified":"2026-04-13T09:22:35+00:00","breadcrumb":{"@id":"https:\/\/blvk.ch\/fr\/la-caceb\/organisation\/a-propos-de-la-caceb\/#breadcrumb"},"inLanguage":"fr-FR","potentialAction":[{"@type":"ReadAction","target":["https:\/\/blvk.ch\/fr\/la-caceb\/organisation\/a-propos-de-la-caceb\/"]}]},{"@type":"BreadcrumbList","@id":"https:\/\/blvk.ch\/fr\/la-caceb\/organisation\/a-propos-de-la-caceb\/#breadcrumb","itemListElement":[{"@type":"ListItem","position":1,"name":"Startseite","item":"https:\/\/blvk.ch\/fr\/"},{"@type":"ListItem","position":2,"name":"La CACEB","item":"https:\/\/blvk.ch\/fr\/la-caceb\/"},{"@type":"ListItem","position":3,"name":"Organisation","item":"https:\/\/blvk.ch\/fr\/la-caceb\/organisation\/"},{"@type":"ListItem","position":4,"name":"\u00c0 propos de la CACEB"}]},{"@type":"WebSite","@id":"https:\/\/blvk.ch\/fr\/#website","url":"https:\/\/blvk.ch\/fr\/","name":"CACEB","description":"Caisse d&#039;assurance du corps enseignant bernois","publisher":{"@id":"https:\/\/blvk.ch\/fr\/#organization"},"potentialAction":[{"@type":"SearchAction","target":{"@type":"EntryPoint","urlTemplate":"https:\/\/blvk.ch\/fr\/?s={search_term_string}"},"query-input":{"@type":"PropertyValueSpecification","valueRequired":true,"valueName":"search_term_string"}}],"inLanguage":"fr-FR"},{"@type":"Organization","@id":"https:\/\/blvk.ch\/fr\/#organization","name":"CACEB","url":"https:\/\/blvk.ch\/fr\/","logo":{"@type":"ImageObject","inLanguage":"fr-FR","@id":"https:\/\/blvk.ch\/fr\/#\/schema\/logo\/image\/","url":"https:\/\/blvk.ch\/wp-content\/uploads\/2022\/10\/Logo1.png","contentUrl":"https:\/\/blvk.ch\/wp-content\/uploads\/2022\/10\/Logo1.png","width":152,"height":66,"caption":"CACEB"},"image":{"@id":"https:\/\/blvk.ch\/fr\/#\/schema\/logo\/image\/"}}]}},"_links":{"self":[{"href":"https:\/\/blvk.ch\/fr\/wp-json\/wp\/v2\/pages\/1975","targetHints":{"allow":["GET"]}}],"collection":[{"href":"https:\/\/blvk.ch\/fr\/wp-json\/wp\/v2\/pages"}],"about":[{"href":"https:\/\/blvk.ch\/fr\/wp-json\/wp\/v2\/types\/page"}],"author":[{"embeddable":true,"href":"https:\/\/blvk.ch\/fr\/wp-json\/wp\/v2\/users\/1"}],"replies":[{"embeddable":true,"href":"https:\/\/blvk.ch\/fr\/wp-json\/wp\/v2\/comments?post=1975"}],"version-history":[{"count":49,"href":"https:\/\/blvk.ch\/fr\/wp-json\/wp\/v2\/pages\/1975\/revisions"}],"predecessor-version":[{"id":11061,"href":"https:\/\/blvk.ch\/fr\/wp-json\/wp\/v2\/pages\/1975\/revisions\/11061"}],"up":[{"embeddable":true,"href":"https:\/\/blvk.ch\/fr\/wp-json\/wp\/v2\/pages\/2681"}],"wp:attachment":[{"href":"https:\/\/blvk.ch\/fr\/wp-json\/wp\/v2\/media?parent=1975"}],"curies":[{"name":"wp","href":"https:\/\/api.w.org\/{rel}","templated":true}]}}