{"id":1983,"date":"2022-09-06T07:08:13","date_gmt":"2022-09-06T05:08:13","guid":{"rendered":"https:\/\/blvk.dev.mxm.agency\/?page_id=1983"},"modified":"2025-10-14T17:38:11","modified_gmt":"2025-10-14T15:38:11","slug":"apercu-des-equipes","status":"publish","type":"page","link":"https:\/\/blvk.ch\/fr\/la-caceb\/organisation\/apercu-des-equipes\/","title":{"rendered":"Aper\u00e7u des \u00e9quipes"},"content":{"rendered":"<p>Les \u00e9quipes de la CACEB en un coup d\u2019\u0153il :<\/p>\n","protected":false},"excerpt":{"rendered":"<p>Les \u00e9quipes de la CACEB en un coup d\u2019\u0153il :<\/p>\n","protected":false},"author":1,"featured_media":0,"parent":2681,"menu_order":4,"comment_status":"closed","ping_status":"closed","template":"page-templates\/our-team.php","meta":{"_acf_changed":false,"inline_featured_image":false,"footnotes":""},"class_list":["post-1983","page","type-page","status-publish","hentry"],"acf":[],"yoast_head":"<!-- This site is optimized with the Yoast SEO plugin v25.4 - https:\/\/yoast.com\/wordpress\/plugins\/seo\/ -->\n<title>Aper\u00e7u des \u00e9quipes - CACEB<\/title>\n<meta name=\"robots\" content=\"index, follow, max-snippet:-1, max-image-preview:large, max-video-preview:-1\" \/>\n<link rel=\"canonical\" href=\"https:\/\/blvk.ch\/fr\/la-caceb\/organisation\/apercu-des-equipes\/\" \/>\n<meta property=\"og:locale\" content=\"fr_FR\" \/>\n<meta property=\"og:type\" content=\"article\" \/>\n<meta property=\"og:title\" content=\"Aper\u00e7u des \u00e9quipes - CACEB\" \/>\n<meta property=\"og:description\" content=\"Les \u00e9quipes de la CACEB en un coup d\u2019\u0153il :\" \/>\n<meta property=\"og:url\" content=\"https:\/\/blvk.ch\/fr\/la-caceb\/organisation\/apercu-des-equipes\/\" \/>\n<meta property=\"og:site_name\" content=\"CACEB\" \/>\n<meta property=\"article:modified_time\" content=\"2025-10-14T15:38:11+00:00\" \/>\n<meta name=\"twitter:card\" content=\"summary_large_image\" \/>\n<meta name=\"twitter:label1\" content=\"Dur\u00e9e de lecture estim\u00e9e\" \/>\n\t<meta name=\"twitter:data1\" content=\"1 minute\" \/>\n<script type=\"application\/ld+json\" class=\"yoast-schema-graph\">{\"@context\":\"https:\/\/schema.org\",\"@graph\":[{\"@type\":\"WebPage\",\"@id\":\"https:\/\/blvk.ch\/fr\/la-caceb\/organisation\/apercu-des-equipes\/\",\"url\":\"https:\/\/blvk.ch\/fr\/la-caceb\/organisation\/apercu-des-equipes\/\",\"name\":\"Aper\u00e7u des \u00e9quipes - CACEB\",\"isPartOf\":{\"@id\":\"https:\/\/blvk.ch\/fr\/#website\"},\"datePublished\":\"2022-09-06T05:08:13+00:00\",\"dateModified\":\"2025-10-14T15:38:11+00:00\",\"breadcrumb\":{\"@id\":\"https:\/\/blvk.ch\/fr\/la-caceb\/organisation\/apercu-des-equipes\/#breadcrumb\"},\"inLanguage\":\"fr-FR\",\"potentialAction\":[{\"@type\":\"ReadAction\",\"target\":[\"https:\/\/blvk.ch\/fr\/la-caceb\/organisation\/apercu-des-equipes\/\"]}]},{\"@type\":\"BreadcrumbList\",\"@id\":\"https:\/\/blvk.ch\/fr\/la-caceb\/organisation\/apercu-des-equipes\/#breadcrumb\",\"itemListElement\":[{\"@type\":\"ListItem\",\"position\":1,\"name\":\"Startseite\",\"item\":\"https:\/\/blvk.ch\/fr\/\"},{\"@type\":\"ListItem\",\"position\":2,\"name\":\"La CACEB\",\"item\":\"https:\/\/blvk.ch\/fr\/la-caceb\/\"},{\"@type\":\"ListItem\",\"position\":3,\"name\":\"Organisation\",\"item\":\"https:\/\/blvk.ch\/fr\/la-caceb\/organisation\/\"},{\"@type\":\"ListItem\",\"position\":4,\"name\":\"Aper\u00e7u des \u00e9quipes\"}]},{\"@type\":\"WebSite\",\"@id\":\"https:\/\/blvk.ch\/fr\/#website\",\"url\":\"https:\/\/blvk.ch\/fr\/\",\"name\":\"CACEB\",\"description\":\"Caisse d&#039;assurance du corps enseignant bernois\",\"publisher\":{\"@id\":\"https:\/\/blvk.ch\/fr\/#organization\"},\"potentialAction\":[{\"@type\":\"SearchAction\",\"target\":{\"@type\":\"EntryPoint\",\"urlTemplate\":\"https:\/\/blvk.ch\/fr\/?s={search_term_string}\"},\"query-input\":{\"@type\":\"PropertyValueSpecification\",\"valueRequired\":true,\"valueName\":\"search_term_string\"}}],\"inLanguage\":\"fr-FR\"},{\"@type\":\"Organization\",\"@id\":\"https:\/\/blvk.ch\/fr\/#organization\",\"name\":\"CACEB\",\"url\":\"https:\/\/blvk.ch\/fr\/\",\"logo\":{\"@type\":\"ImageObject\",\"inLanguage\":\"fr-FR\",\"@id\":\"https:\/\/blvk.ch\/fr\/#\/schema\/logo\/image\/\",\"url\":\"https:\/\/blvk.ch\/wp-content\/uploads\/2022\/10\/Logo1.png\",\"contentUrl\":\"https:\/\/blvk.ch\/wp-content\/uploads\/2022\/10\/Logo1.png\",\"width\":152,\"height\":66,\"caption\":\"CACEB\"},\"image\":{\"@id\":\"https:\/\/blvk.ch\/fr\/#\/schema\/logo\/image\/\"}}]}<\/script>\n<!-- \/ Yoast SEO plugin. -->","yoast_head_json":{"title":"Aper\u00e7u des \u00e9quipes - CACEB","robots":{"index":"index","follow":"follow","max-snippet":"max-snippet:-1","max-image-preview":"max-image-preview:large","max-video-preview":"max-video-preview:-1"},"canonical":"https:\/\/blvk.ch\/fr\/la-caceb\/organisation\/apercu-des-equipes\/","og_locale":"fr_FR","og_type":"article","og_title":"Aper\u00e7u des \u00e9quipes - CACEB","og_description":"Les \u00e9quipes de la CACEB en un coup d\u2019\u0153il :","og_url":"https:\/\/blvk.ch\/fr\/la-caceb\/organisation\/apercu-des-equipes\/","og_site_name":"CACEB","article_modified_time":"2025-10-14T15:38:11+00:00","twitter_card":"summary_large_image","twitter_misc":{"Dur\u00e9e de lecture estim\u00e9e":"1 minute"},"schema":{"@context":"https:\/\/schema.org","@graph":[{"@type":"WebPage","@id":"https:\/\/blvk.ch\/fr\/la-caceb\/organisation\/apercu-des-equipes\/","url":"https:\/\/blvk.ch\/fr\/la-caceb\/organisation\/apercu-des-equipes\/","name":"Aper\u00e7u des \u00e9quipes - CACEB","isPartOf":{"@id":"https:\/\/blvk.ch\/fr\/#website"},"datePublished":"2022-09-06T05:08:13+00:00","dateModified":"2025-10-14T15:38:11+00:00","breadcrumb":{"@id":"https:\/\/blvk.ch\/fr\/la-caceb\/organisation\/apercu-des-equipes\/#breadcrumb"},"inLanguage":"fr-FR","potentialAction":[{"@type":"ReadAction","target":["https:\/\/blvk.ch\/fr\/la-caceb\/organisation\/apercu-des-equipes\/"]}]},{"@type":"BreadcrumbList","@id":"https:\/\/blvk.ch\/fr\/la-caceb\/organisation\/apercu-des-equipes\/#breadcrumb","itemListElement":[{"@type":"ListItem","position":1,"name":"Startseite","item":"https:\/\/blvk.ch\/fr\/"},{"@type":"ListItem","position":2,"name":"La CACEB","item":"https:\/\/blvk.ch\/fr\/la-caceb\/"},{"@type":"ListItem","position":3,"name":"Organisation","item":"https:\/\/blvk.ch\/fr\/la-caceb\/organisation\/"},{"@type":"ListItem","position":4,"name":"Aper\u00e7u des \u00e9quipes"}]},{"@type":"WebSite","@id":"https:\/\/blvk.ch\/fr\/#website","url":"https:\/\/blvk.ch\/fr\/","name":"CACEB","description":"Caisse d&#039;assurance du corps enseignant bernois","publisher":{"@id":"https:\/\/blvk.ch\/fr\/#organization"},"potentialAction":[{"@type":"SearchAction","target":{"@type":"EntryPoint","urlTemplate":"https:\/\/blvk.ch\/fr\/?s={search_term_string}"},"query-input":{"@type":"PropertyValueSpecification","valueRequired":true,"valueName":"search_term_string"}}],"inLanguage":"fr-FR"},{"@type":"Organization","@id":"https:\/\/blvk.ch\/fr\/#organization","name":"CACEB","url":"https:\/\/blvk.ch\/fr\/","logo":{"@type":"ImageObject","inLanguage":"fr-FR","@id":"https:\/\/blvk.ch\/fr\/#\/schema\/logo\/image\/","url":"https:\/\/blvk.ch\/wp-content\/uploads\/2022\/10\/Logo1.png","contentUrl":"https:\/\/blvk.ch\/wp-content\/uploads\/2022\/10\/Logo1.png","width":152,"height":66,"caption":"CACEB"},"image":{"@id":"https:\/\/blvk.ch\/fr\/#\/schema\/logo\/image\/"}}]}},"_links":{"self":[{"href":"https:\/\/blvk.ch\/fr\/wp-json\/wp\/v2\/pages\/1983","targetHints":{"allow":["GET"]}}],"collection":[{"href":"https:\/\/blvk.ch\/fr\/wp-json\/wp\/v2\/pages"}],"about":[{"href":"https:\/\/blvk.ch\/fr\/wp-json\/wp\/v2\/types\/page"}],"author":[{"embeddable":true,"href":"https:\/\/blvk.ch\/fr\/wp-json\/wp\/v2\/users\/1"}],"replies":[{"embeddable":true,"href":"https:\/\/blvk.ch\/fr\/wp-json\/wp\/v2\/comments?post=1983"}],"version-history":[{"count":65,"href":"https:\/\/blvk.ch\/fr\/wp-json\/wp\/v2\/pages\/1983\/revisions"}],"predecessor-version":[{"id":10448,"href":"https:\/\/blvk.ch\/fr\/wp-json\/wp\/v2\/pages\/1983\/revisions\/10448"}],"up":[{"embeddable":true,"href":"https:\/\/blvk.ch\/fr\/wp-json\/wp\/v2\/pages\/2681"}],"wp:attachment":[{"href":"https:\/\/blvk.ch\/fr\/wp-json\/wp\/v2\/media?parent=1983"}],"curies":[{"name":"wp","href":"https:\/\/api.w.org\/{rel}","templated":true}]}}