{"id":1992,"date":"2022-09-05T21:39:58","date_gmt":"2022-09-05T19:39:58","guid":{"rendered":"https:\/\/blvk.dev.mxm.agency\/?page_id=1992"},"modified":"2026-03-12T16:23:53","modified_gmt":"2026-03-12T15:23:53","slug":"nouvelle-entree","status":"publish","type":"page","link":"https:\/\/blvk.ch\/fr\/personnes-assurees\/modification-de-la-situation-personnelle\/nouvelle-entree\/","title":{"rendered":"(Nouvelle) Entr\u00e9e"},"content":{"rendered":"<p>La CACEB est une institution de pr\u00e9voyance de droit public : Nous assurons nos membres contre les cons\u00e9quences \u00e9conomiques de la vieillesse, de l\u2019invalidit\u00e9 et du d\u00e9c\u00e8s. Notre caisse fonctionne selon la primaut\u00e9 des cotisations et elle couvre les prestations selon la loi f\u00e9d\u00e9rale sur la pr\u00e9voyance professionnelle vieillesse, survivants et invalidit\u00e9 (LPP). Nous assurons en plus une partie surobligatoire, conform\u00e9ment \u00e0 la loi sur les caisses de pension cantonales (LCPC) et \u00e0 notre r\u00e8glement de pr\u00e9voyance.<\/p>\n","protected":false},"excerpt":{"rendered":"<p>La CACEB est une institution de pr\u00e9voyance de droit public : Nous assurons nos membres contre les cons\u00e9quences \u00e9conomiques de la vieillesse, de l\u2019invalidit\u00e9 et du d\u00e9c\u00e8s. Notre caisse fonctionne selon la primaut\u00e9 des cotisations et elle couvre les prestations selon la loi f\u00e9d\u00e9rale sur la pr\u00e9voyance professionnelle vieillesse, survivants et invalidit\u00e9 (LPP). Nous assurons [&hellip;]<\/p>\n","protected":false},"author":1,"featured_media":0,"parent":2491,"menu_order":1,"comment_status":"closed","ping_status":"closed","template":"page-templates\/grundsatze-small.php","meta":{"_acf_changed":false,"inline_featured_image":false,"footnotes":""},"class_list":["post-1992","page","type-page","status-publish","hentry"],"acf":[],"yoast_head":"<!-- This site is optimized with the Yoast SEO plugin v25.4 - https:\/\/yoast.com\/wordpress\/plugins\/seo\/ -->\n<title>(Nouvelle) Entr\u00e9e - CACEB<\/title>\n<meta name=\"robots\" content=\"index, follow, max-snippet:-1, max-image-preview:large, max-video-preview:-1\" \/>\n<link rel=\"canonical\" href=\"https:\/\/blvk.ch\/fr\/personnes-assurees\/modification-de-la-situation-personnelle\/nouvelle-entree\/\" \/>\n<meta property=\"og:locale\" content=\"fr_FR\" \/>\n<meta property=\"og:type\" content=\"article\" \/>\n<meta property=\"og:title\" content=\"(Nouvelle) Entr\u00e9e - CACEB\" \/>\n<meta property=\"og:description\" content=\"La CACEB est une institution de pr\u00e9voyance de droit public : Nous assurons nos membres contre les cons\u00e9quences \u00e9conomiques de la vieillesse, de l\u2019invalidit\u00e9 et du d\u00e9c\u00e8s. Notre caisse fonctionne selon la primaut\u00e9 des cotisations et elle couvre les prestations selon la loi f\u00e9d\u00e9rale sur la pr\u00e9voyance professionnelle vieillesse, survivants et invalidit\u00e9 (LPP). Nous assurons [&hellip;]\" \/>\n<meta property=\"og:url\" content=\"https:\/\/blvk.ch\/fr\/personnes-assurees\/modification-de-la-situation-personnelle\/nouvelle-entree\/\" \/>\n<meta property=\"og:site_name\" content=\"CACEB\" \/>\n<meta property=\"article:modified_time\" content=\"2026-03-12T15:23:53+00:00\" \/>\n<meta name=\"twitter:card\" content=\"summary_large_image\" \/>\n<meta name=\"twitter:label1\" content=\"Dur\u00e9e de lecture estim\u00e9e\" \/>\n\t<meta name=\"twitter:data1\" content=\"1 minute\" \/>\n<script type=\"application\/ld+json\" class=\"yoast-schema-graph\">{\"@context\":\"https:\/\/schema.org\",\"@graph\":[{\"@type\":\"WebPage\",\"@id\":\"https:\/\/blvk.ch\/fr\/personnes-assurees\/modification-de-la-situation-personnelle\/nouvelle-entree\/\",\"url\":\"https:\/\/blvk.ch\/fr\/personnes-assurees\/modification-de-la-situation-personnelle\/nouvelle-entree\/\",\"name\":\"(Nouvelle) Entr\u00e9e - CACEB\",\"isPartOf\":{\"@id\":\"https:\/\/blvk.ch\/fr\/#website\"},\"datePublished\":\"2022-09-05T19:39:58+00:00\",\"dateModified\":\"2026-03-12T15:23:53+00:00\",\"breadcrumb\":{\"@id\":\"https:\/\/blvk.ch\/fr\/personnes-assurees\/modification-de-la-situation-personnelle\/nouvelle-entree\/#breadcrumb\"},\"inLanguage\":\"fr-FR\",\"potentialAction\":[{\"@type\":\"ReadAction\",\"target\":[\"https:\/\/blvk.ch\/fr\/personnes-assurees\/modification-de-la-situation-personnelle\/nouvelle-entree\/\"]}]},{\"@type\":\"BreadcrumbList\",\"@id\":\"https:\/\/blvk.ch\/fr\/personnes-assurees\/modification-de-la-situation-personnelle\/nouvelle-entree\/#breadcrumb\",\"itemListElement\":[{\"@type\":\"ListItem\",\"position\":1,\"name\":\"Startseite\",\"item\":\"https:\/\/blvk.ch\/fr\/\"},{\"@type\":\"ListItem\",\"position\":2,\"name\":\"Personnes assur\u00e9es\",\"item\":\"https:\/\/blvk.ch\/fr\/personnes-assurees\/\"},{\"@type\":\"ListItem\",\"position\":3,\"name\":\"Modification de la situation personnelle\",\"item\":\"https:\/\/blvk.ch\/fr\/personnes-assurees\/modification-de-la-situation-personnelle\/\"},{\"@type\":\"ListItem\",\"position\":4,\"name\":\"(Nouvelle) Entr\u00e9e\"}]},{\"@type\":\"WebSite\",\"@id\":\"https:\/\/blvk.ch\/fr\/#website\",\"url\":\"https:\/\/blvk.ch\/fr\/\",\"name\":\"CACEB\",\"description\":\"Caisse d&#039;assurance du corps enseignant bernois\",\"publisher\":{\"@id\":\"https:\/\/blvk.ch\/fr\/#organization\"},\"potentialAction\":[{\"@type\":\"SearchAction\",\"target\":{\"@type\":\"EntryPoint\",\"urlTemplate\":\"https:\/\/blvk.ch\/fr\/?s={search_term_string}\"},\"query-input\":{\"@type\":\"PropertyValueSpecification\",\"valueRequired\":true,\"valueName\":\"search_term_string\"}}],\"inLanguage\":\"fr-FR\"},{\"@type\":\"Organization\",\"@id\":\"https:\/\/blvk.ch\/fr\/#organization\",\"name\":\"CACEB\",\"url\":\"https:\/\/blvk.ch\/fr\/\",\"logo\":{\"@type\":\"ImageObject\",\"inLanguage\":\"fr-FR\",\"@id\":\"https:\/\/blvk.ch\/fr\/#\/schema\/logo\/image\/\",\"url\":\"https:\/\/blvk.ch\/wp-content\/uploads\/2022\/10\/Logo1.png\",\"contentUrl\":\"https:\/\/blvk.ch\/wp-content\/uploads\/2022\/10\/Logo1.png\",\"width\":152,\"height\":66,\"caption\":\"CACEB\"},\"image\":{\"@id\":\"https:\/\/blvk.ch\/fr\/#\/schema\/logo\/image\/\"}}]}<\/script>\n<!-- \/ Yoast SEO plugin. -->","yoast_head_json":{"title":"(Nouvelle) Entr\u00e9e - CACEB","robots":{"index":"index","follow":"follow","max-snippet":"max-snippet:-1","max-image-preview":"max-image-preview:large","max-video-preview":"max-video-preview:-1"},"canonical":"https:\/\/blvk.ch\/fr\/personnes-assurees\/modification-de-la-situation-personnelle\/nouvelle-entree\/","og_locale":"fr_FR","og_type":"article","og_title":"(Nouvelle) Entr\u00e9e - CACEB","og_description":"La CACEB est une institution de pr\u00e9voyance de droit public : Nous assurons nos membres contre les cons\u00e9quences \u00e9conomiques de la vieillesse, de l\u2019invalidit\u00e9 et du d\u00e9c\u00e8s. Notre caisse fonctionne selon la primaut\u00e9 des cotisations et elle couvre les prestations selon la loi f\u00e9d\u00e9rale sur la pr\u00e9voyance professionnelle vieillesse, survivants et invalidit\u00e9 (LPP). Nous assurons [&hellip;]","og_url":"https:\/\/blvk.ch\/fr\/personnes-assurees\/modification-de-la-situation-personnelle\/nouvelle-entree\/","og_site_name":"CACEB","article_modified_time":"2026-03-12T15:23:53+00:00","twitter_card":"summary_large_image","twitter_misc":{"Dur\u00e9e de lecture estim\u00e9e":"1 minute"},"schema":{"@context":"https:\/\/schema.org","@graph":[{"@type":"WebPage","@id":"https:\/\/blvk.ch\/fr\/personnes-assurees\/modification-de-la-situation-personnelle\/nouvelle-entree\/","url":"https:\/\/blvk.ch\/fr\/personnes-assurees\/modification-de-la-situation-personnelle\/nouvelle-entree\/","name":"(Nouvelle) Entr\u00e9e - CACEB","isPartOf":{"@id":"https:\/\/blvk.ch\/fr\/#website"},"datePublished":"2022-09-05T19:39:58+00:00","dateModified":"2026-03-12T15:23:53+00:00","breadcrumb":{"@id":"https:\/\/blvk.ch\/fr\/personnes-assurees\/modification-de-la-situation-personnelle\/nouvelle-entree\/#breadcrumb"},"inLanguage":"fr-FR","potentialAction":[{"@type":"ReadAction","target":["https:\/\/blvk.ch\/fr\/personnes-assurees\/modification-de-la-situation-personnelle\/nouvelle-entree\/"]}]},{"@type":"BreadcrumbList","@id":"https:\/\/blvk.ch\/fr\/personnes-assurees\/modification-de-la-situation-personnelle\/nouvelle-entree\/#breadcrumb","itemListElement":[{"@type":"ListItem","position":1,"name":"Startseite","item":"https:\/\/blvk.ch\/fr\/"},{"@type":"ListItem","position":2,"name":"Personnes assur\u00e9es","item":"https:\/\/blvk.ch\/fr\/personnes-assurees\/"},{"@type":"ListItem","position":3,"name":"Modification de la situation personnelle","item":"https:\/\/blvk.ch\/fr\/personnes-assurees\/modification-de-la-situation-personnelle\/"},{"@type":"ListItem","position":4,"name":"(Nouvelle) Entr\u00e9e"}]},{"@type":"WebSite","@id":"https:\/\/blvk.ch\/fr\/#website","url":"https:\/\/blvk.ch\/fr\/","name":"CACEB","description":"Caisse d&#039;assurance du corps enseignant bernois","publisher":{"@id":"https:\/\/blvk.ch\/fr\/#organization"},"potentialAction":[{"@type":"SearchAction","target":{"@type":"EntryPoint","urlTemplate":"https:\/\/blvk.ch\/fr\/?s={search_term_string}"},"query-input":{"@type":"PropertyValueSpecification","valueRequired":true,"valueName":"search_term_string"}}],"inLanguage":"fr-FR"},{"@type":"Organization","@id":"https:\/\/blvk.ch\/fr\/#organization","name":"CACEB","url":"https:\/\/blvk.ch\/fr\/","logo":{"@type":"ImageObject","inLanguage":"fr-FR","@id":"https:\/\/blvk.ch\/fr\/#\/schema\/logo\/image\/","url":"https:\/\/blvk.ch\/wp-content\/uploads\/2022\/10\/Logo1.png","contentUrl":"https:\/\/blvk.ch\/wp-content\/uploads\/2022\/10\/Logo1.png","width":152,"height":66,"caption":"CACEB"},"image":{"@id":"https:\/\/blvk.ch\/fr\/#\/schema\/logo\/image\/"}}]}},"_links":{"self":[{"href":"https:\/\/blvk.ch\/fr\/wp-json\/wp\/v2\/pages\/1992","targetHints":{"allow":["GET"]}}],"collection":[{"href":"https:\/\/blvk.ch\/fr\/wp-json\/wp\/v2\/pages"}],"about":[{"href":"https:\/\/blvk.ch\/fr\/wp-json\/wp\/v2\/types\/page"}],"author":[{"embeddable":true,"href":"https:\/\/blvk.ch\/fr\/wp-json\/wp\/v2\/users\/1"}],"replies":[{"embeddable":true,"href":"https:\/\/blvk.ch\/fr\/wp-json\/wp\/v2\/comments?post=1992"}],"version-history":[{"count":38,"href":"https:\/\/blvk.ch\/fr\/wp-json\/wp\/v2\/pages\/1992\/revisions"}],"predecessor-version":[{"id":10865,"href":"https:\/\/blvk.ch\/fr\/wp-json\/wp\/v2\/pages\/1992\/revisions\/10865"}],"up":[{"embeddable":true,"href":"https:\/\/blvk.ch\/fr\/wp-json\/wp\/v2\/pages\/2491"}],"wp:attachment":[{"href":"https:\/\/blvk.ch\/fr\/wp-json\/wp\/v2\/media?parent=1992"}],"curies":[{"name":"wp","href":"https:\/\/api.w.org\/{rel}","templated":true}]}}