{"id":2000,"date":"2022-09-15T15:22:51","date_gmt":"2022-09-15T13:22:51","guid":{"rendered":"https:\/\/blvk.dev.mxm.agency\/?page_id=2000"},"modified":"2025-07-31T13:23:39","modified_gmt":"2025-07-31T11:23:39","slug":"changement-dadresse","status":"publish","type":"page","link":"https:\/\/blvk.ch\/fr\/personnes-assurees\/modification-de-la-situation-personnelle\/changement-dadresse\/","title":{"rendered":"Changement d\u2019adresse"},"content":{"rendered":"<p>Veuillez annoncer syst\u00e9matiquement vos changements d\u2019adresse \u00e0 votre employeur. Gr\u00e2ce \u00e0 l\u2019alignement automatique des donn\u00e9es d\u2019adresse entre le canton et la CACEB, les informations dont nous disposons sont constamment \u00e0 jour.<\/p>\n","protected":false},"excerpt":{"rendered":"<p>Veuillez annoncer syst\u00e9matiquement vos changements d\u2019adresse \u00e0 votre employeur. Gr\u00e2ce \u00e0 l\u2019alignement automatique des donn\u00e9es d\u2019adresse entre le canton et la CACEB, les informations dont nous disposons sont constamment \u00e0 jour.<\/p>\n","protected":false},"author":1,"featured_media":0,"parent":2491,"menu_order":11,"comment_status":"closed","ping_status":"closed","template":"page-templates\/grundsatze-small.php","meta":{"_acf_changed":false,"inline_featured_image":false,"footnotes":""},"class_list":["post-2000","page","type-page","status-publish","hentry"],"acf":[],"yoast_head":"<!-- This site is optimized with the Yoast SEO plugin v25.4 - https:\/\/yoast.com\/wordpress\/plugins\/seo\/ -->\n<title>Changement d\u2019adresse - CACEB<\/title>\n<meta name=\"robots\" content=\"index, follow, max-snippet:-1, max-image-preview:large, max-video-preview:-1\" \/>\n<link rel=\"canonical\" href=\"https:\/\/blvk.ch\/fr\/personnes-assurees\/modification-de-la-situation-personnelle\/changement-dadresse\/\" \/>\n<meta property=\"og:locale\" content=\"fr_FR\" \/>\n<meta property=\"og:type\" content=\"article\" \/>\n<meta property=\"og:title\" content=\"Changement d\u2019adresse - CACEB\" \/>\n<meta property=\"og:description\" content=\"Veuillez annoncer syst\u00e9matiquement vos changements d\u2019adresse \u00e0 votre employeur. Gr\u00e2ce \u00e0 l\u2019alignement automatique des donn\u00e9es d\u2019adresse entre le canton et la CACEB, les informations dont nous disposons sont constamment \u00e0 jour.\" \/>\n<meta property=\"og:url\" content=\"https:\/\/blvk.ch\/fr\/personnes-assurees\/modification-de-la-situation-personnelle\/changement-dadresse\/\" \/>\n<meta property=\"og:site_name\" content=\"CACEB\" \/>\n<meta property=\"article:modified_time\" content=\"2025-07-31T11:23:39+00:00\" \/>\n<meta name=\"twitter:card\" content=\"summary_large_image\" \/>\n<meta name=\"twitter:label1\" content=\"Dur\u00e9e de lecture estim\u00e9e\" \/>\n\t<meta name=\"twitter:data1\" content=\"1 minute\" \/>\n<script type=\"application\/ld+json\" class=\"yoast-schema-graph\">{\"@context\":\"https:\/\/schema.org\",\"@graph\":[{\"@type\":\"WebPage\",\"@id\":\"https:\/\/blvk.ch\/fr\/personnes-assurees\/modification-de-la-situation-personnelle\/changement-dadresse\/\",\"url\":\"https:\/\/blvk.ch\/fr\/personnes-assurees\/modification-de-la-situation-personnelle\/changement-dadresse\/\",\"name\":\"Changement d\u2019adresse - CACEB\",\"isPartOf\":{\"@id\":\"https:\/\/blvk.ch\/fr\/#website\"},\"datePublished\":\"2022-09-15T13:22:51+00:00\",\"dateModified\":\"2025-07-31T11:23:39+00:00\",\"breadcrumb\":{\"@id\":\"https:\/\/blvk.ch\/fr\/personnes-assurees\/modification-de-la-situation-personnelle\/changement-dadresse\/#breadcrumb\"},\"inLanguage\":\"fr-FR\",\"potentialAction\":[{\"@type\":\"ReadAction\",\"target\":[\"https:\/\/blvk.ch\/fr\/personnes-assurees\/modification-de-la-situation-personnelle\/changement-dadresse\/\"]}]},{\"@type\":\"BreadcrumbList\",\"@id\":\"https:\/\/blvk.ch\/fr\/personnes-assurees\/modification-de-la-situation-personnelle\/changement-dadresse\/#breadcrumb\",\"itemListElement\":[{\"@type\":\"ListItem\",\"position\":1,\"name\":\"Startseite\",\"item\":\"https:\/\/blvk.ch\/fr\/\"},{\"@type\":\"ListItem\",\"position\":2,\"name\":\"Personnes assur\u00e9es\",\"item\":\"https:\/\/blvk.ch\/fr\/personnes-assurees\/\"},{\"@type\":\"ListItem\",\"position\":3,\"name\":\"Modification de la situation personnelle\",\"item\":\"https:\/\/blvk.ch\/fr\/personnes-assurees\/modification-de-la-situation-personnelle\/\"},{\"@type\":\"ListItem\",\"position\":4,\"name\":\"Changement d\u2019adresse\"}]},{\"@type\":\"WebSite\",\"@id\":\"https:\/\/blvk.ch\/fr\/#website\",\"url\":\"https:\/\/blvk.ch\/fr\/\",\"name\":\"CACEB\",\"description\":\"Caisse d&#039;assurance du corps enseignant bernois\",\"publisher\":{\"@id\":\"https:\/\/blvk.ch\/fr\/#organization\"},\"potentialAction\":[{\"@type\":\"SearchAction\",\"target\":{\"@type\":\"EntryPoint\",\"urlTemplate\":\"https:\/\/blvk.ch\/fr\/?s={search_term_string}\"},\"query-input\":{\"@type\":\"PropertyValueSpecification\",\"valueRequired\":true,\"valueName\":\"search_term_string\"}}],\"inLanguage\":\"fr-FR\"},{\"@type\":\"Organization\",\"@id\":\"https:\/\/blvk.ch\/fr\/#organization\",\"name\":\"CACEB\",\"url\":\"https:\/\/blvk.ch\/fr\/\",\"logo\":{\"@type\":\"ImageObject\",\"inLanguage\":\"fr-FR\",\"@id\":\"https:\/\/blvk.ch\/fr\/#\/schema\/logo\/image\/\",\"url\":\"https:\/\/blvk.ch\/wp-content\/uploads\/2022\/10\/Logo1.png\",\"contentUrl\":\"https:\/\/blvk.ch\/wp-content\/uploads\/2022\/10\/Logo1.png\",\"width\":152,\"height\":66,\"caption\":\"CACEB\"},\"image\":{\"@id\":\"https:\/\/blvk.ch\/fr\/#\/schema\/logo\/image\/\"}}]}<\/script>\n<!-- \/ Yoast SEO plugin. -->","yoast_head_json":{"title":"Changement d\u2019adresse - CACEB","robots":{"index":"index","follow":"follow","max-snippet":"max-snippet:-1","max-image-preview":"max-image-preview:large","max-video-preview":"max-video-preview:-1"},"canonical":"https:\/\/blvk.ch\/fr\/personnes-assurees\/modification-de-la-situation-personnelle\/changement-dadresse\/","og_locale":"fr_FR","og_type":"article","og_title":"Changement d\u2019adresse - CACEB","og_description":"Veuillez annoncer syst\u00e9matiquement vos changements d\u2019adresse \u00e0 votre employeur. Gr\u00e2ce \u00e0 l\u2019alignement automatique des donn\u00e9es d\u2019adresse entre le canton et la CACEB, les informations dont nous disposons sont constamment \u00e0 jour.","og_url":"https:\/\/blvk.ch\/fr\/personnes-assurees\/modification-de-la-situation-personnelle\/changement-dadresse\/","og_site_name":"CACEB","article_modified_time":"2025-07-31T11:23:39+00:00","twitter_card":"summary_large_image","twitter_misc":{"Dur\u00e9e de lecture estim\u00e9e":"1 minute"},"schema":{"@context":"https:\/\/schema.org","@graph":[{"@type":"WebPage","@id":"https:\/\/blvk.ch\/fr\/personnes-assurees\/modification-de-la-situation-personnelle\/changement-dadresse\/","url":"https:\/\/blvk.ch\/fr\/personnes-assurees\/modification-de-la-situation-personnelle\/changement-dadresse\/","name":"Changement d\u2019adresse - CACEB","isPartOf":{"@id":"https:\/\/blvk.ch\/fr\/#website"},"datePublished":"2022-09-15T13:22:51+00:00","dateModified":"2025-07-31T11:23:39+00:00","breadcrumb":{"@id":"https:\/\/blvk.ch\/fr\/personnes-assurees\/modification-de-la-situation-personnelle\/changement-dadresse\/#breadcrumb"},"inLanguage":"fr-FR","potentialAction":[{"@type":"ReadAction","target":["https:\/\/blvk.ch\/fr\/personnes-assurees\/modification-de-la-situation-personnelle\/changement-dadresse\/"]}]},{"@type":"BreadcrumbList","@id":"https:\/\/blvk.ch\/fr\/personnes-assurees\/modification-de-la-situation-personnelle\/changement-dadresse\/#breadcrumb","itemListElement":[{"@type":"ListItem","position":1,"name":"Startseite","item":"https:\/\/blvk.ch\/fr\/"},{"@type":"ListItem","position":2,"name":"Personnes assur\u00e9es","item":"https:\/\/blvk.ch\/fr\/personnes-assurees\/"},{"@type":"ListItem","position":3,"name":"Modification de la situation personnelle","item":"https:\/\/blvk.ch\/fr\/personnes-assurees\/modification-de-la-situation-personnelle\/"},{"@type":"ListItem","position":4,"name":"Changement d\u2019adresse"}]},{"@type":"WebSite","@id":"https:\/\/blvk.ch\/fr\/#website","url":"https:\/\/blvk.ch\/fr\/","name":"CACEB","description":"Caisse d&#039;assurance du corps enseignant bernois","publisher":{"@id":"https:\/\/blvk.ch\/fr\/#organization"},"potentialAction":[{"@type":"SearchAction","target":{"@type":"EntryPoint","urlTemplate":"https:\/\/blvk.ch\/fr\/?s={search_term_string}"},"query-input":{"@type":"PropertyValueSpecification","valueRequired":true,"valueName":"search_term_string"}}],"inLanguage":"fr-FR"},{"@type":"Organization","@id":"https:\/\/blvk.ch\/fr\/#organization","name":"CACEB","url":"https:\/\/blvk.ch\/fr\/","logo":{"@type":"ImageObject","inLanguage":"fr-FR","@id":"https:\/\/blvk.ch\/fr\/#\/schema\/logo\/image\/","url":"https:\/\/blvk.ch\/wp-content\/uploads\/2022\/10\/Logo1.png","contentUrl":"https:\/\/blvk.ch\/wp-content\/uploads\/2022\/10\/Logo1.png","width":152,"height":66,"caption":"CACEB"},"image":{"@id":"https:\/\/blvk.ch\/fr\/#\/schema\/logo\/image\/"}}]}},"_links":{"self":[{"href":"https:\/\/blvk.ch\/fr\/wp-json\/wp\/v2\/pages\/2000","targetHints":{"allow":["GET"]}}],"collection":[{"href":"https:\/\/blvk.ch\/fr\/wp-json\/wp\/v2\/pages"}],"about":[{"href":"https:\/\/blvk.ch\/fr\/wp-json\/wp\/v2\/types\/page"}],"author":[{"embeddable":true,"href":"https:\/\/blvk.ch\/fr\/wp-json\/wp\/v2\/users\/1"}],"replies":[{"embeddable":true,"href":"https:\/\/blvk.ch\/fr\/wp-json\/wp\/v2\/comments?post=2000"}],"version-history":[{"count":21,"href":"https:\/\/blvk.ch\/fr\/wp-json\/wp\/v2\/pages\/2000\/revisions"}],"predecessor-version":[{"id":10227,"href":"https:\/\/blvk.ch\/fr\/wp-json\/wp\/v2\/pages\/2000\/revisions\/10227"}],"up":[{"embeddable":true,"href":"https:\/\/blvk.ch\/fr\/wp-json\/wp\/v2\/pages\/2491"}],"wp:attachment":[{"href":"https:\/\/blvk.ch\/fr\/wp-json\/wp\/v2\/media?parent=2000"}],"curies":[{"name":"wp","href":"https:\/\/api.w.org\/{rel}","templated":true}]}}