{"id":2016,"date":"2022-09-05T21:42:26","date_gmt":"2022-09-05T19:42:26","guid":{"rendered":"https:\/\/blvk.dev.mxm.agency\/?page_id=2016"},"modified":"2026-03-12T16:30:29","modified_gmt":"2026-03-12T15:30:29","slug":"incapacite-de-travail","status":"publish","type":"page","link":"https:\/\/blvk.ch\/fr\/personnes-assurees\/modification-de-la-situation-personnelle\/incapacite-de-travail\/","title":{"rendered":"Incapacit\u00e9 de travail"},"content":{"rendered":"<p>Une incapacit\u00e9 de travail peut avoir des cons\u00e9quences sur vos prestations de pr\u00e9voyance. Informez-vous \u00e0 ce sujet dans notre r\u00e8glement de pr\u00e9voyance ou faites-vous conseiller par notre \u00e9quipe en charge de la pr\u00e9voyance.<\/p>\n<p>C\u2019est pourquoi, en cas d\u2019incapacit\u00e9 de travail d\u2019une dur\u00e9e plus longue, la personne assur\u00e9e, l\u2019employeur ou l\u2019assurance d\u2019indemnit\u00e9s journali\u00e8res en cas de maladie devrait envisager d\u2019introduire une demande de prestations AI, \u00e9tant donn\u00e9 que, si l\u2019AI n\u2019a pas rendu de d\u00e9cision, la CACEB ne peut pas allouer de prestations d\u2019invalidit\u00e9 CACEB. La demande de prestations AI est particuli\u00e8rement importante s\u2019il y a lieu de pr\u00e9sumer que l\u2019activit\u00e9 lucrative est durablement limit\u00e9e.<\/p>\n","protected":false},"excerpt":{"rendered":"<p>Une incapacit\u00e9 de travail peut avoir des cons\u00e9quences sur vos prestations de pr\u00e9voyance. Informez-vous \u00e0 ce sujet dans notre r\u00e8glement de pr\u00e9voyance ou faites-vous conseiller par notre \u00e9quipe en charge de la pr\u00e9voyance. C\u2019est pourquoi, en cas d\u2019incapacit\u00e9 de travail d\u2019une dur\u00e9e plus longue, la personne assur\u00e9e, l\u2019employeur ou l\u2019assurance d\u2019indemnit\u00e9s journali\u00e8res en cas de [&hellip;]<\/p>\n","protected":false},"author":1,"featured_media":0,"parent":2491,"menu_order":4,"comment_status":"closed","ping_status":"closed","template":"page-templates\/grundsatze-small.php","meta":{"_acf_changed":false,"inline_featured_image":false,"footnotes":""},"class_list":["post-2016","page","type-page","status-publish","hentry"],"acf":[],"yoast_head":"<!-- This site is optimized with the Yoast SEO plugin v25.4 - https:\/\/yoast.com\/wordpress\/plugins\/seo\/ -->\n<title>Incapacit\u00e9 de travail - CACEB<\/title>\n<meta name=\"robots\" content=\"index, follow, max-snippet:-1, max-image-preview:large, max-video-preview:-1\" \/>\n<link rel=\"canonical\" href=\"https:\/\/blvk.ch\/fr\/personnes-assurees\/modification-de-la-situation-personnelle\/incapacite-de-travail\/\" \/>\n<meta property=\"og:locale\" content=\"fr_FR\" \/>\n<meta property=\"og:type\" content=\"article\" \/>\n<meta property=\"og:title\" content=\"Incapacit\u00e9 de travail - CACEB\" \/>\n<meta property=\"og:description\" content=\"Une incapacit\u00e9 de travail peut avoir des cons\u00e9quences sur vos prestations de pr\u00e9voyance. Informez-vous \u00e0 ce sujet dans notre r\u00e8glement de pr\u00e9voyance ou faites-vous conseiller par notre \u00e9quipe en charge de la pr\u00e9voyance. C\u2019est pourquoi, en cas d\u2019incapacit\u00e9 de travail d\u2019une dur\u00e9e plus longue, la personne assur\u00e9e, l\u2019employeur ou l\u2019assurance d\u2019indemnit\u00e9s journali\u00e8res en cas de [&hellip;]\" \/>\n<meta property=\"og:url\" content=\"https:\/\/blvk.ch\/fr\/personnes-assurees\/modification-de-la-situation-personnelle\/incapacite-de-travail\/\" \/>\n<meta property=\"og:site_name\" content=\"CACEB\" \/>\n<meta property=\"article:modified_time\" content=\"2026-03-12T15:30:29+00:00\" \/>\n<meta name=\"twitter:card\" content=\"summary_large_image\" \/>\n<meta name=\"twitter:label1\" content=\"Dur\u00e9e de lecture estim\u00e9e\" \/>\n\t<meta name=\"twitter:data1\" content=\"1 minute\" \/>\n<script type=\"application\/ld+json\" class=\"yoast-schema-graph\">{\"@context\":\"https:\/\/schema.org\",\"@graph\":[{\"@type\":\"WebPage\",\"@id\":\"https:\/\/blvk.ch\/fr\/personnes-assurees\/modification-de-la-situation-personnelle\/incapacite-de-travail\/\",\"url\":\"https:\/\/blvk.ch\/fr\/personnes-assurees\/modification-de-la-situation-personnelle\/incapacite-de-travail\/\",\"name\":\"Incapacit\u00e9 de travail - CACEB\",\"isPartOf\":{\"@id\":\"https:\/\/blvk.ch\/fr\/#website\"},\"datePublished\":\"2022-09-05T19:42:26+00:00\",\"dateModified\":\"2026-03-12T15:30:29+00:00\",\"breadcrumb\":{\"@id\":\"https:\/\/blvk.ch\/fr\/personnes-assurees\/modification-de-la-situation-personnelle\/incapacite-de-travail\/#breadcrumb\"},\"inLanguage\":\"fr-FR\",\"potentialAction\":[{\"@type\":\"ReadAction\",\"target\":[\"https:\/\/blvk.ch\/fr\/personnes-assurees\/modification-de-la-situation-personnelle\/incapacite-de-travail\/\"]}]},{\"@type\":\"BreadcrumbList\",\"@id\":\"https:\/\/blvk.ch\/fr\/personnes-assurees\/modification-de-la-situation-personnelle\/incapacite-de-travail\/#breadcrumb\",\"itemListElement\":[{\"@type\":\"ListItem\",\"position\":1,\"name\":\"Startseite\",\"item\":\"https:\/\/blvk.ch\/fr\/\"},{\"@type\":\"ListItem\",\"position\":2,\"name\":\"Personnes assur\u00e9es\",\"item\":\"https:\/\/blvk.ch\/fr\/personnes-assurees\/\"},{\"@type\":\"ListItem\",\"position\":3,\"name\":\"Modification de la situation personnelle\",\"item\":\"https:\/\/blvk.ch\/fr\/personnes-assurees\/modification-de-la-situation-personnelle\/\"},{\"@type\":\"ListItem\",\"position\":4,\"name\":\"Incapacit\u00e9 de travail\"}]},{\"@type\":\"WebSite\",\"@id\":\"https:\/\/blvk.ch\/fr\/#website\",\"url\":\"https:\/\/blvk.ch\/fr\/\",\"name\":\"CACEB\",\"description\":\"Caisse d&#039;assurance du corps enseignant bernois\",\"publisher\":{\"@id\":\"https:\/\/blvk.ch\/fr\/#organization\"},\"potentialAction\":[{\"@type\":\"SearchAction\",\"target\":{\"@type\":\"EntryPoint\",\"urlTemplate\":\"https:\/\/blvk.ch\/fr\/?s={search_term_string}\"},\"query-input\":{\"@type\":\"PropertyValueSpecification\",\"valueRequired\":true,\"valueName\":\"search_term_string\"}}],\"inLanguage\":\"fr-FR\"},{\"@type\":\"Organization\",\"@id\":\"https:\/\/blvk.ch\/fr\/#organization\",\"name\":\"CACEB\",\"url\":\"https:\/\/blvk.ch\/fr\/\",\"logo\":{\"@type\":\"ImageObject\",\"inLanguage\":\"fr-FR\",\"@id\":\"https:\/\/blvk.ch\/fr\/#\/schema\/logo\/image\/\",\"url\":\"https:\/\/blvk.ch\/wp-content\/uploads\/2022\/10\/Logo1.png\",\"contentUrl\":\"https:\/\/blvk.ch\/wp-content\/uploads\/2022\/10\/Logo1.png\",\"width\":152,\"height\":66,\"caption\":\"CACEB\"},\"image\":{\"@id\":\"https:\/\/blvk.ch\/fr\/#\/schema\/logo\/image\/\"}}]}<\/script>\n<!-- \/ Yoast SEO plugin. -->","yoast_head_json":{"title":"Incapacit\u00e9 de travail - CACEB","robots":{"index":"index","follow":"follow","max-snippet":"max-snippet:-1","max-image-preview":"max-image-preview:large","max-video-preview":"max-video-preview:-1"},"canonical":"https:\/\/blvk.ch\/fr\/personnes-assurees\/modification-de-la-situation-personnelle\/incapacite-de-travail\/","og_locale":"fr_FR","og_type":"article","og_title":"Incapacit\u00e9 de travail - CACEB","og_description":"Une incapacit\u00e9 de travail peut avoir des cons\u00e9quences sur vos prestations de pr\u00e9voyance. Informez-vous \u00e0 ce sujet dans notre r\u00e8glement de pr\u00e9voyance ou faites-vous conseiller par notre \u00e9quipe en charge de la pr\u00e9voyance. C\u2019est pourquoi, en cas d\u2019incapacit\u00e9 de travail d\u2019une dur\u00e9e plus longue, la personne assur\u00e9e, l\u2019employeur ou l\u2019assurance d\u2019indemnit\u00e9s journali\u00e8res en cas de [&hellip;]","og_url":"https:\/\/blvk.ch\/fr\/personnes-assurees\/modification-de-la-situation-personnelle\/incapacite-de-travail\/","og_site_name":"CACEB","article_modified_time":"2026-03-12T15:30:29+00:00","twitter_card":"summary_large_image","twitter_misc":{"Dur\u00e9e de lecture estim\u00e9e":"1 minute"},"schema":{"@context":"https:\/\/schema.org","@graph":[{"@type":"WebPage","@id":"https:\/\/blvk.ch\/fr\/personnes-assurees\/modification-de-la-situation-personnelle\/incapacite-de-travail\/","url":"https:\/\/blvk.ch\/fr\/personnes-assurees\/modification-de-la-situation-personnelle\/incapacite-de-travail\/","name":"Incapacit\u00e9 de travail - CACEB","isPartOf":{"@id":"https:\/\/blvk.ch\/fr\/#website"},"datePublished":"2022-09-05T19:42:26+00:00","dateModified":"2026-03-12T15:30:29+00:00","breadcrumb":{"@id":"https:\/\/blvk.ch\/fr\/personnes-assurees\/modification-de-la-situation-personnelle\/incapacite-de-travail\/#breadcrumb"},"inLanguage":"fr-FR","potentialAction":[{"@type":"ReadAction","target":["https:\/\/blvk.ch\/fr\/personnes-assurees\/modification-de-la-situation-personnelle\/incapacite-de-travail\/"]}]},{"@type":"BreadcrumbList","@id":"https:\/\/blvk.ch\/fr\/personnes-assurees\/modification-de-la-situation-personnelle\/incapacite-de-travail\/#breadcrumb","itemListElement":[{"@type":"ListItem","position":1,"name":"Startseite","item":"https:\/\/blvk.ch\/fr\/"},{"@type":"ListItem","position":2,"name":"Personnes assur\u00e9es","item":"https:\/\/blvk.ch\/fr\/personnes-assurees\/"},{"@type":"ListItem","position":3,"name":"Modification de la situation personnelle","item":"https:\/\/blvk.ch\/fr\/personnes-assurees\/modification-de-la-situation-personnelle\/"},{"@type":"ListItem","position":4,"name":"Incapacit\u00e9 de travail"}]},{"@type":"WebSite","@id":"https:\/\/blvk.ch\/fr\/#website","url":"https:\/\/blvk.ch\/fr\/","name":"CACEB","description":"Caisse d&#039;assurance du corps enseignant bernois","publisher":{"@id":"https:\/\/blvk.ch\/fr\/#organization"},"potentialAction":[{"@type":"SearchAction","target":{"@type":"EntryPoint","urlTemplate":"https:\/\/blvk.ch\/fr\/?s={search_term_string}"},"query-input":{"@type":"PropertyValueSpecification","valueRequired":true,"valueName":"search_term_string"}}],"inLanguage":"fr-FR"},{"@type":"Organization","@id":"https:\/\/blvk.ch\/fr\/#organization","name":"CACEB","url":"https:\/\/blvk.ch\/fr\/","logo":{"@type":"ImageObject","inLanguage":"fr-FR","@id":"https:\/\/blvk.ch\/fr\/#\/schema\/logo\/image\/","url":"https:\/\/blvk.ch\/wp-content\/uploads\/2022\/10\/Logo1.png","contentUrl":"https:\/\/blvk.ch\/wp-content\/uploads\/2022\/10\/Logo1.png","width":152,"height":66,"caption":"CACEB"},"image":{"@id":"https:\/\/blvk.ch\/fr\/#\/schema\/logo\/image\/"}}]}},"_links":{"self":[{"href":"https:\/\/blvk.ch\/fr\/wp-json\/wp\/v2\/pages\/2016","targetHints":{"allow":["GET"]}}],"collection":[{"href":"https:\/\/blvk.ch\/fr\/wp-json\/wp\/v2\/pages"}],"about":[{"href":"https:\/\/blvk.ch\/fr\/wp-json\/wp\/v2\/types\/page"}],"author":[{"embeddable":true,"href":"https:\/\/blvk.ch\/fr\/wp-json\/wp\/v2\/users\/1"}],"replies":[{"embeddable":true,"href":"https:\/\/blvk.ch\/fr\/wp-json\/wp\/v2\/comments?post=2016"}],"version-history":[{"count":23,"href":"https:\/\/blvk.ch\/fr\/wp-json\/wp\/v2\/pages\/2016\/revisions"}],"predecessor-version":[{"id":10867,"href":"https:\/\/blvk.ch\/fr\/wp-json\/wp\/v2\/pages\/2016\/revisions\/10867"}],"up":[{"embeddable":true,"href":"https:\/\/blvk.ch\/fr\/wp-json\/wp\/v2\/pages\/2491"}],"wp:attachment":[{"href":"https:\/\/blvk.ch\/fr\/wp-json\/wp\/v2\/media?parent=2016"}],"curies":[{"name":"wp","href":"https:\/\/api.w.org\/{rel}","templated":true}]}}