{"id":2047,"date":"2022-09-05T21:42:57","date_gmt":"2022-09-05T19:42:57","guid":{"rendered":"https:\/\/blvk.dev.mxm.agency\/?page_id=2047"},"modified":"2025-05-01T13:17:36","modified_gmt":"2025-05-01T11:17:36","slug":"conge-non-paye","status":"publish","type":"page","link":"https:\/\/blvk.ch\/fr\/personnes-assurees\/modification-de-la-situation-personnelle\/conge-non-paye\/","title":{"rendered":"Cong\u00e9 non pay\u00e9"},"content":{"rendered":"<p>Le cong\u00e9 non pay\u00e9 entra\u00eene en principe la fin de l\u2019assurance obligatoire aupr\u00e8s de la CACEB. Pendant cette p\u00e9riode en effet, il n\u2019existe aucune obligation de paiement du salaire de la part des employeurs. Pour \u00e9viter que les personnes assur\u00e9es ne perdent leur couverture d\u2019assurance en cas de cong\u00e9 non pay\u00e9, les risques de d\u00e9c\u00e8s et d\u2019invalidit\u00e9 continuent automatiquement d\u2019\u00eatre assur\u00e9s. Il est possible de renoncer \u00e0 cette assurance de risques.<\/p>\n","protected":false},"excerpt":{"rendered":"<p>Le cong\u00e9 non pay\u00e9 entra\u00eene en principe la fin de l\u2019assurance obligatoire aupr\u00e8s de la CACEB. Pendant cette p\u00e9riode en effet, il n\u2019existe aucune obligation de paiement du salaire de la part des employeurs. Pour \u00e9viter que les personnes assur\u00e9es ne perdent leur couverture d\u2019assurance en cas de cong\u00e9 non pay\u00e9, les risques de d\u00e9c\u00e8s [&hellip;]<\/p>\n","protected":false},"author":1,"featured_media":0,"parent":2491,"menu_order":8,"comment_status":"closed","ping_status":"closed","template":"page-templates\/grundsatze-small.php","meta":{"_acf_changed":false,"inline_featured_image":false,"footnotes":""},"class_list":["post-2047","page","type-page","status-publish","hentry"],"acf":[],"yoast_head":"<!-- This site is optimized with the Yoast SEO plugin v25.4 - https:\/\/yoast.com\/wordpress\/plugins\/seo\/ -->\n<title>Cong\u00e9 non pay\u00e9 - CACEB<\/title>\n<meta name=\"robots\" content=\"index, follow, max-snippet:-1, max-image-preview:large, max-video-preview:-1\" \/>\n<link rel=\"canonical\" href=\"https:\/\/blvk.ch\/fr\/personnes-assurees\/modification-de-la-situation-personnelle\/conge-non-paye\/\" \/>\n<meta property=\"og:locale\" content=\"fr_FR\" \/>\n<meta property=\"og:type\" content=\"article\" \/>\n<meta property=\"og:title\" content=\"Cong\u00e9 non pay\u00e9 - CACEB\" \/>\n<meta property=\"og:description\" content=\"Le cong\u00e9 non pay\u00e9 entra\u00eene en principe la fin de l\u2019assurance obligatoire aupr\u00e8s de la CACEB. Pendant cette p\u00e9riode en effet, il n\u2019existe aucune obligation de paiement du salaire de la part des employeurs. Pour \u00e9viter que les personnes assur\u00e9es ne perdent leur couverture d\u2019assurance en cas de cong\u00e9 non pay\u00e9, les risques de d\u00e9c\u00e8s [&hellip;]\" \/>\n<meta property=\"og:url\" content=\"https:\/\/blvk.ch\/fr\/personnes-assurees\/modification-de-la-situation-personnelle\/conge-non-paye\/\" \/>\n<meta property=\"og:site_name\" content=\"CACEB\" \/>\n<meta property=\"article:modified_time\" content=\"2025-05-01T11:17:36+00:00\" \/>\n<meta name=\"twitter:card\" content=\"summary_large_image\" \/>\n<meta name=\"twitter:label1\" content=\"Dur\u00e9e de lecture estim\u00e9e\" \/>\n\t<meta name=\"twitter:data1\" content=\"1 minute\" \/>\n<script type=\"application\/ld+json\" class=\"yoast-schema-graph\">{\"@context\":\"https:\/\/schema.org\",\"@graph\":[{\"@type\":\"WebPage\",\"@id\":\"https:\/\/blvk.ch\/fr\/personnes-assurees\/modification-de-la-situation-personnelle\/conge-non-paye\/\",\"url\":\"https:\/\/blvk.ch\/fr\/personnes-assurees\/modification-de-la-situation-personnelle\/conge-non-paye\/\",\"name\":\"Cong\u00e9 non pay\u00e9 - CACEB\",\"isPartOf\":{\"@id\":\"https:\/\/blvk.ch\/fr\/#website\"},\"datePublished\":\"2022-09-05T19:42:57+00:00\",\"dateModified\":\"2025-05-01T11:17:36+00:00\",\"breadcrumb\":{\"@id\":\"https:\/\/blvk.ch\/fr\/personnes-assurees\/modification-de-la-situation-personnelle\/conge-non-paye\/#breadcrumb\"},\"inLanguage\":\"fr-FR\",\"potentialAction\":[{\"@type\":\"ReadAction\",\"target\":[\"https:\/\/blvk.ch\/fr\/personnes-assurees\/modification-de-la-situation-personnelle\/conge-non-paye\/\"]}]},{\"@type\":\"BreadcrumbList\",\"@id\":\"https:\/\/blvk.ch\/fr\/personnes-assurees\/modification-de-la-situation-personnelle\/conge-non-paye\/#breadcrumb\",\"itemListElement\":[{\"@type\":\"ListItem\",\"position\":1,\"name\":\"Startseite\",\"item\":\"https:\/\/blvk.ch\/fr\/\"},{\"@type\":\"ListItem\",\"position\":2,\"name\":\"Personnes assur\u00e9es\",\"item\":\"https:\/\/blvk.ch\/fr\/personnes-assurees\/\"},{\"@type\":\"ListItem\",\"position\":3,\"name\":\"Modification de la situation personnelle\",\"item\":\"https:\/\/blvk.ch\/fr\/personnes-assurees\/modification-de-la-situation-personnelle\/\"},{\"@type\":\"ListItem\",\"position\":4,\"name\":\"Cong\u00e9 non pay\u00e9\"}]},{\"@type\":\"WebSite\",\"@id\":\"https:\/\/blvk.ch\/fr\/#website\",\"url\":\"https:\/\/blvk.ch\/fr\/\",\"name\":\"CACEB\",\"description\":\"Caisse d&#039;assurance du corps enseignant bernois\",\"publisher\":{\"@id\":\"https:\/\/blvk.ch\/fr\/#organization\"},\"potentialAction\":[{\"@type\":\"SearchAction\",\"target\":{\"@type\":\"EntryPoint\",\"urlTemplate\":\"https:\/\/blvk.ch\/fr\/?s={search_term_string}\"},\"query-input\":{\"@type\":\"PropertyValueSpecification\",\"valueRequired\":true,\"valueName\":\"search_term_string\"}}],\"inLanguage\":\"fr-FR\"},{\"@type\":\"Organization\",\"@id\":\"https:\/\/blvk.ch\/fr\/#organization\",\"name\":\"CACEB\",\"url\":\"https:\/\/blvk.ch\/fr\/\",\"logo\":{\"@type\":\"ImageObject\",\"inLanguage\":\"fr-FR\",\"@id\":\"https:\/\/blvk.ch\/fr\/#\/schema\/logo\/image\/\",\"url\":\"https:\/\/blvk.ch\/wp-content\/uploads\/2022\/10\/Logo1.png\",\"contentUrl\":\"https:\/\/blvk.ch\/wp-content\/uploads\/2022\/10\/Logo1.png\",\"width\":152,\"height\":66,\"caption\":\"CACEB\"},\"image\":{\"@id\":\"https:\/\/blvk.ch\/fr\/#\/schema\/logo\/image\/\"}}]}<\/script>\n<!-- \/ Yoast SEO plugin. -->","yoast_head_json":{"title":"Cong\u00e9 non pay\u00e9 - CACEB","robots":{"index":"index","follow":"follow","max-snippet":"max-snippet:-1","max-image-preview":"max-image-preview:large","max-video-preview":"max-video-preview:-1"},"canonical":"https:\/\/blvk.ch\/fr\/personnes-assurees\/modification-de-la-situation-personnelle\/conge-non-paye\/","og_locale":"fr_FR","og_type":"article","og_title":"Cong\u00e9 non pay\u00e9 - CACEB","og_description":"Le cong\u00e9 non pay\u00e9 entra\u00eene en principe la fin de l\u2019assurance obligatoire aupr\u00e8s de la CACEB. Pendant cette p\u00e9riode en effet, il n\u2019existe aucune obligation de paiement du salaire de la part des employeurs. Pour \u00e9viter que les personnes assur\u00e9es ne perdent leur couverture d\u2019assurance en cas de cong\u00e9 non pay\u00e9, les risques de d\u00e9c\u00e8s [&hellip;]","og_url":"https:\/\/blvk.ch\/fr\/personnes-assurees\/modification-de-la-situation-personnelle\/conge-non-paye\/","og_site_name":"CACEB","article_modified_time":"2025-05-01T11:17:36+00:00","twitter_card":"summary_large_image","twitter_misc":{"Dur\u00e9e de lecture estim\u00e9e":"1 minute"},"schema":{"@context":"https:\/\/schema.org","@graph":[{"@type":"WebPage","@id":"https:\/\/blvk.ch\/fr\/personnes-assurees\/modification-de-la-situation-personnelle\/conge-non-paye\/","url":"https:\/\/blvk.ch\/fr\/personnes-assurees\/modification-de-la-situation-personnelle\/conge-non-paye\/","name":"Cong\u00e9 non pay\u00e9 - CACEB","isPartOf":{"@id":"https:\/\/blvk.ch\/fr\/#website"},"datePublished":"2022-09-05T19:42:57+00:00","dateModified":"2025-05-01T11:17:36+00:00","breadcrumb":{"@id":"https:\/\/blvk.ch\/fr\/personnes-assurees\/modification-de-la-situation-personnelle\/conge-non-paye\/#breadcrumb"},"inLanguage":"fr-FR","potentialAction":[{"@type":"ReadAction","target":["https:\/\/blvk.ch\/fr\/personnes-assurees\/modification-de-la-situation-personnelle\/conge-non-paye\/"]}]},{"@type":"BreadcrumbList","@id":"https:\/\/blvk.ch\/fr\/personnes-assurees\/modification-de-la-situation-personnelle\/conge-non-paye\/#breadcrumb","itemListElement":[{"@type":"ListItem","position":1,"name":"Startseite","item":"https:\/\/blvk.ch\/fr\/"},{"@type":"ListItem","position":2,"name":"Personnes assur\u00e9es","item":"https:\/\/blvk.ch\/fr\/personnes-assurees\/"},{"@type":"ListItem","position":3,"name":"Modification de la situation personnelle","item":"https:\/\/blvk.ch\/fr\/personnes-assurees\/modification-de-la-situation-personnelle\/"},{"@type":"ListItem","position":4,"name":"Cong\u00e9 non pay\u00e9"}]},{"@type":"WebSite","@id":"https:\/\/blvk.ch\/fr\/#website","url":"https:\/\/blvk.ch\/fr\/","name":"CACEB","description":"Caisse d&#039;assurance du corps enseignant bernois","publisher":{"@id":"https:\/\/blvk.ch\/fr\/#organization"},"potentialAction":[{"@type":"SearchAction","target":{"@type":"EntryPoint","urlTemplate":"https:\/\/blvk.ch\/fr\/?s={search_term_string}"},"query-input":{"@type":"PropertyValueSpecification","valueRequired":true,"valueName":"search_term_string"}}],"inLanguage":"fr-FR"},{"@type":"Organization","@id":"https:\/\/blvk.ch\/fr\/#organization","name":"CACEB","url":"https:\/\/blvk.ch\/fr\/","logo":{"@type":"ImageObject","inLanguage":"fr-FR","@id":"https:\/\/blvk.ch\/fr\/#\/schema\/logo\/image\/","url":"https:\/\/blvk.ch\/wp-content\/uploads\/2022\/10\/Logo1.png","contentUrl":"https:\/\/blvk.ch\/wp-content\/uploads\/2022\/10\/Logo1.png","width":152,"height":66,"caption":"CACEB"},"image":{"@id":"https:\/\/blvk.ch\/fr\/#\/schema\/logo\/image\/"}}]}},"_links":{"self":[{"href":"https:\/\/blvk.ch\/fr\/wp-json\/wp\/v2\/pages\/2047","targetHints":{"allow":["GET"]}}],"collection":[{"href":"https:\/\/blvk.ch\/fr\/wp-json\/wp\/v2\/pages"}],"about":[{"href":"https:\/\/blvk.ch\/fr\/wp-json\/wp\/v2\/types\/page"}],"author":[{"embeddable":true,"href":"https:\/\/blvk.ch\/fr\/wp-json\/wp\/v2\/users\/1"}],"replies":[{"embeddable":true,"href":"https:\/\/blvk.ch\/fr\/wp-json\/wp\/v2\/comments?post=2047"}],"version-history":[{"count":20,"href":"https:\/\/blvk.ch\/fr\/wp-json\/wp\/v2\/pages\/2047\/revisions"}],"predecessor-version":[{"id":8803,"href":"https:\/\/blvk.ch\/fr\/wp-json\/wp\/v2\/pages\/2047\/revisions\/8803"}],"up":[{"embeddable":true,"href":"https:\/\/blvk.ch\/fr\/wp-json\/wp\/v2\/pages\/2491"}],"wp:attachment":[{"href":"https:\/\/blvk.ch\/fr\/wp-json\/wp\/v2\/media?parent=2047"}],"curies":[{"name":"wp","href":"https:\/\/api.w.org\/{rel}","templated":true}]}}