{"id":2120,"date":"2022-09-05T21:28:50","date_gmt":"2022-09-05T19:28:50","guid":{"rendered":"https:\/\/blvk.dev.mxm.agency\/?page_id=2120"},"modified":"2026-03-12T11:20:52","modified_gmt":"2026-03-12T10:20:52","slug":"le-certificat-de-prevoyance","status":"publish","type":"page","link":"https:\/\/blvk.ch\/fr\/personnes-assurees\/la-prevoyance-cest-quoi\/le-certificat-de-prevoyance\/","title":{"rendered":"Le certificat de pr\u00e9voyance"},"content":{"rendered":"<p>La CACEB d\u00e9livre un certificat de pr\u00e9voyance \u00e0 chaque personne assur\u00e9e lors de son affiliation, et au moins une fois par an, sur le portail \u00ab myCACEB \u00bb. <span lang=\"fr-CH\">Vous y trouvez votre situation actuelle d\u2019assurance, les cotisations mensuelles ainsi que les probables prestations futures. Le certificat de pr\u00e9voyance vous livre \u00e9galement entre autres des indications concernant votre capital-e\u0301pargne et les possibilit\u00e9s de rachats.<\/span><\/p>\n<p>Dans le portail des assur\u00e9s <a href=\"https:\/\/myblvk.ch\/auth2\/ui\/app\/auth\/flow\/main\/password?lang=fr\">myCACEB<\/a>, vous avez acc\u00e8s \u00e0 vos simulations personnelles.<\/p>\n<p><span lang=\"fr-CH\">La pr\u00e9sente notice vous guide \u00e0 travers les diff\u00e9rentes sections du certificat de\u00a0<\/span><span lang=\"fr-CH\">pr\u00e9voyance, vous explique les termes les plus importants et r\u00e9pond aux questions les plus fr\u00e9quentes.<\/span><\/p>\n","protected":false},"excerpt":{"rendered":"<p>La CACEB d\u00e9livre un certificat de pr\u00e9voyance \u00e0 chaque personne assur\u00e9e lors de son affiliation, et au moins une fois par an, sur le portail \u00ab myCACEB \u00bb. Vous y trouvez votre situation actuelle d\u2019assurance, les cotisations mensuelles ainsi que les probables prestations futures. Le certificat de pr\u00e9voyance vous livre \u00e9galement entre autres des indications [&hellip;]<\/p>\n","protected":false},"author":1,"featured_media":0,"parent":2499,"menu_order":2,"comment_status":"closed","ping_status":"closed","template":"page-templates\/grundsatze-small.php","meta":{"_acf_changed":false,"inline_featured_image":false,"footnotes":""},"class_list":["post-2120","page","type-page","status-publish","hentry"],"acf":[],"yoast_head":"<!-- This site is optimized with the Yoast SEO plugin v25.4 - https:\/\/yoast.com\/wordpress\/plugins\/seo\/ -->\n<title>Le certificat de pr\u00e9voyance - CACEB<\/title>\n<meta name=\"robots\" content=\"index, follow, max-snippet:-1, max-image-preview:large, max-video-preview:-1\" \/>\n<link rel=\"canonical\" href=\"https:\/\/blvk.ch\/fr\/personnes-assurees\/la-prevoyance-cest-quoi\/le-certificat-de-prevoyance\/\" \/>\n<meta property=\"og:locale\" content=\"fr_FR\" \/>\n<meta property=\"og:type\" content=\"article\" \/>\n<meta property=\"og:title\" content=\"Le certificat de pr\u00e9voyance - CACEB\" \/>\n<meta property=\"og:description\" content=\"La CACEB d\u00e9livre un certificat de pr\u00e9voyance \u00e0 chaque personne assur\u00e9e lors de son affiliation, et au moins une fois par an, sur le portail \u00ab myCACEB \u00bb. Vous y trouvez votre situation actuelle d\u2019assurance, les cotisations mensuelles ainsi que les probables prestations futures. Le certificat de pr\u00e9voyance vous livre \u00e9galement entre autres des indications [&hellip;]\" \/>\n<meta property=\"og:url\" content=\"https:\/\/blvk.ch\/fr\/personnes-assurees\/la-prevoyance-cest-quoi\/le-certificat-de-prevoyance\/\" \/>\n<meta property=\"og:site_name\" content=\"CACEB\" \/>\n<meta property=\"article:modified_time\" content=\"2026-03-12T10:20:52+00:00\" \/>\n<meta name=\"twitter:card\" content=\"summary_large_image\" \/>\n<meta name=\"twitter:label1\" content=\"Dur\u00e9e de lecture estim\u00e9e\" \/>\n\t<meta name=\"twitter:data1\" content=\"1 minute\" \/>\n<script type=\"application\/ld+json\" class=\"yoast-schema-graph\">{\"@context\":\"https:\/\/schema.org\",\"@graph\":[{\"@type\":\"WebPage\",\"@id\":\"https:\/\/blvk.ch\/fr\/personnes-assurees\/la-prevoyance-cest-quoi\/le-certificat-de-prevoyance\/\",\"url\":\"https:\/\/blvk.ch\/fr\/personnes-assurees\/la-prevoyance-cest-quoi\/le-certificat-de-prevoyance\/\",\"name\":\"Le certificat de pr\u00e9voyance - CACEB\",\"isPartOf\":{\"@id\":\"https:\/\/blvk.ch\/fr\/#website\"},\"datePublished\":\"2022-09-05T19:28:50+00:00\",\"dateModified\":\"2026-03-12T10:20:52+00:00\",\"breadcrumb\":{\"@id\":\"https:\/\/blvk.ch\/fr\/personnes-assurees\/la-prevoyance-cest-quoi\/le-certificat-de-prevoyance\/#breadcrumb\"},\"inLanguage\":\"fr-FR\",\"potentialAction\":[{\"@type\":\"ReadAction\",\"target\":[\"https:\/\/blvk.ch\/fr\/personnes-assurees\/la-prevoyance-cest-quoi\/le-certificat-de-prevoyance\/\"]}]},{\"@type\":\"BreadcrumbList\",\"@id\":\"https:\/\/blvk.ch\/fr\/personnes-assurees\/la-prevoyance-cest-quoi\/le-certificat-de-prevoyance\/#breadcrumb\",\"itemListElement\":[{\"@type\":\"ListItem\",\"position\":1,\"name\":\"Startseite\",\"item\":\"https:\/\/blvk.ch\/fr\/\"},{\"@type\":\"ListItem\",\"position\":2,\"name\":\"Personnes assur\u00e9es\",\"item\":\"https:\/\/blvk.ch\/fr\/personnes-assurees\/\"},{\"@type\":\"ListItem\",\"position\":3,\"name\":\"La pr\u00e9voyance, c\u2019est quoi ?\",\"item\":\"https:\/\/blvk.ch\/fr\/personnes-assurees\/la-prevoyance-cest-quoi\/\"},{\"@type\":\"ListItem\",\"position\":4,\"name\":\"Le certificat de pr\u00e9voyance\"}]},{\"@type\":\"WebSite\",\"@id\":\"https:\/\/blvk.ch\/fr\/#website\",\"url\":\"https:\/\/blvk.ch\/fr\/\",\"name\":\"CACEB\",\"description\":\"Caisse d&#039;assurance du corps enseignant bernois\",\"publisher\":{\"@id\":\"https:\/\/blvk.ch\/fr\/#organization\"},\"potentialAction\":[{\"@type\":\"SearchAction\",\"target\":{\"@type\":\"EntryPoint\",\"urlTemplate\":\"https:\/\/blvk.ch\/fr\/?s={search_term_string}\"},\"query-input\":{\"@type\":\"PropertyValueSpecification\",\"valueRequired\":true,\"valueName\":\"search_term_string\"}}],\"inLanguage\":\"fr-FR\"},{\"@type\":\"Organization\",\"@id\":\"https:\/\/blvk.ch\/fr\/#organization\",\"name\":\"CACEB\",\"url\":\"https:\/\/blvk.ch\/fr\/\",\"logo\":{\"@type\":\"ImageObject\",\"inLanguage\":\"fr-FR\",\"@id\":\"https:\/\/blvk.ch\/fr\/#\/schema\/logo\/image\/\",\"url\":\"https:\/\/blvk.ch\/wp-content\/uploads\/2022\/10\/Logo1.png\",\"contentUrl\":\"https:\/\/blvk.ch\/wp-content\/uploads\/2022\/10\/Logo1.png\",\"width\":152,\"height\":66,\"caption\":\"CACEB\"},\"image\":{\"@id\":\"https:\/\/blvk.ch\/fr\/#\/schema\/logo\/image\/\"}}]}<\/script>\n<!-- \/ Yoast SEO plugin. -->","yoast_head_json":{"title":"Le certificat de pr\u00e9voyance - CACEB","robots":{"index":"index","follow":"follow","max-snippet":"max-snippet:-1","max-image-preview":"max-image-preview:large","max-video-preview":"max-video-preview:-1"},"canonical":"https:\/\/blvk.ch\/fr\/personnes-assurees\/la-prevoyance-cest-quoi\/le-certificat-de-prevoyance\/","og_locale":"fr_FR","og_type":"article","og_title":"Le certificat de pr\u00e9voyance - CACEB","og_description":"La CACEB d\u00e9livre un certificat de pr\u00e9voyance \u00e0 chaque personne assur\u00e9e lors de son affiliation, et au moins une fois par an, sur le portail \u00ab myCACEB \u00bb. Vous y trouvez votre situation actuelle d\u2019assurance, les cotisations mensuelles ainsi que les probables prestations futures. Le certificat de pr\u00e9voyance vous livre \u00e9galement entre autres des indications [&hellip;]","og_url":"https:\/\/blvk.ch\/fr\/personnes-assurees\/la-prevoyance-cest-quoi\/le-certificat-de-prevoyance\/","og_site_name":"CACEB","article_modified_time":"2026-03-12T10:20:52+00:00","twitter_card":"summary_large_image","twitter_misc":{"Dur\u00e9e de lecture estim\u00e9e":"1 minute"},"schema":{"@context":"https:\/\/schema.org","@graph":[{"@type":"WebPage","@id":"https:\/\/blvk.ch\/fr\/personnes-assurees\/la-prevoyance-cest-quoi\/le-certificat-de-prevoyance\/","url":"https:\/\/blvk.ch\/fr\/personnes-assurees\/la-prevoyance-cest-quoi\/le-certificat-de-prevoyance\/","name":"Le certificat de pr\u00e9voyance - CACEB","isPartOf":{"@id":"https:\/\/blvk.ch\/fr\/#website"},"datePublished":"2022-09-05T19:28:50+00:00","dateModified":"2026-03-12T10:20:52+00:00","breadcrumb":{"@id":"https:\/\/blvk.ch\/fr\/personnes-assurees\/la-prevoyance-cest-quoi\/le-certificat-de-prevoyance\/#breadcrumb"},"inLanguage":"fr-FR","potentialAction":[{"@type":"ReadAction","target":["https:\/\/blvk.ch\/fr\/personnes-assurees\/la-prevoyance-cest-quoi\/le-certificat-de-prevoyance\/"]}]},{"@type":"BreadcrumbList","@id":"https:\/\/blvk.ch\/fr\/personnes-assurees\/la-prevoyance-cest-quoi\/le-certificat-de-prevoyance\/#breadcrumb","itemListElement":[{"@type":"ListItem","position":1,"name":"Startseite","item":"https:\/\/blvk.ch\/fr\/"},{"@type":"ListItem","position":2,"name":"Personnes assur\u00e9es","item":"https:\/\/blvk.ch\/fr\/personnes-assurees\/"},{"@type":"ListItem","position":3,"name":"La pr\u00e9voyance, c\u2019est quoi ?","item":"https:\/\/blvk.ch\/fr\/personnes-assurees\/la-prevoyance-cest-quoi\/"},{"@type":"ListItem","position":4,"name":"Le certificat de pr\u00e9voyance"}]},{"@type":"WebSite","@id":"https:\/\/blvk.ch\/fr\/#website","url":"https:\/\/blvk.ch\/fr\/","name":"CACEB","description":"Caisse d&#039;assurance du corps enseignant bernois","publisher":{"@id":"https:\/\/blvk.ch\/fr\/#organization"},"potentialAction":[{"@type":"SearchAction","target":{"@type":"EntryPoint","urlTemplate":"https:\/\/blvk.ch\/fr\/?s={search_term_string}"},"query-input":{"@type":"PropertyValueSpecification","valueRequired":true,"valueName":"search_term_string"}}],"inLanguage":"fr-FR"},{"@type":"Organization","@id":"https:\/\/blvk.ch\/fr\/#organization","name":"CACEB","url":"https:\/\/blvk.ch\/fr\/","logo":{"@type":"ImageObject","inLanguage":"fr-FR","@id":"https:\/\/blvk.ch\/fr\/#\/schema\/logo\/image\/","url":"https:\/\/blvk.ch\/wp-content\/uploads\/2022\/10\/Logo1.png","contentUrl":"https:\/\/blvk.ch\/wp-content\/uploads\/2022\/10\/Logo1.png","width":152,"height":66,"caption":"CACEB"},"image":{"@id":"https:\/\/blvk.ch\/fr\/#\/schema\/logo\/image\/"}}]}},"_links":{"self":[{"href":"https:\/\/blvk.ch\/fr\/wp-json\/wp\/v2\/pages\/2120","targetHints":{"allow":["GET"]}}],"collection":[{"href":"https:\/\/blvk.ch\/fr\/wp-json\/wp\/v2\/pages"}],"about":[{"href":"https:\/\/blvk.ch\/fr\/wp-json\/wp\/v2\/types\/page"}],"author":[{"embeddable":true,"href":"https:\/\/blvk.ch\/fr\/wp-json\/wp\/v2\/users\/1"}],"replies":[{"embeddable":true,"href":"https:\/\/blvk.ch\/fr\/wp-json\/wp\/v2\/comments?post=2120"}],"version-history":[{"count":39,"href":"https:\/\/blvk.ch\/fr\/wp-json\/wp\/v2\/pages\/2120\/revisions"}],"predecessor-version":[{"id":10863,"href":"https:\/\/blvk.ch\/fr\/wp-json\/wp\/v2\/pages\/2120\/revisions\/10863"}],"up":[{"embeddable":true,"href":"https:\/\/blvk.ch\/fr\/wp-json\/wp\/v2\/pages\/2499"}],"wp:attachment":[{"href":"https:\/\/blvk.ch\/fr\/wp-json\/wp\/v2\/media?parent=2120"}],"curies":[{"name":"wp","href":"https:\/\/api.w.org\/{rel}","templated":true}]}}