{"id":2284,"date":"2022-09-05T21:39:21","date_gmt":"2022-09-05T19:39:21","guid":{"rendered":"https:\/\/blvk.dev.mxm.agency\/?page_id=2284"},"modified":"2026-01-30T16:19:56","modified_gmt":"2026-01-30T15:19:56","slug":"maintien-assurance","status":"publish","type":"page","link":"https:\/\/blvk.ch\/fr\/personnes-assurees\/optimiser-sa-prevoyance\/maintien-assurance\/","title":{"rendered":"Le maintien de l\u2019assurance"},"content":{"rendered":"<p>Votre demande pour un maintien de l\u2019assurance ou une assurance externe doit \u00eatre faite par \u00e9crit avec ce formulaire. Il est possible de r\u00e9silier le maintien de l\u2019assurance ou l\u2019assurance externe pour la fin de chaque mois en observant un d\u00e9lai de pr\u00e9avis de 30 jours. La r\u00e9siliation doit \u00eatre notifi\u00e9e par \u00e9crit.<\/p>\n","protected":false},"excerpt":{"rendered":"<p>Votre demande pour un maintien de l\u2019assurance ou une assurance externe doit \u00eatre faite par \u00e9crit avec ce formulaire. Il est possible de r\u00e9silier le maintien de l\u2019assurance ou l\u2019assurance externe pour la fin de chaque mois en observant un d\u00e9lai de pr\u00e9avis de 30 jours. La r\u00e9siliation doit \u00eatre notifi\u00e9e par \u00e9crit.<\/p>\n","protected":false},"author":1,"featured_media":0,"parent":2470,"menu_order":0,"comment_status":"closed","ping_status":"closed","template":"page-templates\/grundsatze-small.php","meta":{"_acf_changed":false,"inline_featured_image":false,"footnotes":""},"class_list":["post-2284","page","type-page","status-publish","hentry"],"acf":[],"yoast_head":"<!-- This site is optimized with the Yoast SEO plugin v25.4 - https:\/\/yoast.com\/wordpress\/plugins\/seo\/ -->\n<title>Le maintien de l\u2019assurance - CACEB<\/title>\n<meta name=\"robots\" content=\"index, follow, max-snippet:-1, max-image-preview:large, max-video-preview:-1\" \/>\n<link rel=\"canonical\" href=\"https:\/\/blvk.ch\/fr\/personnes-assurees\/optimiser-sa-prevoyance\/maintien-assurance\/\" \/>\n<meta property=\"og:locale\" content=\"fr_FR\" \/>\n<meta property=\"og:type\" content=\"article\" \/>\n<meta property=\"og:title\" content=\"Le maintien de l\u2019assurance - CACEB\" \/>\n<meta property=\"og:description\" content=\"Votre demande pour un maintien de l\u2019assurance ou une assurance externe doit \u00eatre faite par \u00e9crit avec ce formulaire. Il est possible de r\u00e9silier le maintien de l\u2019assurance ou l\u2019assurance externe pour la fin de chaque mois en observant un d\u00e9lai de pr\u00e9avis de 30 jours. La r\u00e9siliation doit \u00eatre notifi\u00e9e par \u00e9crit.\" \/>\n<meta property=\"og:url\" content=\"https:\/\/blvk.ch\/fr\/personnes-assurees\/optimiser-sa-prevoyance\/maintien-assurance\/\" \/>\n<meta property=\"og:site_name\" content=\"CACEB\" \/>\n<meta property=\"article:modified_time\" content=\"2026-01-30T15:19:56+00:00\" \/>\n<meta name=\"twitter:card\" content=\"summary_large_image\" \/>\n<meta name=\"twitter:label1\" content=\"Dur\u00e9e de lecture estim\u00e9e\" \/>\n\t<meta name=\"twitter:data1\" content=\"1 minute\" \/>\n<script type=\"application\/ld+json\" class=\"yoast-schema-graph\">{\"@context\":\"https:\/\/schema.org\",\"@graph\":[{\"@type\":\"WebPage\",\"@id\":\"https:\/\/blvk.ch\/fr\/personnes-assurees\/optimiser-sa-prevoyance\/maintien-assurance\/\",\"url\":\"https:\/\/blvk.ch\/fr\/personnes-assurees\/optimiser-sa-prevoyance\/maintien-assurance\/\",\"name\":\"Le maintien de l\u2019assurance - CACEB\",\"isPartOf\":{\"@id\":\"https:\/\/blvk.ch\/fr\/#website\"},\"datePublished\":\"2022-09-05T19:39:21+00:00\",\"dateModified\":\"2026-01-30T15:19:56+00:00\",\"breadcrumb\":{\"@id\":\"https:\/\/blvk.ch\/fr\/personnes-assurees\/optimiser-sa-prevoyance\/maintien-assurance\/#breadcrumb\"},\"inLanguage\":\"fr-FR\",\"potentialAction\":[{\"@type\":\"ReadAction\",\"target\":[\"https:\/\/blvk.ch\/fr\/personnes-assurees\/optimiser-sa-prevoyance\/maintien-assurance\/\"]}]},{\"@type\":\"BreadcrumbList\",\"@id\":\"https:\/\/blvk.ch\/fr\/personnes-assurees\/optimiser-sa-prevoyance\/maintien-assurance\/#breadcrumb\",\"itemListElement\":[{\"@type\":\"ListItem\",\"position\":1,\"name\":\"Startseite\",\"item\":\"https:\/\/blvk.ch\/fr\/\"},{\"@type\":\"ListItem\",\"position\":2,\"name\":\"Personnes assur\u00e9es\",\"item\":\"https:\/\/blvk.ch\/fr\/personnes-assurees\/\"},{\"@type\":\"ListItem\",\"position\":3,\"name\":\"Optimiser sa pr\u00e9voyance\",\"item\":\"https:\/\/blvk.ch\/fr\/personnes-assurees\/optimiser-sa-prevoyance\/\"},{\"@type\":\"ListItem\",\"position\":4,\"name\":\"Le maintien de l\u2019assurance\"}]},{\"@type\":\"WebSite\",\"@id\":\"https:\/\/blvk.ch\/fr\/#website\",\"url\":\"https:\/\/blvk.ch\/fr\/\",\"name\":\"CACEB\",\"description\":\"Caisse d&#039;assurance du corps enseignant bernois\",\"publisher\":{\"@id\":\"https:\/\/blvk.ch\/fr\/#organization\"},\"potentialAction\":[{\"@type\":\"SearchAction\",\"target\":{\"@type\":\"EntryPoint\",\"urlTemplate\":\"https:\/\/blvk.ch\/fr\/?s={search_term_string}\"},\"query-input\":{\"@type\":\"PropertyValueSpecification\",\"valueRequired\":true,\"valueName\":\"search_term_string\"}}],\"inLanguage\":\"fr-FR\"},{\"@type\":\"Organization\",\"@id\":\"https:\/\/blvk.ch\/fr\/#organization\",\"name\":\"CACEB\",\"url\":\"https:\/\/blvk.ch\/fr\/\",\"logo\":{\"@type\":\"ImageObject\",\"inLanguage\":\"fr-FR\",\"@id\":\"https:\/\/blvk.ch\/fr\/#\/schema\/logo\/image\/\",\"url\":\"https:\/\/blvk.ch\/wp-content\/uploads\/2022\/10\/Logo1.png\",\"contentUrl\":\"https:\/\/blvk.ch\/wp-content\/uploads\/2022\/10\/Logo1.png\",\"width\":152,\"height\":66,\"caption\":\"CACEB\"},\"image\":{\"@id\":\"https:\/\/blvk.ch\/fr\/#\/schema\/logo\/image\/\"}}]}<\/script>\n<!-- \/ Yoast SEO plugin. -->","yoast_head_json":{"title":"Le maintien de l\u2019assurance - CACEB","robots":{"index":"index","follow":"follow","max-snippet":"max-snippet:-1","max-image-preview":"max-image-preview:large","max-video-preview":"max-video-preview:-1"},"canonical":"https:\/\/blvk.ch\/fr\/personnes-assurees\/optimiser-sa-prevoyance\/maintien-assurance\/","og_locale":"fr_FR","og_type":"article","og_title":"Le maintien de l\u2019assurance - CACEB","og_description":"Votre demande pour un maintien de l\u2019assurance ou une assurance externe doit \u00eatre faite par \u00e9crit avec ce formulaire. Il est possible de r\u00e9silier le maintien de l\u2019assurance ou l\u2019assurance externe pour la fin de chaque mois en observant un d\u00e9lai de pr\u00e9avis de 30 jours. La r\u00e9siliation doit \u00eatre notifi\u00e9e par \u00e9crit.","og_url":"https:\/\/blvk.ch\/fr\/personnes-assurees\/optimiser-sa-prevoyance\/maintien-assurance\/","og_site_name":"CACEB","article_modified_time":"2026-01-30T15:19:56+00:00","twitter_card":"summary_large_image","twitter_misc":{"Dur\u00e9e de lecture estim\u00e9e":"1 minute"},"schema":{"@context":"https:\/\/schema.org","@graph":[{"@type":"WebPage","@id":"https:\/\/blvk.ch\/fr\/personnes-assurees\/optimiser-sa-prevoyance\/maintien-assurance\/","url":"https:\/\/blvk.ch\/fr\/personnes-assurees\/optimiser-sa-prevoyance\/maintien-assurance\/","name":"Le maintien de l\u2019assurance - CACEB","isPartOf":{"@id":"https:\/\/blvk.ch\/fr\/#website"},"datePublished":"2022-09-05T19:39:21+00:00","dateModified":"2026-01-30T15:19:56+00:00","breadcrumb":{"@id":"https:\/\/blvk.ch\/fr\/personnes-assurees\/optimiser-sa-prevoyance\/maintien-assurance\/#breadcrumb"},"inLanguage":"fr-FR","potentialAction":[{"@type":"ReadAction","target":["https:\/\/blvk.ch\/fr\/personnes-assurees\/optimiser-sa-prevoyance\/maintien-assurance\/"]}]},{"@type":"BreadcrumbList","@id":"https:\/\/blvk.ch\/fr\/personnes-assurees\/optimiser-sa-prevoyance\/maintien-assurance\/#breadcrumb","itemListElement":[{"@type":"ListItem","position":1,"name":"Startseite","item":"https:\/\/blvk.ch\/fr\/"},{"@type":"ListItem","position":2,"name":"Personnes assur\u00e9es","item":"https:\/\/blvk.ch\/fr\/personnes-assurees\/"},{"@type":"ListItem","position":3,"name":"Optimiser sa pr\u00e9voyance","item":"https:\/\/blvk.ch\/fr\/personnes-assurees\/optimiser-sa-prevoyance\/"},{"@type":"ListItem","position":4,"name":"Le maintien de l\u2019assurance"}]},{"@type":"WebSite","@id":"https:\/\/blvk.ch\/fr\/#website","url":"https:\/\/blvk.ch\/fr\/","name":"CACEB","description":"Caisse d&#039;assurance du corps enseignant bernois","publisher":{"@id":"https:\/\/blvk.ch\/fr\/#organization"},"potentialAction":[{"@type":"SearchAction","target":{"@type":"EntryPoint","urlTemplate":"https:\/\/blvk.ch\/fr\/?s={search_term_string}"},"query-input":{"@type":"PropertyValueSpecification","valueRequired":true,"valueName":"search_term_string"}}],"inLanguage":"fr-FR"},{"@type":"Organization","@id":"https:\/\/blvk.ch\/fr\/#organization","name":"CACEB","url":"https:\/\/blvk.ch\/fr\/","logo":{"@type":"ImageObject","inLanguage":"fr-FR","@id":"https:\/\/blvk.ch\/fr\/#\/schema\/logo\/image\/","url":"https:\/\/blvk.ch\/wp-content\/uploads\/2022\/10\/Logo1.png","contentUrl":"https:\/\/blvk.ch\/wp-content\/uploads\/2022\/10\/Logo1.png","width":152,"height":66,"caption":"CACEB"},"image":{"@id":"https:\/\/blvk.ch\/fr\/#\/schema\/logo\/image\/"}}]}},"_links":{"self":[{"href":"https:\/\/blvk.ch\/fr\/wp-json\/wp\/v2\/pages\/2284","targetHints":{"allow":["GET"]}}],"collection":[{"href":"https:\/\/blvk.ch\/fr\/wp-json\/wp\/v2\/pages"}],"about":[{"href":"https:\/\/blvk.ch\/fr\/wp-json\/wp\/v2\/types\/page"}],"author":[{"embeddable":true,"href":"https:\/\/blvk.ch\/fr\/wp-json\/wp\/v2\/users\/1"}],"replies":[{"embeddable":true,"href":"https:\/\/blvk.ch\/fr\/wp-json\/wp\/v2\/comments?post=2284"}],"version-history":[{"count":32,"href":"https:\/\/blvk.ch\/fr\/wp-json\/wp\/v2\/pages\/2284\/revisions"}],"predecessor-version":[{"id":10807,"href":"https:\/\/blvk.ch\/fr\/wp-json\/wp\/v2\/pages\/2284\/revisions\/10807"}],"up":[{"embeddable":true,"href":"https:\/\/blvk.ch\/fr\/wp-json\/wp\/v2\/pages\/2470"}],"wp:attachment":[{"href":"https:\/\/blvk.ch\/fr\/wp-json\/wp\/v2\/media?parent=2284"}],"curies":[{"name":"wp","href":"https:\/\/api.w.org\/{rel}","templated":true}]}}