{"id":2305,"date":"2022-09-05T21:38:04","date_gmt":"2022-09-05T19:38:04","guid":{"rendered":"https:\/\/blvk.dev.mxm.agency\/?page_id=2305"},"modified":"2026-03-12T16:42:57","modified_gmt":"2026-03-12T15:42:57","slug":"choix-plan-depargne","status":"publish","type":"page","link":"https:\/\/blvk.ch\/fr\/personnes-assurees\/optimiser-sa-prevoyance\/choix-plan-depargne\/","title":{"rendered":"Choix du plan d\u2019\u00e9pargne"},"content":{"rendered":"<p>La CACEB propose les plans d\u2019\u00e9pargne \u00ab Standard \u00bb, \u00ab Minus \u00bb et \u00ab Plus \u00bb. En fonction du plan d\u2019\u00e9pargne choisi, les cotisations d\u2019\u00e9pargne d\u00e9duites du salaire sont sup\u00e9rieures ou inf\u00e9rieures. Cela a un impact sur le revenu imposable d\u2019une part et sur les futures prestations de retraite d\u2019autre part. En passant au plan d\u2019\u00e9pargne \u00ab Plus \u00bb, vous faites ainsi baisser vos imp\u00f4ts tout en augmentant votre future rente.<\/p>\n","protected":false},"excerpt":{"rendered":"<p>La CACEB propose les plans d\u2019\u00e9pargne \u00ab Standard \u00bb, \u00ab Minus \u00bb et \u00ab Plus \u00bb. En fonction du plan d\u2019\u00e9pargne choisi, les cotisations d\u2019\u00e9pargne d\u00e9duites du salaire sont sup\u00e9rieures ou inf\u00e9rieures. Cela a un impact sur le revenu imposable d\u2019une part et sur les futures prestations de retraite d\u2019autre part. En passant au plan [&hellip;]<\/p>\n","protected":false},"author":1,"featured_media":0,"parent":2470,"menu_order":1,"comment_status":"closed","ping_status":"closed","template":"page-templates\/grundsatze-small.php","meta":{"_acf_changed":false,"inline_featured_image":false,"footnotes":""},"class_list":["post-2305","page","type-page","status-publish","hentry"],"acf":[],"yoast_head":"<!-- This site is optimized with the Yoast SEO plugin v25.4 - https:\/\/yoast.com\/wordpress\/plugins\/seo\/ -->\n<title>Choix du plan d\u2019\u00e9pargne - CACEB<\/title>\n<meta name=\"robots\" content=\"index, follow, max-snippet:-1, max-image-preview:large, max-video-preview:-1\" \/>\n<link rel=\"canonical\" href=\"https:\/\/blvk.ch\/fr\/personnes-assurees\/optimiser-sa-prevoyance\/choix-plan-depargne\/\" \/>\n<meta property=\"og:locale\" content=\"fr_FR\" \/>\n<meta property=\"og:type\" content=\"article\" \/>\n<meta property=\"og:title\" content=\"Choix du plan d\u2019\u00e9pargne - CACEB\" \/>\n<meta property=\"og:description\" content=\"La CACEB propose les plans d\u2019\u00e9pargne \u00ab Standard \u00bb, \u00ab Minus \u00bb et \u00ab Plus \u00bb. En fonction du plan d\u2019\u00e9pargne choisi, les cotisations d\u2019\u00e9pargne d\u00e9duites du salaire sont sup\u00e9rieures ou inf\u00e9rieures. Cela a un impact sur le revenu imposable d\u2019une part et sur les futures prestations de retraite d\u2019autre part. En passant au plan [&hellip;]\" \/>\n<meta property=\"og:url\" content=\"https:\/\/blvk.ch\/fr\/personnes-assurees\/optimiser-sa-prevoyance\/choix-plan-depargne\/\" \/>\n<meta property=\"og:site_name\" content=\"CACEB\" \/>\n<meta property=\"article:modified_time\" content=\"2026-03-12T15:42:57+00:00\" \/>\n<meta name=\"twitter:card\" content=\"summary_large_image\" \/>\n<meta name=\"twitter:label1\" content=\"Dur\u00e9e de lecture estim\u00e9e\" \/>\n\t<meta name=\"twitter:data1\" content=\"1 minute\" \/>\n<script type=\"application\/ld+json\" class=\"yoast-schema-graph\">{\"@context\":\"https:\/\/schema.org\",\"@graph\":[{\"@type\":\"WebPage\",\"@id\":\"https:\/\/blvk.ch\/fr\/personnes-assurees\/optimiser-sa-prevoyance\/choix-plan-depargne\/\",\"url\":\"https:\/\/blvk.ch\/fr\/personnes-assurees\/optimiser-sa-prevoyance\/choix-plan-depargne\/\",\"name\":\"Choix du plan d\u2019\u00e9pargne - CACEB\",\"isPartOf\":{\"@id\":\"https:\/\/blvk.ch\/fr\/#website\"},\"datePublished\":\"2022-09-05T19:38:04+00:00\",\"dateModified\":\"2026-03-12T15:42:57+00:00\",\"breadcrumb\":{\"@id\":\"https:\/\/blvk.ch\/fr\/personnes-assurees\/optimiser-sa-prevoyance\/choix-plan-depargne\/#breadcrumb\"},\"inLanguage\":\"fr-FR\",\"potentialAction\":[{\"@type\":\"ReadAction\",\"target\":[\"https:\/\/blvk.ch\/fr\/personnes-assurees\/optimiser-sa-prevoyance\/choix-plan-depargne\/\"]}]},{\"@type\":\"BreadcrumbList\",\"@id\":\"https:\/\/blvk.ch\/fr\/personnes-assurees\/optimiser-sa-prevoyance\/choix-plan-depargne\/#breadcrumb\",\"itemListElement\":[{\"@type\":\"ListItem\",\"position\":1,\"name\":\"Startseite\",\"item\":\"https:\/\/blvk.ch\/fr\/\"},{\"@type\":\"ListItem\",\"position\":2,\"name\":\"Personnes assur\u00e9es\",\"item\":\"https:\/\/blvk.ch\/fr\/personnes-assurees\/\"},{\"@type\":\"ListItem\",\"position\":3,\"name\":\"Optimiser sa pr\u00e9voyance\",\"item\":\"https:\/\/blvk.ch\/fr\/personnes-assurees\/optimiser-sa-prevoyance\/\"},{\"@type\":\"ListItem\",\"position\":4,\"name\":\"Choix du plan d\u2019\u00e9pargne\"}]},{\"@type\":\"WebSite\",\"@id\":\"https:\/\/blvk.ch\/fr\/#website\",\"url\":\"https:\/\/blvk.ch\/fr\/\",\"name\":\"CACEB\",\"description\":\"Caisse d&#039;assurance du corps enseignant bernois\",\"publisher\":{\"@id\":\"https:\/\/blvk.ch\/fr\/#organization\"},\"potentialAction\":[{\"@type\":\"SearchAction\",\"target\":{\"@type\":\"EntryPoint\",\"urlTemplate\":\"https:\/\/blvk.ch\/fr\/?s={search_term_string}\"},\"query-input\":{\"@type\":\"PropertyValueSpecification\",\"valueRequired\":true,\"valueName\":\"search_term_string\"}}],\"inLanguage\":\"fr-FR\"},{\"@type\":\"Organization\",\"@id\":\"https:\/\/blvk.ch\/fr\/#organization\",\"name\":\"CACEB\",\"url\":\"https:\/\/blvk.ch\/fr\/\",\"logo\":{\"@type\":\"ImageObject\",\"inLanguage\":\"fr-FR\",\"@id\":\"https:\/\/blvk.ch\/fr\/#\/schema\/logo\/image\/\",\"url\":\"https:\/\/blvk.ch\/wp-content\/uploads\/2022\/10\/Logo1.png\",\"contentUrl\":\"https:\/\/blvk.ch\/wp-content\/uploads\/2022\/10\/Logo1.png\",\"width\":152,\"height\":66,\"caption\":\"CACEB\"},\"image\":{\"@id\":\"https:\/\/blvk.ch\/fr\/#\/schema\/logo\/image\/\"}}]}<\/script>\n<!-- \/ Yoast SEO plugin. -->","yoast_head_json":{"title":"Choix du plan d\u2019\u00e9pargne - CACEB","robots":{"index":"index","follow":"follow","max-snippet":"max-snippet:-1","max-image-preview":"max-image-preview:large","max-video-preview":"max-video-preview:-1"},"canonical":"https:\/\/blvk.ch\/fr\/personnes-assurees\/optimiser-sa-prevoyance\/choix-plan-depargne\/","og_locale":"fr_FR","og_type":"article","og_title":"Choix du plan d\u2019\u00e9pargne - CACEB","og_description":"La CACEB propose les plans d\u2019\u00e9pargne \u00ab Standard \u00bb, \u00ab Minus \u00bb et \u00ab Plus \u00bb. En fonction du plan d\u2019\u00e9pargne choisi, les cotisations d\u2019\u00e9pargne d\u00e9duites du salaire sont sup\u00e9rieures ou inf\u00e9rieures. Cela a un impact sur le revenu imposable d\u2019une part et sur les futures prestations de retraite d\u2019autre part. En passant au plan [&hellip;]","og_url":"https:\/\/blvk.ch\/fr\/personnes-assurees\/optimiser-sa-prevoyance\/choix-plan-depargne\/","og_site_name":"CACEB","article_modified_time":"2026-03-12T15:42:57+00:00","twitter_card":"summary_large_image","twitter_misc":{"Dur\u00e9e de lecture estim\u00e9e":"1 minute"},"schema":{"@context":"https:\/\/schema.org","@graph":[{"@type":"WebPage","@id":"https:\/\/blvk.ch\/fr\/personnes-assurees\/optimiser-sa-prevoyance\/choix-plan-depargne\/","url":"https:\/\/blvk.ch\/fr\/personnes-assurees\/optimiser-sa-prevoyance\/choix-plan-depargne\/","name":"Choix du plan d\u2019\u00e9pargne - CACEB","isPartOf":{"@id":"https:\/\/blvk.ch\/fr\/#website"},"datePublished":"2022-09-05T19:38:04+00:00","dateModified":"2026-03-12T15:42:57+00:00","breadcrumb":{"@id":"https:\/\/blvk.ch\/fr\/personnes-assurees\/optimiser-sa-prevoyance\/choix-plan-depargne\/#breadcrumb"},"inLanguage":"fr-FR","potentialAction":[{"@type":"ReadAction","target":["https:\/\/blvk.ch\/fr\/personnes-assurees\/optimiser-sa-prevoyance\/choix-plan-depargne\/"]}]},{"@type":"BreadcrumbList","@id":"https:\/\/blvk.ch\/fr\/personnes-assurees\/optimiser-sa-prevoyance\/choix-plan-depargne\/#breadcrumb","itemListElement":[{"@type":"ListItem","position":1,"name":"Startseite","item":"https:\/\/blvk.ch\/fr\/"},{"@type":"ListItem","position":2,"name":"Personnes assur\u00e9es","item":"https:\/\/blvk.ch\/fr\/personnes-assurees\/"},{"@type":"ListItem","position":3,"name":"Optimiser sa pr\u00e9voyance","item":"https:\/\/blvk.ch\/fr\/personnes-assurees\/optimiser-sa-prevoyance\/"},{"@type":"ListItem","position":4,"name":"Choix du plan d\u2019\u00e9pargne"}]},{"@type":"WebSite","@id":"https:\/\/blvk.ch\/fr\/#website","url":"https:\/\/blvk.ch\/fr\/","name":"CACEB","description":"Caisse d&#039;assurance du corps enseignant bernois","publisher":{"@id":"https:\/\/blvk.ch\/fr\/#organization"},"potentialAction":[{"@type":"SearchAction","target":{"@type":"EntryPoint","urlTemplate":"https:\/\/blvk.ch\/fr\/?s={search_term_string}"},"query-input":{"@type":"PropertyValueSpecification","valueRequired":true,"valueName":"search_term_string"}}],"inLanguage":"fr-FR"},{"@type":"Organization","@id":"https:\/\/blvk.ch\/fr\/#organization","name":"CACEB","url":"https:\/\/blvk.ch\/fr\/","logo":{"@type":"ImageObject","inLanguage":"fr-FR","@id":"https:\/\/blvk.ch\/fr\/#\/schema\/logo\/image\/","url":"https:\/\/blvk.ch\/wp-content\/uploads\/2022\/10\/Logo1.png","contentUrl":"https:\/\/blvk.ch\/wp-content\/uploads\/2022\/10\/Logo1.png","width":152,"height":66,"caption":"CACEB"},"image":{"@id":"https:\/\/blvk.ch\/fr\/#\/schema\/logo\/image\/"}}]}},"_links":{"self":[{"href":"https:\/\/blvk.ch\/fr\/wp-json\/wp\/v2\/pages\/2305","targetHints":{"allow":["GET"]}}],"collection":[{"href":"https:\/\/blvk.ch\/fr\/wp-json\/wp\/v2\/pages"}],"about":[{"href":"https:\/\/blvk.ch\/fr\/wp-json\/wp\/v2\/types\/page"}],"author":[{"embeddable":true,"href":"https:\/\/blvk.ch\/fr\/wp-json\/wp\/v2\/users\/1"}],"replies":[{"embeddable":true,"href":"https:\/\/blvk.ch\/fr\/wp-json\/wp\/v2\/comments?post=2305"}],"version-history":[{"count":32,"href":"https:\/\/blvk.ch\/fr\/wp-json\/wp\/v2\/pages\/2305\/revisions"}],"predecessor-version":[{"id":10880,"href":"https:\/\/blvk.ch\/fr\/wp-json\/wp\/v2\/pages\/2305\/revisions\/10880"}],"up":[{"embeddable":true,"href":"https:\/\/blvk.ch\/fr\/wp-json\/wp\/v2\/pages\/2470"}],"wp:attachment":[{"href":"https:\/\/blvk.ch\/fr\/wp-json\/wp\/v2\/media?parent=2305"}],"curies":[{"name":"wp","href":"https:\/\/api.w.org\/{rel}","templated":true}]}}