{"id":2309,"date":"2022-09-05T21:37:37","date_gmt":"2022-09-05T19:37:37","guid":{"rendered":"https:\/\/blvk.dev.mxm.agency\/?page_id=2309"},"modified":"2025-06-18T17:18:47","modified_gmt":"2025-06-18T15:18:47","slug":"eviter-les-lacunes-de-prevoyance","status":"publish","type":"page","link":"https:\/\/blvk.ch\/fr\/personnes-assurees\/optimiser-sa-prevoyance\/eviter-les-lacunes-de-prevoyance\/","title":{"rendered":"\u00c9viter les lacunes de pr\u00e9voyance"},"content":{"rendered":"<p>Le premier et le deuxi\u00e8me pilier doivent couvrir pr\u00e8s de 60&nbsp;% du dernier salaire apr\u00e8s le d\u00e9part \u00e0 la retraite. Mais pour de nombreuses personnes actives, des lacunes de pr\u00e9voyance peuvent survenir, par exemple \u00e0 cause d\u2019interruptions de l\u2019activit\u00e9 professionnelle pour voyager ou de p\u00e9riodes d\u2019activit\u00e9 lucrative ind\u00e9pendante sans solution de pr\u00e9voyance. Un divorce peut aussi entra\u00eener une baisse de revenu \u00e0 la retraite. Car toutes les cotisations que vous versez pendant le mariage ou le partenariat enregistr\u00e9 sont divis\u00e9es par deux au moment du partage.<\/p>\n","protected":false},"excerpt":{"rendered":"<p>Le premier et le deuxi\u00e8me pilier doivent couvrir pr\u00e8s de 60&nbsp;% du dernier salaire apr\u00e8s le d\u00e9part \u00e0 la retraite. Mais pour de nombreuses personnes actives, des lacunes de pr\u00e9voyance peuvent survenir, par exemple \u00e0 cause d\u2019interruptions de l\u2019activit\u00e9 professionnelle pour voyager ou de p\u00e9riodes d\u2019activit\u00e9 lucrative ind\u00e9pendante sans solution de pr\u00e9voyance. Un divorce peut [&hellip;]<\/p>\n","protected":false},"author":1,"featured_media":0,"parent":2470,"menu_order":0,"comment_status":"closed","ping_status":"closed","template":"page-templates\/grundsatze-columns.php","meta":{"_acf_changed":false,"inline_featured_image":false,"footnotes":""},"class_list":["post-2309","page","type-page","status-publish","hentry"],"acf":[],"yoast_head":"<!-- This site is optimized with the Yoast SEO plugin v25.4 - https:\/\/yoast.com\/wordpress\/plugins\/seo\/ -->\n<title>\u00c9viter les lacunes de pr\u00e9voyance - CACEB<\/title>\n<meta name=\"robots\" content=\"index, follow, max-snippet:-1, max-image-preview:large, max-video-preview:-1\" \/>\n<link rel=\"canonical\" href=\"https:\/\/blvk.ch\/fr\/personnes-assurees\/optimiser-sa-prevoyance\/eviter-les-lacunes-de-prevoyance\/\" \/>\n<meta property=\"og:locale\" content=\"fr_FR\" \/>\n<meta property=\"og:type\" content=\"article\" \/>\n<meta property=\"og:title\" content=\"\u00c9viter les lacunes de pr\u00e9voyance - CACEB\" \/>\n<meta property=\"og:description\" content=\"Le premier et le deuxi\u00e8me pilier doivent couvrir pr\u00e8s de 60&nbsp;% du dernier salaire apr\u00e8s le d\u00e9part \u00e0 la retraite. Mais pour de nombreuses personnes actives, des lacunes de pr\u00e9voyance peuvent survenir, par exemple \u00e0 cause d\u2019interruptions de l\u2019activit\u00e9 professionnelle pour voyager ou de p\u00e9riodes d\u2019activit\u00e9 lucrative ind\u00e9pendante sans solution de pr\u00e9voyance. Un divorce peut [&hellip;]\" \/>\n<meta property=\"og:url\" content=\"https:\/\/blvk.ch\/fr\/personnes-assurees\/optimiser-sa-prevoyance\/eviter-les-lacunes-de-prevoyance\/\" \/>\n<meta property=\"og:site_name\" content=\"CACEB\" \/>\n<meta property=\"article:modified_time\" content=\"2025-06-18T15:18:47+00:00\" \/>\n<meta name=\"twitter:card\" content=\"summary_large_image\" \/>\n<meta name=\"twitter:label1\" content=\"Dur\u00e9e de lecture estim\u00e9e\" \/>\n\t<meta name=\"twitter:data1\" content=\"1 minute\" \/>\n<script type=\"application\/ld+json\" class=\"yoast-schema-graph\">{\"@context\":\"https:\/\/schema.org\",\"@graph\":[{\"@type\":\"WebPage\",\"@id\":\"https:\/\/blvk.ch\/fr\/personnes-assurees\/optimiser-sa-prevoyance\/eviter-les-lacunes-de-prevoyance\/\",\"url\":\"https:\/\/blvk.ch\/fr\/personnes-assurees\/optimiser-sa-prevoyance\/eviter-les-lacunes-de-prevoyance\/\",\"name\":\"\u00c9viter les lacunes de pr\u00e9voyance - CACEB\",\"isPartOf\":{\"@id\":\"https:\/\/blvk.ch\/fr\/#website\"},\"datePublished\":\"2022-09-05T19:37:37+00:00\",\"dateModified\":\"2025-06-18T15:18:47+00:00\",\"breadcrumb\":{\"@id\":\"https:\/\/blvk.ch\/fr\/personnes-assurees\/optimiser-sa-prevoyance\/eviter-les-lacunes-de-prevoyance\/#breadcrumb\"},\"inLanguage\":\"fr-FR\",\"potentialAction\":[{\"@type\":\"ReadAction\",\"target\":[\"https:\/\/blvk.ch\/fr\/personnes-assurees\/optimiser-sa-prevoyance\/eviter-les-lacunes-de-prevoyance\/\"]}]},{\"@type\":\"BreadcrumbList\",\"@id\":\"https:\/\/blvk.ch\/fr\/personnes-assurees\/optimiser-sa-prevoyance\/eviter-les-lacunes-de-prevoyance\/#breadcrumb\",\"itemListElement\":[{\"@type\":\"ListItem\",\"position\":1,\"name\":\"Startseite\",\"item\":\"https:\/\/blvk.ch\/fr\/\"},{\"@type\":\"ListItem\",\"position\":2,\"name\":\"Personnes assur\u00e9es\",\"item\":\"https:\/\/blvk.ch\/fr\/personnes-assurees\/\"},{\"@type\":\"ListItem\",\"position\":3,\"name\":\"Optimiser sa pr\u00e9voyance\",\"item\":\"https:\/\/blvk.ch\/fr\/personnes-assurees\/optimiser-sa-prevoyance\/\"},{\"@type\":\"ListItem\",\"position\":4,\"name\":\"\u00c9viter les lacunes de pr\u00e9voyance\"}]},{\"@type\":\"WebSite\",\"@id\":\"https:\/\/blvk.ch\/fr\/#website\",\"url\":\"https:\/\/blvk.ch\/fr\/\",\"name\":\"CACEB\",\"description\":\"Caisse d&#039;assurance du corps enseignant bernois\",\"publisher\":{\"@id\":\"https:\/\/blvk.ch\/fr\/#organization\"},\"potentialAction\":[{\"@type\":\"SearchAction\",\"target\":{\"@type\":\"EntryPoint\",\"urlTemplate\":\"https:\/\/blvk.ch\/fr\/?s={search_term_string}\"},\"query-input\":{\"@type\":\"PropertyValueSpecification\",\"valueRequired\":true,\"valueName\":\"search_term_string\"}}],\"inLanguage\":\"fr-FR\"},{\"@type\":\"Organization\",\"@id\":\"https:\/\/blvk.ch\/fr\/#organization\",\"name\":\"CACEB\",\"url\":\"https:\/\/blvk.ch\/fr\/\",\"logo\":{\"@type\":\"ImageObject\",\"inLanguage\":\"fr-FR\",\"@id\":\"https:\/\/blvk.ch\/fr\/#\/schema\/logo\/image\/\",\"url\":\"https:\/\/blvk.ch\/wp-content\/uploads\/2022\/10\/Logo1.png\",\"contentUrl\":\"https:\/\/blvk.ch\/wp-content\/uploads\/2022\/10\/Logo1.png\",\"width\":152,\"height\":66,\"caption\":\"CACEB\"},\"image\":{\"@id\":\"https:\/\/blvk.ch\/fr\/#\/schema\/logo\/image\/\"}}]}<\/script>\n<!-- \/ Yoast SEO plugin. -->","yoast_head_json":{"title":"\u00c9viter les lacunes de pr\u00e9voyance - CACEB","robots":{"index":"index","follow":"follow","max-snippet":"max-snippet:-1","max-image-preview":"max-image-preview:large","max-video-preview":"max-video-preview:-1"},"canonical":"https:\/\/blvk.ch\/fr\/personnes-assurees\/optimiser-sa-prevoyance\/eviter-les-lacunes-de-prevoyance\/","og_locale":"fr_FR","og_type":"article","og_title":"\u00c9viter les lacunes de pr\u00e9voyance - CACEB","og_description":"Le premier et le deuxi\u00e8me pilier doivent couvrir pr\u00e8s de 60&nbsp;% du dernier salaire apr\u00e8s le d\u00e9part \u00e0 la retraite. Mais pour de nombreuses personnes actives, des lacunes de pr\u00e9voyance peuvent survenir, par exemple \u00e0 cause d\u2019interruptions de l\u2019activit\u00e9 professionnelle pour voyager ou de p\u00e9riodes d\u2019activit\u00e9 lucrative ind\u00e9pendante sans solution de pr\u00e9voyance. Un divorce peut [&hellip;]","og_url":"https:\/\/blvk.ch\/fr\/personnes-assurees\/optimiser-sa-prevoyance\/eviter-les-lacunes-de-prevoyance\/","og_site_name":"CACEB","article_modified_time":"2025-06-18T15:18:47+00:00","twitter_card":"summary_large_image","twitter_misc":{"Dur\u00e9e de lecture estim\u00e9e":"1 minute"},"schema":{"@context":"https:\/\/schema.org","@graph":[{"@type":"WebPage","@id":"https:\/\/blvk.ch\/fr\/personnes-assurees\/optimiser-sa-prevoyance\/eviter-les-lacunes-de-prevoyance\/","url":"https:\/\/blvk.ch\/fr\/personnes-assurees\/optimiser-sa-prevoyance\/eviter-les-lacunes-de-prevoyance\/","name":"\u00c9viter les lacunes de pr\u00e9voyance - CACEB","isPartOf":{"@id":"https:\/\/blvk.ch\/fr\/#website"},"datePublished":"2022-09-05T19:37:37+00:00","dateModified":"2025-06-18T15:18:47+00:00","breadcrumb":{"@id":"https:\/\/blvk.ch\/fr\/personnes-assurees\/optimiser-sa-prevoyance\/eviter-les-lacunes-de-prevoyance\/#breadcrumb"},"inLanguage":"fr-FR","potentialAction":[{"@type":"ReadAction","target":["https:\/\/blvk.ch\/fr\/personnes-assurees\/optimiser-sa-prevoyance\/eviter-les-lacunes-de-prevoyance\/"]}]},{"@type":"BreadcrumbList","@id":"https:\/\/blvk.ch\/fr\/personnes-assurees\/optimiser-sa-prevoyance\/eviter-les-lacunes-de-prevoyance\/#breadcrumb","itemListElement":[{"@type":"ListItem","position":1,"name":"Startseite","item":"https:\/\/blvk.ch\/fr\/"},{"@type":"ListItem","position":2,"name":"Personnes assur\u00e9es","item":"https:\/\/blvk.ch\/fr\/personnes-assurees\/"},{"@type":"ListItem","position":3,"name":"Optimiser sa pr\u00e9voyance","item":"https:\/\/blvk.ch\/fr\/personnes-assurees\/optimiser-sa-prevoyance\/"},{"@type":"ListItem","position":4,"name":"\u00c9viter les lacunes de pr\u00e9voyance"}]},{"@type":"WebSite","@id":"https:\/\/blvk.ch\/fr\/#website","url":"https:\/\/blvk.ch\/fr\/","name":"CACEB","description":"Caisse d&#039;assurance du corps enseignant bernois","publisher":{"@id":"https:\/\/blvk.ch\/fr\/#organization"},"potentialAction":[{"@type":"SearchAction","target":{"@type":"EntryPoint","urlTemplate":"https:\/\/blvk.ch\/fr\/?s={search_term_string}"},"query-input":{"@type":"PropertyValueSpecification","valueRequired":true,"valueName":"search_term_string"}}],"inLanguage":"fr-FR"},{"@type":"Organization","@id":"https:\/\/blvk.ch\/fr\/#organization","name":"CACEB","url":"https:\/\/blvk.ch\/fr\/","logo":{"@type":"ImageObject","inLanguage":"fr-FR","@id":"https:\/\/blvk.ch\/fr\/#\/schema\/logo\/image\/","url":"https:\/\/blvk.ch\/wp-content\/uploads\/2022\/10\/Logo1.png","contentUrl":"https:\/\/blvk.ch\/wp-content\/uploads\/2022\/10\/Logo1.png","width":152,"height":66,"caption":"CACEB"},"image":{"@id":"https:\/\/blvk.ch\/fr\/#\/schema\/logo\/image\/"}}]}},"_links":{"self":[{"href":"https:\/\/blvk.ch\/fr\/wp-json\/wp\/v2\/pages\/2309","targetHints":{"allow":["GET"]}}],"collection":[{"href":"https:\/\/blvk.ch\/fr\/wp-json\/wp\/v2\/pages"}],"about":[{"href":"https:\/\/blvk.ch\/fr\/wp-json\/wp\/v2\/types\/page"}],"author":[{"embeddable":true,"href":"https:\/\/blvk.ch\/fr\/wp-json\/wp\/v2\/users\/1"}],"replies":[{"embeddable":true,"href":"https:\/\/blvk.ch\/fr\/wp-json\/wp\/v2\/comments?post=2309"}],"version-history":[{"count":16,"href":"https:\/\/blvk.ch\/fr\/wp-json\/wp\/v2\/pages\/2309\/revisions"}],"predecessor-version":[{"id":9490,"href":"https:\/\/blvk.ch\/fr\/wp-json\/wp\/v2\/pages\/2309\/revisions\/9490"}],"up":[{"embeddable":true,"href":"https:\/\/blvk.ch\/fr\/wp-json\/wp\/v2\/pages\/2470"}],"wp:attachment":[{"href":"https:\/\/blvk.ch\/fr\/wp-json\/wp\/v2\/media?parent=2309"}],"curies":[{"name":"wp","href":"https:\/\/api.w.org\/{rel}","templated":true}]}}