{"id":2312,"date":"2022-09-05T21:37:11","date_gmt":"2022-09-05T19:37:11","guid":{"rendered":"https:\/\/blvk.dev.mxm.agency\/?page_id=2312"},"modified":"2026-04-10T17:11:21","modified_gmt":"2026-04-10T15:11:21","slug":"rachat-dans-la-cp","status":"publish","type":"page","link":"https:\/\/blvk.ch\/fr\/personnes-assurees\/optimiser-sa-prevoyance\/rachat-dans-la-cp\/","title":{"rendered":"Rachat dans la CP"},"content":{"rendered":"<p>Dans certaines circonstances, vous avez la possibilit\u00e9 de proc\u00e9der \u00e0 des versements facultatifs dans la caisse de pension, qui sont d\u00e9ductibles fiscalement et augmentent vos futures prestations. Le rachat peut intervenir \u00e0 condition que l\u2019avoir accumul\u00e9 dans la caisse de pension ne suffise pas pour atteindre la rente maximale possible correspondant au salaire actuel. Les dispositions d\u00e9taill\u00e9es se trouvent \u00e0 l\u2019art. 11 du r\u00e8glement de pr\u00e9voyance.<\/p>\n","protected":false},"excerpt":{"rendered":"<p>Dans certaines circonstances, vous avez la possibilit\u00e9 de proc\u00e9der \u00e0 des versements facultatifs dans la caisse de pension, qui sont d\u00e9ductibles fiscalement et augmentent vos futures prestations. Le rachat peut intervenir \u00e0 condition que l\u2019avoir accumul\u00e9 dans la caisse de pension ne suffise pas pour atteindre la rente maximale possible correspondant au salaire actuel. Les [&hellip;]<\/p>\n","protected":false},"author":1,"featured_media":0,"parent":2470,"menu_order":1,"comment_status":"closed","ping_status":"closed","template":"page-templates\/grundsatze-small.php","meta":{"_acf_changed":false,"inline_featured_image":false,"footnotes":""},"class_list":["post-2312","page","type-page","status-publish","hentry"],"acf":[],"yoast_head":"<!-- This site is optimized with the Yoast SEO plugin v25.4 - https:\/\/yoast.com\/wordpress\/plugins\/seo\/ -->\n<title>Rachat dans la CP - CACEB<\/title>\n<meta name=\"robots\" content=\"index, follow, max-snippet:-1, max-image-preview:large, max-video-preview:-1\" \/>\n<link rel=\"canonical\" href=\"https:\/\/blvk.ch\/fr\/personnes-assurees\/optimiser-sa-prevoyance\/rachat-dans-la-cp\/\" \/>\n<meta property=\"og:locale\" content=\"fr_FR\" \/>\n<meta property=\"og:type\" content=\"article\" \/>\n<meta property=\"og:title\" content=\"Rachat dans la CP - CACEB\" \/>\n<meta property=\"og:description\" content=\"Dans certaines circonstances, vous avez la possibilit\u00e9 de proc\u00e9der \u00e0 des versements facultatifs dans la caisse de pension, qui sont d\u00e9ductibles fiscalement et augmentent vos futures prestations. Le rachat peut intervenir \u00e0 condition que l\u2019avoir accumul\u00e9 dans la caisse de pension ne suffise pas pour atteindre la rente maximale possible correspondant au salaire actuel. Les [&hellip;]\" \/>\n<meta property=\"og:url\" content=\"https:\/\/blvk.ch\/fr\/personnes-assurees\/optimiser-sa-prevoyance\/rachat-dans-la-cp\/\" \/>\n<meta property=\"og:site_name\" content=\"CACEB\" \/>\n<meta property=\"article:modified_time\" content=\"2026-04-10T15:11:21+00:00\" \/>\n<meta name=\"twitter:card\" content=\"summary_large_image\" \/>\n<meta name=\"twitter:label1\" content=\"Dur\u00e9e de lecture estim\u00e9e\" \/>\n\t<meta name=\"twitter:data1\" content=\"1 minute\" \/>\n<script type=\"application\/ld+json\" class=\"yoast-schema-graph\">{\"@context\":\"https:\/\/schema.org\",\"@graph\":[{\"@type\":\"WebPage\",\"@id\":\"https:\/\/blvk.ch\/fr\/personnes-assurees\/optimiser-sa-prevoyance\/rachat-dans-la-cp\/\",\"url\":\"https:\/\/blvk.ch\/fr\/personnes-assurees\/optimiser-sa-prevoyance\/rachat-dans-la-cp\/\",\"name\":\"Rachat dans la CP - CACEB\",\"isPartOf\":{\"@id\":\"https:\/\/blvk.ch\/fr\/#website\"},\"datePublished\":\"2022-09-05T19:37:11+00:00\",\"dateModified\":\"2026-04-10T15:11:21+00:00\",\"breadcrumb\":{\"@id\":\"https:\/\/blvk.ch\/fr\/personnes-assurees\/optimiser-sa-prevoyance\/rachat-dans-la-cp\/#breadcrumb\"},\"inLanguage\":\"fr-FR\",\"potentialAction\":[{\"@type\":\"ReadAction\",\"target\":[\"https:\/\/blvk.ch\/fr\/personnes-assurees\/optimiser-sa-prevoyance\/rachat-dans-la-cp\/\"]}]},{\"@type\":\"BreadcrumbList\",\"@id\":\"https:\/\/blvk.ch\/fr\/personnes-assurees\/optimiser-sa-prevoyance\/rachat-dans-la-cp\/#breadcrumb\",\"itemListElement\":[{\"@type\":\"ListItem\",\"position\":1,\"name\":\"Startseite\",\"item\":\"https:\/\/blvk.ch\/fr\/\"},{\"@type\":\"ListItem\",\"position\":2,\"name\":\"Personnes assur\u00e9es\",\"item\":\"https:\/\/blvk.ch\/fr\/personnes-assurees\/\"},{\"@type\":\"ListItem\",\"position\":3,\"name\":\"Optimiser sa pr\u00e9voyance\",\"item\":\"https:\/\/blvk.ch\/fr\/personnes-assurees\/optimiser-sa-prevoyance\/\"},{\"@type\":\"ListItem\",\"position\":4,\"name\":\"Rachat dans la CP\"}]},{\"@type\":\"WebSite\",\"@id\":\"https:\/\/blvk.ch\/fr\/#website\",\"url\":\"https:\/\/blvk.ch\/fr\/\",\"name\":\"CACEB\",\"description\":\"Caisse d&#039;assurance du corps enseignant bernois\",\"publisher\":{\"@id\":\"https:\/\/blvk.ch\/fr\/#organization\"},\"potentialAction\":[{\"@type\":\"SearchAction\",\"target\":{\"@type\":\"EntryPoint\",\"urlTemplate\":\"https:\/\/blvk.ch\/fr\/?s={search_term_string}\"},\"query-input\":{\"@type\":\"PropertyValueSpecification\",\"valueRequired\":true,\"valueName\":\"search_term_string\"}}],\"inLanguage\":\"fr-FR\"},{\"@type\":\"Organization\",\"@id\":\"https:\/\/blvk.ch\/fr\/#organization\",\"name\":\"CACEB\",\"url\":\"https:\/\/blvk.ch\/fr\/\",\"logo\":{\"@type\":\"ImageObject\",\"inLanguage\":\"fr-FR\",\"@id\":\"https:\/\/blvk.ch\/fr\/#\/schema\/logo\/image\/\",\"url\":\"https:\/\/blvk.ch\/wp-content\/uploads\/2022\/10\/Logo1.png\",\"contentUrl\":\"https:\/\/blvk.ch\/wp-content\/uploads\/2022\/10\/Logo1.png\",\"width\":152,\"height\":66,\"caption\":\"CACEB\"},\"image\":{\"@id\":\"https:\/\/blvk.ch\/fr\/#\/schema\/logo\/image\/\"}}]}<\/script>\n<!-- \/ Yoast SEO plugin. -->","yoast_head_json":{"title":"Rachat dans la CP - CACEB","robots":{"index":"index","follow":"follow","max-snippet":"max-snippet:-1","max-image-preview":"max-image-preview:large","max-video-preview":"max-video-preview:-1"},"canonical":"https:\/\/blvk.ch\/fr\/personnes-assurees\/optimiser-sa-prevoyance\/rachat-dans-la-cp\/","og_locale":"fr_FR","og_type":"article","og_title":"Rachat dans la CP - CACEB","og_description":"Dans certaines circonstances, vous avez la possibilit\u00e9 de proc\u00e9der \u00e0 des versements facultatifs dans la caisse de pension, qui sont d\u00e9ductibles fiscalement et augmentent vos futures prestations. Le rachat peut intervenir \u00e0 condition que l\u2019avoir accumul\u00e9 dans la caisse de pension ne suffise pas pour atteindre la rente maximale possible correspondant au salaire actuel. Les [&hellip;]","og_url":"https:\/\/blvk.ch\/fr\/personnes-assurees\/optimiser-sa-prevoyance\/rachat-dans-la-cp\/","og_site_name":"CACEB","article_modified_time":"2026-04-10T15:11:21+00:00","twitter_card":"summary_large_image","twitter_misc":{"Dur\u00e9e de lecture estim\u00e9e":"1 minute"},"schema":{"@context":"https:\/\/schema.org","@graph":[{"@type":"WebPage","@id":"https:\/\/blvk.ch\/fr\/personnes-assurees\/optimiser-sa-prevoyance\/rachat-dans-la-cp\/","url":"https:\/\/blvk.ch\/fr\/personnes-assurees\/optimiser-sa-prevoyance\/rachat-dans-la-cp\/","name":"Rachat dans la CP - CACEB","isPartOf":{"@id":"https:\/\/blvk.ch\/fr\/#website"},"datePublished":"2022-09-05T19:37:11+00:00","dateModified":"2026-04-10T15:11:21+00:00","breadcrumb":{"@id":"https:\/\/blvk.ch\/fr\/personnes-assurees\/optimiser-sa-prevoyance\/rachat-dans-la-cp\/#breadcrumb"},"inLanguage":"fr-FR","potentialAction":[{"@type":"ReadAction","target":["https:\/\/blvk.ch\/fr\/personnes-assurees\/optimiser-sa-prevoyance\/rachat-dans-la-cp\/"]}]},{"@type":"BreadcrumbList","@id":"https:\/\/blvk.ch\/fr\/personnes-assurees\/optimiser-sa-prevoyance\/rachat-dans-la-cp\/#breadcrumb","itemListElement":[{"@type":"ListItem","position":1,"name":"Startseite","item":"https:\/\/blvk.ch\/fr\/"},{"@type":"ListItem","position":2,"name":"Personnes assur\u00e9es","item":"https:\/\/blvk.ch\/fr\/personnes-assurees\/"},{"@type":"ListItem","position":3,"name":"Optimiser sa pr\u00e9voyance","item":"https:\/\/blvk.ch\/fr\/personnes-assurees\/optimiser-sa-prevoyance\/"},{"@type":"ListItem","position":4,"name":"Rachat dans la CP"}]},{"@type":"WebSite","@id":"https:\/\/blvk.ch\/fr\/#website","url":"https:\/\/blvk.ch\/fr\/","name":"CACEB","description":"Caisse d&#039;assurance du corps enseignant bernois","publisher":{"@id":"https:\/\/blvk.ch\/fr\/#organization"},"potentialAction":[{"@type":"SearchAction","target":{"@type":"EntryPoint","urlTemplate":"https:\/\/blvk.ch\/fr\/?s={search_term_string}"},"query-input":{"@type":"PropertyValueSpecification","valueRequired":true,"valueName":"search_term_string"}}],"inLanguage":"fr-FR"},{"@type":"Organization","@id":"https:\/\/blvk.ch\/fr\/#organization","name":"CACEB","url":"https:\/\/blvk.ch\/fr\/","logo":{"@type":"ImageObject","inLanguage":"fr-FR","@id":"https:\/\/blvk.ch\/fr\/#\/schema\/logo\/image\/","url":"https:\/\/blvk.ch\/wp-content\/uploads\/2022\/10\/Logo1.png","contentUrl":"https:\/\/blvk.ch\/wp-content\/uploads\/2022\/10\/Logo1.png","width":152,"height":66,"caption":"CACEB"},"image":{"@id":"https:\/\/blvk.ch\/fr\/#\/schema\/logo\/image\/"}}]}},"_links":{"self":[{"href":"https:\/\/blvk.ch\/fr\/wp-json\/wp\/v2\/pages\/2312","targetHints":{"allow":["GET"]}}],"collection":[{"href":"https:\/\/blvk.ch\/fr\/wp-json\/wp\/v2\/pages"}],"about":[{"href":"https:\/\/blvk.ch\/fr\/wp-json\/wp\/v2\/types\/page"}],"author":[{"embeddable":true,"href":"https:\/\/blvk.ch\/fr\/wp-json\/wp\/v2\/users\/1"}],"replies":[{"embeddable":true,"href":"https:\/\/blvk.ch\/fr\/wp-json\/wp\/v2\/comments?post=2312"}],"version-history":[{"count":24,"href":"https:\/\/blvk.ch\/fr\/wp-json\/wp\/v2\/pages\/2312\/revisions"}],"predecessor-version":[{"id":11051,"href":"https:\/\/blvk.ch\/fr\/wp-json\/wp\/v2\/pages\/2312\/revisions\/11051"}],"up":[{"embeddable":true,"href":"https:\/\/blvk.ch\/fr\/wp-json\/wp\/v2\/pages\/2470"}],"wp:attachment":[{"href":"https:\/\/blvk.ch\/fr\/wp-json\/wp\/v2\/media?parent=2312"}],"curies":[{"name":"wp","href":"https:\/\/api.w.org\/{rel}","templated":true}]}}