{"id":2371,"date":"2022-09-05T21:49:05","date_gmt":"2022-09-05T19:49:05","guid":{"rendered":"https:\/\/blvk.dev.mxm.agency\/?page_id=2371"},"modified":"2026-04-10T16:49:09","modified_gmt":"2026-04-10T14:49:09","slug":"encouragement-a-la-propriete-du-logement","status":"publish","type":"page","link":"https:\/\/blvk.ch\/fr\/personnes-assurees\/modification-de-la-situation-personnelle\/encouragement-a-la-propriete-du-logement\/","title":{"rendered":"Encouragement \u00e0 la propri\u00e9t\u00e9 du logement"},"content":{"rendered":"<p>Conform\u00e9ment \u00e0 la loi f\u00e9d\u00e9rale sur l\u2019encouragement \u00e0 la propri\u00e9t\u00e9 du logement au moyen de la pr\u00e9voyance professionnelle (EPL), le capital de pr\u00e9voyance accumul\u00e9 peut \u00eatre utilis\u00e9 entre autres pour l\u2019acquisition ou la transformation d\u2019un logement habit\u00e9 en propre ainsi que pour l\u2019amortissement de pr\u00eats hypoth\u00e9caires. En plus du retrait anticip\u00e9, la mise en gage du capital de pr\u00e9voyance est \u00e9galement possible. Les dispositions d\u00e9taill\u00e9es se trouvent \u00e0 l\u2019art. 28 du r\u00e8glement de pr\u00e9voyance. Nous attirons votre attention sur le fait que la CACEB, en cas d\u2019octroi d\u2019hypoth\u00e8ques, n\u2019accepte pas de mise en gage.<\/p>\n","protected":false},"excerpt":{"rendered":"<p>Conform\u00e9ment \u00e0 la loi f\u00e9d\u00e9rale sur l\u2019encouragement \u00e0 la propri\u00e9t\u00e9 du logement au moyen de la pr\u00e9voyance professionnelle (EPL), le capital de pr\u00e9voyance accumul\u00e9 peut \u00eatre utilis\u00e9 entre autres pour l\u2019acquisition ou la transformation d\u2019un logement habit\u00e9 en propre ainsi que pour l\u2019amortissement de pr\u00eats hypoth\u00e9caires. En plus du retrait anticip\u00e9, la mise en gage [&hellip;]<\/p>\n","protected":false},"author":1,"featured_media":0,"parent":2491,"menu_order":5,"comment_status":"closed","ping_status":"closed","template":"page-templates\/grundsatze-columns.php","meta":{"_acf_changed":false,"inline_featured_image":false,"footnotes":""},"class_list":["post-2371","page","type-page","status-publish","hentry"],"acf":[],"yoast_head":"<!-- This site is optimized with the Yoast SEO plugin v25.4 - https:\/\/yoast.com\/wordpress\/plugins\/seo\/ -->\n<title>Encouragement \u00e0 la propri\u00e9t\u00e9 du logement - CACEB<\/title>\n<meta name=\"robots\" content=\"index, follow, max-snippet:-1, max-image-preview:large, max-video-preview:-1\" \/>\n<link rel=\"canonical\" href=\"https:\/\/blvk.ch\/fr\/personnes-assurees\/modification-de-la-situation-personnelle\/encouragement-a-la-propriete-du-logement\/\" \/>\n<meta property=\"og:locale\" content=\"fr_FR\" \/>\n<meta property=\"og:type\" content=\"article\" \/>\n<meta property=\"og:title\" content=\"Encouragement \u00e0 la propri\u00e9t\u00e9 du logement - CACEB\" \/>\n<meta property=\"og:description\" content=\"Conform\u00e9ment \u00e0 la loi f\u00e9d\u00e9rale sur l\u2019encouragement \u00e0 la propri\u00e9t\u00e9 du logement au moyen de la pr\u00e9voyance professionnelle (EPL), le capital de pr\u00e9voyance accumul\u00e9 peut \u00eatre utilis\u00e9 entre autres pour l\u2019acquisition ou la transformation d\u2019un logement habit\u00e9 en propre ainsi que pour l\u2019amortissement de pr\u00eats hypoth\u00e9caires. En plus du retrait anticip\u00e9, la mise en gage [&hellip;]\" \/>\n<meta property=\"og:url\" content=\"https:\/\/blvk.ch\/fr\/personnes-assurees\/modification-de-la-situation-personnelle\/encouragement-a-la-propriete-du-logement\/\" \/>\n<meta property=\"og:site_name\" content=\"CACEB\" \/>\n<meta property=\"article:modified_time\" content=\"2026-04-10T14:49:09+00:00\" \/>\n<meta name=\"twitter:card\" content=\"summary_large_image\" \/>\n<meta name=\"twitter:label1\" content=\"Dur\u00e9e de lecture estim\u00e9e\" \/>\n\t<meta name=\"twitter:data1\" content=\"1 minute\" \/>\n<script type=\"application\/ld+json\" class=\"yoast-schema-graph\">{\"@context\":\"https:\/\/schema.org\",\"@graph\":[{\"@type\":\"WebPage\",\"@id\":\"https:\/\/blvk.ch\/fr\/personnes-assurees\/modification-de-la-situation-personnelle\/encouragement-a-la-propriete-du-logement\/\",\"url\":\"https:\/\/blvk.ch\/fr\/personnes-assurees\/modification-de-la-situation-personnelle\/encouragement-a-la-propriete-du-logement\/\",\"name\":\"Encouragement \u00e0 la propri\u00e9t\u00e9 du logement - CACEB\",\"isPartOf\":{\"@id\":\"https:\/\/blvk.ch\/fr\/#website\"},\"datePublished\":\"2022-09-05T19:49:05+00:00\",\"dateModified\":\"2026-04-10T14:49:09+00:00\",\"breadcrumb\":{\"@id\":\"https:\/\/blvk.ch\/fr\/personnes-assurees\/modification-de-la-situation-personnelle\/encouragement-a-la-propriete-du-logement\/#breadcrumb\"},\"inLanguage\":\"fr-FR\",\"potentialAction\":[{\"@type\":\"ReadAction\",\"target\":[\"https:\/\/blvk.ch\/fr\/personnes-assurees\/modification-de-la-situation-personnelle\/encouragement-a-la-propriete-du-logement\/\"]}]},{\"@type\":\"BreadcrumbList\",\"@id\":\"https:\/\/blvk.ch\/fr\/personnes-assurees\/modification-de-la-situation-personnelle\/encouragement-a-la-propriete-du-logement\/#breadcrumb\",\"itemListElement\":[{\"@type\":\"ListItem\",\"position\":1,\"name\":\"Startseite\",\"item\":\"https:\/\/blvk.ch\/fr\/\"},{\"@type\":\"ListItem\",\"position\":2,\"name\":\"Personnes assur\u00e9es\",\"item\":\"https:\/\/blvk.ch\/fr\/personnes-assurees\/\"},{\"@type\":\"ListItem\",\"position\":3,\"name\":\"Modification de la situation personnelle\",\"item\":\"https:\/\/blvk.ch\/fr\/personnes-assurees\/modification-de-la-situation-personnelle\/\"},{\"@type\":\"ListItem\",\"position\":4,\"name\":\"Encouragement \u00e0 la propri\u00e9t\u00e9 du logement\"}]},{\"@type\":\"WebSite\",\"@id\":\"https:\/\/blvk.ch\/fr\/#website\",\"url\":\"https:\/\/blvk.ch\/fr\/\",\"name\":\"CACEB\",\"description\":\"Caisse d&#039;assurance du corps enseignant bernois\",\"publisher\":{\"@id\":\"https:\/\/blvk.ch\/fr\/#organization\"},\"potentialAction\":[{\"@type\":\"SearchAction\",\"target\":{\"@type\":\"EntryPoint\",\"urlTemplate\":\"https:\/\/blvk.ch\/fr\/?s={search_term_string}\"},\"query-input\":{\"@type\":\"PropertyValueSpecification\",\"valueRequired\":true,\"valueName\":\"search_term_string\"}}],\"inLanguage\":\"fr-FR\"},{\"@type\":\"Organization\",\"@id\":\"https:\/\/blvk.ch\/fr\/#organization\",\"name\":\"CACEB\",\"url\":\"https:\/\/blvk.ch\/fr\/\",\"logo\":{\"@type\":\"ImageObject\",\"inLanguage\":\"fr-FR\",\"@id\":\"https:\/\/blvk.ch\/fr\/#\/schema\/logo\/image\/\",\"url\":\"https:\/\/blvk.ch\/wp-content\/uploads\/2022\/10\/Logo1.png\",\"contentUrl\":\"https:\/\/blvk.ch\/wp-content\/uploads\/2022\/10\/Logo1.png\",\"width\":152,\"height\":66,\"caption\":\"CACEB\"},\"image\":{\"@id\":\"https:\/\/blvk.ch\/fr\/#\/schema\/logo\/image\/\"}}]}<\/script>\n<!-- \/ Yoast SEO plugin. -->","yoast_head_json":{"title":"Encouragement \u00e0 la propri\u00e9t\u00e9 du logement - CACEB","robots":{"index":"index","follow":"follow","max-snippet":"max-snippet:-1","max-image-preview":"max-image-preview:large","max-video-preview":"max-video-preview:-1"},"canonical":"https:\/\/blvk.ch\/fr\/personnes-assurees\/modification-de-la-situation-personnelle\/encouragement-a-la-propriete-du-logement\/","og_locale":"fr_FR","og_type":"article","og_title":"Encouragement \u00e0 la propri\u00e9t\u00e9 du logement - CACEB","og_description":"Conform\u00e9ment \u00e0 la loi f\u00e9d\u00e9rale sur l\u2019encouragement \u00e0 la propri\u00e9t\u00e9 du logement au moyen de la pr\u00e9voyance professionnelle (EPL), le capital de pr\u00e9voyance accumul\u00e9 peut \u00eatre utilis\u00e9 entre autres pour l\u2019acquisition ou la transformation d\u2019un logement habit\u00e9 en propre ainsi que pour l\u2019amortissement de pr\u00eats hypoth\u00e9caires. En plus du retrait anticip\u00e9, la mise en gage [&hellip;]","og_url":"https:\/\/blvk.ch\/fr\/personnes-assurees\/modification-de-la-situation-personnelle\/encouragement-a-la-propriete-du-logement\/","og_site_name":"CACEB","article_modified_time":"2026-04-10T14:49:09+00:00","twitter_card":"summary_large_image","twitter_misc":{"Dur\u00e9e de lecture estim\u00e9e":"1 minute"},"schema":{"@context":"https:\/\/schema.org","@graph":[{"@type":"WebPage","@id":"https:\/\/blvk.ch\/fr\/personnes-assurees\/modification-de-la-situation-personnelle\/encouragement-a-la-propriete-du-logement\/","url":"https:\/\/blvk.ch\/fr\/personnes-assurees\/modification-de-la-situation-personnelle\/encouragement-a-la-propriete-du-logement\/","name":"Encouragement \u00e0 la propri\u00e9t\u00e9 du logement - CACEB","isPartOf":{"@id":"https:\/\/blvk.ch\/fr\/#website"},"datePublished":"2022-09-05T19:49:05+00:00","dateModified":"2026-04-10T14:49:09+00:00","breadcrumb":{"@id":"https:\/\/blvk.ch\/fr\/personnes-assurees\/modification-de-la-situation-personnelle\/encouragement-a-la-propriete-du-logement\/#breadcrumb"},"inLanguage":"fr-FR","potentialAction":[{"@type":"ReadAction","target":["https:\/\/blvk.ch\/fr\/personnes-assurees\/modification-de-la-situation-personnelle\/encouragement-a-la-propriete-du-logement\/"]}]},{"@type":"BreadcrumbList","@id":"https:\/\/blvk.ch\/fr\/personnes-assurees\/modification-de-la-situation-personnelle\/encouragement-a-la-propriete-du-logement\/#breadcrumb","itemListElement":[{"@type":"ListItem","position":1,"name":"Startseite","item":"https:\/\/blvk.ch\/fr\/"},{"@type":"ListItem","position":2,"name":"Personnes assur\u00e9es","item":"https:\/\/blvk.ch\/fr\/personnes-assurees\/"},{"@type":"ListItem","position":3,"name":"Modification de la situation personnelle","item":"https:\/\/blvk.ch\/fr\/personnes-assurees\/modification-de-la-situation-personnelle\/"},{"@type":"ListItem","position":4,"name":"Encouragement \u00e0 la propri\u00e9t\u00e9 du logement"}]},{"@type":"WebSite","@id":"https:\/\/blvk.ch\/fr\/#website","url":"https:\/\/blvk.ch\/fr\/","name":"CACEB","description":"Caisse d&#039;assurance du corps enseignant bernois","publisher":{"@id":"https:\/\/blvk.ch\/fr\/#organization"},"potentialAction":[{"@type":"SearchAction","target":{"@type":"EntryPoint","urlTemplate":"https:\/\/blvk.ch\/fr\/?s={search_term_string}"},"query-input":{"@type":"PropertyValueSpecification","valueRequired":true,"valueName":"search_term_string"}}],"inLanguage":"fr-FR"},{"@type":"Organization","@id":"https:\/\/blvk.ch\/fr\/#organization","name":"CACEB","url":"https:\/\/blvk.ch\/fr\/","logo":{"@type":"ImageObject","inLanguage":"fr-FR","@id":"https:\/\/blvk.ch\/fr\/#\/schema\/logo\/image\/","url":"https:\/\/blvk.ch\/wp-content\/uploads\/2022\/10\/Logo1.png","contentUrl":"https:\/\/blvk.ch\/wp-content\/uploads\/2022\/10\/Logo1.png","width":152,"height":66,"caption":"CACEB"},"image":{"@id":"https:\/\/blvk.ch\/fr\/#\/schema\/logo\/image\/"}}]}},"_links":{"self":[{"href":"https:\/\/blvk.ch\/fr\/wp-json\/wp\/v2\/pages\/2371","targetHints":{"allow":["GET"]}}],"collection":[{"href":"https:\/\/blvk.ch\/fr\/wp-json\/wp\/v2\/pages"}],"about":[{"href":"https:\/\/blvk.ch\/fr\/wp-json\/wp\/v2\/types\/page"}],"author":[{"embeddable":true,"href":"https:\/\/blvk.ch\/fr\/wp-json\/wp\/v2\/users\/1"}],"replies":[{"embeddable":true,"href":"https:\/\/blvk.ch\/fr\/wp-json\/wp\/v2\/comments?post=2371"}],"version-history":[{"count":24,"href":"https:\/\/blvk.ch\/fr\/wp-json\/wp\/v2\/pages\/2371\/revisions"}],"predecessor-version":[{"id":11046,"href":"https:\/\/blvk.ch\/fr\/wp-json\/wp\/v2\/pages\/2371\/revisions\/11046"}],"up":[{"embeddable":true,"href":"https:\/\/blvk.ch\/fr\/wp-json\/wp\/v2\/pages\/2491"}],"wp:attachment":[{"href":"https:\/\/blvk.ch\/fr\/wp-json\/wp\/v2\/media?parent=2371"}],"curies":[{"name":"wp","href":"https:\/\/api.w.org\/{rel}","templated":true}]}}