{"id":2422,"date":"2022-09-05T21:54:32","date_gmt":"2022-09-05T19:54:32","guid":{"rendered":"https:\/\/blvk.dev.mxm.agency\/?page_id=2422"},"modified":"2025-08-11T11:57:56","modified_gmt":"2025-08-11T09:57:56","slug":"informations-sur-la-rente-transitoire","status":"publish","type":"page","link":"https:\/\/blvk.ch\/fr\/personnes-assurees\/les-etapes-vers-la-retraite\/informations-sur-la-rente-transitoire\/","title":{"rendered":"Informations sur la rente transitoire"},"content":{"rendered":"<p>Sur demande, une rente transitoire est accord\u00e9e aux b\u00e9n\u00e9ficiaires d\u2019une rente de vieillesse qui n\u2019ont pas encore droit \u00e0 une rente AVS. Cette rente transitoire est vers\u00e9e comme rente suppl\u00e9mentaire \u00e0 la rente de vieillesse. Elle commence au plus t\u00f4t avec le retrait total ou partiel de la rente de vieillesse et prend fin au plus tard \u00e0 l\u2019\u00e2ge ordinaire de la rente AVS. Durant cette p\u00e9riode, vous d\u00e9terminez en votre qualit\u00e9 d&rsquo;assur\u00e9 la dur\u00e9e de la rente transitoire.<\/p>\n","protected":false},"excerpt":{"rendered":"<p>Sur demande, une rente transitoire est accord\u00e9e aux b\u00e9n\u00e9ficiaires d\u2019une rente de vieillesse qui n\u2019ont pas encore droit \u00e0 une rente AVS. Cette rente transitoire est vers\u00e9e comme rente suppl\u00e9mentaire \u00e0 la rente de vieillesse. Elle commence au plus t\u00f4t avec le retrait total ou partiel de la rente de vieillesse et prend fin au [&hellip;]<\/p>\n","protected":false},"author":1,"featured_media":0,"parent":2649,"menu_order":5,"comment_status":"closed","ping_status":"closed","template":"page-templates\/grundsatze-small-inverted.php","meta":{"_acf_changed":false,"inline_featured_image":false,"footnotes":""},"class_list":["post-2422","page","type-page","status-publish","hentry"],"acf":[],"yoast_head":"<!-- This site is optimized with the Yoast SEO plugin v25.4 - https:\/\/yoast.com\/wordpress\/plugins\/seo\/ -->\n<title>Informations sur la rente transitoire - CACEB<\/title>\n<meta name=\"robots\" content=\"index, follow, max-snippet:-1, max-image-preview:large, max-video-preview:-1\" \/>\n<link rel=\"canonical\" href=\"https:\/\/blvk.ch\/fr\/personnes-assurees\/les-etapes-vers-la-retraite\/informations-sur-la-rente-transitoire\/\" \/>\n<meta property=\"og:locale\" content=\"fr_FR\" \/>\n<meta property=\"og:type\" content=\"article\" \/>\n<meta property=\"og:title\" content=\"Informations sur la rente transitoire - CACEB\" \/>\n<meta property=\"og:description\" content=\"Sur demande, une rente transitoire est accord\u00e9e aux b\u00e9n\u00e9ficiaires d\u2019une rente de vieillesse qui n\u2019ont pas encore droit \u00e0 une rente AVS. Cette rente transitoire est vers\u00e9e comme rente suppl\u00e9mentaire \u00e0 la rente de vieillesse. Elle commence au plus t\u00f4t avec le retrait total ou partiel de la rente de vieillesse et prend fin au [&hellip;]\" \/>\n<meta property=\"og:url\" content=\"https:\/\/blvk.ch\/fr\/personnes-assurees\/les-etapes-vers-la-retraite\/informations-sur-la-rente-transitoire\/\" \/>\n<meta property=\"og:site_name\" content=\"CACEB\" \/>\n<meta property=\"article:modified_time\" content=\"2025-08-11T09:57:56+00:00\" \/>\n<meta name=\"twitter:card\" content=\"summary_large_image\" \/>\n<meta name=\"twitter:label1\" content=\"Dur\u00e9e de lecture estim\u00e9e\" \/>\n\t<meta name=\"twitter:data1\" content=\"1 minute\" \/>\n<script type=\"application\/ld+json\" class=\"yoast-schema-graph\">{\"@context\":\"https:\/\/schema.org\",\"@graph\":[{\"@type\":\"WebPage\",\"@id\":\"https:\/\/blvk.ch\/fr\/personnes-assurees\/les-etapes-vers-la-retraite\/informations-sur-la-rente-transitoire\/\",\"url\":\"https:\/\/blvk.ch\/fr\/personnes-assurees\/les-etapes-vers-la-retraite\/informations-sur-la-rente-transitoire\/\",\"name\":\"Informations sur la rente transitoire - CACEB\",\"isPartOf\":{\"@id\":\"https:\/\/blvk.ch\/fr\/#website\"},\"datePublished\":\"2022-09-05T19:54:32+00:00\",\"dateModified\":\"2025-08-11T09:57:56+00:00\",\"breadcrumb\":{\"@id\":\"https:\/\/blvk.ch\/fr\/personnes-assurees\/les-etapes-vers-la-retraite\/informations-sur-la-rente-transitoire\/#breadcrumb\"},\"inLanguage\":\"fr-FR\",\"potentialAction\":[{\"@type\":\"ReadAction\",\"target\":[\"https:\/\/blvk.ch\/fr\/personnes-assurees\/les-etapes-vers-la-retraite\/informations-sur-la-rente-transitoire\/\"]}]},{\"@type\":\"BreadcrumbList\",\"@id\":\"https:\/\/blvk.ch\/fr\/personnes-assurees\/les-etapes-vers-la-retraite\/informations-sur-la-rente-transitoire\/#breadcrumb\",\"itemListElement\":[{\"@type\":\"ListItem\",\"position\":1,\"name\":\"Startseite\",\"item\":\"https:\/\/blvk.ch\/fr\/\"},{\"@type\":\"ListItem\",\"position\":2,\"name\":\"Personnes assur\u00e9es\",\"item\":\"https:\/\/blvk.ch\/fr\/personnes-assurees\/\"},{\"@type\":\"ListItem\",\"position\":3,\"name\":\"Les \u00e9tapes vers la retraite\",\"item\":\"https:\/\/blvk.ch\/fr\/personnes-assurees\/les-etapes-vers-la-retraite\/\"},{\"@type\":\"ListItem\",\"position\":4,\"name\":\"Informations sur la rente transitoire\"}]},{\"@type\":\"WebSite\",\"@id\":\"https:\/\/blvk.ch\/fr\/#website\",\"url\":\"https:\/\/blvk.ch\/fr\/\",\"name\":\"CACEB\",\"description\":\"Caisse d&#039;assurance du corps enseignant bernois\",\"publisher\":{\"@id\":\"https:\/\/blvk.ch\/fr\/#organization\"},\"potentialAction\":[{\"@type\":\"SearchAction\",\"target\":{\"@type\":\"EntryPoint\",\"urlTemplate\":\"https:\/\/blvk.ch\/fr\/?s={search_term_string}\"},\"query-input\":{\"@type\":\"PropertyValueSpecification\",\"valueRequired\":true,\"valueName\":\"search_term_string\"}}],\"inLanguage\":\"fr-FR\"},{\"@type\":\"Organization\",\"@id\":\"https:\/\/blvk.ch\/fr\/#organization\",\"name\":\"CACEB\",\"url\":\"https:\/\/blvk.ch\/fr\/\",\"logo\":{\"@type\":\"ImageObject\",\"inLanguage\":\"fr-FR\",\"@id\":\"https:\/\/blvk.ch\/fr\/#\/schema\/logo\/image\/\",\"url\":\"https:\/\/blvk.ch\/wp-content\/uploads\/2022\/10\/Logo1.png\",\"contentUrl\":\"https:\/\/blvk.ch\/wp-content\/uploads\/2022\/10\/Logo1.png\",\"width\":152,\"height\":66,\"caption\":\"CACEB\"},\"image\":{\"@id\":\"https:\/\/blvk.ch\/fr\/#\/schema\/logo\/image\/\"}}]}<\/script>\n<!-- \/ Yoast SEO plugin. -->","yoast_head_json":{"title":"Informations sur la rente transitoire - CACEB","robots":{"index":"index","follow":"follow","max-snippet":"max-snippet:-1","max-image-preview":"max-image-preview:large","max-video-preview":"max-video-preview:-1"},"canonical":"https:\/\/blvk.ch\/fr\/personnes-assurees\/les-etapes-vers-la-retraite\/informations-sur-la-rente-transitoire\/","og_locale":"fr_FR","og_type":"article","og_title":"Informations sur la rente transitoire - CACEB","og_description":"Sur demande, une rente transitoire est accord\u00e9e aux b\u00e9n\u00e9ficiaires d\u2019une rente de vieillesse qui n\u2019ont pas encore droit \u00e0 une rente AVS. Cette rente transitoire est vers\u00e9e comme rente suppl\u00e9mentaire \u00e0 la rente de vieillesse. Elle commence au plus t\u00f4t avec le retrait total ou partiel de la rente de vieillesse et prend fin au [&hellip;]","og_url":"https:\/\/blvk.ch\/fr\/personnes-assurees\/les-etapes-vers-la-retraite\/informations-sur-la-rente-transitoire\/","og_site_name":"CACEB","article_modified_time":"2025-08-11T09:57:56+00:00","twitter_card":"summary_large_image","twitter_misc":{"Dur\u00e9e de lecture estim\u00e9e":"1 minute"},"schema":{"@context":"https:\/\/schema.org","@graph":[{"@type":"WebPage","@id":"https:\/\/blvk.ch\/fr\/personnes-assurees\/les-etapes-vers-la-retraite\/informations-sur-la-rente-transitoire\/","url":"https:\/\/blvk.ch\/fr\/personnes-assurees\/les-etapes-vers-la-retraite\/informations-sur-la-rente-transitoire\/","name":"Informations sur la rente transitoire - CACEB","isPartOf":{"@id":"https:\/\/blvk.ch\/fr\/#website"},"datePublished":"2022-09-05T19:54:32+00:00","dateModified":"2025-08-11T09:57:56+00:00","breadcrumb":{"@id":"https:\/\/blvk.ch\/fr\/personnes-assurees\/les-etapes-vers-la-retraite\/informations-sur-la-rente-transitoire\/#breadcrumb"},"inLanguage":"fr-FR","potentialAction":[{"@type":"ReadAction","target":["https:\/\/blvk.ch\/fr\/personnes-assurees\/les-etapes-vers-la-retraite\/informations-sur-la-rente-transitoire\/"]}]},{"@type":"BreadcrumbList","@id":"https:\/\/blvk.ch\/fr\/personnes-assurees\/les-etapes-vers-la-retraite\/informations-sur-la-rente-transitoire\/#breadcrumb","itemListElement":[{"@type":"ListItem","position":1,"name":"Startseite","item":"https:\/\/blvk.ch\/fr\/"},{"@type":"ListItem","position":2,"name":"Personnes assur\u00e9es","item":"https:\/\/blvk.ch\/fr\/personnes-assurees\/"},{"@type":"ListItem","position":3,"name":"Les \u00e9tapes vers la retraite","item":"https:\/\/blvk.ch\/fr\/personnes-assurees\/les-etapes-vers-la-retraite\/"},{"@type":"ListItem","position":4,"name":"Informations sur la rente transitoire"}]},{"@type":"WebSite","@id":"https:\/\/blvk.ch\/fr\/#website","url":"https:\/\/blvk.ch\/fr\/","name":"CACEB","description":"Caisse d&#039;assurance du corps enseignant bernois","publisher":{"@id":"https:\/\/blvk.ch\/fr\/#organization"},"potentialAction":[{"@type":"SearchAction","target":{"@type":"EntryPoint","urlTemplate":"https:\/\/blvk.ch\/fr\/?s={search_term_string}"},"query-input":{"@type":"PropertyValueSpecification","valueRequired":true,"valueName":"search_term_string"}}],"inLanguage":"fr-FR"},{"@type":"Organization","@id":"https:\/\/blvk.ch\/fr\/#organization","name":"CACEB","url":"https:\/\/blvk.ch\/fr\/","logo":{"@type":"ImageObject","inLanguage":"fr-FR","@id":"https:\/\/blvk.ch\/fr\/#\/schema\/logo\/image\/","url":"https:\/\/blvk.ch\/wp-content\/uploads\/2022\/10\/Logo1.png","contentUrl":"https:\/\/blvk.ch\/wp-content\/uploads\/2022\/10\/Logo1.png","width":152,"height":66,"caption":"CACEB"},"image":{"@id":"https:\/\/blvk.ch\/fr\/#\/schema\/logo\/image\/"}}]}},"_links":{"self":[{"href":"https:\/\/blvk.ch\/fr\/wp-json\/wp\/v2\/pages\/2422","targetHints":{"allow":["GET"]}}],"collection":[{"href":"https:\/\/blvk.ch\/fr\/wp-json\/wp\/v2\/pages"}],"about":[{"href":"https:\/\/blvk.ch\/fr\/wp-json\/wp\/v2\/types\/page"}],"author":[{"embeddable":true,"href":"https:\/\/blvk.ch\/fr\/wp-json\/wp\/v2\/users\/1"}],"replies":[{"embeddable":true,"href":"https:\/\/blvk.ch\/fr\/wp-json\/wp\/v2\/comments?post=2422"}],"version-history":[{"count":22,"href":"https:\/\/blvk.ch\/fr\/wp-json\/wp\/v2\/pages\/2422\/revisions"}],"predecessor-version":[{"id":10323,"href":"https:\/\/blvk.ch\/fr\/wp-json\/wp\/v2\/pages\/2422\/revisions\/10323"}],"up":[{"embeddable":true,"href":"https:\/\/blvk.ch\/fr\/wp-json\/wp\/v2\/pages\/2649"}],"wp:attachment":[{"href":"https:\/\/blvk.ch\/fr\/wp-json\/wp\/v2\/media?parent=2422"}],"curies":[{"name":"wp","href":"https:\/\/api.w.org\/{rel}","templated":true}]}}