{"id":2432,"date":"2022-09-05T21:53:37","date_gmt":"2022-09-05T19:53:37","guid":{"rendered":"https:\/\/blvk.dev.mxm.agency\/?page_id=2432"},"modified":"2025-08-11T09:30:53","modified_gmt":"2025-08-11T07:30:53","slug":"2432-2","status":"publish","type":"page","link":"https:\/\/blvk.ch\/fr\/personnes-assurees\/les-etapes-vers-la-retraite\/2432-2\/","title":{"rendered":"Travailler \u00e0 l\u2019\u00e2ge de la retraite"},"content":{"rendered":"<p>L\u2019\u00e2ge de la retraite ordinaire, pour les hommes et pour les femmes, est de 65 ans. Mais chaque personne est libre de prendre sa retraite entre 58 et 70 ans. Donc vous pouvez continuer de travailler sans probl\u00e8me, m\u00eame si vous avez atteint l\u2019\u00e2ge de la retraite. La CACEB propose \u00e0 ce niveau un large \u00e9ventail de services et de variantes de solutions. Renseignez-vous aupr\u00e8s du secr\u00e9tariat ou demandez \u00e0 notre \u00e9quipe en charge du conseil de vous \u00e9tablir une offre personnalis\u00e9e. En revanche, il n\u2019est plus possible d\u2019adh\u00e9rer \u00e0 la CACEB apr\u00e8s l\u2019\u00e2ge de 65 ans.<\/p>\n","protected":false},"excerpt":{"rendered":"<p>L\u2019\u00e2ge de la retraite ordinaire, pour les hommes et pour les femmes, est de 65 ans. Mais chaque personne est libre de prendre sa retraite entre 58 et 70 ans. Donc vous pouvez continuer de travailler sans probl\u00e8me, m\u00eame si vous avez atteint l\u2019\u00e2ge de la retraite. La CACEB propose \u00e0 ce niveau un large [&hellip;]<\/p>\n","protected":false},"author":1,"featured_media":0,"parent":2649,"menu_order":2,"comment_status":"closed","ping_status":"closed","template":"page-templates\/grundsatze-small.php","meta":{"_acf_changed":false,"inline_featured_image":false,"footnotes":""},"class_list":["post-2432","page","type-page","status-publish","hentry"],"acf":[],"yoast_head":"<!-- This site is optimized with the Yoast SEO plugin v25.4 - https:\/\/yoast.com\/wordpress\/plugins\/seo\/ -->\n<title>Travailler \u00e0 l\u2019\u00e2ge de la retraite - CACEB<\/title>\n<meta name=\"robots\" content=\"index, follow, max-snippet:-1, max-image-preview:large, max-video-preview:-1\" \/>\n<link rel=\"canonical\" href=\"https:\/\/blvk.ch\/fr\/personnes-assurees\/les-etapes-vers-la-retraite\/2432-2\/\" \/>\n<meta property=\"og:locale\" content=\"fr_FR\" \/>\n<meta property=\"og:type\" content=\"article\" \/>\n<meta property=\"og:title\" content=\"Travailler \u00e0 l\u2019\u00e2ge de la retraite - CACEB\" \/>\n<meta property=\"og:description\" content=\"L\u2019\u00e2ge de la retraite ordinaire, pour les hommes et pour les femmes, est de 65 ans. Mais chaque personne est libre de prendre sa retraite entre 58 et 70 ans. Donc vous pouvez continuer de travailler sans probl\u00e8me, m\u00eame si vous avez atteint l\u2019\u00e2ge de la retraite. La CACEB propose \u00e0 ce niveau un large [&hellip;]\" \/>\n<meta property=\"og:url\" content=\"https:\/\/blvk.ch\/fr\/personnes-assurees\/les-etapes-vers-la-retraite\/2432-2\/\" \/>\n<meta property=\"og:site_name\" content=\"CACEB\" \/>\n<meta property=\"article:modified_time\" content=\"2025-08-11T07:30:53+00:00\" \/>\n<meta name=\"twitter:card\" content=\"summary_large_image\" \/>\n<meta name=\"twitter:label1\" content=\"Dur\u00e9e de lecture estim\u00e9e\" \/>\n\t<meta name=\"twitter:data1\" content=\"1 minute\" \/>\n<script type=\"application\/ld+json\" class=\"yoast-schema-graph\">{\"@context\":\"https:\/\/schema.org\",\"@graph\":[{\"@type\":\"WebPage\",\"@id\":\"https:\/\/blvk.ch\/fr\/personnes-assurees\/les-etapes-vers-la-retraite\/2432-2\/\",\"url\":\"https:\/\/blvk.ch\/fr\/personnes-assurees\/les-etapes-vers-la-retraite\/2432-2\/\",\"name\":\"Travailler \u00e0 l\u2019\u00e2ge de la retraite - CACEB\",\"isPartOf\":{\"@id\":\"https:\/\/blvk.ch\/fr\/#website\"},\"datePublished\":\"2022-09-05T19:53:37+00:00\",\"dateModified\":\"2025-08-11T07:30:53+00:00\",\"breadcrumb\":{\"@id\":\"https:\/\/blvk.ch\/fr\/personnes-assurees\/les-etapes-vers-la-retraite\/2432-2\/#breadcrumb\"},\"inLanguage\":\"fr-FR\",\"potentialAction\":[{\"@type\":\"ReadAction\",\"target\":[\"https:\/\/blvk.ch\/fr\/personnes-assurees\/les-etapes-vers-la-retraite\/2432-2\/\"]}]},{\"@type\":\"BreadcrumbList\",\"@id\":\"https:\/\/blvk.ch\/fr\/personnes-assurees\/les-etapes-vers-la-retraite\/2432-2\/#breadcrumb\",\"itemListElement\":[{\"@type\":\"ListItem\",\"position\":1,\"name\":\"Startseite\",\"item\":\"https:\/\/blvk.ch\/fr\/\"},{\"@type\":\"ListItem\",\"position\":2,\"name\":\"Personnes assur\u00e9es\",\"item\":\"https:\/\/blvk.ch\/fr\/personnes-assurees\/\"},{\"@type\":\"ListItem\",\"position\":3,\"name\":\"Les \u00e9tapes vers la retraite\",\"item\":\"https:\/\/blvk.ch\/fr\/personnes-assurees\/les-etapes-vers-la-retraite\/\"},{\"@type\":\"ListItem\",\"position\":4,\"name\":\"Travailler \u00e0 l\u2019\u00e2ge de la retraite\"}]},{\"@type\":\"WebSite\",\"@id\":\"https:\/\/blvk.ch\/fr\/#website\",\"url\":\"https:\/\/blvk.ch\/fr\/\",\"name\":\"CACEB\",\"description\":\"Caisse d&#039;assurance du corps enseignant bernois\",\"publisher\":{\"@id\":\"https:\/\/blvk.ch\/fr\/#organization\"},\"potentialAction\":[{\"@type\":\"SearchAction\",\"target\":{\"@type\":\"EntryPoint\",\"urlTemplate\":\"https:\/\/blvk.ch\/fr\/?s={search_term_string}\"},\"query-input\":{\"@type\":\"PropertyValueSpecification\",\"valueRequired\":true,\"valueName\":\"search_term_string\"}}],\"inLanguage\":\"fr-FR\"},{\"@type\":\"Organization\",\"@id\":\"https:\/\/blvk.ch\/fr\/#organization\",\"name\":\"CACEB\",\"url\":\"https:\/\/blvk.ch\/fr\/\",\"logo\":{\"@type\":\"ImageObject\",\"inLanguage\":\"fr-FR\",\"@id\":\"https:\/\/blvk.ch\/fr\/#\/schema\/logo\/image\/\",\"url\":\"https:\/\/blvk.ch\/wp-content\/uploads\/2022\/10\/Logo1.png\",\"contentUrl\":\"https:\/\/blvk.ch\/wp-content\/uploads\/2022\/10\/Logo1.png\",\"width\":152,\"height\":66,\"caption\":\"CACEB\"},\"image\":{\"@id\":\"https:\/\/blvk.ch\/fr\/#\/schema\/logo\/image\/\"}}]}<\/script>\n<!-- \/ Yoast SEO plugin. -->","yoast_head_json":{"title":"Travailler \u00e0 l\u2019\u00e2ge de la retraite - CACEB","robots":{"index":"index","follow":"follow","max-snippet":"max-snippet:-1","max-image-preview":"max-image-preview:large","max-video-preview":"max-video-preview:-1"},"canonical":"https:\/\/blvk.ch\/fr\/personnes-assurees\/les-etapes-vers-la-retraite\/2432-2\/","og_locale":"fr_FR","og_type":"article","og_title":"Travailler \u00e0 l\u2019\u00e2ge de la retraite - CACEB","og_description":"L\u2019\u00e2ge de la retraite ordinaire, pour les hommes et pour les femmes, est de 65 ans. Mais chaque personne est libre de prendre sa retraite entre 58 et 70 ans. Donc vous pouvez continuer de travailler sans probl\u00e8me, m\u00eame si vous avez atteint l\u2019\u00e2ge de la retraite. La CACEB propose \u00e0 ce niveau un large [&hellip;]","og_url":"https:\/\/blvk.ch\/fr\/personnes-assurees\/les-etapes-vers-la-retraite\/2432-2\/","og_site_name":"CACEB","article_modified_time":"2025-08-11T07:30:53+00:00","twitter_card":"summary_large_image","twitter_misc":{"Dur\u00e9e de lecture estim\u00e9e":"1 minute"},"schema":{"@context":"https:\/\/schema.org","@graph":[{"@type":"WebPage","@id":"https:\/\/blvk.ch\/fr\/personnes-assurees\/les-etapes-vers-la-retraite\/2432-2\/","url":"https:\/\/blvk.ch\/fr\/personnes-assurees\/les-etapes-vers-la-retraite\/2432-2\/","name":"Travailler \u00e0 l\u2019\u00e2ge de la retraite - CACEB","isPartOf":{"@id":"https:\/\/blvk.ch\/fr\/#website"},"datePublished":"2022-09-05T19:53:37+00:00","dateModified":"2025-08-11T07:30:53+00:00","breadcrumb":{"@id":"https:\/\/blvk.ch\/fr\/personnes-assurees\/les-etapes-vers-la-retraite\/2432-2\/#breadcrumb"},"inLanguage":"fr-FR","potentialAction":[{"@type":"ReadAction","target":["https:\/\/blvk.ch\/fr\/personnes-assurees\/les-etapes-vers-la-retraite\/2432-2\/"]}]},{"@type":"BreadcrumbList","@id":"https:\/\/blvk.ch\/fr\/personnes-assurees\/les-etapes-vers-la-retraite\/2432-2\/#breadcrumb","itemListElement":[{"@type":"ListItem","position":1,"name":"Startseite","item":"https:\/\/blvk.ch\/fr\/"},{"@type":"ListItem","position":2,"name":"Personnes assur\u00e9es","item":"https:\/\/blvk.ch\/fr\/personnes-assurees\/"},{"@type":"ListItem","position":3,"name":"Les \u00e9tapes vers la retraite","item":"https:\/\/blvk.ch\/fr\/personnes-assurees\/les-etapes-vers-la-retraite\/"},{"@type":"ListItem","position":4,"name":"Travailler \u00e0 l\u2019\u00e2ge de la retraite"}]},{"@type":"WebSite","@id":"https:\/\/blvk.ch\/fr\/#website","url":"https:\/\/blvk.ch\/fr\/","name":"CACEB","description":"Caisse d&#039;assurance du corps enseignant bernois","publisher":{"@id":"https:\/\/blvk.ch\/fr\/#organization"},"potentialAction":[{"@type":"SearchAction","target":{"@type":"EntryPoint","urlTemplate":"https:\/\/blvk.ch\/fr\/?s={search_term_string}"},"query-input":{"@type":"PropertyValueSpecification","valueRequired":true,"valueName":"search_term_string"}}],"inLanguage":"fr-FR"},{"@type":"Organization","@id":"https:\/\/blvk.ch\/fr\/#organization","name":"CACEB","url":"https:\/\/blvk.ch\/fr\/","logo":{"@type":"ImageObject","inLanguage":"fr-FR","@id":"https:\/\/blvk.ch\/fr\/#\/schema\/logo\/image\/","url":"https:\/\/blvk.ch\/wp-content\/uploads\/2022\/10\/Logo1.png","contentUrl":"https:\/\/blvk.ch\/wp-content\/uploads\/2022\/10\/Logo1.png","width":152,"height":66,"caption":"CACEB"},"image":{"@id":"https:\/\/blvk.ch\/fr\/#\/schema\/logo\/image\/"}}]}},"_links":{"self":[{"href":"https:\/\/blvk.ch\/fr\/wp-json\/wp\/v2\/pages\/2432","targetHints":{"allow":["GET"]}}],"collection":[{"href":"https:\/\/blvk.ch\/fr\/wp-json\/wp\/v2\/pages"}],"about":[{"href":"https:\/\/blvk.ch\/fr\/wp-json\/wp\/v2\/types\/page"}],"author":[{"embeddable":true,"href":"https:\/\/blvk.ch\/fr\/wp-json\/wp\/v2\/users\/1"}],"replies":[{"embeddable":true,"href":"https:\/\/blvk.ch\/fr\/wp-json\/wp\/v2\/comments?post=2432"}],"version-history":[{"count":18,"href":"https:\/\/blvk.ch\/fr\/wp-json\/wp\/v2\/pages\/2432\/revisions"}],"predecessor-version":[{"id":10271,"href":"https:\/\/blvk.ch\/fr\/wp-json\/wp\/v2\/pages\/2432\/revisions\/10271"}],"up":[{"embeddable":true,"href":"https:\/\/blvk.ch\/fr\/wp-json\/wp\/v2\/pages\/2649"}],"wp:attachment":[{"href":"https:\/\/blvk.ch\/fr\/wp-json\/wp\/v2\/media?parent=2432"}],"curies":[{"name":"wp","href":"https:\/\/api.w.org\/{rel}","templated":true}]}}