{"id":2440,"date":"2022-09-05T21:50:32","date_gmt":"2022-09-05T19:50:32","guid":{"rendered":"https:\/\/blvk.dev.mxm.agency\/?page_id=2440"},"modified":"2026-03-12T16:46:46","modified_gmt":"2026-03-12T15:46:46","slug":"2440-2","status":"publish","type":"page","link":"https:\/\/blvk.ch\/fr\/personnes-assurees\/les-etapes-vers-la-retraite\/2440-2\/","title":{"rendered":"Retraite"},"content":{"rendered":"<p>\u00c0 la CACEB, le d\u00e9part \u00e0 la retraite est possible entre 58 et 70 ans. Vous trouverez aux pages suivantes l\u2019ensemble des informations et les formulaires de demande en lien avec ce th\u00e8me. Que vous souhaitiez prendre une retraite anticip\u00e9e ou travailler plus longtemps, que vous vouliez percevoir une rente, un versement en capital ou une rente transitoire : tout y est.<\/p>\n","protected":false},"excerpt":{"rendered":"<p>\u00c0 la CACEB, le d\u00e9part \u00e0 la retraite est possible entre 58 et 70 ans. Vous trouverez aux pages suivantes l\u2019ensemble des informations et les formulaires de demande en lien avec ce th\u00e8me. Que vous souhaitiez prendre une retraite anticip\u00e9e ou travailler plus longtemps, que vous vouliez percevoir une rente, un versement en capital ou [&hellip;]<\/p>\n","protected":false},"author":1,"featured_media":0,"parent":2649,"menu_order":0,"comment_status":"closed","ping_status":"closed","template":"page-templates\/grundsatze-small.php","meta":{"_acf_changed":false,"inline_featured_image":false,"footnotes":""},"class_list":["post-2440","page","type-page","status-publish","hentry"],"acf":[],"yoast_head":"<!-- This site is optimized with the Yoast SEO plugin v25.4 - https:\/\/yoast.com\/wordpress\/plugins\/seo\/ -->\n<title>Retraite - CACEB<\/title>\n<meta name=\"robots\" content=\"index, follow, max-snippet:-1, max-image-preview:large, max-video-preview:-1\" \/>\n<link rel=\"canonical\" href=\"https:\/\/blvk.ch\/fr\/personnes-assurees\/les-etapes-vers-la-retraite\/2440-2\/\" \/>\n<meta property=\"og:locale\" content=\"fr_FR\" \/>\n<meta property=\"og:type\" content=\"article\" \/>\n<meta property=\"og:title\" content=\"Retraite - CACEB\" \/>\n<meta property=\"og:description\" content=\"\u00c0 la CACEB, le d\u00e9part \u00e0 la retraite est possible entre 58 et 70 ans. Vous trouverez aux pages suivantes l\u2019ensemble des informations et les formulaires de demande en lien avec ce th\u00e8me. Que vous souhaitiez prendre une retraite anticip\u00e9e ou travailler plus longtemps, que vous vouliez percevoir une rente, un versement en capital ou [&hellip;]\" \/>\n<meta property=\"og:url\" content=\"https:\/\/blvk.ch\/fr\/personnes-assurees\/les-etapes-vers-la-retraite\/2440-2\/\" \/>\n<meta property=\"og:site_name\" content=\"CACEB\" \/>\n<meta property=\"article:modified_time\" content=\"2026-03-12T15:46:46+00:00\" \/>\n<meta name=\"twitter:card\" content=\"summary_large_image\" \/>\n<meta name=\"twitter:label1\" content=\"Dur\u00e9e de lecture estim\u00e9e\" \/>\n\t<meta name=\"twitter:data1\" content=\"1 minute\" \/>\n<script type=\"application\/ld+json\" class=\"yoast-schema-graph\">{\"@context\":\"https:\/\/schema.org\",\"@graph\":[{\"@type\":\"WebPage\",\"@id\":\"https:\/\/blvk.ch\/fr\/personnes-assurees\/les-etapes-vers-la-retraite\/2440-2\/\",\"url\":\"https:\/\/blvk.ch\/fr\/personnes-assurees\/les-etapes-vers-la-retraite\/2440-2\/\",\"name\":\"Retraite - CACEB\",\"isPartOf\":{\"@id\":\"https:\/\/blvk.ch\/fr\/#website\"},\"datePublished\":\"2022-09-05T19:50:32+00:00\",\"dateModified\":\"2026-03-12T15:46:46+00:00\",\"breadcrumb\":{\"@id\":\"https:\/\/blvk.ch\/fr\/personnes-assurees\/les-etapes-vers-la-retraite\/2440-2\/#breadcrumb\"},\"inLanguage\":\"fr-FR\",\"potentialAction\":[{\"@type\":\"ReadAction\",\"target\":[\"https:\/\/blvk.ch\/fr\/personnes-assurees\/les-etapes-vers-la-retraite\/2440-2\/\"]}]},{\"@type\":\"BreadcrumbList\",\"@id\":\"https:\/\/blvk.ch\/fr\/personnes-assurees\/les-etapes-vers-la-retraite\/2440-2\/#breadcrumb\",\"itemListElement\":[{\"@type\":\"ListItem\",\"position\":1,\"name\":\"Startseite\",\"item\":\"https:\/\/blvk.ch\/fr\/\"},{\"@type\":\"ListItem\",\"position\":2,\"name\":\"Personnes assur\u00e9es\",\"item\":\"https:\/\/blvk.ch\/fr\/personnes-assurees\/\"},{\"@type\":\"ListItem\",\"position\":3,\"name\":\"Les \u00e9tapes vers la retraite\",\"item\":\"https:\/\/blvk.ch\/fr\/personnes-assurees\/les-etapes-vers-la-retraite\/\"},{\"@type\":\"ListItem\",\"position\":4,\"name\":\"Retraite\"}]},{\"@type\":\"WebSite\",\"@id\":\"https:\/\/blvk.ch\/fr\/#website\",\"url\":\"https:\/\/blvk.ch\/fr\/\",\"name\":\"CACEB\",\"description\":\"Caisse d&#039;assurance du corps enseignant bernois\",\"publisher\":{\"@id\":\"https:\/\/blvk.ch\/fr\/#organization\"},\"potentialAction\":[{\"@type\":\"SearchAction\",\"target\":{\"@type\":\"EntryPoint\",\"urlTemplate\":\"https:\/\/blvk.ch\/fr\/?s={search_term_string}\"},\"query-input\":{\"@type\":\"PropertyValueSpecification\",\"valueRequired\":true,\"valueName\":\"search_term_string\"}}],\"inLanguage\":\"fr-FR\"},{\"@type\":\"Organization\",\"@id\":\"https:\/\/blvk.ch\/fr\/#organization\",\"name\":\"CACEB\",\"url\":\"https:\/\/blvk.ch\/fr\/\",\"logo\":{\"@type\":\"ImageObject\",\"inLanguage\":\"fr-FR\",\"@id\":\"https:\/\/blvk.ch\/fr\/#\/schema\/logo\/image\/\",\"url\":\"https:\/\/blvk.ch\/wp-content\/uploads\/2022\/10\/Logo1.png\",\"contentUrl\":\"https:\/\/blvk.ch\/wp-content\/uploads\/2022\/10\/Logo1.png\",\"width\":152,\"height\":66,\"caption\":\"CACEB\"},\"image\":{\"@id\":\"https:\/\/blvk.ch\/fr\/#\/schema\/logo\/image\/\"}}]}<\/script>\n<!-- \/ Yoast SEO plugin. -->","yoast_head_json":{"title":"Retraite - CACEB","robots":{"index":"index","follow":"follow","max-snippet":"max-snippet:-1","max-image-preview":"max-image-preview:large","max-video-preview":"max-video-preview:-1"},"canonical":"https:\/\/blvk.ch\/fr\/personnes-assurees\/les-etapes-vers-la-retraite\/2440-2\/","og_locale":"fr_FR","og_type":"article","og_title":"Retraite - CACEB","og_description":"\u00c0 la CACEB, le d\u00e9part \u00e0 la retraite est possible entre 58 et 70 ans. Vous trouverez aux pages suivantes l\u2019ensemble des informations et les formulaires de demande en lien avec ce th\u00e8me. Que vous souhaitiez prendre une retraite anticip\u00e9e ou travailler plus longtemps, que vous vouliez percevoir une rente, un versement en capital ou [&hellip;]","og_url":"https:\/\/blvk.ch\/fr\/personnes-assurees\/les-etapes-vers-la-retraite\/2440-2\/","og_site_name":"CACEB","article_modified_time":"2026-03-12T15:46:46+00:00","twitter_card":"summary_large_image","twitter_misc":{"Dur\u00e9e de lecture estim\u00e9e":"1 minute"},"schema":{"@context":"https:\/\/schema.org","@graph":[{"@type":"WebPage","@id":"https:\/\/blvk.ch\/fr\/personnes-assurees\/les-etapes-vers-la-retraite\/2440-2\/","url":"https:\/\/blvk.ch\/fr\/personnes-assurees\/les-etapes-vers-la-retraite\/2440-2\/","name":"Retraite - CACEB","isPartOf":{"@id":"https:\/\/blvk.ch\/fr\/#website"},"datePublished":"2022-09-05T19:50:32+00:00","dateModified":"2026-03-12T15:46:46+00:00","breadcrumb":{"@id":"https:\/\/blvk.ch\/fr\/personnes-assurees\/les-etapes-vers-la-retraite\/2440-2\/#breadcrumb"},"inLanguage":"fr-FR","potentialAction":[{"@type":"ReadAction","target":["https:\/\/blvk.ch\/fr\/personnes-assurees\/les-etapes-vers-la-retraite\/2440-2\/"]}]},{"@type":"BreadcrumbList","@id":"https:\/\/blvk.ch\/fr\/personnes-assurees\/les-etapes-vers-la-retraite\/2440-2\/#breadcrumb","itemListElement":[{"@type":"ListItem","position":1,"name":"Startseite","item":"https:\/\/blvk.ch\/fr\/"},{"@type":"ListItem","position":2,"name":"Personnes assur\u00e9es","item":"https:\/\/blvk.ch\/fr\/personnes-assurees\/"},{"@type":"ListItem","position":3,"name":"Les \u00e9tapes vers la retraite","item":"https:\/\/blvk.ch\/fr\/personnes-assurees\/les-etapes-vers-la-retraite\/"},{"@type":"ListItem","position":4,"name":"Retraite"}]},{"@type":"WebSite","@id":"https:\/\/blvk.ch\/fr\/#website","url":"https:\/\/blvk.ch\/fr\/","name":"CACEB","description":"Caisse d&#039;assurance du corps enseignant bernois","publisher":{"@id":"https:\/\/blvk.ch\/fr\/#organization"},"potentialAction":[{"@type":"SearchAction","target":{"@type":"EntryPoint","urlTemplate":"https:\/\/blvk.ch\/fr\/?s={search_term_string}"},"query-input":{"@type":"PropertyValueSpecification","valueRequired":true,"valueName":"search_term_string"}}],"inLanguage":"fr-FR"},{"@type":"Organization","@id":"https:\/\/blvk.ch\/fr\/#organization","name":"CACEB","url":"https:\/\/blvk.ch\/fr\/","logo":{"@type":"ImageObject","inLanguage":"fr-FR","@id":"https:\/\/blvk.ch\/fr\/#\/schema\/logo\/image\/","url":"https:\/\/blvk.ch\/wp-content\/uploads\/2022\/10\/Logo1.png","contentUrl":"https:\/\/blvk.ch\/wp-content\/uploads\/2022\/10\/Logo1.png","width":152,"height":66,"caption":"CACEB"},"image":{"@id":"https:\/\/blvk.ch\/fr\/#\/schema\/logo\/image\/"}}]}},"_links":{"self":[{"href":"https:\/\/blvk.ch\/fr\/wp-json\/wp\/v2\/pages\/2440","targetHints":{"allow":["GET"]}}],"collection":[{"href":"https:\/\/blvk.ch\/fr\/wp-json\/wp\/v2\/pages"}],"about":[{"href":"https:\/\/blvk.ch\/fr\/wp-json\/wp\/v2\/types\/page"}],"author":[{"embeddable":true,"href":"https:\/\/blvk.ch\/fr\/wp-json\/wp\/v2\/users\/1"}],"replies":[{"embeddable":true,"href":"https:\/\/blvk.ch\/fr\/wp-json\/wp\/v2\/comments?post=2440"}],"version-history":[{"count":16,"href":"https:\/\/blvk.ch\/fr\/wp-json\/wp\/v2\/pages\/2440\/revisions"}],"predecessor-version":[{"id":10276,"href":"https:\/\/blvk.ch\/fr\/wp-json\/wp\/v2\/pages\/2440\/revisions\/10276"}],"up":[{"embeddable":true,"href":"https:\/\/blvk.ch\/fr\/wp-json\/wp\/v2\/pages\/2649"}],"wp:attachment":[{"href":"https:\/\/blvk.ch\/fr\/wp-json\/wp\/v2\/media?parent=2440"}],"curies":[{"name":"wp","href":"https:\/\/api.w.org\/{rel}","templated":true}]}}